{"id":143,"date":"2016-08-10T08:59:43","date_gmt":"2016-08-10T05:59:43","guid":{"rendered":"http:\/\/www.oulucomics.com\/?page_id=143"},"modified":"2020-04-22T14:01:06","modified_gmt":"2020-04-22T11:01:06","slug":"fest2012","status":"publish","type":"page","link":"https:\/\/www.oulucomics.com\/fi\/fest\/past\/fest2012\/","title":{"rendered":"2012"},"content":{"rendered":"<h3>Oulun Sarjakuvafestivaali 17.11.2012<\/h3>\n<p>Oulun Sarjakuvafestivaalin historia juontaa juurensa vuoteen 2012, jolloin se j\u00e4rjestettiin ensimm\u00e4ist\u00e4 kertaa. Tuolloin tapahtuma oli p\u00e4\u00e4s\u00e4\u00e4nt\u00f6isesti paikallisen sarjakuvaharrastajien ja -ammattilaisten kohtauspaikka.<\/p>\n<p>Tapahtumassa esiintyiv\u00e4t sarjakuvantekij\u00e4t ja taustavaikuttajat:\u00a0<strong>Juhani Tolvanen<\/strong>,\u00a0<strong>Milla Paloniemi<\/strong>,\u00a0<strong>Janne Helttunen, Anna Honkanen, Harri Filppa, Tessa Suhonen, Awe &#8220;Esa&#8221; Vengasaho, Esko Heikkil\u00e4, Aapo Kukko, Jussi Moilanen, Reijo Valta, Mikko Mustasaari, Tatu Salmela, Esa Holopainen, Riika Ruottinen, Veli-Matti Ural, Jari Terho, Keijo Ahlqvist, Ville Ranta, Jussi Hukkanen, Raimo Tyysk\u00e4 ja Jukka Ylisuvanto.<\/strong><\/p>\n<p>Valvegallerissa oli esill\u00e4 kaksi sarjakuvan\u00e4yttely\u00e4. Ensimm\u00e4isess\u00e4 tilassa n\u00e4ht\u00e4vill\u00e4 oli\u00a0Helsingin Sanomien ja Ilta-Sanomien koostama n\u00e4yttely Sarjakuvan Sanomaa. Toisessa tilassa oli esill\u00e4 Oulun Seudulla vuosien varrella vaikuttaneiden sarjakuvantekij\u00f6iden teoksia. Mukaan mahtuivat:<strong>\u00a0Keijo Ahlqvist<\/strong>, <strong>Mari Ahokoivu<\/strong>, <strong>Lauri Ahtinen<\/strong>, <strong>Harri Filppa<\/strong>, <strong>Esa Holopainen<\/strong>, <strong>Jussi Hukkanen<\/strong>, \u00a0<strong>Mika Kolehmainen<\/strong>, <strong>Ilpo Koskela<\/strong>, <strong>Aapo Kukko<\/strong>, <strong>Reijo K\u00e4rkk\u00e4inen<\/strong>, <strong>Jyrki M\u00e4ki<\/strong>, <strong>Pentti Nuortimo<\/strong>, <strong>Pentti Otsamo<\/strong>, <strong>Jii Roikonen<\/strong> ja <strong>Jari Terho<\/strong>.<\/p>\n<p>Ensimm\u00e4isen Oulun Sarjakuvafestivaalin mahdollisti <a href=\"http:\/\/www.koneensaatio.fi\/\">Koneen S\u00e4\u00e4ti\u00f6n<\/a> my\u00f6nt\u00e4m\u00e4 rahoitus rohkealle avaukselle.<\/p>\n<p>Vuoden 2012 Oulun Sarjakuvafestivaalien internet -sivut ovat kuin ihmeen kaupalla s\u00e4ilyneet pystyss\u00e4 t\u00e4h\u00e4n p\u00e4iv\u00e4\u00e4n asti: <a href=\"http:\/\/www.oulucomics.com\/12\/\">http:\/\/www.oulucomics.com\/12\/<\/a><\/p>\n<p>Festivaalitaiteilijana vuonna 2012 toimi <strong>Aapo Kukko<\/strong>.<\/p>\n<p><iframe loading=\"lazy\" src=\"https:\/\/www.youtube.com\/embed\/FKgN7_OBH-4\" width=\"560\" height=\"315\" frameborder=\"0\" allowfullscreen=\"allowfullscreen\"><\/iframe><\/p>\n","protected":false},"excerpt":{"rendered":"<h3>Oulun Sarjakuvafestivaali 17.11.2012<\/h3>\n<p>Oulun Sarjakuvafestivaalin historia juontaa juurensa vuoteen 2012, jolloin se j\u00e4rjestettiin ensimm\u00e4ist\u00e4 kertaa. Tuolloin tapahtuma oli p\u00e4\u00e4s\u00e4\u00e4nt\u00f6isesti paikallisen sarjakuvaharrastajien ja -ammattilaisten&#8230;<\/p>\n","protected":false},"author":1,"featured_media":0,"parent":78,"menu_order":17,"comment_status":"closed","ping_status":"closed","template":"","meta":{"footnotes":""},"categories":[],"tags":[],"class_list":["post-143","page","type-page","status-publish","hentry"],"_links":{"self":[{"href":"https:\/\/www.oulucomics.com\/fi\/wp-json\/wp\/v2\/pages\/143","targetHints":{"allow":["GET"]}}],"collection":[{"href":"https:\/\/www.oulucomics.com\/fi\/wp-json\/wp\/v2\/pages"}],"about":[{"href":"https:\/\/www.oulucomics.com\/fi\/wp-json\/wp\/v2\/types\/page"}],"author":[{"embeddable":true,"href":"https:\/\/www.oulucomics.com\/fi\/wp-json\/wp\/v2\/users\/1"}],"replies":[{"embeddable":true,"href":"https:\/\/www.oulucomics.com\/fi\/wp-json\/wp\/v2\/comments?post=143"}],"version-history":[{"count":26,"href":"https:\/\/www.oulucomics.com\/fi\/wp-json\/wp\/v2\/pages\/143\/revisions"}],"predecessor-version":[{"id":4502,"href":"https:\/\/www.oulucomics.com\/fi\/wp-json\/wp\/v2\/pages\/143\/revisions\/4502"}],"up":[{"embeddable":true,"href":"https:\/\/www.oulucomics.com\/fi\/wp-json\/wp\/v2\/pages\/78"}],"wp:attachment":[{"href":"https:\/\/www.oulucomics.com\/fi\/wp-json\/wp\/v2\/media?parent=143"}],"wp:term":[{"taxonomy":"category","embeddable":true,"href":"https:\/\/www.oulucomics.com\/fi\/wp-json\/wp\/v2\/categories?post=143"},{"taxonomy":"post_tag","embeddable":true,"href":"https:\/\/www.oulucomics.com\/fi\/wp-json\/wp\/v2\/tags?post=143"}],"curies":[{"name":"wp","href":"https:\/\/api.w.org\/{rel}","templated":true}]}}