{"id":14,"date":"2016-08-10T08:10:50","date_gmt":"2016-08-10T05:10:50","guid":{"rendered":"http:\/\/www.oulucomics.com\/?page_id=14"},"modified":"2025-02-27T16:20:03","modified_gmt":"2025-02-27T14:20:03","slug":"arctic","status":"publish","type":"page","link":"https:\/\/www.oulucomics.com\/fi\/arctic\/","title":{"rendered":"Pohjoisuus"},"content":{"rendered":"<p>Oulun Sarjakuvakeskuksen toiminnan t\u00e4rkein arvo on pohjoisuus.&nbsp;Toimintamme p\u00e4\u00e4s\u00e4\u00e4nt\u00f6inen suunta on kohti pohjoista, kansainv\u00e4lisesti.&nbsp;Haluamme olla kehitt\u00e4m\u00e4ss\u00e4 sarjakuvatoimintaa alueellamme ja&nbsp;olla pohjoisen sarjakuvamaailman edell\u00e4k\u00e4vij\u00e4n.<\/p>\n<p>Arktisen Sarjakuvaverkoston l\u00e4ht\u00f6kohtana on parantaa sarjakuvan n\u00e4kyvyytt\u00e4 maailman pohjoisimmilla alueilla. Verkoston toiminta-alue uloittuu t\u00e4ll\u00e4 hetkell\u00e4 p\u00e4\u00e4s\u00e4\u00e4nt\u00f6isesti Pohjoismaiden pohjoisosiin, Ven\u00e4j\u00e4lle ja Skotlantiin. Verkostoon voivat liitty\u00e4 kaikki sarjakuva- ja kuvitustaiteen parissa ty\u00f6skentelev\u00e4t henkil\u00f6t ja organisaatiot.<\/p>\n<p><strong>Pohjoisen sarjakuvafestivaalit<\/strong><\/p>\n<ul>\n<li><a href=\"http:\/\/www.oulucomics.com\/fest\/\">Oulun Sarjakuvafestivaali<\/a>, Oulu<\/li>\n<li><a href=\"https:\/\/vk.com\/polarcon\" target=\"_blank\" rel=\"noopener noreferrer\">Polarcon<\/a>, Murmansk (Ven\u00e4j\u00e4)<\/li>\n<\/ul>\n<p><strong>Pohjoisen sarjakuvaresidenssit<\/strong><\/p>\n<ul>\n<li><a href=\"http:\/\/www.oulucomics.com\/arctic\/residence\/\">Kansainv\u00e4linen sarjakuvaresidenssi (seuraava 10-11\/2021)<\/a><\/li>\n<li><a href=\"http:\/\/www.oulucomics.com\/arctic\/icelandic-comics-residence-2021\/\">Icelandic Comics Residence (seuraava 11\/2021)<\/a><\/li>\n<li><a href=\"http:\/\/www.oulucomics.com\/arctic\/residenssiohjelma-islanti\/\">Residenssiohjelma: Islanti (seuraava 10\/2021)<\/a><\/li>\n<li><a href=\"http:\/\/www.oulucomics.com\/arctic\/kansallinen-sarjakuvaresidenssi-2020\/\">Kansallinen sarjakuvaresidenssi 2020<\/a><\/li>\n<\/ul>\n<p><strong>Pohjoisen sarjakuvayhdistykset<\/strong><\/p>\n<ul>\n<li><a href=\"http:\/\/www.oulucomics.com\/\">Oulun Sarjakuvakeskus<\/a>, Oulu<\/li>\n<li><a href=\"https:\/\/www.visitmeri-lappi.fi\/fi\/sarjis\/kemin-sarjakuvakeskus\/\" target=\"_blank\" rel=\"noopener noreferrer\">Kemin Sarjakuvan\u00e4yttely<\/a>, Kemi<\/li>\n<li><a href=\"http:\/\/myndasogusamfelag.squarespace.com\/home\" target=\"_blank\" rel=\"noopener noreferrer\">Islannin sarjakuvaseura<\/a>, Reykjavik (Islanti)<\/li>\n<li><a href=\"https:\/\/www.facebook.com\/groups\/rosaseura\" target=\"_blank\" rel=\"noopener noreferrer\">Rovaniemen sarjakuvaseura<\/a>, Rovaniemi<\/li>\n<\/ul>\n<p><strong>Pohjoisen sarjakuvaopetus<\/strong><\/p>\n<ul>\n<li><a href=\"http:\/\/limingantaidekoulu.fi\/esittely\/sarjakuva-ja-animaatiolinja\" target=\"_blank\" rel=\"noopener noreferrer\">Limingan taidekoulun Sarjakuva- ja animaatiolinja<\/a>, Liminka<\/li>\n<li><a href=\"https:\/\/www.ouka.fi\/oulu\/oulun-taidekoulu\/sarjakuva\">Oulun Taidekoulun sarjakuvaopinnot<\/a>, Oulu<\/li>\n<\/ul>\n<p><strong>Pohjoisen sarjakuvan\u00e4yttelyt<\/strong><\/p>\n<ul>\n<li><a href=\"http:\/\/www.oulucomics.com\/keskus\/sarjakuvagalleria\/\" target=\"_blank\" rel=\"noopener noreferrer\">Sarjakuvagalleria!<\/a>, Oulu<\/li>\n<li><a href=\"http:\/\/www.oulucomics.com\/sarjasto\/events\/\" target=\"_blank\" rel=\"noopener noreferrer\">Sarjasto<\/a>, Oulu<\/li>\n<li><a href=\"https:\/\/www.visitmeri-lappi.fi\/fi\/sarjis\/kemin-sarjakuvakeskus\/sarjakuvanayttely\/\" target=\"_blank\" rel=\"noopener noreferrer\">Kemin Sarjakuvan\u00e4yttely<\/a>, Kemi<\/li>\n<li><a href=\"http:\/\/www.kittila.fi\/palsa-museo\" target=\"_blank\" rel=\"noopener noreferrer\">Palsa-museo<\/a>, Kittil\u00e4<\/li>\n<\/ul>\n<p><strong>Sarjakuvakirjastot ja -arkistot<\/strong><\/p>\n<ul>\n<li><a href=\"https:\/\/www.ouka.fi\/oulu\/kirjasto\/sarjasto\" target=\"_blank\" rel=\"noopener noreferrer\">Sarjakuvakirjasto Sarjasto<\/a>, Oulu<\/li>\n<li><a href=\"http:\/\/www.oulucomics.com\/sarjasto\/osk\/\">Oulun Sarjakuvakeskuksen kirjasto<\/a>, Oulu<\/li>\n<li><a href=\"https:\/\/borgarbokasafn.is\/en\/library\/grofin-en\" target=\"_blank\" rel=\"noopener noreferrer\">Reykjavikin kaupunginkirjaston sarjakuvaosasto<\/a>, Reykjavik (Islanti)<\/li>\n<li><a href=\"https:\/\/www.facebook.com\/Serietek\/\" target=\"_blank\" rel=\"noopener noreferrer\">Sarjakuvakirjasto Serieteket<\/a>, Oslo (Norja)<\/li>\n<li><a href=\"http:\/\/www.tegneseriearkivet.no\/\" target=\"_blank\" rel=\"noopener noreferrer\">Norjalaisen sarjakuvan museo<\/a>,&nbsp;Hadeland (Norja)<\/li>\n<li><a href=\"https:\/\/kulturhusetstadsteatern.se\/Bibliotek\/Kulturbiblioteket\/Serieteket\/\" target=\"_blank\" rel=\"noopener noreferrer\">Sarjakuvakirjasto Serieteket<\/a>, Tukholma (Ruotsi)<\/li>\n<li><a href=\"https:\/\/serieframjandet.se\/svenskt-seriearkiv\/\" target=\"_blank\" rel=\"noopener noreferrer\">Svenskt Seriearkiv<\/a>, Malm\u00f6 (Ruotsi)<\/li>\n<\/ul>\n<p><strong>Pohjoisen muuta sarjakuvatoimintaa<\/strong><\/p>\n<ul>\n<li><a href=\"https:\/\/www.oulucomics.com\/fi\/cswc2021\/\">Strippisarjakuvan MM-kilpailu<\/a><\/li>\n<li><a href=\"http:\/\/www.oulucomics.com\/arctic\/popup\/\">POP UP -sarjakuvakeskukset<\/a><\/li>\n<li><a href=\"https:\/\/www.sarjakuvakauppa.fi\/\" target=\"_blank\" rel=\"noopener noreferrer\">Turun Sarjakuvakauppa OULU<\/a>, Oulu<\/li>\n<\/ul>\n<p>Olemme mukana rakentamassa <a href=\"https:\/\/www.oulu2026.eu\/\" target=\"_blank\" rel=\"noopener noreferrer\">Oulusta Euroopan kulttuurip\u00e4\u00e4kaupunkia vuodeksi 2026<\/a>.<\/p>\n<p><iframe loading=\"lazy\" src=\"https:\/\/www.youtube.com\/embed\/VXr5CN7dU34\" width=\"560\" height=\"315\" frameborder=\"0\" allowfullscreen=\"allowfullscreen\"><\/iframe><\/p>\n","protected":false},"excerpt":{"rendered":"<p>Oulun Sarjakuvakeskuksen toiminnan t\u00e4rkein arvo on pohjoisuus.&nbsp;Toimintamme p\u00e4\u00e4s\u00e4\u00e4nt\u00f6inen suunta on kohti pohjoista, kansainv\u00e4lisesti.&nbsp;Haluamme olla kehitt\u00e4m\u00e4ss\u00e4 sarjakuvatoimintaa alueellamme ja&nbsp;olla pohjoisen sarjakuvamaailman edell\u00e4k&#8230;<\/p>\n","protected":false},"author":1,"featured_media":0,"parent":0,"menu_order":11,"comment_status":"closed","ping_status":"closed","template":"","meta":{"footnotes":""},"categories":[],"tags":[],"class_list":["post-14","page","type-page","status-publish","hentry"],"_links":{"self":[{"href":"https:\/\/www.oulucomics.com\/fi\/wp-json\/wp\/v2\/pages\/14","targetHints":{"allow":["GET"]}}],"collection":[{"href":"https:\/\/www.oulucomics.com\/fi\/wp-json\/wp\/v2\/pages"}],"about":[{"href":"https:\/\/www.oulucomics.com\/fi\/wp-json\/wp\/v2\/types\/page"}],"author":[{"embeddable":true,"href":"https:\/\/www.oulucomics.com\/fi\/wp-json\/wp\/v2\/users\/1"}],"replies":[{"embeddable":true,"href":"https:\/\/www.oulucomics.com\/fi\/wp-json\/wp\/v2\/comments?post=14"}],"version-history":[{"count":58,"href":"https:\/\/www.oulucomics.com\/fi\/wp-json\/wp\/v2\/pages\/14\/revisions"}],"predecessor-version":[{"id":6425,"href":"https:\/\/www.oulucomics.com\/fi\/wp-json\/wp\/v2\/pages\/14\/revisions\/6425"}],"wp:attachment":[{"href":"https:\/\/www.oulucomics.com\/fi\/wp-json\/wp\/v2\/media?parent=14"}],"wp:term":[{"taxonomy":"category","embeddable":true,"href":"https:\/\/www.oulucomics.com\/fi\/wp-json\/wp\/v2\/categories?post=14"},{"taxonomy":"post_tag","embeddable":true,"href":"https:\/\/www.oulucomics.com\/fi\/wp-json\/wp\/v2\/tags?post=14"}],"curies":[{"name":"wp","href":"https:\/\/api.w.org\/{rel}","templated":true}]}}