{"id":139,"date":"2016-08-10T08:58:44","date_gmt":"2016-08-10T05:58:44","guid":{"rendered":"http:\/\/www.oulucomics.com\/?page_id=139"},"modified":"2020-03-31T11:26:16","modified_gmt":"2020-03-31T08:26:16","slug":"fest2014","status":"publish","type":"page","link":"https:\/\/www.oulucomics.com\/fi\/fest\/past\/fest2014\/","title":{"rendered":"2014"},"content":{"rendered":"<h3>Oulun kolmas Sarjakuvafestivaali 6.-8.11.2014<\/h3>\n<p>Oulun ensimm\u00e4inen <a href=\"http:\/\/www.oulucomics.com\/fi\/fest\/competition\/comics2014\/\"><strong><span style=\"color: #ff0000;\">pohjoismainen sarjakuvakilpailu<\/span><\/strong><\/a> ratkesi vuoden 2014 festivaaleilla. Samalla festivaalien sis\u00e4lt\u00f6 muuttui entist\u00e4 pohjoismaisemmaksi ja kansainv\u00e4lisemm\u00e4ksi. Festivaali j\u00e4rjestettiin Kulttuuritalo Valveella, Oulun kaupunginkirjaston p\u00e4\u00e4kirjastolla ja useissa muissa kohteissa Oulun keskustan l\u00e4heisyydess\u00e4. Festivaalien et\u00e4pisteen\u00e4 vuonna 2014 oli\u00a0Koivu ja T\u00e4hti \u2013 kulttuurikeskus Muhoksella.<\/p>\n<p>Ensimm\u00e4inen <a href=\"http:\/\/www.oulucomics.com\/fi\/arctic\/seminar\/sem2014\/\"><span style=\"color: #ff0000;\"><strong>Arctic Comics Seminar<\/strong><\/span><\/a>\u00a0j\u00e4rjestettiin festivaalien yhteydess\u00e4 6.-7.11.2014 Kulttuuritalo Valveella, Oulussa. Paikalla oli runsaasti sarjakuvataiteilijoita ja sarjakuvan parissa ty\u00f6skentelevi\u00e4 ihmisi\u00e4 eri puolilta pohjoismaita.<\/p>\n<p>Festivaaleilla n\u00e4htiin kuusi pidemp\u00e4\u00e4n kest\u00e4nytt\u00e4 sarjakuvan\u00e4yttely\u00e4, ja kolme pop up -n\u00e4yttely\u00e4 Kulttuuritalo Valveen tiloissa. Tapahtuman p\u00e4\u00e4paikaksi muodostui tammikuussa 2014 avattu Oulun Sarjakuvakeskus.<\/p>\n<p>Vuoden 2014 festivaaleilla vieraili sarjakuvataiteilijoita useista eri maista (Suomi, Ruotsi,Norja, Tanska) ja paikalla n\u00e4htiin monia valtakunnallisesti merkitt\u00e4vi\u00e4 tekij\u00f6it\u00e4: JP Ahonen\u00a0(Suomi),\u00a0Jens K Styve (Norja),\u00a0Petri Hiltunen\u00a0(Suomi),\u00a0Josefin Svenske (Ruotsi),\u00a0Ville H\u00e4nninen (Suomi),\u00a0Petri Koikkalainen\u00a0(Suomi),\u00a0Pauli Kallio (Suomi),\u00a0Thomas Thorhauge (Tanska),\u00a0Esa Niskanen\u00a0(Suomi),\u00a0Leif Packalen\u00a0(Suomi), Maura Manninen\u00a0(Suomi),\u00a0Yrtti Taivaloja (Suomi),<a href=\"http:\/\/www.vattuvankila.net\/\" target=\"_blank\">\u00a0<\/a>Niko Niva\u00a0(Suomi),\u00a0Aino Sutinen\u00a0(Suomi),\u00a0Mari Ahokoivu (Suomi),\u00a0Lauri Ahtinen\u00a0(Suomi),\u00a0Ville Ranta\u00a0(Suomi),\u00a0Jii Roikonen\u00a0(Suomi) ja Allan Haverholm (Ruotsi).<\/p>\n<p>Festivaalien internet -sivustolta l\u00f6yd\u00e4t lis\u00e4tietoa vuoden 2014 tapahtumasta <a href=\"http:\/\/www.oulucomics.com\/14\/\">http:\/\/www.oulucomics.com\/14\/<\/a>.<\/p>\n<p>Vuoden festivaalitaiteilijana toimi <strong>Mari Ahokoivu<\/strong>.<\/p>\n","protected":false},"excerpt":{"rendered":"<h3>Oulun kolmas Sarjakuvafestivaali 6.-8.11.2014<\/h3>\n<p>Oulun ensimm\u00e4inen <a href=\"http:\/\/www.oulucomics.com\/fi\/fest\/competition\/comics2014\/\"><strong><span style=\"color: #ff0000;\">pohjoismainen sarjakuvakilpailu<\/span><\/strong><\/a> ratkesi vuoden 20&#8230;<\/p>\n","protected":false},"author":1,"featured_media":0,"parent":78,"menu_order":13,"comment_status":"closed","ping_status":"closed","template":"","meta":{"footnotes":""},"categories":[],"tags":[],"class_list":["post-139","page","type-page","status-publish","hentry"],"_links":{"self":[{"href":"https:\/\/www.oulucomics.com\/fi\/wp-json\/wp\/v2\/pages\/139","targetHints":{"allow":["GET"]}}],"collection":[{"href":"https:\/\/www.oulucomics.com\/fi\/wp-json\/wp\/v2\/pages"}],"about":[{"href":"https:\/\/www.oulucomics.com\/fi\/wp-json\/wp\/v2\/types\/page"}],"author":[{"embeddable":true,"href":"https:\/\/www.oulucomics.com\/fi\/wp-json\/wp\/v2\/users\/1"}],"replies":[{"embeddable":true,"href":"https:\/\/www.oulucomics.com\/fi\/wp-json\/wp\/v2\/comments?post=139"}],"version-history":[{"count":24,"href":"https:\/\/www.oulucomics.com\/fi\/wp-json\/wp\/v2\/pages\/139\/revisions"}],"predecessor-version":[{"id":4412,"href":"https:\/\/www.oulucomics.com\/fi\/wp-json\/wp\/v2\/pages\/139\/revisions\/4412"}],"up":[{"embeddable":true,"href":"https:\/\/www.oulucomics.com\/fi\/wp-json\/wp\/v2\/pages\/78"}],"wp:attachment":[{"href":"https:\/\/www.oulucomics.com\/fi\/wp-json\/wp\/v2\/media?parent=139"}],"wp:term":[{"taxonomy":"category","embeddable":true,"href":"https:\/\/www.oulucomics.com\/fi\/wp-json\/wp\/v2\/categories?post=139"},{"taxonomy":"post_tag","embeddable":true,"href":"https:\/\/www.oulucomics.com\/fi\/wp-json\/wp\/v2\/tags?post=139"}],"curies":[{"name":"wp","href":"https:\/\/api.w.org\/{rel}","templated":true}]}}