{"id":133,"date":"2016-08-10T08:55:17","date_gmt":"2016-08-10T05:55:17","guid":{"rendered":"http:\/\/www.oulucomics.com\/?page_id=133"},"modified":"2022-02-23T17:29:43","modified_gmt":"2022-02-23T15:29:43","slug":"haku","status":"publish","type":"page","link":"https:\/\/www.oulucomics.com\/fi\/keskus\/sarjakuvagalleria\/haku\/","title":{"rendered":"N\u00e4yttelyhaku"},"content":{"rendered":"<p><strong>Sarjakuvagalleria!:n n\u00e4yttelyaikoja voit hakea ymp\u00e4ri vuoden<\/strong><\/p>\n<p>Tarjoamme n\u00e4yttelytilaa Oulussa Kulttuuritalo Valveella. Tilan koko on 12&nbsp;m2 ja ripustettavalle sein\u00e4pinnalle kertyy pituutta n. 10 metri\u00e4. Valveella sijaitsevan gallerian ymp\u00e4rist\u00f6ss\u00e4 vierailee vuosittain n. 25000 k\u00e4vij\u00e4\u00e4.<\/p>\n<p>Olemme erityisen kiinnostuneita sarjakuviin ja kuvituksiin liittyvist\u00e4 n\u00e4yttelyist\u00e4. T\u00f6iden tulee olla ripustuskelpoisia.<\/p>\n<p>N\u00e4ytteilleasettaja vastaa teosten kuljetuksista, ripustuksesta sek\u00e4 avajaisista ja toimittaa julistemateriaalit sek\u00e4 mahdolliset avajaiskutsut Oulun sarjakuvakeskukselle v\u00e4hint\u00e4\u00e4n kaksi viikkoa ennen n\u00e4yttelyn alkamisajankohtaa. Mik\u00e4li n\u00e4ytteilleasettaja haluaa vakuuttaa ty\u00f6t, voi sen hoitaa oman vakuutuksen kautta tai kysy\u00e4 tarjousta Oulun Sarjakuvakeskukselta.<\/p>\n<p>N\u00e4yttelyjaksojen pituus on viisi viikkoa. Ripustus toivotaan suoritettavaksi n\u00e4yttelyn alkamista edelt\u00e4v\u00e4n\u00e4 p\u00e4iv\u00e4n\u00e4 ja purku n\u00e4yttelyn viimeisen\u00e4 p\u00e4iv\u00e4n\u00e4. Riputus-, purku ja avajaisapua voi tiedustella Oulun Sarjakuvakeskukselta. N\u00e4yttelynaloitusp\u00e4iv\u00e4n\u00e4 voidaan j\u00e4rjest\u00e4\u00e4 avajaiset, yhteisty\u00f6ss\u00e4 keskuksen kanssa.<\/p>\n<p><a href=\"http:\/\/www.oulucomics.com\/wp-content\/uploads\/2016\/08\/pohjapiirrustus-galleria.jpg\"><img loading=\"lazy\" decoding=\"async\" class=\"alignnone wp-image-2445 size-medium\" src=\"http:\/\/www.oulucomics.com\/wp-content\/uploads\/2016\/08\/pohjapiirrustus-galleria-300x148.jpg\" alt=\"pohjapiirrustus-galleria\" width=\"300\" height=\"148\" srcset=\"https:\/\/www.oulucomics.com\/wp-content\/uploads\/2016\/08\/pohjapiirrustus-galleria-300x148.jpg 300w, https:\/\/www.oulucomics.com\/wp-content\/uploads\/2016\/08\/pohjapiirrustus-galleria-768x380.jpg 768w, https:\/\/www.oulucomics.com\/wp-content\/uploads\/2016\/08\/pohjapiirrustus-galleria-1024x507.jpg 1024w, https:\/\/www.oulucomics.com\/wp-content\/uploads\/2016\/08\/pohjapiirrustus-galleria.jpg 1041w\" sizes=\"auto, (max-width: 300px) 100vw, 300px\" \/><\/a> <img loading=\"lazy\" decoding=\"async\" class=\"alignnone wp-image-2446 size-medium\" src=\"http:\/\/www.oulucomics.com\/wp-content\/uploads\/2016\/08\/2016-01-11-15.30.39-1024x576-300x169.jpg\" alt=\"2016-01-11-15.30.39-1024x576\" width=\"300\" height=\"169\" srcset=\"https:\/\/www.oulucomics.com\/wp-content\/uploads\/2016\/08\/2016-01-11-15.30.39-1024x576-300x169.jpg 300w, https:\/\/www.oulucomics.com\/wp-content\/uploads\/2016\/08\/2016-01-11-15.30.39-1024x576-768x432.jpg 768w, https:\/\/www.oulucomics.com\/wp-content\/uploads\/2016\/08\/2016-01-11-15.30.39-1024x576.jpg 1024w\" sizes=\"auto, (max-width: 300px) 100vw, 300px\" \/> <img loading=\"lazy\" decoding=\"async\" class=\"alignnone size-medium wp-image-2447\" src=\"http:\/\/www.oulucomics.com\/wp-content\/uploads\/2016\/08\/2016-01-11-15.30.48-1024x576-300x169.jpg\" alt=\"2016-01-11-15.30.48-1024x576\" width=\"300\" height=\"169\" srcset=\"https:\/\/www.oulucomics.com\/wp-content\/uploads\/2016\/08\/2016-01-11-15.30.48-1024x576-300x169.jpg 300w, https:\/\/www.oulucomics.com\/wp-content\/uploads\/2016\/08\/2016-01-11-15.30.48-1024x576-768x432.jpg 768w, https:\/\/www.oulucomics.com\/wp-content\/uploads\/2016\/08\/2016-01-11-15.30.48-1024x576.jpg 1024w\" sizes=\"auto, (max-width: 300px) 100vw, 300px\" \/> <img loading=\"lazy\" decoding=\"async\" class=\"alignnone size-medium wp-image-2448\" src=\"http:\/\/www.oulucomics.com\/wp-content\/uploads\/2016\/08\/2016-01-11-15.31.01-1024x576-300x169.jpg\" alt=\"2016-01-11-15.31.01-1024x576\" width=\"300\" height=\"169\" srcset=\"https:\/\/www.oulucomics.com\/wp-content\/uploads\/2016\/08\/2016-01-11-15.31.01-1024x576-300x169.jpg 300w, https:\/\/www.oulucomics.com\/wp-content\/uploads\/2016\/08\/2016-01-11-15.31.01-1024x576-768x432.jpg 768w, https:\/\/www.oulucomics.com\/wp-content\/uploads\/2016\/08\/2016-01-11-15.31.01-1024x576.jpg 1024w\" sizes=\"auto, (max-width: 300px) 100vw, 300px\" \/><\/p>\n<p>N\u00e4yttelytilan k\u00e4yntiosoite: Kulttuuritalo Valve, Hallituskatu 7, 90100 Oulu<br \/>\nOta yhteytt\u00e4, mik\u00e4li olet kiinnostunut j\u00e4rjest\u00e4m\u00e4\u00e4n n\u00e4yttelyn Sarjakuvagalleria!:ssa.<\/p>\n<p><strong>L\u00e4hett\u00e4k\u00e4\u00e4 vapaamuotoiset hakemuksenne s\u00e4hk\u00f6postitse: keskus(at)oulucomics.com, tai perinteisell\u00e4 postilla: Oulun Sarjakuvakeskus, PL 42, 90015 Oulun kaupunki.<\/strong><\/p>\n<p>Hakemuksen tulee sis\u00e4lt\u00e4\u00e4 ainakin:<br \/>\n&#8211; Ansioluettelo<br \/>\n&#8211; Teoskuvia<br \/>\n&#8211; Toivomus n\u00e4yttelyn ajankohdasta&nbsp;<i>(Otattehan huomioon, ett\u00e4 n\u00e4yttelyajat ovat p\u00e4\u00e4s\u00e4\u00e4nt\u00f6isesti varattuna kuluvalle vuodelle)<\/i><\/p>\n","protected":false},"excerpt":{"rendered":"<p><strong>Sarjakuvagalleria!:n n\u00e4yttelyaikoja voit hakea ymp\u00e4ri vuoden<\/strong><\/p>\n<p>Tarjoamme n\u00e4yttelytilaa Oulussa Kulttuuritalo Valveella. Tilan koko on 12&nbsp;m2 ja ripustettavalle sein\u00e4pinnalle kertyy pituutta n. 10 metri\u00e4. Valveella sijaitsevan gall&#8230;<\/p>\n","protected":false},"author":1,"featured_media":0,"parent":23,"menu_order":1,"comment_status":"closed","ping_status":"closed","template":"","meta":{"footnotes":""},"categories":[],"tags":[],"class_list":["post-133","page","type-page","status-publish","hentry"],"_links":{"self":[{"href":"https:\/\/www.oulucomics.com\/fi\/wp-json\/wp\/v2\/pages\/133","targetHints":{"allow":["GET"]}}],"collection":[{"href":"https:\/\/www.oulucomics.com\/fi\/wp-json\/wp\/v2\/pages"}],"about":[{"href":"https:\/\/www.oulucomics.com\/fi\/wp-json\/wp\/v2\/types\/page"}],"author":[{"embeddable":true,"href":"https:\/\/www.oulucomics.com\/fi\/wp-json\/wp\/v2\/users\/1"}],"replies":[{"embeddable":true,"href":"https:\/\/www.oulucomics.com\/fi\/wp-json\/wp\/v2\/comments?post=133"}],"version-history":[{"count":26,"href":"https:\/\/www.oulucomics.com\/fi\/wp-json\/wp\/v2\/pages\/133\/revisions"}],"predecessor-version":[{"id":6564,"href":"https:\/\/www.oulucomics.com\/fi\/wp-json\/wp\/v2\/pages\/133\/revisions\/6564"}],"up":[{"embeddable":true,"href":"https:\/\/www.oulucomics.com\/fi\/wp-json\/wp\/v2\/pages\/23"}],"wp:attachment":[{"href":"https:\/\/www.oulucomics.com\/fi\/wp-json\/wp\/v2\/media?parent=133"}],"wp:term":[{"taxonomy":"category","embeddable":true,"href":"https:\/\/www.oulucomics.com\/fi\/wp-json\/wp\/v2\/categories?post=133"},{"taxonomy":"post_tag","embeddable":true,"href":"https:\/\/www.oulucomics.com\/fi\/wp-json\/wp\/v2\/tags?post=133"}],"curies":[{"name":"wp","href":"https:\/\/api.w.org\/{rel}","templated":true}]}}