{"id":1329,"date":"2016-11-11T08:19:29","date_gmt":"2016-11-11T06:19:29","guid":{"rendered":"http:\/\/www.oulucomics.com\/?page_id=1329"},"modified":"2020-08-07T11:49:29","modified_gmt":"2020-08-07T08:49:29","slug":"tromssa2014","status":"publish","type":"page","link":"https:\/\/www.oulucomics.com\/fi\/arctic\/popup\/tromssa2014\/","title":{"rendered":"Tromssa, Norja 2014"},"content":{"rendered":"<p>Oulu Comics Center and Troms\u00f8 Bibliotek og byarkiv presents:<\/p>\n<h3>POP UP COMICS CENTER TROMS\u00d8<\/h3>\n<p>15.-18. October 2014 At Bibliotek og byarkiv (Gr\u00f8nnegata 94, Troms\u00f8)<\/p>\n<p><strong>Wednesday from 17 to 19<br \/> <\/strong>Comics Centre opens up! Opening party (as soon as people from Oulu arrive safely to Troms\u00f8!)<br \/> <strong>Thursday from 9 to 19<br \/> <\/strong>Comics Center open, workshops &amp; artists presentations<br \/><strong>Friday from 9 to 17<\/strong><br \/>Comics Center open, workshops Drink and Draw at\u00a0Caf\u00e9 Circa 18 to 21<br \/><strong>Saturday from 11 to 15<\/strong><br \/>Comics Center open<\/p>\n<p><iframe loading=\"lazy\" src=\"https:\/\/www.google.com\/maps\/embed?pb=!1m14!1m8!1m3!1d1387.413807266874!2d18.95408317406616!3d69.65094043622986!3m2!1i1024!2i768!4f13.1!3m3!1m2!1s0x45c4c452d961edcf%3A0x29b69d6fe5c70892!2sGr%C3%B8nnegata+94%2C+9008+Troms%C3%B8%2C+Norja!5e0!3m2!1sfi!2sfi!4v1412669681698\" width=\"400\" height=\"300\" frameborder=\"0\"><\/iframe><\/p>\n<p>Pop Up Comics Center includes all kinds of comics related activities, for kids and for adults. Come meet comics artists from Finland and Denmark, read comic books and hang out with the Oulu comics center! \u00a0All the happenings have free entry, although for the workshops you need to sign up beforehand. Join us in <a href=\"https:\/\/www.facebook.com\/events\/719152171508278\/?fref=ts\">FACEBOOK<\/a> Scroll down for more info! Or contact\u00a0keskus@oulucomics.com <a href=\"http:\/\/www.oulucomics.com\/keskus\/wp-content\/uploads\/2014\/10\/POSTER-web.jpg\"><img loading=\"lazy\" decoding=\"async\" class=\"alignnone wp-image-455 size-large\" src=\"http:\/\/www.oulucomics.com\/keskus\/wp-content\/uploads\/2014\/10\/POSTER-web-723x1024.jpg\" alt=\"POSTER-web\" width=\"581\" height=\"822\" \/><\/a><\/p>\n<h3>DRINK AND DRAW<\/h3>\n<p>Friday 17.10. from 18 to 21 at Caf\u00e9 Circa (Erling Bangsunds plass, Troms\u00f8) What does it mean? Drawing, drinking (what ever you prefer to drink), hanging out! The Pop Up crew invites you to join us in a relaxed evening. Everyone interested of comics are warmly welcome. Come, come all!<\/p>\n<h3>EXHIBITION<\/h3>\n<p>The Secret of The Yacca Tree \u2013 Best of the Nordic children\u2019s comics competition 2013 <a href=\"http:\/\/www.oulucomics.com\/keskus\/wp-content\/uploads\/2014\/06\/jukkapalmu2.jpg\"><img loading=\"lazy\" decoding=\"async\" class=\"alignleft wp-image-256 size-medium\" src=\"http:\/\/www.oulucomics.com\/keskus\/wp-content\/uploads\/2014\/06\/jukkapalmu2-211x300.jpg\" alt=\"jukkapalmu2\" width=\"211\" height=\"300\" \/><\/a>What is the secret of the Yacca tree? Where did Mom disappear and where is the Little Chicken going? Can a fox teach an owl to fly?<\/p>\n<p style=\"color: #232323;\">The Nordic comics competition for children comics was held at the 28th Helsinki comics festival in 2013, and it was a continuum of the competition held before at Kemi Comics Festivals. The exhibition will showcase the best comics from the competition as prints.\u00a0In 2014, the Nordic Comics Competition will be held in Oulu.<\/p>\n<p>The exhibition will showcase the best comics from the 2013 Nordic comics competition as prints, and includes artists: Mari Ahokoivu, Jutta Kivilompolo, Verna Kuutti, Reetta Laitinen, Jonna Markkula, Maarika Martins, Akvil\u00e9 Miseviciute, Elina Ovaskainen, Katri Sipil\u00e4inen, Luka Va and Anna \u00c5hl\u00e9n.<\/p>\n<h3>ARTIST PRESENTATIONS<\/h3>\n<p>Professional comics artists talk about their work, making comics and comics scenes in their countries. 20 minutes presentations. Artists: Harri Filppa (FIN) <a href=\"http:\/\/filppa.com\">www.filppa.com <\/a>Mari Ahokoivu (FIN) <a href=\"http:\/\/www.mariahokoivu.com\">www.mariahokoivu.com <\/a>S\u00f8ren Mosdal (DK)\u00a0<a href=\"http:\/\/www.sorenmosdal.tumblr.com\">www.sorenmosdal.tumblr.com<\/a><\/p>\n<h3><strong>WORKSHOPS<\/strong><\/h3>\n<p><strong>BOARD GAME AND COMIC WORKSHOP<\/strong> <br \/><span style=\"font-family: Lato, sans-serif; font-size: 1.6rem; line-height: 1.5;\">The workshop introduces cartoons and simple board game pads. \u00a0The exercises made in this workshop are ment to support perceiving \u00a0and reading of visual images, as well as to develope of the use of pen. Above all, children can let their imagination and creativity to run wild. The aim of the workshop is that children create and illustrate a simple board game of their own in groups. The workshop includes practicing \u00a0of overall perception, cooperation and planning of \u00a0a project.<\/span><\/p>\n<p>Harri Filppa is a Finnish cartoonist, illustrator and graphic designer. He is also the executive director of Oulu Comics Center. He makes cartoons on request, and one of his work &#8220;Degree in Brief&#8221; (Lyhyempi oppim\u00e4\u00e4r\u00e4) is published in Ylkk\u00e4ri, magazine of The Student Union of the University of Oulu. Target group: 9-12 year old Duration: 2 hours Teacher: Harri Filppa <strong>IDEA LIBRARY<\/strong> In Mari Ahokoivu\u2019s workshop everyone will build an idea library with the help of quick drawing exercises. We do not draw polished comics, but focus on drawing out the ideas for later use. You don\u2019t need any experience in drawing comics, you get to know the comics basics while drawing. \u00a0We will draw quickly, so take your favorite pencils with you and get ready! <img loading=\"lazy\" decoding=\"async\" class=\"alignleft wp-image-397 size-medium\" src=\"http:\/\/www.oulucomics.com\/keskus\/wp-content\/uploads\/2014\/10\/Idea-Library-Web-300x291.jpg\" alt=\"Idea-Library-Web\" width=\"300\" height=\"291\" \/>Mari Ahokoivu (b. 1984) is a Finnish Illustrator and comic artist. Ahokoivu draws comics for adults and for kids and has been published in Finland as well as abroad. She also teaches comics and has been active in the local comics societies, producing many comics related projects. Target group: 13 year old and older Duration: 2 hours Teacher: Mari Ahokoivu<\/p>\n","protected":false},"excerpt":{"rendered":"<p>Oulu Comics Center and Troms\u00f8 Bibliotek og byarkiv presents:<\/p>\n<h3>POP UP COMICS CENTER TROMS\u00d8<\/h3>\n<p>15.-18. October 2014 At Bibliotek og byarkiv (Gr\u00f8nnegata 94, Troms\u00f8)<\/p>\n<p><strong>Wednesday from 17 to 19<br \/> <\/strong>Comics Centre opens up&#8230;<\/p>\n","protected":false},"author":1,"featured_media":0,"parent":1192,"menu_order":0,"comment_status":"closed","ping_status":"closed","template":"","meta":{"footnotes":""},"categories":[],"tags":[],"class_list":["post-1329","page","type-page","status-publish","hentry"],"_links":{"self":[{"href":"https:\/\/www.oulucomics.com\/fi\/wp-json\/wp\/v2\/pages\/1329","targetHints":{"allow":["GET"]}}],"collection":[{"href":"https:\/\/www.oulucomics.com\/fi\/wp-json\/wp\/v2\/pages"}],"about":[{"href":"https:\/\/www.oulucomics.com\/fi\/wp-json\/wp\/v2\/types\/page"}],"author":[{"embeddable":true,"href":"https:\/\/www.oulucomics.com\/fi\/wp-json\/wp\/v2\/users\/1"}],"replies":[{"embeddable":true,"href":"https:\/\/www.oulucomics.com\/fi\/wp-json\/wp\/v2\/comments?post=1329"}],"version-history":[{"count":10,"href":"https:\/\/www.oulucomics.com\/fi\/wp-json\/wp\/v2\/pages\/1329\/revisions"}],"predecessor-version":[{"id":4763,"href":"https:\/\/www.oulucomics.com\/fi\/wp-json\/wp\/v2\/pages\/1329\/revisions\/4763"}],"up":[{"embeddable":true,"href":"https:\/\/www.oulucomics.com\/fi\/wp-json\/wp\/v2\/pages\/1192"}],"wp:attachment":[{"href":"https:\/\/www.oulucomics.com\/fi\/wp-json\/wp\/v2\/media?parent=1329"}],"wp:term":[{"taxonomy":"category","embeddable":true,"href":"https:\/\/www.oulucomics.com\/fi\/wp-json\/wp\/v2\/categories?post=1329"},{"taxonomy":"post_tag","embeddable":true,"href":"https:\/\/www.oulucomics.com\/fi\/wp-json\/wp\/v2\/tags?post=1329"}],"curies":[{"name":"wp","href":"https:\/\/api.w.org\/{rel}","templated":true}]}}