{"id":1327,"date":"2016-11-11T08:18:40","date_gmt":"2016-11-11T06:18:40","guid":{"rendered":"http:\/\/www.oulucomics.com\/?page_id=1327"},"modified":"2020-08-07T11:48:46","modified_gmt":"2020-08-07T08:48:46","slug":"reykjavik2016","status":"publish","type":"page","link":"https:\/\/www.oulucomics.com\/fi\/arctic\/popup\/reykjavik2016\/","title":{"rendered":"Reykjavik, Islanti 2016"},"content":{"rendered":"<p>Lokakuussa 2016 Oulun Sarjakuvakeskus j\u00e4rjesti POP UP Sarjakuvakeskuksen Reykjav\u00edkin kaupunginkirjastolla. POP UP Sarjakuvakeskus nousi Reykjav\u00edkin kaupunginkirjastolle 4.-8.9.2016 ja POP UP Sarjakuvakeskuksen mukana Islantiin matkasi norjalainen sarjakuvantekij\u00e4 Jens K. Styve, tanskalainen S\u00f8ren Mosdal ja suomalaiset sarjakuvantekij\u00e4t Mari Ahokoivu ja Harri Filppa. POP UP Sarjakuvakeskus nousi kirjaston aulaan nelj\u00e4n p\u00e4iv\u00e4n ajaksi.<\/p>\n<p><img loading=\"lazy\" class=\"alignnone wp-image-1677 size-large\" src=\"http:\/\/www.oulucomics.com\/wp-content\/uploads\/2016\/11\/2016-10-01-11.35.37-1024x576.jpg\" alt=\"2016-10-01-11-35-37\" width=\"1024\" height=\"576\" srcset=\"https:\/\/www.oulucomics.com\/wp-content\/uploads\/2016\/11\/2016-10-01-11.35.37-1024x576.jpg 1024w, https:\/\/www.oulucomics.com\/wp-content\/uploads\/2016\/11\/2016-10-01-11.35.37-300x169.jpg 300w, https:\/\/www.oulucomics.com\/wp-content\/uploads\/2016\/11\/2016-10-01-11.35.37-768x432.jpg 768w, https:\/\/www.oulucomics.com\/wp-content\/uploads\/2016\/11\/2016-10-01-11.35.37-1440x810.jpg 1440w\" sizes=\"(max-width: 1024px) 100vw, 1024px\" \/><\/p>\n<p>POP UP Sarjakuvakeskuksen aikana j\u00e4rjestettiin 12hour Comics -haaste jossa kirjasto oli auki 12 tuntia ja 12 tunnin aikana sarjakuvantekij\u00e4t loivat 12 sivuisen sarjakuvanovellin. Tapahtuma kokosi paikallisia sarjakuvantekij\u00f6it\u00e4 yhteen ja monet saivat sarjakuvansa my\u00f6s valmiiksi 12 tunnin haasteen aikana. Valmiit sarjakuvat julkaistiin marraskuussa 2016 ilmestyneess\u00e4 Ruutukaavassa. POP UP Sarjakuvakeskuksella j\u00e4rjestettiin p\u00e4ivitt\u00e4in avoimia yleis\u00f6luentoja, HOP IN sarjakuvapaja sek\u00e4 POP UP Sarjakuvakeskuksen aikana j\u00e4rjestettiin my\u00f6s Drink and Draw sarjakuvatapaaminen paikallisessa Bikid pubissa. Drink and Draw kokosi yhteen paikallisia sarjakuvantekij\u00f6it\u00e4 ja lukijoita.<\/p>\n<p><img loading=\"lazy\" class=\"alignnone wp-image-1676 size-large\" src=\"http:\/\/www.oulucomics.com\/wp-content\/uploads\/2016\/11\/2016-10-05-16.28.55-1024x576.jpg\" alt=\"2016-10-05-16-28-55\" width=\"1024\" height=\"576\" srcset=\"https:\/\/www.oulucomics.com\/wp-content\/uploads\/2016\/11\/2016-10-05-16.28.55-1024x576.jpg 1024w, https:\/\/www.oulucomics.com\/wp-content\/uploads\/2016\/11\/2016-10-05-16.28.55-300x169.jpg 300w, https:\/\/www.oulucomics.com\/wp-content\/uploads\/2016\/11\/2016-10-05-16.28.55-768x432.jpg 768w, https:\/\/www.oulucomics.com\/wp-content\/uploads\/2016\/11\/2016-10-05-16.28.55-1440x810.jpg 1440w\" sizes=\"(max-width: 1024px) 100vw, 1024px\" \/><\/p>\n<p>Osana Myrin &#8211; lasten kirjallisuusfestivaalia sarjakuvantekij\u00e4 Mari Ahokoivu piti ty\u00f6pajan lapsille ja nuorille Nordic Housessa. Ty\u00f6paja oli menestys ja Myrin festivaalit avasivat uusia kontakteja Pohjoismaisen kuvitustaiteen piiriin.<\/p>\n<p>POP UP Sarjakuvakeskus toteutettiin yhteisty\u00f6ss\u00e4 City of Literature Myrin festivaalien ja kaupunginkirjaston kanssa ja POP UP Sarjakuvakeskus Reykjav\u00edkia oli tukemassa Nordisk Kulturfond -rahasto.<\/p>\n","protected":false},"excerpt":{"rendered":"<p>Lokakuussa 2016 Oulun Sarjakuvakeskus j\u00e4rjesti POP UP Sarjakuvakeskuksen Reykjav\u00edkin kaupunginkirjastolla. POP UP Sarjakuvakeskus nousi Reykjav\u00edkin kaupunginkirjastolle 4.-8.9.2016 ja POP UP Sarjakuvakeskuksen mukana Islantiin matkasi norjalainen &#8230;<\/p>\n","protected":false},"author":1,"featured_media":0,"parent":1192,"menu_order":0,"comment_status":"closed","ping_status":"closed","template":"","meta":[],"categories":[],"tags":[],"_links":{"self":[{"href":"https:\/\/www.oulucomics.com\/fi\/wp-json\/wp\/v2\/pages\/1327"}],"collection":[{"href":"https:\/\/www.oulucomics.com\/fi\/wp-json\/wp\/v2\/pages"}],"about":[{"href":"https:\/\/www.oulucomics.com\/fi\/wp-json\/wp\/v2\/types\/page"}],"author":[{"embeddable":true,"href":"https:\/\/www.oulucomics.com\/fi\/wp-json\/wp\/v2\/users\/1"}],"replies":[{"embeddable":true,"href":"https:\/\/www.oulucomics.com\/fi\/wp-json\/wp\/v2\/comments?post=1327"}],"version-history":[{"count":16,"href":"https:\/\/www.oulucomics.com\/fi\/wp-json\/wp\/v2\/pages\/1327\/revisions"}],"predecessor-version":[{"id":4761,"href":"https:\/\/www.oulucomics.com\/fi\/wp-json\/wp\/v2\/pages\/1327\/revisions\/4761"}],"up":[{"embeddable":true,"href":"https:\/\/www.oulucomics.com\/fi\/wp-json\/wp\/v2\/pages\/1192"}],"wp:attachment":[{"href":"https:\/\/www.oulucomics.com\/fi\/wp-json\/wp\/v2\/media?parent=1327"}],"wp:term":[{"taxonomy":"category","embeddable":true,"href":"https:\/\/www.oulucomics.com\/fi\/wp-json\/wp\/v2\/categories?post=1327"},{"taxonomy":"post_tag","embeddable":true,"href":"https:\/\/www.oulucomics.com\/fi\/wp-json\/wp\/v2\/tags?post=1327"}],"curies":[{"name":"wp","href":"https:\/\/api.w.org\/{rel}","templated":true}]}}