{"id":1295,"date":"2016-11-11T07:09:42","date_gmt":"2016-11-11T05:09:42","guid":{"rendered":"http:\/\/www.oulucomics.com\/?page_id=1295"},"modified":"2020-07-23T16:15:55","modified_gmt":"2020-07-23T13:15:55","slug":"2017-2","status":"publish","type":"page","link":"https:\/\/www.oulucomics.com\/fi\/fest\/competition\/2017-2\/","title":{"rendered":"Sarjakuvakilpailu 2017"},"content":{"rendered":"<p align=\"LEFT\">Vuoden 2017 Oulun Pohjoismaisen sarjakuvakilpailun teema oli \u201dsata\u201d. Kilpailu oli avoin kaikille Pohjoismaissa ja Baltian maissa asuville ja syntyneille sarjakuvataiteilijoille ja kirjoittajille.<\/p>\n<p align=\"LEFT\">Tuomaristo (<strong>Veli-Matti Ural, Moritz Stetter<\/strong> ja<strong> Hannele Richert<\/strong>) valitsivat kolme voittajaa ja kolme kunniamainintaa useiden kilpailut\u00f6iden joukosta. Voittajien ja kunniamainittujen ty\u00f6t ovat luettavissa t\u00e4st\u00e4 kirjasta.<\/p>\n<p align=\"LEFT\">Kirjaan valitut sarjakuvat l\u00e4hestyv\u00e4t kilpailun teemaa \u201d100\u201d monesta eri n\u00e4k\u00f6kulmasta. Tuomaristo painotti valinnoissaan tarinankerrontaa. Mestarillinen kuvitusty\u00f6 ei yksin riitt\u00e4nyt k\u00e4rkipaikan saavuttamiseksi kilpailussa.<\/p>\n<p align=\"LEFT\">Vuonna 2017 Suomi juhlii sadatta vuottaan itsen\u00e4isen\u00e4 valtiona. Useissa kilpailut\u00f6iss\u00e4 teema \u201d100\u201d ilmeni ajankulkuna ja vaivann\u00e4k\u00f6n\u00e4.<\/p>\n<p align=\"LEFT\"><strong>1. PALKINTO<\/strong><\/p>\n<p align=\"LEFT\"><strong>Juliana Hyrri (2000 e)\u00a0<\/strong><\/p>\n<p align=\"LEFT\">Tuomaristo oli heti yksimielinen vuoden 2017 Oulun Pohjoismaisen sarjakuvakilpailun voittajasta. Juliana Hyrrin tarina nousi muiden yl\u00e4puolelle uniikin taiteensa ja lumoavan tarinankerronnansa ansiosta. Luonteva dialogi ja ekspressiivinen piirrostyyli viev\u00e4t lukijan ajassa menneisyyteen. Kes\u00e4n ja lapsuuden l\u00e4mp\u00f6 on sarjakuvassa esitetty loistavasti. Tunnelman muuttuminen leikkis\u00e4st\u00e4 kuolemanvakavaksi tapahtuu silm\u00e4nr\u00e4p\u00e4yksess\u00e4, mutta muutos tapahtuu luontevasti. Lapsen n\u00e4k\u00f6kulmasta kuvattu tarina on j\u00e4nnitt\u00e4v\u00e4 \u2013 ajoittain jopa shokeeraava. Kilpailun teema on sis\u00e4llytetty osaksi tarinaa nokkelalla tavalla.<\/p>\n<p align=\"LEFT\"><strong>2. PALKINTO<\/strong><\/p>\n<p align=\"LEFT\"><strong>Mikael Heikkanen (1000 e)<\/strong><\/p>\n<p align=\"LEFT\">Toisen sijan p\u00e4\u00e4tt\u00e4minen aiheutti tuomareille p\u00e4\u00e4nvaivaa. Lopulta kunnia lankesi Mikael Heikkaselle ja h\u00e4nen tarinalleen \u201dSatavuotisp\u00e4iv\u00e4. Heikkasen tarina on poliittinen satiiri. Se ei s\u00e4\u00e4stele iskujaan kritisoidessaan suomalaista yhteiskuntaa ja hallitusta. Sarjakuvan taide on uniikkia ja miellytt\u00e4v\u00e4n n\u00e4k\u00f6ist\u00e4. L\u00e4mpim\u00e4t v\u00e4rit luovat kontrastia kylm\u00e4n viile\u00e4lle sanomalle. Ty\u00f6tt\u00f6m\u00e4n p\u00e4\u00e4henkil\u00f6n ongelmant\u00e4ytteist\u00e4 el\u00e4m\u00e4ntarinaa peilataan orjuuteen. Sarjakuva on aidosti hauska ja surullinen samaan aikaan. Se paljastaa modernin suomalaisen systeemin paradoksaalisuuden.<\/p>\n<p align=\"LEFT\"><strong>3. PALKINTO<\/strong><\/p>\n<p align=\"LEFT\"><strong>Cathrin Peterslund (500 e)<\/strong><\/p>\n<p align=\"LEFT\">Peterslundin sarjakuva kertoo traagisen rakkaustarinan. Tarina on kerrottu kaupungin sankariin rakastuvan nuoren naisen n\u00e4k\u00f6kulmasta. Kuvakulmien ja l\u00e4hikuvien loistokas k\u00e4ytt\u00f6 tekev\u00e4t tarinasta lumoavan. Liike ja varjostus sarjakuvaruuduissa on toteutettu mestarillisesti. Kaunis piirrostyyli luo mustan ja ruskean eri s\u00e4vyj\u00e4 hy\u00f6dynt\u00e4en kuville vanhoja valokuvia muistuttavan ilmeen. Vain muutamilla viivoilla Peterslund luo ilmeikk\u00e4it\u00e4 hahmoja. Tarinassa on paljon tunnetta.<\/p>\n<p align=\"LEFT\">KUNNIAMAININNAT<\/p>\n<p align=\"LEFT\">AVI HEIKKINEN<\/p>\n<p align=\"LEFT\">JONI AHONEN<\/p>\n<p align=\"LEFT\">IIA MERIL\u00c4INEN<\/p>\n<p align=\"LEFT\">\u00a0<\/p>\n","protected":false},"excerpt":{"rendered":"<p align=\"LEFT\">Vuoden 2017 Oulun Pohjoismaisen sarjakuvakilpailun teema oli \u201dsata\u201d. Kilpailu oli avoin kaikille Pohjoismaissa ja Baltian maissa asuville ja syntyneille sarjakuvataiteilijoille ja kirjoittajille.<\/p>\n<p align=\"LEFT\">Tuomaristo (<strong...\n<\/p>\n","protected":false},"author":1,"featured_media":0,"parent":84,"menu_order":0,"comment_status":"closed","ping_status":"closed","template":"","meta":[],"categories":[],"tags":[],"_links":{"self":[{"href":"https:\/\/www.oulucomics.com\/fi\/wp-json\/wp\/v2\/pages\/1295"}],"collection":[{"href":"https:\/\/www.oulucomics.com\/fi\/wp-json\/wp\/v2\/pages"}],"about":[{"href":"https:\/\/www.oulucomics.com\/fi\/wp-json\/wp\/v2\/types\/page"}],"author":[{"embeddable":true,"href":"https:\/\/www.oulucomics.com\/fi\/wp-json\/wp\/v2\/users\/1"}],"replies":[{"embeddable":true,"href":"https:\/\/www.oulucomics.com\/fi\/wp-json\/wp\/v2\/comments?post=1295"}],"version-history":[{"count":13,"href":"https:\/\/www.oulucomics.com\/fi\/wp-json\/wp\/v2\/pages\/1295\/revisions"}],"predecessor-version":[{"id":4617,"href":"https:\/\/www.oulucomics.com\/fi\/wp-json\/wp\/v2\/pages\/1295\/revisions\/4617"}],"up":[{"embeddable":true,"href":"https:\/\/www.oulucomics.com\/fi\/wp-json\/wp\/v2\/pages\/84"}],"wp:attachment":[{"href":"https:\/\/www.oulucomics.com\/fi\/wp-json\/wp\/v2\/media?parent=1295"}],"wp:term":[{"taxonomy":"category","embeddable":true,"href":"https:\/\/www.oulucomics.com\/fi\/wp-json\/wp\/v2\/categories?post=1295"},{"taxonomy":"post_tag","embeddable":true,"href":"https:\/\/www.oulucomics.com\/fi\/wp-json\/wp\/v2\/tags?post=1295"}],"curies":[{"name":"wp","href":"https:\/\/api.w.org\/{rel}","templated":true}]}}