{"id":126,"date":"2016-08-10T08:52:59","date_gmt":"2016-08-10T05:52:59","guid":{"rendered":"http:\/\/www.oulucomics.com\/?page_id=126"},"modified":"2025-03-21T12:31:16","modified_gmt":"2025-03-21T10:31:16","slug":"skrewyou","status":"publish","type":"page","link":"https:\/\/www.oulucomics.com\/fi\/keskus\/seura\/skrewyou\/","title":{"rendered":"Skrew You! -palkinto"},"content":{"rendered":"<p style=\"color: #444444;\"><b style=\"color: #333333;\">Oulun sarjakuvaseura my\u00f6nt\u00e4\u00e4 Skrew you -tunnustuspalkintoja sarjakuvan hyv\u00e4ksi tehdyst\u00e4 ty\u00f6st\u00e4.<\/b><span style=\"color: #333333;\">&nbsp;<\/span><br style=\"color: #333333;\"\/><br style=\"color: #333333;\"\/><span style=\"color: #333333;\">\u201dNimi tunnustukselle l\u00f6ytyi Oulussa 1980- ja 1990-luvuilla ilmestyneen Ruuvari-sarjakuvalehden ensimm\u00e4isist\u00e4 numeroista. Seura tulee jakamaan tunnustuksia aina sopivan tilaisuuden tullen\u201d -Harri Filppa&nbsp;<\/span><\/p>\n<h2 style=\"color: #000000;\"><img loading=\"lazy\" decoding=\"async\" class=\"alignnone size-full wp-image-2508\" src=\"http:\/\/www.oulucomics.com\/wp-content\/uploads\/2016\/08\/skrewyoupalkinnot2011.jpg\" alt=\"skrewyoupalkinnot2011\" width=\"495\" height=\"371\" srcset=\"https:\/\/www.oulucomics.com\/wp-content\/uploads\/2016\/08\/skrewyoupalkinnot2011.jpg 495w, https:\/\/www.oulucomics.com\/wp-content\/uploads\/2016\/08\/skrewyoupalkinnot2011-300x225.jpg 300w\" sizes=\"auto, (max-width: 495px) 100vw, 495px\" \/><\/h2>\n<h2>2024<\/h2>\n<p><strong>Black Peider<\/strong><\/p>\n<p>Oulun Sarjakuvaseura on my\u00f6nt\u00e4nyt Skrew You -tunnustuksen Black Peiderille meneill\u00e4\u00e4n olevilla Oulun Sarjakuvafestivaaleilla. Meksikolaisen heavy metal -rokkarin, vapaapainijan ja supersankarin risteytys Black Peider on seikkaillut sarjakuva-albumeissa, elokuvissa ja erilaisilla esiintymisareenoilla, muun muassa ilmakitaristina.<\/p>\n<h2>2023<\/h2>\n<p><strong>Sarjakupla-podcast<\/strong><\/p>\n<p>Oulun Sarjakuvaseuran on my\u00f6nt\u00e4nyt t\u00e4n\u00e4\u00e4n alkaneella Oulun Sarjakuvafestivaalilla Skrew You -tunnustuksen Sarjakupla-podcastille. Tunnustus on my\u00f6nnetty pohjoissuomalaisen sarjakuvan hyv\u00e4ksi tehdyst\u00e4 ty\u00f6st\u00e4.<\/p>\n<p>Sarjakupla-podcast on vuodesta 2021 l\u00e4htien tehnyt sarjakuvasta coolimpaa. Podcastia toimittavat sarjakuvataiteilijat Anssi Vieruaho ja Sami Nyyss\u00f6l\u00e4. Sit\u00e4 on tehty jo yli 60 jaksoa ja se on pisimp\u00e4\u00e4n jatkunut kotimainen sarjakuva-poscast. Jaksoissa toimittajat k\u00e4sittelev\u00e4t tunnettuja sarjakuvateoksia vieraiden kanssa tai kesken\u00e4\u00e4n.<\/p>\n<h2>2022<\/h2>\n<p><strong>Arja Huotari<\/strong><\/p>\n<h2>2021<\/h2>\n<p><strong>Aapo Kukko<\/strong><\/p>\n<p>Oulun Sarjakuvaseura on my\u00f6nt\u00e4nyt vuoden 2021 Skrew You -tunnustuksen oululaiselle sarjakuvataiteilija Aapo Kukolle. Skrew You -tunnustus jaettiin Oulun Sarjakuvafestivaalilla.<\/p>\n<p>&#8220;Sarjakuvaseuralaisilla on ollut ilo seurata Aapo Kukon kehityst\u00e4 aloittelevasta sarjakuvantekij\u00e4st\u00e4 t\u00e4ysiveriseksi taiteilijaksi&#8221;, kertoi toiminnanjohtaja Harri Filppa. &#8220;Kukko on my\u00f6s ollut aktiivinen seuran kaikissa riennoissa.&#8221;<\/p>\n<p>Kukon ensimm\u00e4iset sarjakuvat julkaistiin tekij\u00e4n ollessa 16-vuotias. Viimeisimm\u00e4t hiljan 30 vuotta t\u00e4ytt\u00e4neen Kukon ty\u00f6t, Karmea tarina (2019), Sosialisti ja nihilisti (2019) ja Huojuva torni (2021), osoittavat suvereenia ilmaisumuodon hallintaa.<\/p>\n<h2>2020<\/h2>\n<p><strong>kulttuurilehti Kaltio<\/strong><\/p>\n<p>Vuonna 1945 perustettu kulttuurilehti Kaltio on p\u00e4\u00e4toimittaja Jussi Vilkunan ajoista l\u00e4htien tarjonnut oululaisille sarjakuvantekij\u00f6ille julkaisukanavan ja k\u00e4sitellyt sarjakuvaa kritiikeiss\u00e4\u00e4n ja jutuissaan tasaveroisena taiteenlajina. Kaltio on my\u00f6s julkaissut sarjakuva-albumin Oululaisia suurmiehi\u00e4, johon oli koottu Ville Rannan Kaltiolle tekemi\u00e4 sarjakuvia.<\/p>\n<h2>2019<\/h2>\n<p><strong>Ulla Kaislaranta<\/strong><\/p>\n<p>Ulla Kaislaranta on taiteilija, joka ty\u00f6skenteli liki 40 vuotta Oulun Taidekoulussa. Ison osan tuosta ajasta Kaislaranta oli taidekoulun rehtori. Vaikka teatteri on l\u00e4hinn\u00e4 Kaislarannan syd\u00e4nt\u00e4, niin Oulun Taidekoulussa on voinut opiskella eri taiteita laajalla skaalalla. Koulu on tarjonnut sarjakuvan perusopetusta 1980-luvulta l\u00e4htien.<br \/>\nMonen oululaisen sarjakuvaharrastajan ensimm\u00e4inen sarjakuva on julkaistu Oulun Taidekoulun julkaisemassa Viiva-vuosialbumissa. Aktiivisimmat ovat saaneet koulun kautta julki oman sarjakuva-albumin.<\/p>\n<h2>2018<\/h2>\n<div><strong>Pauli Kallio<\/strong><\/div>\n<div><\/div>\n<div>Nivalasta syntyisin oleva Pauli Kallio (s. 1960) on 1980-luvulta l\u00e4htien tehnyt laadusta tinkim\u00e4t\u00f6nt\u00e4 ty\u00f6t\u00e4 niin kustantajana kuin k\u00e4sikirjoittajana. Suuri Kurpitsa on lehten\u00e4 ja sarjakuvakustantamona nostanut suomalaisen sarjakuvan tasoa ja nostanut esille lukuisia sittemmin palkittuja sarjakuvataiteilijoita. Kallio on ammattimaisena sarjakuvak\u00e4sikirjoittajana Suomessa lajinsa ainoita edustajia.<\/div>\n<div><\/div>\n<div>\u2013 Tyhj\u00e4 tila on minulle edelleenkin eritt\u00e4in inspriroivaa, kertoi Kallio pari vuotta sitten Oulun Sarjakuvafestivaalilla sanomalehtisarjakuvien kirjoittamisesta. T\u00e4ll\u00e4 hetkell\u00e4 Kallio tekee yhteisty\u00f6t\u00e4 muun muassa Pentti Otsamon, Christer Nuutisen ja Reetta Niemensivun kanssa. Niemensivu piirt\u00e4\u00e4 Kallion Kalevaan k\u00e4sikirjoittamaa Lyhenev\u00e4\u00e4 kes\u00e4\u00e4.<\/div>\n<div><\/div>\n<div>Puup\u00e4\u00e4hatun Kallio sai vuonna 1994. Sarjakuva-Finlandia -ehdokkaana Kallio on ollut seitsem\u00e4n kertaa.<\/div>\n<h2>2017<\/h2>\n<div><strong>Ville Ranta<\/strong><\/div>\n<div><\/div>\n<div>Ritarin arvon Ranskasta saanut Ville Ranta (s. 1978) on parantanut sarjakuvien tekemisen edellytyksi\u00e4 opettamalla ja kustantamalla, ja pit\u00e4nyt t\u00f6iss\u00e4\u00e4n esill\u00e4 Pohjois-Suomen historiallisia henkil\u00f6it\u00e4 ja maisemia. Ranta on laajentanut sarjakuvallisia ilmaisumahdollisuuksia muun muassa esiintym\u00e4ll\u00e4 piirroskonserteissa.<\/div>\n<div><\/div>\n<div>\u2013 Ville Rannan ty\u00f6t ovat merkitt\u00e4vi\u00e4 kansallisesta ja kansainv\u00e4lisest\u00e4 n\u00e4k\u00f6kulmasta, summaa Oulun Sarjakuvaseuran puheenjohtaja Jyrki Korpua. \u2013 H\u00e4nen t\u00f6iss\u00e4\u00e4n aiheet vaihtelevat henkil\u00f6kohtaisesta sielunmaisemasta historialliseen fiktioon, mutta ovat alati juurtuneita Pohjois-Suomen milj\u00f6isiin, historiaan ja nykyhetkeen.<\/div>\n<h2 style=\"color: #000000;\">2016<\/h2>\n<p><strong><big style=\"font-weight: bold; color: #333333;\">Heikki Porkola (1941-2016)<br \/>\n<\/big><\/strong><\/p>\n<p class=\"p1\">Oulun Sarjakuvaseura my\u00f6nsi Skrew You -tunnustuksen Heikki Porkolalle postuumisti. Alkuvuodesta 2016 edesmennyt Porkola oli Kemin kulttuurisihteerin\u00e4 luomassa Kemin sarjakuvap\u00e4ivi\u00e4 ja toimi niiden tuottajana 25 vuoden ajan. Porkolan aikana Kemist\u00e4 tuli merkitt\u00e4v\u00e4 sarjakuvakaupunki.<\/p>\n<p class=\"p1\">1980-luvun mittaan Kemin sarjakuvap\u00e4ivist\u00e4 kasvoi nimekk\u00e4ine kansainv\u00e4lisine vieraineen kansallinen instituutio. Koska Kemiss\u00e4 yleis\u00f6m\u00e4\u00e4r\u00e4t pysyiv\u00e4t maltillisina, niin paikalle saatiin sellaisiakin t\u00e4hti\u00e4, jotka suuremmille festivaaleille eiv\u00e4t olisi suostuneet. T\u00e4llainen oli esimerkiksi Robert Crumb.<\/p>\n<p class=\"p1\">Porkolan luotsaamana Kemi edisti sarjakuvaa. Kemin sarjakuvakeskus sai erilaisia rooleja tarpeen mukaan. Jos tietyntyyppinen sarjakuva ei l\u00f6yt\u00e4nyt muualta kustantajaa, niin keskus ryhtyi kustantajaksi. Heikki Porkolan ymp\u00e4rille muodostui ideoiva yhteis\u00f6, joka 1980- ja 1990-luvuilla vaikutti sarjakuvan asemaan ja julkikuvaan koko maassa.<\/p>\n<h2 style=\"color: #000000;\">2015<\/h2>\n<p><strong><big style=\"font-weight: bold; color: #333333;\">Sauli Pesonen<br \/>\n<\/big><\/strong><\/p>\n<p style=\"margin-bottom: 0cm;\">Oulun sarjakuvaseura on my\u00f6nt\u00e4nyt Skrew you -tunnustuksen Oulun Elokuvakeskuksen toiminnanjohtaja Sauli Pesoselle. Tunnustus jaettiin pohjoissuomalaisen sarjakuvan hyv\u00e4ksi tehdyst\u00e4 ty\u00f6st\u00e4 Oulun sarjakuvafestivaaleilla.<\/p>\n<p style=\"margin-bottom: 0cm;\">Pesonen on toiminut pitk\u00e4\u00e4n sanomalehti <i>Kalevan<\/i> sarjakuvakriitikkona. H\u00e4nen tarkkan\u00e4k\u00f6iset arvionsa ovat tarjonneet asiantuntevan n\u00e4kemyksen uusista sarjakuvajulkaisuista niin yleis\u00f6lle kuin sarjakuvatekij\u00f6ille. Pesonen on kirjoittanut keskeisi\u00e4 sarjakuvia esittelev\u00e4n tietokirjan <i>Alkupalat<\/i> (1993).<\/p>\n<p style=\"margin-bottom: 0cm;\">Oulun sarjakuvafestivaali on kiitoksen velkaa Pesoselle. Ilman h\u00e4nen taustavaikutukstaan festivaali ei olisi saanut sellaista alkua kuin se nyt on saanut.<\/p>\n<h2 style=\"color: #000000;\">2014<\/h2>\n<p style=\"color: #444444;\"><big style=\"font-weight: bold; color: #333333;\">Mari Ahokoivu<br \/>\n<\/big><\/p>\n<p style=\"color: #444444;\">Mari Ahokoivu (s.1984) on Oulussa asuva kuvittaja ja sarjakuvataiteilija. Ahokoivu piirt\u00e4\u00e4 sarjakuvaa sek\u00e4 aikuisille ett\u00e4 lapsille. H\u00e4nen tuotantoaan on julkaistu my\u00f6s kansainv\u00e4lisesti. Ahokoivu on aktiivinen sarjakuvantekij\u00e4 ja ollut aktiivisesti mukana mm. Oulun Sarjakuvakeskuksen toiminnan aloittamisessa.<\/p>\n<h2 style=\"color: #000000;\">2013<\/h2>\n<p style=\"color: #444444;\"><big style=\"font-weight: bold; color: #333333;\">Jii Roikonen<\/big><br style=\"color: #333333;\"\/><span style=\"color: #333333;\">30-vuotistaiteilijajuhlia viett\u00e4v\u00e4 Roikonen (s. 1970) on ilahduttanut sarjakuvia lukevaa yleis\u00f6\u00e4 jo vuodesta 1983, ammatikseen h\u00e4n on tehnyt sarjakuvia ja muita kuvituksia jo kahden vuosikymmenen ajan.&nbsp;<\/span><br style=\"color: #333333;\"\/><br style=\"color: #333333;\"\/><span style=\"color: #333333;\">Jii Roikosen tunnetuin hahmo on Jasso, joka syksyll\u00e4 t\u00e4ytti 21 vuotta. Hyv\u00e4ntahtoisen humoristiset seikkailut ja kuvitukset ovat Roikosen tunnusmerkki. Sarjakuvataiteilijalla on toinenkin puoli, josta muistuttavat albumit Mustaa ja Valoa.&nbsp;<\/span><br style=\"color: #333333;\"\/><br style=\"color: #333333;\"\/><span style=\"color: #333333;\">Skrew You -tunnustuksen perusteena on pitk\u00e4 ura sarjakuvan parissa. Aikaisemmin Roikonen on palkittu muun muassa Suomen sarjakuvaseuran Puup\u00e4\u00e4hatulla 2005.&nbsp;<\/span><\/p>\n<h2 style=\"color: #000000;\">2012<\/h2>\n<p style=\"color: #444444;\"><big style=\"font-weight: bold; color: #333333;\">Keijo Ahlqvist<\/big><br style=\"color: #333333;\"\/><span style=\"color: #333333;\">Vuodesta 2000 Ahlqvist (s. 1955) on opettanut Limingan taidekoulussa sarjakuvaa ja luotsannut monia sarjakuvauralle. Sarjakuvaneuvoksen arvon Ahlqvist sai 2009.&nbsp;<\/span><br style=\"color: #333333;\"\/><br style=\"color: #333333;\"\/><span style=\"color: #333333;\">Ennen Liminkaa Ahlqvist vaikutti Kemiss\u00e4, jossa syntyi monenlaisia perinteisen sarjakuvamaailman rajoja ylitt\u00e4vi\u00e4 teoksia, tunnetuimpana esimerkkin\u00e4 Kemin kaupungin kunnalliskertomukset 1985-1993.&nbsp;<\/span><br style=\"color: #333333;\"\/><br style=\"color: #333333;\"\/><span style=\"color: #333333;\">Jo Kemiss\u00e4 Ahlqvist oli opetuksen asialla. 1988 ilmestyi Ari Kutilan kanssa tehty opas Piirr\u00e4 sarjakuvaa. Nykyisin Ahlqvistin oppeihin voi tutustua my\u00f6s netiss\u00e4, Sarjakuvantekowikiss\u00e4.&nbsp;<\/span><\/p>\n<h2 style=\"color: #000000;\">2011<\/h2>\n<p style=\"color: #444444;\"><big style=\"font-weight: bold; color: #333333;\">Pentti Nuortimo<\/big><br style=\"color: #333333;\"\/><span style=\"color: #333333;\">Nuortimo on Oulun sarjakuvaseuran perustajia ja ensimm\u00e4inen puheenjohtaja. Nuortimon Tahavo seikkaili Kalevassa ja sarjakuvaseuran julkaisemassa Kuplassa 1980-luvulla. Kalevan kuvittajana h\u00e4n oli 1975-1983. Nykyisin Nuortimo ty\u00f6skentelee graafisena suunnittelijana Fiskarsissa.&nbsp;<\/span><br style=\"color: #333333;\"\/><br style=\"color: #333333;\"\/><big style=\"font-weight: bold; color: #333333;\">Ilpo Koskela<\/big><br style=\"color: #333333;\"\/><span style=\"color: #333333;\">Koskela on ollut mukana l\u00e4hes kaikessa pohjoisen Suomen sarjakuvaan liittyv\u00e4ss\u00e4 toiminnassa. Valtakunnallisestikin palkittu tekij\u00e4 1980-luvun alusta l\u00e4htien sarjakuvien julkaisemisen lis\u00e4ksi ollut mukana kehitt\u00e4m\u00e4ss\u00e4 sarjakuvaopetusta Oulussa ja Limingassa ja johtanut Kemin sarjakuvafestivaaleja. Koskelan sarjakuvia on k\u00e4\u00e4nnetty englanniksi ja ruotsiksi. Tekij\u00e4n 30-vuotistaiteilijajuhlan\u00e4yttely on parhaillaan esill\u00e4 Turussa.&nbsp;<\/span><br style=\"color: #333333;\"\/><br style=\"color: #333333;\"\/><big style=\"font-weight: bold; color: #333333;\">Esa Holopainen<\/big><br style=\"color: #333333;\"\/><span style=\"color: #333333;\">Holopainen palkittiin erityisesti Tyrn\u00e4v\u00e4n verikoirien kaksikymmenvuotisesta taipaleesta. Sarjakuva alkoi ilmesty\u00e4 Oulun ylioppilaslehdess\u00e4 1989 ja sai p\u00e4\u00e4t\u00f6ksen toukokuussa 2011. Holopaisen toiminta sarjakuvaopettajana ja -tapahtumaj\u00e4rjest\u00e4j\u00e4n\u00e4 Muhoksella ansaitsee my\u00f6s kiitoksen. Suurelle yleis\u00f6lle Holopainen lienee tutuin Kalevan verkkosivuilla julkaistavasta Naapurit -sarjasta.<\/span><\/p>\n","protected":false},"excerpt":{"rendered":"<p style=\"color: #444444;\"><b style=\"color: #333333;\">Oulun sarjakuvaseura my\u00f6nt\u00e4\u00e4 Skrew you -tunnustuspalkintoja sarjakuvan hyv\u00e4ksi tehdyst\u00e4 ty\u00f6st\u00e4.<\/b><span style=\"color: #333333;\">&nbsp;<\/span><br style=\"color: #333333;\"><br style=\"color: #333333;...\n<\/p>\n","protected":false},"author":1,"featured_media":0,"parent":31,"menu_order":5,"comment_status":"closed","ping_status":"closed","template":"","meta":{"footnotes":""},"categories":[],"tags":[],"class_list":["post-126","page","type-page","status-publish","hentry"],"_links":{"self":[{"href":"https:\/\/www.oulucomics.com\/fi\/wp-json\/wp\/v2\/pages\/126","targetHints":{"allow":["GET"]}}],"collection":[{"href":"https:\/\/www.oulucomics.com\/fi\/wp-json\/wp\/v2\/pages"}],"about":[{"href":"https:\/\/www.oulucomics.com\/fi\/wp-json\/wp\/v2\/types\/page"}],"author":[{"embeddable":true,"href":"https:\/\/www.oulucomics.com\/fi\/wp-json\/wp\/v2\/users\/1"}],"replies":[{"embeddable":true,"href":"https:\/\/www.oulucomics.com\/fi\/wp-json\/wp\/v2\/comments?post=126"}],"version-history":[{"count":33,"href":"https:\/\/www.oulucomics.com\/fi\/wp-json\/wp\/v2\/pages\/126\/revisions"}],"predecessor-version":[{"id":7728,"href":"https:\/\/www.oulucomics.com\/fi\/wp-json\/wp\/v2\/pages\/126\/revisions\/7728"}],"up":[{"embeddable":true,"href":"https:\/\/www.oulucomics.com\/fi\/wp-json\/wp\/v2\/pages\/31"}],"wp:attachment":[{"href":"https:\/\/www.oulucomics.com\/fi\/wp-json\/wp\/v2\/media?parent=126"}],"wp:term":[{"taxonomy":"category","embeddable":true,"href":"https:\/\/www.oulucomics.com\/fi\/wp-json\/wp\/v2\/categories?post=126"},{"taxonomy":"post_tag","embeddable":true,"href":"https:\/\/www.oulucomics.com\/fi\/wp-json\/wp\/v2\/tags?post=126"}],"curies":[{"name":"wp","href":"https:\/\/api.w.org\/{rel}","templated":true}]}}