{"id":12,"date":"2016-08-10T08:10:00","date_gmt":"2016-08-10T05:10:00","guid":{"rendered":"http:\/\/www.oulucomics.com\/?page_id=12"},"modified":"2026-01-22T14:49:38","modified_gmt":"2026-01-22T12:49:38","slug":"fest","status":"publish","type":"page","link":"https:\/\/www.oulucomics.com\/fi\/fest\/","title":{"rendered":"Festivaali 19.-22.11.2026"},"content":{"rendered":"\n<p>Oulun 15. Sarjakuvafestivaali j\u00e4rjestet\u00e4\u00e4n 19.-22.11.2025. T\u00e4n\u00e4 vuonna p\u00e4\u00e4paikkana toimii Keskustakirjasto Saari (Kaarlenv\u00e4yl\u00e4 3, Oulu).<\/p>\n\n\n\n<p><a href=\"https:\/\/www.oulucomics.com\/fi\/fest\/sarjakuvakeidas2025\/\">Sarjakuvakeidas<\/a> ajoittuu t\u00e4n\u00e4 vuonna lauantaille 21.11. klo 11-19.<\/p>\n\n\n\n<p>P\u00e4ivit\u00e4mme festivaalitietoa sen tarkentuessa. <\/p>\n\n\n\n<p>Kaikki tapahtumat ovat p\u00e4\u00e4symaksuttomia.<\/p>\n\n\n\n<h3>Kuvia vuoden 2025 tapahtumasta<\/h3>\n\n\n\n<div id=\"block-98a184ad-b038-4ff8-970f-da88f7a73cb1\" class=\"wp-block-image\"><figure class=\"alignleft is-resized\"><img loading=\"lazy\" src=\"https:\/\/www.oulucomics.com\/wp-content\/uploads\/2022\/09\/oulu_kaupunginkirjasto-1024x278.jpeg\" alt=\"T\u00e4m\u00e4n kuvan alt-attribuutti on tyhj\u00e4; Tiedoston nimi on oulu_kaupunginkirjasto-1024x278.jpeg\" width=\"180\" height=\"49\"\/><\/figure><\/div>\n\n\n\n<div class=\"wp-block-image\"><figure class=\"alignleft size-large is-resized\"><img loading=\"lazy\" src=\"https:\/\/www.oulucomics.com\/wp-content\/uploads\/2021\/09\/taike_pysty.jpeg\" alt=\"\" class=\"wp-image-5817\" width=\"153\" height=\"91\" srcset=\"https:\/\/www.oulucomics.com\/wp-content\/uploads\/2021\/09\/taike_pysty.jpeg 608w, https:\/\/www.oulucomics.com\/wp-content\/uploads\/2021\/09\/taike_pysty-300x177.jpeg 300w\" sizes=\"(max-width: 153px) 100vw, 153px\" \/><\/figure><\/div>\n\n\n\n<div id=\"block-017e90c5-95d9-401b-8c89-7d8460f11b71\" class=\"wp-block-image\"><figure class=\"alignleft is-resized\"><img loading=\"lazy\" src=\"https:\/\/www.oulucomics.com\/wp-content\/uploads\/2022\/09\/Oulu_M-1024x446.png\" alt=\"T\u00e4m\u00e4n kuvan alt-attribuutti on tyhj\u00e4; Tiedoston nimi on Oulu_M-1024x446.png\" width=\"133\" height=\"57\"\/><\/figure><\/div>\n\n\n\n<div class=\"wp-block-image\"><figure class=\"alignleft size-large is-resized\"><img loading=\"lazy\" src=\"https:\/\/www.oulucomics.com\/wp-content\/uploads\/2021\/09\/sarjakuvantekijat_logo-1024x1024.jpg\" alt=\"\" class=\"wp-image-5828\" width=\"117\" height=\"117\" srcset=\"https:\/\/www.oulucomics.com\/wp-content\/uploads\/2021\/09\/sarjakuvantekijat_logo-1024x1024.jpg 1024w, https:\/\/www.oulucomics.com\/wp-content\/uploads\/2021\/09\/sarjakuvantekijat_logo-300x300.jpg 300w, https:\/\/www.oulucomics.com\/wp-content\/uploads\/2021\/09\/sarjakuvantekijat_logo-150x150.jpg 150w, https:\/\/www.oulucomics.com\/wp-content\/uploads\/2021\/09\/sarjakuvantekijat_logo-768x768.jpg 768w, https:\/\/www.oulucomics.com\/wp-content\/uploads\/2021\/09\/sarjakuvantekijat_logo-250x250.jpg 250w, https:\/\/www.oulucomics.com\/wp-content\/uploads\/2021\/09\/sarjakuvantekijat_logo.jpg 1181w\" sizes=\"(max-width: 117px) 100vw, 117px\" \/><\/figure><\/div>\n\n\n\n<div class=\"wp-block-image\"><figure class=\"alignleft size-large is-resized\"><img loading=\"lazy\" src=\"https:\/\/www.oulucomics.com\/wp-content\/uploads\/2021\/09\/limingantaidekoulu.jpg\" alt=\"\" class=\"wp-image-5826\" width=\"67\" height=\"111\" srcset=\"https:\/\/www.oulucomics.com\/wp-content\/uploads\/2021\/09\/limingantaidekoulu.jpg 363w, https:\/\/www.oulucomics.com\/wp-content\/uploads\/2021\/09\/limingantaidekoulu-182x300.jpg 182w\" sizes=\"(max-width: 67px) 100vw, 67px\" \/><\/figure><\/div>\n\n\n\n<div class=\"wp-block-image\"><figure class=\"alignleft size-large is-resized\"><img loading=\"lazy\" src=\"https:\/\/www.oulucomics.com\/wp-content\/uploads\/2022\/09\/norja-1.jpg\" alt=\"\" class=\"wp-image-6893\" width=\"194\" height=\"55\" srcset=\"https:\/\/www.oulucomics.com\/wp-content\/uploads\/2022\/09\/norja-1.jpg 600w, https:\/\/www.oulucomics.com\/wp-content\/uploads\/2022\/09\/norja-1-300x86.jpg 300w, https:\/\/www.oulucomics.com\/wp-content\/uploads\/2022\/09\/norja-1-440x125.jpg 440w\" sizes=\"(max-width: 194px) 100vw, 194px\" \/><\/figure><\/div>\n\n\n\n<figure class=\"wp-block-image\"><img alt=\"\"\/><\/figure>\n","protected":false},"excerpt":{"rendered":"<p><!-- wp:paragraph --><\/p>\n<p>Oulun 15. Sarjakuvafestivaali j\u00e4rjestet\u00e4\u00e4n 19.-22.11.2025. T\u00e4n\u00e4 vuonna p\u00e4\u00e4paikkana toimii Keskustakirjasto Saari (Kaarlenv\u00e4yl\u00e4 3, Oulu).<\/p>\n<p><!-- \/wp:paragraph --><\/p>\n<p><!-- wp:paragraph --><\/p>\n<p><a href=\"https:\/\/www.oulucomics.com...\n<\/p>\n","protected":false},"author":1,"featured_media":0,"parent":0,"menu_order":9,"comment_status":"closed","ping_status":"closed","template":"","meta":[],"categories":[],"tags":[],"_links":{"self":[{"href":"https:\/\/www.oulucomics.com\/fi\/wp-json\/wp\/v2\/pages\/12"}],"collection":[{"href":"https:\/\/www.oulucomics.com\/fi\/wp-json\/wp\/v2\/pages"}],"about":[{"href":"https:\/\/www.oulucomics.com\/fi\/wp-json\/wp\/v2\/types\/page"}],"author":[{"embeddable":true,"href":"https:\/\/www.oulucomics.com\/fi\/wp-json\/wp\/v2\/users\/1"}],"replies":[{"embeddable":true,"href":"https:\/\/www.oulucomics.com\/fi\/wp-json\/wp\/v2\/comments?post=12"}],"version-history":[{"count":276,"href":"https:\/\/www.oulucomics.com\/fi\/wp-json\/wp\/v2\/pages\/12\/revisions"}],"predecessor-version":[{"id":7954,"href":"https:\/\/www.oulucomics.com\/fi\/wp-json\/wp\/v2\/pages\/12\/revisions\/7954"}],"wp:attachment":[{"href":"https:\/\/www.oulucomics.com\/fi\/wp-json\/wp\/v2\/media?parent=12"}],"wp:term":[{"taxonomy":"category","embeddable":true,"href":"https:\/\/www.oulucomics.com\/fi\/wp-json\/wp\/v2\/categories?post=12"},{"taxonomy":"post_tag","embeddable":true,"href":"https:\/\/www.oulucomics.com\/fi\/wp-json\/wp\/v2\/tags?post=12"}],"curies":[{"name":"wp","href":"https:\/\/api.w.org\/{rel}","templated":true}]}}