{"id":1192,"date":"2016-11-10T16:38:27","date_gmt":"2016-11-10T14:38:27","guid":{"rendered":"http:\/\/www.oulucomics.com\/?page_id=1192"},"modified":"2020-08-07T11:59:16","modified_gmt":"2020-08-07T08:59:16","slug":"popup","status":"publish","type":"page","link":"https:\/\/www.oulucomics.com\/fi\/arctic\/popup\/","title":{"rendered":"POP UP -Sarjakuvakeskukset"},"content":{"rendered":"<p>Oulun Sarjakuvakeskus pyrkii v\u00e4hint\u00e4\u00e4n joka toinen vuosi\u00a0j\u00e4rjest\u00e4m\u00e4\u00e4n POP UP -Sarjakuvakeskuksen jossain Pohjois- tai Baltianmaassa. Vuonna 2014 Oulun Sarjakuvakeskus j\u00e4rjesti ensimm\u00e4isen POP UP -Sarjakuvakeskuksen <a href=\"http:\/\/www.oulucomics.com\/arctic\/popup\/tromssa2014\/\">Tromssassa<\/a>\u00a0(Norja), 2016 <a href=\"http:\/\/www.oulucomics.com\/arctic\/popup\/reykjavik2016\/\">Reykjav\u00edkissa<\/a>\u00a0(Islanti),\u00a0ja 2018 <a href=\"http:\/\/www.oulucomics.com\/fi\/arctic\/popup\/kizi2018\/\">Ki\u017ein saarella<\/a>\u00a0(Ven\u00e4j\u00e4). POP UP -Sarjakuvakeskusten tavoitteena on aktivoida paikallisia sarjakuvaharrastajia kokoontumaan ja tekem\u00e4\u00e4n yhteisty\u00f6ss\u00e4 suurempia sarjakuva-alan produktioita. POP UP -Sarjakuvakeskusten tavoitteena on my\u00f6s aktivoida sarjakuvan lukijoita ja tuoda sarjakuvaa laajemmin n\u00e4kyv\u00e4ksi.<\/p>\n<p><iframe loading=\"lazy\" src=\"https:\/\/www.youtube.com\/embed\/q4_gxECShSM\" width=\"560\" height=\"315\" frameborder=\"0\" allowfullscreen=\"allowfullscreen\"><\/iframe><\/p>\n","protected":false},"excerpt":{"rendered":"<p>Oulun Sarjakuvakeskus pyrkii v\u00e4hint\u00e4\u00e4n joka toinen vuosi\u00a0j\u00e4rjest\u00e4m\u00e4\u00e4n POP UP -Sarjakuvakeskuksen jossain Pohjois- tai Baltianmaassa. Vuonna 2014 Oulun Sarjakuvakeskus j\u00e4rjesti ensimm\u00e4isen POP UP -Sarjakuvakeskuksen <a href=\"http:\/\/www.oulucomics.com\/...\n<\/p>\n","protected":false},"author":1,"featured_media":0,"parent":14,"menu_order":0,"comment_status":"closed","ping_status":"closed","template":"","meta":{"footnotes":""},"categories":[],"tags":[],"class_list":["post-1192","page","type-page","status-publish","hentry"],"_links":{"self":[{"href":"https:\/\/www.oulucomics.com\/fi\/wp-json\/wp\/v2\/pages\/1192","targetHints":{"allow":["GET"]}}],"collection":[{"href":"https:\/\/www.oulucomics.com\/fi\/wp-json\/wp\/v2\/pages"}],"about":[{"href":"https:\/\/www.oulucomics.com\/fi\/wp-json\/wp\/v2\/types\/page"}],"author":[{"embeddable":true,"href":"https:\/\/www.oulucomics.com\/fi\/wp-json\/wp\/v2\/users\/1"}],"replies":[{"embeddable":true,"href":"https:\/\/www.oulucomics.com\/fi\/wp-json\/wp\/v2\/comments?post=1192"}],"version-history":[{"count":20,"href":"https:\/\/www.oulucomics.com\/fi\/wp-json\/wp\/v2\/pages\/1192\/revisions"}],"predecessor-version":[{"id":4758,"href":"https:\/\/www.oulucomics.com\/fi\/wp-json\/wp\/v2\/pages\/1192\/revisions\/4758"}],"up":[{"embeddable":true,"href":"https:\/\/www.oulucomics.com\/fi\/wp-json\/wp\/v2\/pages\/14"}],"wp:attachment":[{"href":"https:\/\/www.oulucomics.com\/fi\/wp-json\/wp\/v2\/media?parent=1192"}],"wp:term":[{"taxonomy":"category","embeddable":true,"href":"https:\/\/www.oulucomics.com\/fi\/wp-json\/wp\/v2\/categories?post=1192"},{"taxonomy":"post_tag","embeddable":true,"href":"https:\/\/www.oulucomics.com\/fi\/wp-json\/wp\/v2\/tags?post=1192"}],"curies":[{"name":"wp","href":"https:\/\/api.w.org\/{rel}","templated":true}]}}