{"id":110,"date":"2016-08-10T08:46:54","date_gmt":"2016-08-10T05:46:54","guid":{"rendered":"http:\/\/www.oulucomics.com\/?page_id=110"},"modified":"2025-11-05T15:20:26","modified_gmt":"2025-11-05T13:20:26","slug":"press","status":"publish","type":"page","link":"https:\/\/www.oulucomics.com\/fi\/keskus\/info\/press\/","title":{"rendered":"Press"},"content":{"rendered":"<p>Oulun Sarjakuvakeskuksen, Oulun Sarjakuvaseuran ja muiden yhdistykseen liittyvien&nbsp;asioiden yhteydess\u00e4 k\u00e4ytet\u00e4\u00e4n p\u00e4\u00e4s\u00e4\u00e4nt\u00f6isesti Oulun Sarjakuvakeskuksen logoa joko suomeksi tai englanniksi.<\/p>\n<h3>Ladattavat logot<\/h3>\n<p><strong>Oulun Sarjakuvakeskuksen logo<\/strong><br \/>\n<a href=\"https:\/\/www.oulucomics.com\/wp-content\/uploads\/2022\/08\/logo-osk-4-4.png\"><img loading=\"lazy\" class=\"alignleft wp-image-6779\" src=\"https:\/\/www.oulucomics.com\/wp-content\/uploads\/2022\/08\/logo-osk-4-4-300x180.png\" alt=\"\" width=\"150\" height=\"90\" srcset=\"https:\/\/www.oulucomics.com\/wp-content\/uploads\/2022\/08\/logo-osk-4-4-300x180.png 300w, https:\/\/www.oulucomics.com\/wp-content\/uploads\/2022\/08\/logo-osk-4-4-1024x615.png 1024w, https:\/\/www.oulucomics.com\/wp-content\/uploads\/2022\/08\/logo-osk-4-4-768x461.png 768w, https:\/\/www.oulucomics.com\/wp-content\/uploads\/2022\/08\/logo-osk-4-4-440x264.png 440w, https:\/\/www.oulucomics.com\/wp-content\/uploads\/2022\/08\/logo-osk-4-4-1440x864.png 1440w, https:\/\/www.oulucomics.com\/wp-content\/uploads\/2022\/08\/logo-osk-4-4.png 1476w\" sizes=\"(max-width: 150px) 100vw, 150px\" \/><\/a> <a href=\"https:\/\/www.oulucomics.com\/wp-content\/uploads\/2022\/08\/logo-osk-1-1.png\"><img loading=\"lazy\" class=\"alignnone wp-image-6777\" src=\"https:\/\/www.oulucomics.com\/wp-content\/uploads\/2022\/08\/logo-osk-1-1-300x180.png\" alt=\"\" width=\"150\" height=\"90\" srcset=\"https:\/\/www.oulucomics.com\/wp-content\/uploads\/2022\/08\/logo-osk-1-1-300x180.png 300w, https:\/\/www.oulucomics.com\/wp-content\/uploads\/2022\/08\/logo-osk-1-1-1024x615.png 1024w, https:\/\/www.oulucomics.com\/wp-content\/uploads\/2022\/08\/logo-osk-1-1-768x461.png 768w, https:\/\/www.oulucomics.com\/wp-content\/uploads\/2022\/08\/logo-osk-1-1-440x264.png 440w, https:\/\/www.oulucomics.com\/wp-content\/uploads\/2022\/08\/logo-osk-1-1-1440x864.png 1440w, https:\/\/www.oulucomics.com\/wp-content\/uploads\/2022\/08\/logo-osk-1-1.png 1476w\" sizes=\"(max-width: 150px) 100vw, 150px\" \/><\/a><\/p>\n<p><a href=\"https:\/\/www.oulucomics.com\/wp-content\/uploads\/2022\/08\/logo-osk-44.pdf\">V\u00e4rillinen PDF<\/a> &#8211;&nbsp;<a href=\"https:\/\/www.oulucomics.com\/wp-content\/uploads\/2022\/08\/logo-osk-11.pdf\">Mustavalkoinen PDF<\/a><a href=\"http:\/\/www.oulucomics.com\/keskus\/wp-content\/uploads\/2014\/01\/oulunsarjakuvakeskus_logo.pdf\"><br \/>\n<\/a><\/p>\n<p><strong>Oulu Comics Center logo<\/strong><br \/>\n<a href=\"https:\/\/www.oulucomics.com\/wp-content\/uploads\/2022\/08\/logo-occ-4-4.png\"><img loading=\"lazy\" class=\"alignleft wp-image-6775\" src=\"https:\/\/www.oulucomics.com\/wp-content\/uploads\/2022\/08\/logo-occ-4-4-300x180.png\" alt=\"\" width=\"150\" height=\"90\" srcset=\"https:\/\/www.oulucomics.com\/wp-content\/uploads\/2022\/08\/logo-occ-4-4-300x180.png 300w, https:\/\/www.oulucomics.com\/wp-content\/uploads\/2022\/08\/logo-occ-4-4-1024x615.png 1024w, https:\/\/www.oulucomics.com\/wp-content\/uploads\/2022\/08\/logo-occ-4-4-768x461.png 768w, https:\/\/www.oulucomics.com\/wp-content\/uploads\/2022\/08\/logo-occ-4-4-440x264.png 440w, https:\/\/www.oulucomics.com\/wp-content\/uploads\/2022\/08\/logo-occ-4-4-1440x864.png 1440w, https:\/\/www.oulucomics.com\/wp-content\/uploads\/2022\/08\/logo-occ-4-4.png 1476w\" sizes=\"(max-width: 150px) 100vw, 150px\" \/><\/a> <a href=\"https:\/\/www.oulucomics.com\/wp-content\/uploads\/2022\/08\/logo-occ-1-1.png\"><img loading=\"lazy\" class=\"wp-image-6773 alignnone\" src=\"https:\/\/www.oulucomics.com\/wp-content\/uploads\/2022\/08\/logo-occ-1-1-300x180.png\" alt=\"\" width=\"150\" height=\"90\" srcset=\"https:\/\/www.oulucomics.com\/wp-content\/uploads\/2022\/08\/logo-occ-1-1-300x180.png 300w, https:\/\/www.oulucomics.com\/wp-content\/uploads\/2022\/08\/logo-occ-1-1-1024x615.png 1024w, https:\/\/www.oulucomics.com\/wp-content\/uploads\/2022\/08\/logo-occ-1-1-768x461.png 768w, https:\/\/www.oulucomics.com\/wp-content\/uploads\/2022\/08\/logo-occ-1-1-440x264.png 440w, https:\/\/www.oulucomics.com\/wp-content\/uploads\/2022\/08\/logo-occ-1-1-1440x864.png 1440w, https:\/\/www.oulucomics.com\/wp-content\/uploads\/2022\/08\/logo-occ-1-1.png 1476w\" sizes=\"(max-width: 150px) 100vw, 150px\" \/><\/a><\/p>\n<p><a href=\"https:\/\/www.oulucomics.com\/wp-content\/uploads\/2022\/08\/logo-occ-44.pdf\">Color PDF<\/a> &#8211;&nbsp;<a href=\"https:\/\/www.oulucomics.com\/wp-content\/uploads\/2022\/08\/logo-occ-11.pdf\">Black and white PDF<\/a><\/p>\n<p><strong>Sarjaston logo<br \/>\n<\/strong><a href=\"http:\/\/www.oulucomics.com\/wp-content\/uploads\/2016\/08\/sarjasto_logo.pdf\">Lataa PDF<\/a><\/p>\n<p>Oulun sarjakuvaseuran logo &#8211;&nbsp;<a href=\"http:\/\/www.oulucomics.com\/wp-content\/uploads\/2016\/08\/oulunsarjakuvaseura_logo.pdf\">Lataa PDF<\/a><\/p>\n<h3>Oulun Sarjakuvafestivaali 2025<\/h3>\n<p>Oulun Sarjakuvafestivaali logo 2025 (JPG)<\/p>\n<p><img loading=\"lazy\" class=\"size-medium wp-image-7920 alignnone\" src=\"https:\/\/www.oulucomics.com\/wp-content\/uploads\/2025\/11\/2025OulunSarjakuvafestivaali_logo-300x240.jpeg\" alt=\"\" width=\"300\" height=\"240\" srcset=\"https:\/\/www.oulucomics.com\/wp-content\/uploads\/2025\/11\/2025OulunSarjakuvafestivaali_logo-300x240.jpeg 300w, https:\/\/www.oulucomics.com\/wp-content\/uploads\/2025\/11\/2025OulunSarjakuvafestivaali_logo-1024x819.jpeg 1024w, https:\/\/www.oulucomics.com\/wp-content\/uploads\/2025\/11\/2025OulunSarjakuvafestivaali_logo-768x614.jpeg 768w, https:\/\/www.oulucomics.com\/wp-content\/uploads\/2025\/11\/2025OulunSarjakuvafestivaali_logo-1536x1229.jpeg 1536w, https:\/\/www.oulucomics.com\/wp-content\/uploads\/2025\/11\/2025OulunSarjakuvafestivaali_logo-440x352.jpeg 440w, https:\/\/www.oulucomics.com\/wp-content\/uploads\/2025\/11\/2025OulunSarjakuvafestivaali_logo-1440x1152.jpeg 1440w, https:\/\/www.oulucomics.com\/wp-content\/uploads\/2025\/11\/2025OulunSarjakuvafestivaali_logo-1080x864.jpeg 1080w, https:\/\/www.oulucomics.com\/wp-content\/uploads\/2025\/11\/2025OulunSarjakuvafestivaali_logo.jpeg 2048w\" sizes=\"(max-width: 300px) 100vw, 300px\" \/><\/p>\n<p>Oulun Sarjakuvafestivaali kuvitus 2025 (JPG)<br \/>\n<em>Kuvittaja: Marko Raassina<\/em><\/p>\n<p><a href=\"https:\/\/www.oulucomics.com\/wp-content\/uploads\/2025\/11\/2025OulunSarjakuvafestivaali_juliste-scaled.jpg\"><img loading=\"lazy\" class=\"wp-image-7921 alignnone\" src=\"https:\/\/www.oulucomics.com\/wp-content\/uploads\/2025\/11\/2025OulunSarjakuvafestivaali_juliste-scaled.jpg\" alt=\"\" width=\"300\" height=\"595\" srcset=\"https:\/\/www.oulucomics.com\/wp-content\/uploads\/2025\/11\/2025OulunSarjakuvafestivaali_juliste-scaled.jpg 1290w, https:\/\/www.oulucomics.com\/wp-content\/uploads\/2025\/11\/2025OulunSarjakuvafestivaali_juliste-151x300.jpg 151w, https:\/\/www.oulucomics.com\/wp-content\/uploads\/2025\/11\/2025OulunSarjakuvafestivaali_juliste-516x1024.jpg 516w, https:\/\/www.oulucomics.com\/wp-content\/uploads\/2025\/11\/2025OulunSarjakuvafestivaali_juliste-768x1524.jpg 768w, https:\/\/www.oulucomics.com\/wp-content\/uploads\/2025\/11\/2025OulunSarjakuvafestivaali_juliste-774x1536.jpg 774w, https:\/\/www.oulucomics.com\/wp-content\/uploads\/2025\/11\/2025OulunSarjakuvafestivaali_juliste-1032x2048.jpg 1032w, https:\/\/www.oulucomics.com\/wp-content\/uploads\/2025\/11\/2025OulunSarjakuvafestivaali_juliste-440x873.jpg 440w, https:\/\/www.oulucomics.com\/wp-content\/uploads\/2025\/11\/2025OulunSarjakuvafestivaali_juliste-726x1440.jpg 726w, https:\/\/www.oulucomics.com\/wp-content\/uploads\/2025\/11\/2025OulunSarjakuvafestivaali_juliste-1080x2142.jpg 1080w\" sizes=\"(max-width: 300px) 100vw, 300px\" \/><\/a><\/p>\n<h3>20 Sarjakuvantekij\u00e4\u00e4 ja 26 Sarjakuvateosta<\/h3>\n<p>Kansi: <a href=\"https:\/\/www.oulucomics.com\/wp-content\/grand-media\/image\/2026-kansi.jpeg\">https:\/\/www.oulucomics.com\/wp-content\/grand-media\/image\/2026-kansi.jpeg<\/a><\/p>\n<h3>Oulun Sarjakuvakeskuksen toiminnanjohtaja Harri Filppa<img loading=\"lazy\" class=\"size-medium wp-image-4423 aligncenter\" src=\"http:\/\/www.oulucomics.com\/wp-content\/uploads\/2016\/08\/filppa200331-300x225.jpg\" alt=\"Oulun Sarjakuvakeskuksen toiminnanjohtaja Harri Filppa\" width=\"300\" height=\"225\" srcset=\"https:\/\/www.oulucomics.com\/wp-content\/uploads\/2016\/08\/filppa200331-300x225.jpg 300w, https:\/\/www.oulucomics.com\/wp-content\/uploads\/2016\/08\/filppa200331-768x577.jpg 768w, https:\/\/www.oulucomics.com\/wp-content\/uploads\/2016\/08\/filppa200331-1024x769.jpg 1024w, https:\/\/www.oulucomics.com\/wp-content\/uploads\/2016\/08\/filppa200331-1440x1082.jpg 1440w, https:\/\/www.oulucomics.com\/wp-content\/uploads\/2016\/08\/filppa200331-1050x789.jpg 1050w\" sizes=\"(max-width: 300px) 100vw, 300px\" \/><\/h3>\n<h3>L\u00e4ht\u00f6kohdat<\/h3>\n<p>Oulun Sarjakuvakeskuksen arvoihin kuuluvat visuaalisuus, tarinallisuus ja pohjoisuus. Keskus m\u00e4\u00e4rittelee itse\u00e4\u00e4n lauseella Capital of Northern&nbsp;Comics (Pohjoisen sarjakuvan p\u00e4\u00e4kaupunki). Oulun Sarjakuvakeskuksen toiminnan p\u00e4\u00e4s\u00e4\u00e4nt\u00f6inen suunta on kohti kaukaista pohjoista, kansainv\u00e4lisesti.&nbsp;Lis\u00e4ksi Oulun Sarjakuvakeskuksen br\u00e4ndi kertoo sitoutumisesta toimintaan ja sarjakuvatoiminnan kehitt\u00e4miseen maapallon pohjoisilla alueilla ja haluamme olla pohjoisen sarjakuvamaailman edell\u00e4k\u00e4vij\u00e4n.<\/p>\n<p>Oulun Sarjakuvakeskuksen hahmona seikkailee k\u00e4rpp\u00e4, joka on my\u00f6s Pohjois-Pohjanmaan maakuntanis\u00e4k\u00e4s.<\/p>\n<h3>Logon k\u00e4ytt\u00e4minen<\/h3>\n<p>Logon minimikoko on aina v\u00e4hint\u00e4\u00e4n 20 mm leve\u00e4.&nbsp;Logon suoja-alue, sen jokaiselle sivulle&nbsp;on v\u00e4hint\u00e4\u00e4n 25% logon leveydest\u00e4. Logo tulee s\u00e4ilytt\u00e4\u00e4 vaakasuuntaisena, eik\u00e4 sit\u00e4 saa k\u00e4\u00e4nt\u00e4\u00e4 tai pilkkoa.<\/p>\n<h2><\/h2>\n","protected":false},"excerpt":{"rendered":"<p>Oulun Sarjakuvakeskuksen, Oulun Sarjakuvaseuran ja muiden yhdistykseen liittyvien&nbsp;asioiden yhteydess\u00e4 k\u00e4ytet\u00e4\u00e4n p\u00e4\u00e4s\u00e4\u00e4nt\u00f6isesti Oulun Sarjakuvakeskuksen logoa joko suomeksi tai englanniksi.<\/p>\n<h3>Ladattavat logot<\/h3>\n<p><strong>Oulun Sarjakuvakeskuk&#8230;<\/p>\n","protected":false},"author":1,"featured_media":0,"parent":108,"menu_order":13,"comment_status":"closed","ping_status":"closed","template":"","meta":[],"categories":[],"tags":[],"_links":{"self":[{"href":"https:\/\/www.oulucomics.com\/fi\/wp-json\/wp\/v2\/pages\/110"}],"collection":[{"href":"https:\/\/www.oulucomics.com\/fi\/wp-json\/wp\/v2\/pages"}],"about":[{"href":"https:\/\/www.oulucomics.com\/fi\/wp-json\/wp\/v2\/types\/page"}],"author":[{"embeddable":true,"href":"https:\/\/www.oulucomics.com\/fi\/wp-json\/wp\/v2\/users\/1"}],"replies":[{"embeddable":true,"href":"https:\/\/www.oulucomics.com\/fi\/wp-json\/wp\/v2\/comments?post=110"}],"version-history":[{"count":44,"href":"https:\/\/www.oulucomics.com\/fi\/wp-json\/wp\/v2\/pages\/110\/revisions"}],"predecessor-version":[{"id":7923,"href":"https:\/\/www.oulucomics.com\/fi\/wp-json\/wp\/v2\/pages\/110\/revisions\/7923"}],"up":[{"embeddable":true,"href":"https:\/\/www.oulucomics.com\/fi\/wp-json\/wp\/v2\/pages\/108"}],"wp:attachment":[{"href":"https:\/\/www.oulucomics.com\/fi\/wp-json\/wp\/v2\/media?parent=110"}],"wp:term":[{"taxonomy":"category","embeddable":true,"href":"https:\/\/www.oulucomics.com\/fi\/wp-json\/wp\/v2\/categories?post=110"},{"taxonomy":"post_tag","embeddable":true,"href":"https:\/\/www.oulucomics.com\/fi\/wp-json\/wp\/v2\/tags?post=110"}],"curies":[{"name":"wp","href":"https:\/\/api.w.org\/{rel}","templated":true}]}}