{"id":100,"date":"2016-08-10T08:44:08","date_gmt":"2016-08-10T05:44:08","guid":{"rendered":"http:\/\/www.oulucomics.com\/?page_id=100"},"modified":"2017-03-29T14:34:14","modified_gmt":"2017-03-29T11:34:14","slug":"bingo","status":"publish","type":"page","link":"https:\/\/www.oulucomics.com\/fi\/more\/todo\/bingo\/","title":{"rendered":"Bingo-galleria"},"content":{"rendered":"<p>Bingo on vapaa kaupunkitila, jonka sis\u00e4lt\u00e4 l\u00f6ytyy taiteilijoiden ja muusikoiden ty\u00f6skentelytiloja sek\u00e4 galleria ja vapaa kulttuuriolohuone. Bingon tilaa yll\u00e4pit\u00e4\u00e4 Kulttuuriyhdistys Kulttuuribingo ry johon kuuluu noin 26 tilaa vuokraavaa j\u00e4sent\u00e4.<\/p>\n<p>Galleriassa\/kulttuuriolohuoneessa on avoin toimistotila, kulttuurikauppa sek\u00e4 olohuone, \u00a0jossa on sohvia sek\u00e4 lehti\u00e4 ja jossa ihmisill\u00e4 mahdollisuus keskustella ja vaihtaa ideoita. Samassa tilassa kuka tahansa voi my\u00f6s j\u00e4rjest\u00e4\u00e4 tapahtumia, ty\u00f6pajoja ja konsertteja my\u00f6s Bingon aukioloaikojen ulkopuolella. Monenlaista\u00a0toimintaa on siis paljon ja poikkeamme normaalista galleriasta aika roimasti.<\/p>\n<p><a href=\"https:\/\/kulttuuribingo.wordpress.com\/\">https:\/\/kulttuuribingo.wordpress.com\/<\/a><\/p>\n<p><iframe style=\"border: 0;\" src=\"https:\/\/www.google.com\/maps\/embed?pb=!1m18!1m12!1m3!1d1685.4655549015467!2d25.475169416529514!3d65.01116278399351!2m3!1f0!2f0!3f0!3m2!1i1024!2i768!4f13.1!3m3!1m2!1s0x468032ae8e3a12fd%3A0xeacc49391b24223e!2sKulttuuribingo!5e0!3m2!1sfi!2sfi!4v1484646950069\" width=\"400\" height=\"300\" frameborder=\"0\" allowfullscreen=\"allowfullscreen\"><\/iframe><\/p>\n<p><iframe src=\"https:\/\/www.youtube.com\/embed\/Vdcc-u5PxY4\" width=\"560\" height=\"315\" frameborder=\"0\" allowfullscreen=\"allowfullscreen\"><\/iframe><\/p>\n","protected":false},"excerpt":{"rendered":"<p>Bingo on vapaa kaupunkitila, jonka sis\u00e4lt\u00e4 l\u00f6ytyy taiteilijoiden ja muusikoiden ty\u00f6skentelytiloja sek\u00e4 galleria ja vapaa kulttuuriolohuone. Bingon tilaa yll\u00e4pit\u00e4\u00e4 Kulttuuriyhdistys Kulttuuribingo ry johon kuuluu noin 26 tilaa vuokraavaa j\u00e4sent\u00e4.<\/...\n<\/p>\n","protected":false},"author":1,"featured_media":0,"parent":98,"menu_order":3,"comment_status":"closed","ping_status":"closed","template":"","meta":[],"categories":[],"tags":[],"_links":{"self":[{"href":"https:\/\/www.oulucomics.com\/fi\/wp-json\/wp\/v2\/pages\/100"}],"collection":[{"href":"https:\/\/www.oulucomics.com\/fi\/wp-json\/wp\/v2\/pages"}],"about":[{"href":"https:\/\/www.oulucomics.com\/fi\/wp-json\/wp\/v2\/types\/page"}],"author":[{"embeddable":true,"href":"https:\/\/www.oulucomics.com\/fi\/wp-json\/wp\/v2\/users\/1"}],"replies":[{"embeddable":true,"href":"https:\/\/www.oulucomics.com\/fi\/wp-json\/wp\/v2\/comments?post=100"}],"version-history":[{"count":14,"href":"https:\/\/www.oulucomics.com\/fi\/wp-json\/wp\/v2\/pages\/100\/revisions"}],"predecessor-version":[{"id":2058,"href":"https:\/\/www.oulucomics.com\/fi\/wp-json\/wp\/v2\/pages\/100\/revisions\/2058"}],"up":[{"embeddable":true,"href":"https:\/\/www.oulucomics.com\/fi\/wp-json\/wp\/v2\/pages\/98"}],"wp:attachment":[{"href":"https:\/\/www.oulucomics.com\/fi\/wp-json\/wp\/v2\/media?parent=100"}],"wp:term":[{"taxonomy":"category","embeddable":true,"href":"https:\/\/www.oulucomics.com\/fi\/wp-json\/wp\/v2\/categories?post=100"},{"taxonomy":"post_tag","embeddable":true,"href":"https:\/\/www.oulucomics.com\/fi\/wp-json\/wp\/v2\/tags?post=100"}],"curies":[{"name":"wp","href":"https:\/\/api.w.org\/{rel}","templated":true}]}}