{"id":7694,"date":"2025-03-13T16:47:05","date_gmt":"2025-03-13T14:47:05","guid":{"rendered":"https:\/\/www.oulucomics.com\/?page_id=7694"},"modified":"2025-03-13T17:13:57","modified_gmt":"2025-03-13T15:13:57","slug":"sarjakuvatapaamiset","status":"publish","type":"page","link":"https:\/\/www.oulucomics.com\/en_US\/tapahtumat-2\/sarjakuvatapaamiset\/","title":{"rendered":"Drink'N'Draw"},"content":{"rendered":"\n<div class=\"wp-block-image\"><figure class=\"alignright size-large is-resized\"><img loading=\"lazy\" src=\"https:\/\/www.oulucomics.com\/wp-content\/uploads\/2025\/03\/drinkndraw_oulu.jpeg\" alt=\"\" class=\"wp-image-7698\" width=\"170\" height=\"170\" srcset=\"https:\/\/www.oulucomics.com\/wp-content\/uploads\/2025\/03\/drinkndraw_oulu.jpeg 600w, https:\/\/www.oulucomics.com\/wp-content\/uploads\/2025\/03\/drinkndraw_oulu-300x300.jpeg 300w, https:\/\/www.oulucomics.com\/wp-content\/uploads\/2025\/03\/drinkndraw_oulu-150x150.jpeg 150w, https:\/\/www.oulucomics.com\/wp-content\/uploads\/2025\/03\/drinkndraw_oulu-250x250.jpeg 250w, https:\/\/www.oulucomics.com\/wp-content\/uploads\/2025\/03\/drinkndraw_oulu-92x92.jpeg 92w, https:\/\/www.oulucomics.com\/wp-content\/uploads\/2025\/03\/drinkndraw_oulu-440x440.jpeg 440w\" sizes=\"(max-width: 170px) 100vw, 170px\" \/><\/figure><\/div>\n\n\n\n<p>Oulu&#8217;s Drink&#8217;N&#8217;Draw gatherings are held primarily on the first Thursday of each month at Snooker Time (Asemakatu 28, Oulu), starting at 7:00 PM. Please note that there may be exceptions: for example, in May due to May Day celebrations, and in November, the meeting is usually held on the Friday of the Oulu Comics Festival week, starting at 8:00 PM, replacing the regular Thursday event.<\/p>\n\n\n\n<p>At these meetings, comic enthusiasts and friends of the art form come together for a relaxed and informal evening, sharing stories that span everything between this world and the universe beyond. The night unfolds in a joyful Drink&#8217;N&#8217;Draw spirit.<\/p>\n\n\n\n<p>Everyone is welcome and feel free to bring your friends along!<br \/>Please note: the event is for ages 18 and over.<\/p>\n\n\n\n\t\t\t\t<div class=\"event-list\">\n\t\t\t\t<ul class=\"event-list-view\">\n\t\t\t \t<li class=\"event seura\">\n\t\t\t\t\t<div class=\"event-date\"><div class=\"start-date\"><div class=\"event-weekday\">Thu<\/div><div class=\"event-day\">07<\/div><div class=\"event-month\">May<\/div><div class=\"event-year\">2026<\/div><\/div><\/div>\n\t\t\t\t\t<div class=\"event-info single-day\"><div class=\"event-title\"><h3>Oulun Sarjakuvatapaaminen<\/h3><\/div><span class=\"event-time\">19.00 -<\/span><span class=\"event-location\">Snooker Time, Asemakatu 28, Oulu<\/span><div class=\"event-details\"><p><img class=\"alignright wp-image-7698\" src=\"https:\/\/www.oulucomics.com\/wp-content\/uploads\/2025\/03\/drinkndraw_oulu-150x150.jpeg\" alt=\"\" width=\"100\" height=\"100\" \/>Oulun sarjakuvatapaamiset j\u00e4rjestet\u00e4\u00e4n kuun ensimm\u00e4isen\u00e4 torstaina. Sarjakuvan yst\u00e4v\u00e4t kohtaavat toisensa vapaamuotoisessa ja leppoisassa kokoontumisessa tarinoiden kaikesta maailman ja maailmankaikkeuden v\u00e4lilt\u00e4. Tervetuloa! Ja kutsukaa mukaan tututkin. K18<\/p>\n<p>Valitettavasti tapahtumapaikka ei ole esteet\u00f6n. Paikassa on portaita, eik\u00e4 hissi\u00e4 ole saatavilla.<\/p>\n<\/div><\/div>\n\t\t\t\t<\/li>\n\t\t\t \t<li class=\"event seura\">\n\t\t\t\t\t<div class=\"event-date\"><div class=\"start-date\"><div class=\"event-weekday\">Thu<\/div><div class=\"event-day\">04<\/div><div class=\"event-month\">Jun<\/div><div class=\"event-year\">2026<\/div><\/div><\/div>\n\t\t\t\t\t<div class=\"event-info single-day\"><div class=\"event-title\"><h3>Oulun Sarjakuvatapaaminen<\/h3><\/div><span class=\"event-time\">19.00 -<\/span><span class=\"event-location\">Snooker Time, Asemakatu 28, Oulu<\/span><div class=\"event-details\"><p><img class=\"alignright wp-image-7698\" src=\"https:\/\/www.oulucomics.com\/wp-content\/uploads\/2025\/03\/drinkndraw_oulu-150x150.jpeg\" alt=\"\" width=\"100\" height=\"100\" \/>Oulun sarjakuvatapaamiset j\u00e4rjestet\u00e4\u00e4n kuun ensimm\u00e4isen\u00e4 torstaina. Sarjakuvan yst\u00e4v\u00e4t kohtaavat toisensa vapaamuotoisessa ja leppoisassa kokoontumisessa tarinoiden kaikesta maailman ja maailmankaikkeuden v\u00e4lilt\u00e4. Tervetuloa! Ja kutsukaa mukaan tututkin. K18<\/p>\n<p>Valitettavasti tapahtumapaikka ei ole esteet\u00f6n. Paikassa on portaita, eik\u00e4 hissi\u00e4 ole saatavilla.<\/p>\n<\/div><\/div>\n\t\t\t\t<\/li>\n\t\t\t \t<li class=\"event seura\">\n\t\t\t\t\t<div class=\"event-date\"><div class=\"start-date\"><div class=\"event-weekday\">Thu<\/div><div class=\"event-day\">02<\/div><div class=\"event-month\">Jul<\/div><div class=\"event-year\">2026<\/div><\/div><\/div>\n\t\t\t\t\t<div class=\"event-info single-day\"><div class=\"event-title\"><h3>Oulun Sarjakuvatapaaminen<\/h3><\/div><span class=\"event-time\">19.00 -<\/span><span class=\"event-location\">Snooker Time, Asemakatu 28, Oulu<\/span><div class=\"event-details\"><p><img class=\"alignright wp-image-7698\" src=\"https:\/\/www.oulucomics.com\/wp-content\/uploads\/2025\/03\/drinkndraw_oulu-150x150.jpeg\" alt=\"\" width=\"100\" height=\"100\" \/>Oulun sarjakuvatapaamiset j\u00e4rjestet\u00e4\u00e4n kuun ensimm\u00e4isen\u00e4 torstaina. Sarjakuvan yst\u00e4v\u00e4t kohtaavat toisensa vapaamuotoisessa ja leppoisassa kokoontumisessa tarinoiden kaikesta maailman ja maailmankaikkeuden v\u00e4lilt\u00e4. Tervetuloa! Ja kutsukaa mukaan tututkin. K18<\/p>\n<p>Valitettavasti tapahtumapaikka ei ole esteet\u00f6n. Paikassa on portaita, eik\u00e4 hissi\u00e4 ole saatavilla.<\/p>\n<\/div><\/div>\n\t\t\t\t<\/li>\n\t\t\t \t<li class=\"event seura\">\n\t\t\t\t\t<div class=\"event-date\"><div class=\"start-date\"><div class=\"event-weekday\">Thu<\/div><div class=\"event-day\">06<\/div><div class=\"event-month\">Aug<\/div><div class=\"event-year\">2026<\/div><\/div><\/div>\n\t\t\t\t\t<div class=\"event-info single-day\"><div class=\"event-title\"><h3>Oulun Sarjakuvatapaaminen<\/h3><\/div><span class=\"event-time\">19.00 -<\/span><span class=\"event-location\">Snooker Time, Asemakatu 28, Oulu<\/span><div class=\"event-details\"><p><img class=\"alignright wp-image-7698\" src=\"https:\/\/www.oulucomics.com\/wp-content\/uploads\/2025\/03\/drinkndraw_oulu-150x150.jpeg\" alt=\"\" width=\"100\" height=\"100\" \/>Oulun sarjakuvatapaamiset j\u00e4rjestet\u00e4\u00e4n kuun ensimm\u00e4isen\u00e4 torstaina. Sarjakuvan yst\u00e4v\u00e4t kohtaavat toisensa vapaamuotoisessa ja leppoisassa kokoontumisessa tarinoiden kaikesta maailman ja maailmankaikkeuden v\u00e4lilt\u00e4. Tervetuloa! Ja kutsukaa mukaan tututkin. K18<\/p>\n<p>Valitettavasti tapahtumapaikka ei ole esteet\u00f6n. Paikassa on portaita, eik\u00e4 hissi\u00e4 ole saatavilla.<\/p>\n<\/div><\/div>\n\t\t\t\t<\/li>\n\t\t\t \t<li class=\"event seura\">\n\t\t\t\t\t<div class=\"event-date\"><div class=\"start-date\"><div class=\"event-weekday\">Thu<\/div><div class=\"event-day\">03<\/div><div class=\"event-month\">Sep<\/div><div class=\"event-year\">2026<\/div><\/div><\/div>\n\t\t\t\t\t<div class=\"event-info single-day\"><div class=\"event-title\"><h3>Oulun Sarjakuvatapaaminen<\/h3><\/div><span class=\"event-time\">19.00 -<\/span><span class=\"event-location\">Snooker Time, Asemakatu 28, Oulu<\/span><div class=\"event-details\"><p><img class=\"alignright wp-image-7698\" src=\"https:\/\/www.oulucomics.com\/wp-content\/uploads\/2025\/03\/drinkndraw_oulu-150x150.jpeg\" alt=\"\" width=\"100\" height=\"100\" \/>Oulun sarjakuvatapaamiset j\u00e4rjestet\u00e4\u00e4n kuun ensimm\u00e4isen\u00e4 torstaina. Sarjakuvan yst\u00e4v\u00e4t kohtaavat toisensa vapaamuotoisessa ja leppoisassa kokoontumisessa tarinoiden kaikesta maailman ja maailmankaikkeuden v\u00e4lilt\u00e4. Tervetuloa! Ja kutsukaa mukaan tututkin. K18<\/p>\n<p>Valitettavasti tapahtumapaikka ei ole esteet\u00f6n. Paikassa on portaita, eik\u00e4 hissi\u00e4 ole saatavilla.<\/p>\n<\/div><\/div>\n\t\t\t\t<\/li>\n\t\t\t \t<li class=\"event seura\">\n\t\t\t\t\t<div class=\"event-date\"><div class=\"start-date\"><div class=\"event-weekday\">Thu<\/div><div class=\"event-day\">01<\/div><div class=\"event-month\">Oct<\/div><div class=\"event-year\">2026<\/div><\/div><\/div>\n\t\t\t\t\t<div class=\"event-info single-day\"><div class=\"event-title\"><h3>Oulun Sarjakuvatapaaminen<\/h3><\/div><span class=\"event-time\">19.00 -<\/span><span class=\"event-location\">Snooker Time, Asemakatu 28, Oulu<\/span><div class=\"event-details\"><p><img class=\"alignright wp-image-7698\" src=\"https:\/\/www.oulucomics.com\/wp-content\/uploads\/2025\/03\/drinkndraw_oulu-150x150.jpeg\" alt=\"\" width=\"100\" height=\"100\" \/>Oulun sarjakuvatapaamiset j\u00e4rjestet\u00e4\u00e4n kuun ensimm\u00e4isen\u00e4 torstaina. Sarjakuvan yst\u00e4v\u00e4t kohtaavat toisensa vapaamuotoisessa ja leppoisassa kokoontumisessa tarinoiden kaikesta maailman ja maailmankaikkeuden v\u00e4lilt\u00e4. Tervetuloa! Ja kutsukaa mukaan tututkin. K18<\/p>\n<p>Valitettavasti tapahtumapaikka ei ole esteet\u00f6n. Paikassa on portaita, eik\u00e4 hissi\u00e4 ole saatavilla.<\/p>\n<\/div><\/div>\n\t\t\t\t<\/li>\n\t\t\t \t<li class=\"event seura\">\n\t\t\t\t\t<div class=\"event-date\"><div class=\"start-date\"><div class=\"event-weekday\">Thu<\/div><div class=\"event-day\">05<\/div><div class=\"event-month\">Nov<\/div><div class=\"event-year\">2026<\/div><\/div><\/div>\n\t\t\t\t\t<div class=\"event-info single-day\"><div class=\"event-title\"><h3>Oulun Sarjakuvatapaaminen<\/h3><\/div><span class=\"event-time\">19.00 -<\/span><span class=\"event-location\">Snooker Time, Asemakatu 28, Oulu<\/span><div class=\"event-details\"><p><img class=\"alignright wp-image-7698\" src=\"https:\/\/www.oulucomics.com\/wp-content\/uploads\/2025\/03\/drinkndraw_oulu-150x150.jpeg\" alt=\"\" width=\"100\" height=\"100\" \/>Oulun sarjakuvatapaamiset j\u00e4rjestet\u00e4\u00e4n kuun ensimm\u00e4isen\u00e4 torstaina. Sarjakuvan yst\u00e4v\u00e4t kohtaavat toisensa vapaamuotoisessa ja leppoisassa kokoontumisessa tarinoiden kaikesta maailman ja maailmankaikkeuden v\u00e4lilt\u00e4. Tervetuloa! Ja kutsukaa mukaan tututkin. K18<\/p>\n<p>Valitettavasti tapahtumapaikka ei ole esteet\u00f6n. Paikassa on portaita, eik\u00e4 hissi\u00e4 ole saatavilla.<\/p>\n<\/div><\/div>\n\t\t\t\t<\/li>\n\t\t\t \t<li class=\"event seura\">\n\t\t\t\t\t<div class=\"event-date\"><div class=\"start-date\"><div class=\"event-weekday\">Thu<\/div><div class=\"event-day\">03<\/div><div class=\"event-month\">Dec<\/div><div class=\"event-year\">2026<\/div><\/div><\/div>\n\t\t\t\t\t<div class=\"event-info single-day\"><div class=\"event-title\"><h3>Oulun Sarjakuvatapaaminen<\/h3><\/div><span class=\"event-time\">19.00 -<\/span><span class=\"event-location\">Snooker Time, Asemakatu 28, Oulu<\/span><div class=\"event-details\"><p><img class=\"alignright wp-image-7698\" src=\"https:\/\/www.oulucomics.com\/wp-content\/uploads\/2025\/03\/drinkndraw_oulu-150x150.jpeg\" alt=\"\" width=\"100\" height=\"100\" \/>Oulun sarjakuvatapaamiset j\u00e4rjestet\u00e4\u00e4n kuun ensimm\u00e4isen\u00e4 torstaina. Sarjakuvan yst\u00e4v\u00e4t kohtaavat toisensa vapaamuotoisessa ja leppoisassa kokoontumisessa tarinoiden kaikesta maailman ja maailmankaikkeuden v\u00e4lilt\u00e4. Tervetuloa! Ja kutsukaa mukaan tututkin. K18<\/p>\n<p>Valitettavasti tapahtumapaikka ei ole esteet\u00f6n. Paikassa on portaita, eik\u00e4 hissi\u00e4 ole saatavilla.<\/p>\n<\/div><\/div>\n\t\t\t\t<\/li><\/ul>\n\t\t\t\t<\/div>\n","protected":false},"excerpt":{"rendered":"<p><!-- wp:image {\"align\":\"right\",\"id\":7698,\"width\":170,\"height\":170,\"sizeSlug\":\"large\"} --><\/p>\n<div class=\"wp-block-image\">\n<figure class=\"alignright size-large is-resized\"><img src=\"https:\/\/www.oulucomics.com\/wp-content\/uploads\/2025\/03\/drinkndraw_oulu.jpe...\n<\/p>\n","protected":false},"author":1,"featured_media":0,"parent":2559,"menu_order":0,"comment_status":"closed","ping_status":"closed","template":"","meta":[],"categories":[],"tags":[],"_links":{"self":[{"href":"https:\/\/www.oulucomics.com\/en_US\/wp-json\/wp\/v2\/pages\/7694"}],"collection":[{"href":"https:\/\/www.oulucomics.com\/en_US\/wp-json\/wp\/v2\/pages"}],"about":[{"href":"https:\/\/www.oulucomics.com\/en_US\/wp-json\/wp\/v2\/types\/page"}],"author":[{"embeddable":true,"href":"https:\/\/www.oulucomics.com\/en_US\/wp-json\/wp\/v2\/users\/1"}],"replies":[{"embeddable":true,"href":"https:\/\/www.oulucomics.com\/en_US\/wp-json\/wp\/v2\/comments?post=7694"}],"version-history":[{"count":3,"href":"https:\/\/www.oulucomics.com\/en_US\/wp-json\/wp\/v2\/pages\/7694\/revisions"}],"predecessor-version":[{"id":7701,"href":"https:\/\/www.oulucomics.com\/en_US\/wp-json\/wp\/v2\/pages\/7694\/revisions\/7701"}],"up":[{"embeddable":true,"href":"https:\/\/www.oulucomics.com\/en_US\/wp-json\/wp\/v2\/pages\/2559"}],"wp:attachment":[{"href":"https:\/\/www.oulucomics.com\/en_US\/wp-json\/wp\/v2\/media?parent=7694"}],"wp:term":[{"taxonomy":"category","embeddable":true,"href":"https:\/\/www.oulucomics.com\/en_US\/wp-json\/wp\/v2\/categories?post=7694"},{"taxonomy":"post_tag","embeddable":true,"href":"https:\/\/www.oulucomics.com\/en_US\/wp-json\/wp\/v2\/tags?post=7694"}],"curies":[{"name":"wp","href":"https:\/\/api.w.org\/{rel}","templated":true}]}}