{"id":7420,"date":"2025-02-27T12:28:05","date_gmt":"2025-02-27T10:28:05","guid":{"rendered":"https:\/\/www.oulucomics.com\/?page_id=7420"},"modified":"2025-09-19T12:14:13","modified_gmt":"2025-09-19T09:14:13","slug":"sarjakuvakeidas2025","status":"publish","type":"page","link":"https:\/\/www.oulucomics.com\/en_US\/fest\/sarjakuvakeidas2025\/","title":{"rendered":"Comics Oasis 2025"},"content":{"rendered":"\n<p>On Saturday November 15th the Comics Oasis is open between 11am and 18pm at Oulu Cultural Centre Valve (Hallituskatu 7, Oulu).<\/p>\n\n\n\n<p>Oasis gives amazing opportunity to find all kinds of comic books from mainstream to alternative. There are also prints and other goodies on sale by different authors, companies and communities.<\/p>\n\n\n\n<p>Reserve your spot at the Comics Oasis by sending a message to harri(at)oulucomics.com.<\/p>\n\n\n\n\t\t\t\t<div class=\"event-list\">\n\t\t\t\t<ul class=\"event-list-view\">\n\t\t\t \t<li class=\"event festivaali fest-en fsat signing\">\n\t\t\t\t\t<div class=\"event-date\"><div class=\"start-date\"><div class=\"event-weekday\">Sat<\/div><div class=\"event-day\">15<\/div><div class=\"event-month\">Nov<\/div><div class=\"event-year\">2025<\/div><\/div><\/div>\n\t\t\t\t\t<div class=\"event-info single-day\"><div class=\"event-title\"><h3>Sarjakuvakeidas | Comics Oasis<\/h3><\/div><span class=\"event-time\">11:00 - 18:00<\/span><span class=\"event-location\">Kulttuuritalo Valve | Cultural Centre Valve, Hallituskatu 7, Oulu<\/span><div class=\"event-details\"><p><span style=\"font-weight: 400;\"><img class=\"alignright size-full wp-image-7899\" src=\"https:\/\/www.oulucomics.com\/wp-content\/uploads\/2025\/09\/Sarjakuvakeidas.jpg\" alt=\"\" width=\"1200\" height=\"797\" \/><\/span><\/p>\n<p><span style=\"font-weight: 400;\">Sarjakuvakeidas tarjoaa vierailijoille mahdollisuuden tehd\u00e4 sarjakuval\u00f6yt\u00f6j\u00e4. Keitaalla on myynniss\u00e4 sarjakuvakirjoja, tulosteita, oheis<\/span><span style=\"font-weight: 400;\">tuotteita ja muuta materiaalia lukuisilla p\u00f6ydill\u00e4, joiden takaa l\u00f6ytyy itsen\u00e4isi\u00e4 tekij\u00f6it\u00e4, yrityksi\u00e4 ja yhteis\u00f6j\u00e4. Tapahtuma-alueen kartan ja k\u00e4siohjelman l\u00f6yd\u00e4t festivaalialueelta.<\/span><\/p>\n<p><span style=\"font-weight: 400; color: #0000ff;\"><a href=\"http:\/\/www.oulucomics.com\/wp-content\/uploads\/2017\/10\/en.jpg\"><img class=\"size-full wp-image-2955 alignleft\" src=\"http:\/\/www.oulucomics.com\/wp-content\/uploads\/2017\/10\/en.jpg\" alt=\"\" width=\"23\" height=\"20\" \/><\/a><\/span><span style=\"font-weight: 400; color: #0000ff;\">Comics Oasis offers its visitors a possibility to discover new comics and make bargains. There will be comic books, art prints, apparel, and other stuff on sale at the oasis, sold by independent authors, companies, and communities. The festival map is available at the event area.<\/span><\/p>\n<p><strong>Turun Sarjakuvakauppa<\/strong> M1<br \/>\n<strong>Zum Teufel<\/strong> M1<br \/>\n<strong>Kissanviikset<\/strong> M1<br \/>\n<strong>Asema kustannus<\/strong> M1<\/p>\n<p><strong>Suuri Kurpitsa<\/strong> C1<strong><br \/>\nKumiorava<\/strong> C2<br \/>\n<strong>Jii Roikonen<\/strong> C3<br \/>\n<strong>Antikvaarinen kirjakauppa - Ajaton aika<\/strong> C4<br \/>\n<strong>Antikvariaatti Kuru Koru<\/strong> C4<\/p>\n<p><strong>FEMSKT Feministinen sarjakuvatoiminta<\/strong> R1<br \/>\n<strong>Musta Ritari, Kevyt Metalli &amp; Revontuli Kustannus<\/strong> R2<br \/>\n<strong>Ilpo Koskela<\/strong> R3<br \/>\n<strong>QuetzalCoatl Productions<\/strong> R4<br \/>\n<strong>Jyrki Nissinen<\/strong> R5<br \/>\n<strong>Kivi Larmola<\/strong> R6<br \/>\n<strong>Jouko Nuora<\/strong> R7<br \/>\n<strong>Kutikuti<\/strong> R8<br \/>\n<strong>Pokuto - Pohjoinen Kustannustoiminta<\/strong> R9<br \/>\n<strong>Niina Salmelin<\/strong> R10<br \/>\n<strong>Kelmer &amp; Miroma<\/strong> R11<br \/>\n<strong>Pohjoinen valokuvakeskus<\/strong> R12<\/p>\n<p><strong>Tuuli Humina<\/strong> V1<br \/>\n<strong>Ainur Elmgren &amp; Laura Timonen<\/strong> V2<br \/>\n<strong>Kummacon<\/strong> V3<br \/>\n<strong>Betoniaaveet<\/strong> V4<br \/>\n<strong>Limingan taidekoulu<\/strong> V5<br \/>\n<strong>Veli-Matti Ural<\/strong> V6<\/p>\n<p><strong>Kaltsu Kallio<\/strong> K1<br \/>\n<strong>Reetta Kallio<\/strong> K2<br \/>\n<strong>Jere Poikela<\/strong> K3<br \/>\n<strong>Piiru<\/strong> K4<br \/>\n<strong>V\u00e4kiv\u00e4\u00e4r\u00e4<\/strong> K5<br \/>\n<strong>Sara Ahola<\/strong> K6<br \/>\n<strong>Sarjisyst\u00e4v\u00e4t-kollektiivi<\/strong> K7<br \/>\n<strong>Ummet &amp; Lammet kollektiivi<\/strong> K8<br \/>\n<strong>Rovaniemen sarjakuvaseura<\/strong> K9<br \/>\n<strong>Runoi Games<\/strong> K10<br \/>\n<strong>Nam-Ke<\/strong> K11<br \/>\n<strong>Jupe Parkkonen<\/strong> K12<br \/>\n<strong>Pinja Meretoja &amp; Jenni Varila<\/strong> K13<\/p>\n<\/div><\/div>\n\t\t\t\t<\/li>\n\t\t\t \t<li class=\"event festivaali fest-en fsat center signing\">\n\t\t\t\t\t<div class=\"event-date\"><div class=\"start-date\"><div class=\"event-weekday\">Sat<\/div><div class=\"event-day\">15<\/div><div class=\"event-month\">Nov<\/div><div class=\"event-year\">2025<\/div><\/div><\/div>\n\t\t\t\t\t<div class=\"event-info single-day\"><div class=\"event-title\"><h3>Signeeraukset | Signings<\/h3><\/div><span class=\"event-time\">11:30 - 18:00<\/span><span class=\"event-location\">Kulttuuritalo Valve | Cultural Centre Valve, Hallituskatu 7, Oulu<\/span><div class=\"event-details\"><p class=\"p1\"><img class=\"alignright size-medium wp-image-7352\" src=\"https:\/\/www.oulucomics.com\/wp-content\/uploads\/2024\/09\/signeeraukset_oulunsarjakuvafestivaali-300x182.jpeg\" alt=\"\" width=\"300\" height=\"182\" \/><strong>Turun Sarjakuvakauppa |<span style=\"color: #0000ff;\"> Turku Comics Store<\/span><\/strong><\/p>\n<p class=\"p1\">11.30 <strong>Wallu Vaalio<\/strong><br \/>\n11.30 <strong>Timo Kokkila<\/strong><br \/>\n12.30 <strong>Jaana Suorsa<\/strong><br \/>\n13.15 <strong>Jari Terho<\/strong><br \/>\n<del>13.15 <strong>Niko-Petteri Niva<\/strong><\/del><br \/>\n14.00 <strong>Aapo Kukko<\/strong><br \/>\n14.30 <strong>Hanna Kukko<\/strong><br \/>\n15.00 <strong>Emi Gennis<\/strong><br \/>\n15.00 <strong>Lauri Ahtinen<\/strong><br \/>\n15.30 <strong>Pertti Jarla<\/strong><br \/>\n16.00 <strong>Ville Ranta<\/strong><br \/>\n16.30 <strong>Riika Ruottinen<\/strong><br \/>\n16.30 <strong>Taneli Kemppi<\/strong><br \/>\n17.00 <strong>Heikki Paakkanen<\/strong><br \/>\n17.30 <strong>Wallu Vaalio<\/strong><\/p>\n<p><strong>Sarjakuvakeidas | <span style=\"color: #0000ff;\">Comics Oasis<\/span><\/strong><\/p>\n<p>12.00 <strong>Hanna Kukko &amp; Martti Elsil\u00e4<\/strong> (Suuri Kurpitsa)<br \/>\n12.00 <strong>Jupu Kallio<\/strong> (Kaltsu Kallio)<br \/>\n13.00 <strong>Emilia Laatikainen<\/strong> (Suuri Kurpitsa)<br \/>\n13.30 <strong>Pentti Otsamo &amp; Anja Rissanen<\/strong> (Suuri Kurpitsa)<br \/>\n14.00 <strong>Joakim Juvel\u00e9n<\/strong> (Pokuto)<br \/>\n14.30 <strong>Marko Raassina <\/strong>(Kumiorava)<br \/>\n16.00 <strong>Sami Nyyss\u00f6l\u00e4<\/strong> (Pokuto)<br \/>\n16.00 <strong>Joakim Pirinen<\/strong> (Suuri Kurpitsa)<br \/>\n17.00 <strong>Jens K Styve <\/strong>(Kumiorava)<\/p>\n<p><em>Kaikkien n\u00e4ytteilleasettajien p\u00f6ydilt\u00e4 voi my\u00f6s kysy\u00e4 omistuskirjoituksen mahdollisuutta.<\/em><\/p>\n<\/div><\/div>\n\t\t\t\t<\/li><\/ul>\n\t\t\t\t<\/div>\n","protected":false},"excerpt":{"rendered":"<p><!-- wp:paragraph --><\/p>\n<p>On Saturday November 15th the Comics Oasis is open between 11am and 18pm at Oulu Cultural Centre Valve (Hallituskatu 7, Oulu).<\/p>\n<p><!-- \/wp:paragraph --><\/p>\n<p><!-- wp:paragraph --><\/p>\n<p>Oasis gives amazing opportunity to find all k&#8230;<\/p>\n","protected":false},"author":1,"featured_media":0,"parent":12,"menu_order":0,"comment_status":"closed","ping_status":"closed","template":"","meta":[],"categories":[],"tags":[],"_links":{"self":[{"href":"https:\/\/www.oulucomics.com\/en_US\/wp-json\/wp\/v2\/pages\/7420"}],"collection":[{"href":"https:\/\/www.oulucomics.com\/en_US\/wp-json\/wp\/v2\/pages"}],"about":[{"href":"https:\/\/www.oulucomics.com\/en_US\/wp-json\/wp\/v2\/types\/page"}],"author":[{"embeddable":true,"href":"https:\/\/www.oulucomics.com\/en_US\/wp-json\/wp\/v2\/users\/1"}],"replies":[{"embeddable":true,"href":"https:\/\/www.oulucomics.com\/en_US\/wp-json\/wp\/v2\/comments?post=7420"}],"version-history":[{"count":8,"href":"https:\/\/www.oulucomics.com\/en_US\/wp-json\/wp\/v2\/pages\/7420\/revisions"}],"predecessor-version":[{"id":7891,"href":"https:\/\/www.oulucomics.com\/en_US\/wp-json\/wp\/v2\/pages\/7420\/revisions\/7891"}],"up":[{"embeddable":true,"href":"https:\/\/www.oulucomics.com\/en_US\/wp-json\/wp\/v2\/pages\/12"}],"wp:attachment":[{"href":"https:\/\/www.oulucomics.com\/en_US\/wp-json\/wp\/v2\/media?parent=7420"}],"wp:term":[{"taxonomy":"category","embeddable":true,"href":"https:\/\/www.oulucomics.com\/en_US\/wp-json\/wp\/v2\/categories?post=7420"},{"taxonomy":"post_tag","embeddable":true,"href":"https:\/\/www.oulucomics.com\/en_US\/wp-json\/wp\/v2\/tags?post=7420"}],"curies":[{"name":"wp","href":"https:\/\/api.w.org\/{rel}","templated":true}]}}