{"id":7180,"date":"2024-01-25T17:01:49","date_gmt":"2024-01-25T15:01:49","guid":{"rendered":"https:\/\/www.oulucomics.com\/?page_id=7180"},"modified":"2024-01-25T17:25:32","modified_gmt":"2024-01-25T15:25:32","slug":"kuplivahaaste","status":"publish","type":"page","link":"https:\/\/www.oulucomics.com\/en_US\/keskus\/opetus\/kuplivahaaste\/","title":{"rendered":"Kupliva Haaste"},"content":{"rendered":"\n<p>Kupliva Haaste johdattelee teid\u00e4t sarjakuvan maailmaan studiossa paikalla olevan nuorison ja sarjakuvataiteilija <strong>Veli-Matti Uralin<\/strong> seurassa. <\/p>\n\n\n\n<h3>Kupliva Haaste &#8211; Sarjakuvakerronta ja huumorisarjakuva<\/h3>\n\n\n\n<p>T\u00e4ss\u00e4 jaksossa keskityt\u00e4\u00e4n sarjakuvakerrontaan. Aihetta l\u00e4hestymme huumorisarjakuvien v\u00e4lityksell\u00e4. Studiossa taiteilijoina ovat <strong>Sara<\/strong>, <strong>Minea<\/strong> ja <strong>Usva<\/strong>. <\/p>\n\n\n\n<figure class=\"wp-block-embed-youtube wp-block-embed is-type-video is-provider-youtube wp-embed-aspect-16-9 wp-has-aspect-ratio\"><div class=\"wp-block-embed__wrapper\">\n<iframe title=\"Kupliva Haaste - Sarjakuvakerronta ja huumorisarjakuva\" width=\"1024\" height=\"576\" src=\"https:\/\/www.youtube.com\/embed\/RHYeOYveDJI?feature=oembed\" frameborder=\"0\" allow=\"accelerometer; autoplay; clipboard-write; encrypted-media; gyroscope; picture-in-picture; web-share\" allowfullscreen><\/iframe>\n<\/div><\/figure>\n\n\n\n<h3>Kupliva Haaste &#8211; Sarjakuvan sommittelu<\/h3>\n\n\n\n<p>T\u00e4ss\u00e4 jaksossa keskityt\u00e4\u00e4n sarjakuvan sommitteluun. Aihetta l\u00e4hestymme sananlaskujen v\u00e4lityksell\u00e4. Studiossa taiteilijoina ovat <strong>Eden<\/strong>, <strong>Lila<\/strong> ja <strong>Maeve<\/strong>.<\/p>\n\n\n\n<figure class=\"wp-block-embed-youtube wp-block-embed is-type-video is-provider-youtube wp-embed-aspect-16-9 wp-has-aspect-ratio\"><div class=\"wp-block-embed__wrapper\">\n<iframe title=\"Kupliva Haaste - Sarjakuvan sommittelu\" width=\"1024\" height=\"576\" src=\"https:\/\/www.youtube.com\/embed\/8XIJeVBqxtE?feature=oembed\" frameborder=\"0\" allow=\"accelerometer; autoplay; clipboard-write; encrypted-media; gyroscope; picture-in-picture; web-share\" allowfullscreen><\/iframe>\n<\/div><\/figure>\n\n\n\n<p>Kupliva Haaste -sarjan on toteuttanut Oulun Sarjakuvakeskus, jonka periaatteena on edist\u00e4\u00e4 sarjakuvatietoisuutta. T\u00e4m\u00e4n leikkimielisen sarjan v\u00e4lityksell\u00e4 haluamme innostaa kaikkia teit\u00e4 tekem\u00e4\u00e4n oma sarjakuva. Olit sitten nuori tai vanha, niin ota kupliva haaste vastaan. T\u00e4ss\u00e4 sarjassa osallistujat eiv\u00e4t mittele toisiaan vastaan. Kupliva Haaste on kilpailu, jossa jokainen haastaa itsens\u00e4! <\/p>\n\n\n\n<p>Eik\u00e4 siin\u00e4 viel\u00e4 kaikki! Luvassa on my\u00f6s Kuplivia Vinkkej\u00e4, jotka tarjoavat nimens\u00e4 mukaisesti vinkkej\u00e4 sarjakuvan tekemiseen.<\/p>\n\n\n\n<h3>Kupliva Vinkki &#8211; Sarjakuvan ideointi<\/h3>\n\n\n\n<figure class=\"wp-block-embed-youtube wp-block-embed is-type-video is-provider-youtube wp-embed-aspect-16-9 wp-has-aspect-ratio\"><div class=\"wp-block-embed__wrapper\">\n<iframe title=\"Kupliva Vinkki - Sarjakuvan ideointi\" width=\"1024\" height=\"576\" src=\"https:\/\/www.youtube.com\/embed\/6esZDLXO84Y?feature=oembed\" frameborder=\"0\" allow=\"accelerometer; autoplay; clipboard-write; encrypted-media; gyroscope; picture-in-picture; web-share\" allowfullscreen><\/iframe>\n<\/div><\/figure>\n\n\n\n<h3>Kupliva Vinkki &#8211; Sarjakuvahahmojen suunnittelu<\/h3>\n\n\n\n<figure class=\"wp-block-embed-youtube wp-block-embed is-type-video is-provider-youtube wp-embed-aspect-16-9 wp-has-aspect-ratio\"><div class=\"wp-block-embed__wrapper\">\n<iframe title=\"Kupliva Vinkki - Sarjakuvahahmojen suunnittelu\" width=\"1024\" height=\"576\" src=\"https:\/\/www.youtube.com\/embed\/HWJjjvI_SdE?feature=oembed\" frameborder=\"0\" allow=\"accelerometer; autoplay; clipboard-write; encrypted-media; gyroscope; picture-in-picture; web-share\" allowfullscreen><\/iframe>\n<\/div><\/figure>\n\n\n\n<h3>Kupliva Vinkki &#8211; Kuvakoot sarjakuvissa<\/h3>\n\n\n\n<figure class=\"wp-block-embed-youtube wp-block-embed is-type-video is-provider-youtube wp-embed-aspect-16-9 wp-has-aspect-ratio\"><div class=\"wp-block-embed__wrapper\">\n<iframe title=\"Kupliva Vinkki - Kuvakoot sarjakuvissa\" width=\"1024\" height=\"576\" src=\"https:\/\/www.youtube.com\/embed\/WZr9Ft56jtA?feature=oembed\" frameborder=\"0\" allow=\"accelerometer; autoplay; clipboard-write; encrypted-media; gyroscope; picture-in-picture; web-share\" allowfullscreen><\/iframe>\n<\/div><\/figure>\n\n\n\n<h3>Kupliva Vinkki &#8211; Perspektiivit sarjakuvissa<\/h3>\n\n\n\n<figure class=\"wp-block-embed-youtube wp-block-embed is-type-video is-provider-youtube wp-embed-aspect-16-9 wp-has-aspect-ratio\"><div class=\"wp-block-embed__wrapper\">\n<iframe title=\"Kupliva Vinkki - Perspektiivit sarjakuvissa\" width=\"1024\" height=\"576\" src=\"https:\/\/www.youtube.com\/embed\/LJ3bdQ4CwIs?feature=oembed\" frameborder=\"0\" allow=\"accelerometer; autoplay; clipboard-write; encrypted-media; gyroscope; picture-in-picture; web-share\" allowfullscreen><\/iframe>\n<\/div><\/figure>\n\n\n\n<h3>Kupliva Vinkki &#8211; Sarjakuvasivun jakaminen ruutuihin<\/h3>\n\n\n\n<figure class=\"wp-block-embed-youtube wp-block-embed is-type-video is-provider-youtube wp-embed-aspect-16-9 wp-has-aspect-ratio\"><div class=\"wp-block-embed__wrapper\">\n<iframe title=\"Kupliva Vinkki - Sarjakuvasivun jakaminen ruutuihin\" width=\"1024\" height=\"576\" src=\"https:\/\/www.youtube.com\/embed\/YvHOM9ANB6Q?feature=oembed\" frameborder=\"0\" allow=\"accelerometer; autoplay; clipboard-write; encrypted-media; gyroscope; picture-in-picture; web-share\" allowfullscreen><\/iframe>\n<\/div><\/figure>\n\n\n\n<h3>Kupliva Vinkki &#8211; Kuvakerronnan pelkist\u00e4minen sarjakuvissa<\/h3>\n\n\n\n<figure class=\"wp-block-embed-youtube wp-block-embed is-type-video is-provider-youtube wp-embed-aspect-16-9 wp-has-aspect-ratio\"><div class=\"wp-block-embed__wrapper\">\n<iframe title=\"Kupliva Vinkki - Kuvakerronnan pelkist\u00e4minen sarjakuvissa\" width=\"1024\" height=\"576\" src=\"https:\/\/www.youtube.com\/embed\/nDD8zM4B_SQ?feature=oembed\" frameborder=\"0\" allow=\"accelerometer; autoplay; clipboard-write; encrypted-media; gyroscope; picture-in-picture; web-share\" allowfullscreen><\/iframe>\n<\/div><\/figure>\n\n\n\n<h3>Kupliva Vinkki &#8211; Ihmisen keho ja liike sarjakuvissa<\/h3>\n\n\n\n<figure class=\"wp-block-embed-youtube wp-block-embed is-type-video is-provider-youtube wp-embed-aspect-16-9 wp-has-aspect-ratio\"><div class=\"wp-block-embed__wrapper\">\n<iframe title=\"Kupliva Vinkki - Ihmisen keho ja liike sarjakuvissa\" width=\"1024\" height=\"576\" src=\"https:\/\/www.youtube.com\/embed\/UvCZdpYFbDU?feature=oembed\" frameborder=\"0\" allow=\"accelerometer; autoplay; clipboard-write; encrypted-media; gyroscope; picture-in-picture; web-share\" allowfullscreen><\/iframe>\n<\/div><\/figure>\n\n\n\n<h3>Kupliva Vinkki &#8211; Tummat pinnat ja tekstuurit sarjakuvissa<\/h3>\n\n\n\n<figure class=\"wp-block-embed-youtube wp-block-embed is-type-video is-provider-youtube wp-embed-aspect-16-9 wp-has-aspect-ratio\"><div class=\"wp-block-embed__wrapper\">\n<iframe title=\"Kupliva Vinkki - Tummat pinnat ja tekstuurit sarjakuvissa\" width=\"1024\" height=\"576\" src=\"https:\/\/www.youtube.com\/embed\/9OvNYFxN2ys?feature=oembed\" frameborder=\"0\" allow=\"accelerometer; autoplay; clipboard-write; encrypted-media; gyroscope; picture-in-picture; web-share\" allowfullscreen><\/iframe>\n<\/div><\/figure>\n\n\n\n<h3>Kupliva Vinkki &#8211; Sarjakuvan tekstaaminen<\/h3>\n\n\n\n<figure class=\"wp-block-embed-youtube wp-block-embed is-type-video is-provider-youtube wp-embed-aspect-16-9 wp-has-aspect-ratio\"><div class=\"wp-block-embed__wrapper\">\n<iframe title=\"Kupliva Vinkki - Sarjakuvan tekstaaminen\" width=\"1024\" height=\"576\" src=\"https:\/\/www.youtube.com\/embed\/_FFCFh3rQ4I?feature=oembed\" frameborder=\"0\" allow=\"accelerometer; autoplay; clipboard-write; encrypted-media; gyroscope; picture-in-picture; web-share\" allowfullscreen><\/iframe>\n<\/div><\/figure>\n\n\n\n<h3>Kupliva Vinkki &#8211; Sarjakuvapienlehden tekeminen<\/h3>\n\n\n\n<figure class=\"wp-block-embed-youtube wp-block-embed is-type-video is-provider-youtube wp-embed-aspect-16-9 wp-has-aspect-ratio\"><div class=\"wp-block-embed__wrapper\">\n<iframe title=\"Kupliva Vinkki - Sarjakuvapienlehden tekeminen\" width=\"1024\" height=\"576\" src=\"https:\/\/www.youtube.com\/embed\/8mvmA7wE1E8?feature=oembed\" frameborder=\"0\" allow=\"accelerometer; autoplay; clipboard-write; encrypted-media; gyroscope; picture-in-picture; web-share\" allowfullscreen><\/iframe>\n<\/div><\/figure>\n\n\n\n<p>Kuplivan Haasteen ja Kuplivien Vinkkien toteuttamisen on mahdollistanut Taiteen edist\u00e4miskeskus.<\/p>\n","protected":false},"excerpt":{"rendered":"<p>&#8230;<\/p>\n","protected":false},"author":1,"featured_media":0,"parent":18,"menu_order":0,"comment_status":"closed","ping_status":"closed","template":"","meta":[],"categories":[],"tags":[],"_links":{"self":[{"href":"https:\/\/www.oulucomics.com\/en_US\/wp-json\/wp\/v2\/pages\/7180"}],"collection":[{"href":"https:\/\/www.oulucomics.com\/en_US\/wp-json\/wp\/v2\/pages"}],"about":[{"href":"https:\/\/www.oulucomics.com\/en_US\/wp-json\/wp\/v2\/types\/page"}],"author":[{"embeddable":true,"href":"https:\/\/www.oulucomics.com\/en_US\/wp-json\/wp\/v2\/users\/1"}],"replies":[{"embeddable":true,"href":"https:\/\/www.oulucomics.com\/en_US\/wp-json\/wp\/v2\/comments?post=7180"}],"version-history":[{"count":7,"href":"https:\/\/www.oulucomics.com\/en_US\/wp-json\/wp\/v2\/pages\/7180\/revisions"}],"predecessor-version":[{"id":7193,"href":"https:\/\/www.oulucomics.com\/en_US\/wp-json\/wp\/v2\/pages\/7180\/revisions\/7193"}],"up":[{"embeddable":true,"href":"https:\/\/www.oulucomics.com\/en_US\/wp-json\/wp\/v2\/pages\/18"}],"wp:attachment":[{"href":"https:\/\/www.oulucomics.com\/en_US\/wp-json\/wp\/v2\/media?parent=7180"}],"wp:term":[{"taxonomy":"category","embeddable":true,"href":"https:\/\/www.oulucomics.com\/en_US\/wp-json\/wp\/v2\/categories?post=7180"},{"taxonomy":"post_tag","embeddable":true,"href":"https:\/\/www.oulucomics.com\/en_US\/wp-json\/wp\/v2\/tags?post=7180"}],"curies":[{"name":"wp","href":"https:\/\/api.w.org\/{rel}","templated":true}]}}