{"id":6709,"date":"2022-04-11T15:46:08","date_gmt":"2022-04-11T12:46:08","guid":{"rendered":"https:\/\/www.oulucomics.com\/?page_id=6709"},"modified":"2022-04-11T15:46:09","modified_gmt":"2022-04-11T12:46:09","slug":"jasentietolomake","status":"publish","type":"page","link":"https:\/\/www.oulucomics.com\/en_US\/keskus\/seura\/jasentietolomake\/","title":{"rendered":"J\u00e4sentietolomake"},"content":{"rendered":"\n<p>Mik\u00e4li olet liittynyt j\u00e4seneksi tai p\u00e4ivitt\u00e4\u00e4 j\u00e4sentietojasi niin pyydemme tekem\u00e4\u00e4n sen t\u00e4ll\u00e4 lomakkeella. <\/p>\n\n\n\n<p><em>Tiedot toimitetaan s\u00e4hk\u00f6postiimme, eik\u00e4 niit\u00e4 tallenneta verkkosivuille.<\/em><\/p>\n\n\n<div role=\"form\" class=\"wpcf7\" id=\"wpcf7-f6708-o1\" lang=\"fi\" dir=\"ltr\">\n<div class=\"screen-reader-response\"><\/div>\n<form action=\"\/en_US\/wp-json\/wp\/v2\/pages\/6709#wpcf7-f6708-o1\" method=\"post\" class=\"wpcf7-form\" novalidate=\"novalidate\">\n<div style=\"display: none;\">\n<input type=\"hidden\" name=\"_wpcf7\" value=\"6708\" \/>\n<input type=\"hidden\" name=\"_wpcf7_version\" value=\"4.9.1\" \/>\n<input type=\"hidden\" name=\"_wpcf7_locale\" value=\"fi\" \/>\n<input type=\"hidden\" name=\"_wpcf7_unit_tag\" value=\"wpcf7-f6708-o1\" \/>\n<input type=\"hidden\" name=\"_wpcf7_container_post\" value=\"0\" \/>\n<\/div>\n<p><label> Nimi (pakollinen)<br \/>\n    <span class=\"wpcf7-form-control-wrap your-name\"><input type=\"text\" name=\"your-name\" value=\"\" size=\"40\" class=\"wpcf7-form-control wpcf7-text wpcf7-validates-as-required\" aria-required=\"true\" aria-invalid=\"false\" \/><\/span> <\/label><\/p>\n<p><label> Syntym\u00e4vuosi (pakollinen)<br \/>\n    <span class=\"wpcf7-form-control-wrap syntymavuosi\"><input type=\"text\" name=\"syntymavuosi\" value=\"\" size=\"40\" class=\"wpcf7-form-control wpcf7-text wpcf7-validates-as-required\" aria-required=\"true\" aria-invalid=\"false\" \/><\/span> <\/label><\/p>\n<p><label> S\u00e4hk\u00f6posti (pakollinen)<br \/>\n    <span class=\"wpcf7-form-control-wrap your-email\"><input type=\"email\" name=\"your-email\" value=\"\" size=\"40\" class=\"wpcf7-form-control wpcf7-text wpcf7-email wpcf7-validates-as-required wpcf7-validates-as-email\" aria-required=\"true\" aria-invalid=\"false\" \/><\/span> <\/label><\/p>\n<p><span class=\"wpcf7-form-control-wrap Sahkopostilistalle\"><span class=\"wpcf7-form-control wpcf7-checkbox wpcf7-validates-as-required\"><span class=\"wpcf7-list-item first\"><input type=\"checkbox\" name=\"Sahkopostilistalle[]\" value=\"Minulle saa l\u00e4hett\u00e4\u00e4 seuran j\u00e4sens\u00e4hk\u00f6postia (enint\u00e4\u00e4n 4 kertaa vuodessa)\" \/><span class=\"wpcf7-list-item-label\">Minulle saa l\u00e4hett\u00e4\u00e4 seuran j\u00e4sens\u00e4hk\u00f6postia (enint\u00e4\u00e4n 4 kertaa vuodessa)<\/span><\/span><span class=\"wpcf7-list-item last\"><input type=\"checkbox\" name=\"Sahkopostilistalle[]\" value=\"En halua vastaan ottaa muuta kuin yhdistyksen kokouksiin ja j\u00e4senyyteen liittyv\u00e4\u00e4 j\u00e4senviestint\u00e4\u00e4\" \/><span class=\"wpcf7-list-item-label\">En halua vastaan ottaa muuta kuin yhdistyksen kokouksiin ja j\u00e4senyyteen liittyv\u00e4\u00e4 j\u00e4senviestint\u00e4\u00e4<\/span><\/span><\/span><\/span><\/p>\n<p><label> Puhelinnumero<br \/>\n    <span class=\"wpcf7-form-control-wrap puhelinnumero\"><input type=\"text\" name=\"puhelinnumero\" value=\"\" size=\"40\" class=\"wpcf7-form-control wpcf7-text\" aria-invalid=\"false\" \/><\/span> <\/label><\/p>\n<p><label> Katuosoite (pakollinen)<br \/>\n    <span class=\"wpcf7-form-control-wrap katuosoite\"><input type=\"text\" name=\"katuosoite\" value=\"\" size=\"40\" class=\"wpcf7-form-control wpcf7-text wpcf7-validates-as-required\" aria-required=\"true\" aria-invalid=\"false\" \/><\/span> <\/label><\/p>\n<p><label> Postinumero (pakollinen)<br \/>\n    <span class=\"wpcf7-form-control-wrap postinumero\"><input type=\"text\" name=\"postinumero\" value=\"\" size=\"40\" class=\"wpcf7-form-control wpcf7-text wpcf7-validates-as-required\" aria-required=\"true\" aria-invalid=\"false\" \/><\/span> <\/label><\/p>\n<p><label> Postitoimipaikka (pakollinen)<br \/>\n    <span class=\"wpcf7-form-control-wrap postitoimipaikka\"><input type=\"text\" name=\"postitoimipaikka\" value=\"\" size=\"40\" class=\"wpcf7-form-control wpcf7-text wpcf7-validates-as-required\" aria-required=\"true\" aria-invalid=\"false\" \/><\/span> <\/label><\/p>\n<div class=\"wpcf7-form-control-wrap\"><div data-sitekey=\"6LdXzd8UAAAAABnyKKWBbcHa8LJOXOxeEOORM3-E\" class=\"wpcf7-form-control g-recaptcha wpcf7-recaptcha\"><\/div>\n<noscript>\n\t<div style=\"width: 302px; height: 422px;\">\n\t\t<div style=\"width: 302px; height: 422px; position: relative;\">\n\t\t\t<div style=\"width: 302px; height: 422px; position: absolute;\">\n\t\t\t\t<iframe src=\"https:\/\/www.google.com\/recaptcha\/api\/fallback?k=6LdXzd8UAAAAABnyKKWBbcHa8LJOXOxeEOORM3-E\" frameborder=\"0\" scrolling=\"no\" style=\"width: 302px; height:422px; border-style: none;\">\n\t\t\t\t<\/iframe>\n\t\t\t<\/div>\n\t\t\t<div style=\"width: 300px; height: 60px; border-style: none; bottom: 12px; left: 25px; margin: 0px; padding: 0px; right: 25px; background: #f9f9f9; border: 1px solid #c1c1c1; border-radius: 3px;\">\n\t\t\t\t<textarea id=\"g-recaptcha-response\" name=\"g-recaptcha-response\" class=\"g-recaptcha-response\" style=\"width: 250px; height: 40px; border: 1px solid #c1c1c1; margin: 10px 25px; padding: 0px; resize: none;\">\n\t\t\t\t<\/textarea>\n\t\t\t<\/div>\n\t\t<\/div>\n\t<\/div>\n<\/noscript>\n<\/div>\n<p><input type=\"submit\" value=\"L\u00e4het\u00e4\" class=\"wpcf7-form-control wpcf7-submit\" \/><\/p>\n<div class=\"wpcf7-response-output wpcf7-display-none\"><\/div><\/form><\/div>\n","protected":false},"excerpt":{"rendered":"<p>&#8230;<\/p>\n","protected":false},"author":1,"featured_media":0,"parent":31,"menu_order":0,"comment_status":"closed","ping_status":"closed","template":"","meta":{"footnotes":""},"categories":[],"tags":[],"class_list":["post-6709","page","type-page","status-publish","hentry"],"_links":{"self":[{"href":"https:\/\/www.oulucomics.com\/en_US\/wp-json\/wp\/v2\/pages\/6709","targetHints":{"allow":["GET"]}}],"collection":[{"href":"https:\/\/www.oulucomics.com\/en_US\/wp-json\/wp\/v2\/pages"}],"about":[{"href":"https:\/\/www.oulucomics.com\/en_US\/wp-json\/wp\/v2\/types\/page"}],"author":[{"embeddable":true,"href":"https:\/\/www.oulucomics.com\/en_US\/wp-json\/wp\/v2\/users\/1"}],"replies":[{"embeddable":true,"href":"https:\/\/www.oulucomics.com\/en_US\/wp-json\/wp\/v2\/comments?post=6709"}],"version-history":[{"count":2,"href":"https:\/\/www.oulucomics.com\/en_US\/wp-json\/wp\/v2\/pages\/6709\/revisions"}],"predecessor-version":[{"id":6711,"href":"https:\/\/www.oulucomics.com\/en_US\/wp-json\/wp\/v2\/pages\/6709\/revisions\/6711"}],"up":[{"embeddable":true,"href":"https:\/\/www.oulucomics.com\/en_US\/wp-json\/wp\/v2\/pages\/31"}],"wp:attachment":[{"href":"https:\/\/www.oulucomics.com\/en_US\/wp-json\/wp\/v2\/media?parent=6709"}],"wp:term":[{"taxonomy":"category","embeddable":true,"href":"https:\/\/www.oulucomics.com\/en_US\/wp-json\/wp\/v2\/categories?post=6709"},{"taxonomy":"post_tag","embeddable":true,"href":"https:\/\/www.oulucomics.com\/en_US\/wp-json\/wp\/v2\/tags?post=6709"}],"curies":[{"name":"wp","href":"https:\/\/api.w.org\/{rel}","templated":true}]}}