{"id":6146,"date":"2021-11-23T15:55:18","date_gmt":"2021-11-23T13:55:18","guid":{"rendered":"https:\/\/www.oulucomics.com\/?page_id=6146"},"modified":"2021-11-29T12:37:56","modified_gmt":"2021-11-29T10:37:56","slug":"1-december-2021","status":"publish","type":"page","link":"https:\/\/www.oulucomics.com\/en_US\/joulukalenteri-luukku\/1-december-2021\/","title":{"rendered":"1.12.2021"},"content":{"rendered":"\n<p>Sarjakuvataiteilija <a href=\"https:\/\/mariahokoivu.com\/\" target=\"_blank\" rel=\"noreferrer noopener\">Mari Ahokoivu<\/a>.<\/p>\n\n\n\n<figure class=\"wp-block-image size-large\"><img loading=\"lazy\" decoding=\"async\" width=\"782\" height=\"1024\" src=\"https:\/\/www.oulucomics.com\/wp-content\/uploads\/2020\/12\/SJkoululainen14-782x1024.jpg\" alt=\"\" class=\"wp-image-5066\" srcset=\"https:\/\/www.oulucomics.com\/wp-content\/uploads\/2020\/12\/SJkoululainen14-782x1024.jpg 782w, https:\/\/www.oulucomics.com\/wp-content\/uploads\/2020\/12\/SJkoululainen14-229x300.jpg 229w, https:\/\/www.oulucomics.com\/wp-content\/uploads\/2020\/12\/SJkoululainen14-768x1006.jpg 768w, https:\/\/www.oulucomics.com\/wp-content\/uploads\/2020\/12\/SJkoululainen14-1173x1536.jpg 1173w, https:\/\/www.oulucomics.com\/wp-content\/uploads\/2020\/12\/SJkoululainen14-1099x1440.jpg 1099w, https:\/\/www.oulucomics.com\/wp-content\/uploads\/2020\/12\/SJkoululainen14-1050x1376.jpg 1050w, https:\/\/www.oulucomics.com\/wp-content\/uploads\/2020\/12\/SJkoululainen14.jpg 1200w\" sizes=\"auto, (max-width: 782px) 100vw, 782px\" \/><\/figure>\n\n\n\n<p>T\u00e4h\u00e4n tulee esittelyteksti, jostain aiheesta ja sitten siihen per\u00e4\u00e4n linkki: <a href=\"https:\/\/techart.fi\/\" target=\"_blank\" rel=\"noreferrer noopener\">www.techart.fi<\/a> <\/p>\n\n\n\n\t\t<div style=\"padding: 0 0 0 20px; width: 100%; height: 120px; position: fixed; background-color:transparent; background-image: url('https:\/\/www.sarjasto.com\/joulukalenteri\/tausta_maisema.jpg'); background-repeat: no-repeat;\"><h3><strong><\/h3><\/big><\/div>\n<div style=\"margin: 100px 0 0 0; width: 100%; position: relative; background-color:transparent;\"><\/div>\n\t\t\n\t\t\n","protected":false},"excerpt":{"rendered":"<p>&#8230;<\/p>\n","protected":false},"author":1,"featured_media":0,"parent":6144,"menu_order":0,"comment_status":"closed","ping_status":"closed","template":"","meta":{"footnotes":""},"categories":[],"tags":[],"class_list":["post-6146","page","type-page","status-publish","hentry"],"_links":{"self":[{"href":"https:\/\/www.oulucomics.com\/en_US\/wp-json\/wp\/v2\/pages\/6146","targetHints":{"allow":["GET"]}}],"collection":[{"href":"https:\/\/www.oulucomics.com\/en_US\/wp-json\/wp\/v2\/pages"}],"about":[{"href":"https:\/\/www.oulucomics.com\/en_US\/wp-json\/wp\/v2\/types\/page"}],"author":[{"embeddable":true,"href":"https:\/\/www.oulucomics.com\/en_US\/wp-json\/wp\/v2\/users\/1"}],"replies":[{"embeddable":true,"href":"https:\/\/www.oulucomics.com\/en_US\/wp-json\/wp\/v2\/comments?post=6146"}],"version-history":[{"count":4,"href":"https:\/\/www.oulucomics.com\/en_US\/wp-json\/wp\/v2\/pages\/6146\/revisions"}],"predecessor-version":[{"id":6166,"href":"https:\/\/www.oulucomics.com\/en_US\/wp-json\/wp\/v2\/pages\/6146\/revisions\/6166"}],"up":[{"embeddable":true,"href":"https:\/\/www.oulucomics.com\/en_US\/wp-json\/wp\/v2\/pages\/6144"}],"wp:attachment":[{"href":"https:\/\/www.oulucomics.com\/en_US\/wp-json\/wp\/v2\/media?parent=6146"}],"wp:term":[{"taxonomy":"category","embeddable":true,"href":"https:\/\/www.oulucomics.com\/en_US\/wp-json\/wp\/v2\/categories?post=6146"},{"taxonomy":"post_tag","embeddable":true,"href":"https:\/\/www.oulucomics.com\/en_US\/wp-json\/wp\/v2\/tags?post=6146"}],"curies":[{"name":"wp","href":"https:\/\/api.w.org\/{rel}","templated":true}]}}