{"id":5868,"date":"2021-09-21T13:53:40","date_gmt":"2021-09-21T10:53:40","guid":{"rendered":"http:\/\/www.oulucomics.com\/?page_id=5868"},"modified":"2021-09-22T13:01:37","modified_gmt":"2021-09-22T10:01:37","slug":"sun-program-2021","status":"publish","type":"page","link":"https:\/\/www.oulucomics.com\/en_US\/fest\/program2021\/sun-program-2021\/","title":{"rendered":"Sunday's program 2021"},"content":{"rendered":"\n<p><strong><a href=\"http:\/\/www.oulucomics.com\/en_US\/fest\/program2021\/\">Whole program<\/a> &#8211; <a href=\"http:\/\/www.oulucomics.com\/en_US\/fest\/program2021\/week-program-2021\/\">Festival week<\/a> &#8211;<\/strong><br \/><strong><a href=\"http:\/\/www.oulucomics.com\/en_US\/fest\/program2021\/fri-program-2021\/\">19.11. Friday<\/a> &#8211; <a href=\"http:\/\/www.oulucomics.com\/en_US\/fest\/program2021\/sat-program-2021\/\">20.11. Saturday<\/a> &#8211; 21.11. Sunday<\/strong><\/p>\n\n\n\n\t\t\t\t<div class=\"event-list\">\n\t\t\t\t<ul class=\"event-list-view\">\n\t\t\t \t<li class=\"event festivaali fest-en fsun festivaalilava sarjasto\">\n\t\t\t\t\t<div class=\"event-date\"><div class=\"start-date\"><div class=\"event-weekday\">Sun<\/div><div class=\"event-day\">21<\/div><div class=\"event-month\">Nov<\/div><div class=\"event-year\">2021<\/div><\/div><\/div>\n\t\t\t\t\t<div class=\"event-info single-day\"><div class=\"event-title\"><h3>Open stage - Verkostoitumistapahtuma | Networking<\/h3><\/div><span class=\"event-time\">13:00 - 15:00<\/span><span class=\"event-location\">P\u00e4\u00e4kirjasto, Sarjasto, 3. kerros | Main library, Sarjasto, 3rd floor, Kaarlenv\u00e4yl\u00e4 3, Oulu<\/span><div class=\"event-details\"><p><span style=\"font-weight: 400;\"><img loading=\"lazy\" decoding=\"async\" class=\"size-full wp-image-2956 alignleft\" src=\"http:\/\/www.oulucomics.com\/wp-content\/uploads\/2017\/10\/fi.jpg\" alt=\"\" width=\"23\" height=\"20\" \/>Festivaalisunnuntaina on hyv\u00e4 hetkeksi rauhoittua pienen tarjoilun merkeiss\u00e4 keskustelemaan, kuuntelemaan tai jopa rohkaistua esiintym\u00e4\u00e4n avoimella lavalla (k\u00e4yt\u00f6ss\u00e4 mikrofoni, atk ja internet). Ennen paluumatkaa on t\u00e4rke\u00e4\u00e4 tankata itsens\u00e4 sarjakuva\u00e4hkyyn, ja viel\u00e4 kerran ennen seuraavaa festivaalia hakea muilta alan tekij\u00f6ilt\u00e4 virtaa omaankin ty\u00f6skentelyyn.<\/span><\/p>\n<p><span style=\"font-weight: 400;\">Suomen sarjakuvaseura t\u00e4ytt\u00e4\u00e4 t\u00e4n\u00e4 vuonna 50 vuotta. Tapahtuman aluksi esitell\u00e4\u00e4n seuran pitk\u00e4\u00e4 historiaa ja pohjustetaan Suomen sarjakuvaseuran 50-vuotisseminaaria, joka j\u00e4rjestet\u00e4\u00e4n Helsingiss\u00e4 Kirjan talolla Suomen sarjakuvaseuran perustamisp\u00e4iv\u00e4n\u00e4 23.11.2021. Osuutta juontaa <\/span><strong>Vesa Kataisto<\/strong><span style=\"font-weight: 400;\">.<a href=\"http:\/\/www.oulucomics.com\/wp-content\/uploads\/2021\/09\/50vuottalogo.jpg\"><img loading=\"lazy\" decoding=\"async\" class=\"wp-image-5790 size-medium aligncenter\" src=\"http:\/\/www.oulucomics.com\/wp-content\/uploads\/2021\/09\/50vuottalogo-300x90.jpg\" alt=\"\" width=\"300\" height=\"90\" srcset=\"https:\/\/www.oulucomics.com\/wp-content\/uploads\/2021\/09\/50vuottalogo-300x90.jpg 300w, https:\/\/www.oulucomics.com\/wp-content\/uploads\/2021\/09\/50vuottalogo.jpg 600w\" sizes=\"auto, (max-width: 300px) 100vw, 300px\" \/><\/a><\/span><\/p>\n<p><a href=\"https:\/\/www.sarjakuvantekijat.com\/\" target=\"_blank\" rel=\"noopener\">Sarjakuvantekij\u00e4t ry<\/a> on suomalaisten sarjakuvantekij\u00f6iden etuj\u00e4rjest\u00f6. Yhdistys on perustettu vuonna 1995, kuluvana vuonna 2021 j\u00e4seni\u00e4 on noin 170. Yhdistyksen toiminnasta kertoo sarjakuvantekij\u00e4 ja puheenjohtaja <strong>Timo Kokkila<\/strong>.<\/p>\n<p>&nbsp;<\/p>\n<p><span style=\"font-weight: 400;\">Jos haluat ennakkoilmoittautua esiintyj\u00e4ksi avoimella lavalla, niin laita viesti\u00e4: <i>sarjakuvaoulu<\/i><\/span><i><span style=\"font-weight: 400;\">(\u00e4t)gmail.com<\/span><\/i><span style=\"font-weight: 400;\">. Julkaisemme ilmoittautuneet n\u00e4ill\u00e4 sivuilla ja sosiaalisessa mediassa.<\/span><\/p>\n<p><img loading=\"lazy\" decoding=\"async\" class=\"aligncenter size-full wp-image-6027\" src=\"http:\/\/www.oulucomics.com\/wp-content\/uploads\/2021\/10\/openstage_networking.jpeg\" alt=\"\" width=\"900\" height=\"537\" srcset=\"https:\/\/www.oulucomics.com\/wp-content\/uploads\/2021\/10\/openstage_networking.jpeg 900w, https:\/\/www.oulucomics.com\/wp-content\/uploads\/2021\/10\/openstage_networking-300x179.jpeg 300w, https:\/\/www.oulucomics.com\/wp-content\/uploads\/2021\/10\/openstage_networking-768x458.jpeg 768w\" sizes=\"auto, (max-width: 900px) 100vw, 900px\" \/><\/p>\n<p><span style=\"font-weight: 400; color: #0000ff;\"><a href=\"http:\/\/www.oulucomics.com\/wp-content\/uploads\/2017\/10\/en.jpg\"><img loading=\"lazy\" decoding=\"async\" class=\"size-full wp-image-2955 alignleft\" src=\"http:\/\/www.oulucomics.com\/wp-content\/uploads\/2017\/10\/en.jpg\" alt=\"\" width=\"23\" height=\"20\" \/><\/a>The festival Sunday is a good moment to relax and talk, listen, and even dare to perform on the open stage (a microphone, computing hardware, and the Internet will be available). Small refreshments will be served. It\u2019s important to thoroughly immerse yourself in comics, and absorb some energy from other agents of the industry for your own work, for your way home and until the next festival.<\/span><\/p>\n<p><span style=\"color: #0000ff;\"><span style=\"font-weight: 400;\">The Finnish Comics Society will have its 50th anniversary this year. For the start of the day\u2019s event, a presentation about the society\u2019s long history will be given, as well as a preamble to the 50th anniversary seminar of The Finnish Comics Society. The seminar will be organized at Kirjan talo in Helsinki on the foundation day of The Finnish Comics Society, 23rd of November 2021. This stage will be hosted by <\/span><strong>Vesa Kataisto<\/strong><span style=\"font-weight: 400;\">.<\/span><\/span><\/p>\n<p><span style=\"color: #0000ff;\">The Finnish Comics Professionals is an organisation of professionals in the Finnish comics industry.\u00a0The organisation was founded in 1995 and it promotes the professional and social benefits of comics authors and the recognition of the industry. <span class=\"VIiyi\" lang=\"en\"><span class=\"JLqJ4b ChMk0b\" data-language-for-alternatives=\"en\" data-language-to-translate-into=\"fi\" data-phrase-index=\"0\" data-number-of-phrases=\"1\">Comic artist and chairman <strong>Timo Kokkila<\/strong> talks about the association.<\/span><\/span><\/span><\/p>\n<p><span style=\"color: #0000ff;\"><span style=\"font-weight: 400;\">If you want to register your performance on the open stage in advance, please send an email to <\/span><i><span style=\"font-weight: 400;\">sarjakuvaoulu(at)gmail.com<\/span><\/i><span style=\"font-weight: 400;\">. We will publish the list of registered performermers on this site and our social media platforms.<\/span><\/span><\/p>\n<\/div><\/div>\n\t\t\t\t<\/li>\n\t\t\t \t<li class=\"event festivaali fest-en fsun klubi\">\n\t\t\t\t\t<div class=\"event-date\"><div class=\"start-date\"><div class=\"event-weekday\">Sun<\/div><div class=\"event-day\">21<\/div><div class=\"event-month\">Nov<\/div><div class=\"event-year\">2021<\/div><\/div><\/div>\n\t\t\t\t\t<div class=\"event-info single-day\"><div class=\"event-title\"><h3>In memoriam Oulu Comics Festival 2021<\/h3><\/div><span class=\"event-time\">16 -<\/span><span class=\"event-location\">Oluthuone Leskinen, Kirkkokatu 10 (Rotuaari), Oulu<\/span><div class=\"event-details\"><p><span style=\"font-weight: 400;\"><img loading=\"lazy\" decoding=\"async\" class=\"size-full wp-image-2956 alignleft\" src=\"http:\/\/www.oulucomics.com\/wp-content\/uploads\/2017\/10\/fi.jpg\" alt=\"\" width=\"23\" height=\"20\" \/>Perinteisesti festivaaliv\u00e4ki on kokoontunut viel\u00e4 sunnuntaina viimeisenkin ohjelman j\u00e4lkeen rupattelemaan sarjakuvista ja mielt\u00e4 polttavista asioita. Tapahtuma on eritt\u00e4in vapaamuotoinen, p\u00e4\u00e4symaksuton ja K18. Varaudu todistamaan henkil\u00f6llisyytesi ja n\u00e4ytt\u00e4m\u00e4\u00e4n koronapassi.<\/span><\/p>\n<p><span style=\"font-weight: 400; color: #0000ff;\"><a href=\"http:\/\/www.oulucomics.com\/wp-content\/uploads\/2017\/10\/en.jpg\"><img loading=\"lazy\" decoding=\"async\" class=\"size-full wp-image-2955 alignleft\" src=\"http:\/\/www.oulucomics.com\/wp-content\/uploads\/2017\/10\/en.jpg\" alt=\"\" width=\"23\" height=\"20\" \/><\/a>It is a tradition that festival attendees gather on Sunday after the final event to chat about comics and other topics. This event is very casual, entrance is free and adults only. Be prepared to prove your identity and show your corona passport.<\/span><\/p>\n<\/div><\/div>\n\t\t\t\t<\/li><\/ul>\n\t\t\t\t<\/div>\n","protected":false},"excerpt":{"rendered":"<p><!-- wp:paragraph --><\/p>\n<p><strong><a href=\"http:\/\/www.oulucomics.com\/en_US\/fest\/program2021\/\">Whole program<\/a> &#8211; <a href=\"http:\/\/www.oulucomics.com\/en_US\/fest\/program2021\/week-program-2021\/\">Festival week<\/a> &#8211;<\/strong><br \/><strong><a href=\"http:\/\/www...\n<\/p>\n","protected":false},"author":1,"featured_media":0,"parent":5194,"menu_order":0,"comment_status":"closed","ping_status":"closed","template":"","meta":{"footnotes":""},"categories":[],"tags":[],"class_list":["post-5868","page","type-page","status-publish","hentry"],"_links":{"self":[{"href":"https:\/\/www.oulucomics.com\/en_US\/wp-json\/wp\/v2\/pages\/5868","targetHints":{"allow":["GET"]}}],"collection":[{"href":"https:\/\/www.oulucomics.com\/en_US\/wp-json\/wp\/v2\/pages"}],"about":[{"href":"https:\/\/www.oulucomics.com\/en_US\/wp-json\/wp\/v2\/types\/page"}],"author":[{"embeddable":true,"href":"https:\/\/www.oulucomics.com\/en_US\/wp-json\/wp\/v2\/users\/1"}],"replies":[{"embeddable":true,"href":"https:\/\/www.oulucomics.com\/en_US\/wp-json\/wp\/v2\/comments?post=5868"}],"version-history":[{"count":12,"href":"https:\/\/www.oulucomics.com\/en_US\/wp-json\/wp\/v2\/pages\/5868\/revisions"}],"predecessor-version":[{"id":5941,"href":"https:\/\/www.oulucomics.com\/en_US\/wp-json\/wp\/v2\/pages\/5868\/revisions\/5941"}],"up":[{"embeddable":true,"href":"https:\/\/www.oulucomics.com\/en_US\/wp-json\/wp\/v2\/pages\/5194"}],"wp:attachment":[{"href":"https:\/\/www.oulucomics.com\/en_US\/wp-json\/wp\/v2\/media?parent=5868"}],"wp:term":[{"taxonomy":"category","embeddable":true,"href":"https:\/\/www.oulucomics.com\/en_US\/wp-json\/wp\/v2\/categories?post=5868"},{"taxonomy":"post_tag","embeddable":true,"href":"https:\/\/www.oulucomics.com\/en_US\/wp-json\/wp\/v2\/tags?post=5868"}],"curies":[{"name":"wp","href":"https:\/\/api.w.org\/{rel}","templated":true}]}}