{"id":5860,"date":"2021-09-21T13:50:22","date_gmt":"2021-09-21T10:50:22","guid":{"rendered":"http:\/\/www.oulucomics.com\/?page_id=5860"},"modified":"2021-09-22T13:00:13","modified_gmt":"2021-09-22T10:00:13","slug":"fri-program-2021","status":"publish","type":"page","link":"https:\/\/www.oulucomics.com\/en_US\/fest\/program2021\/fri-program-2021\/","title":{"rendered":"Friday's program 2021"},"content":{"rendered":"\n<p><strong><a href=\"http:\/\/www.oulucomics.com\/en_US\/fest\/program2021\/\">Whole program<\/a> &#8211; <a href=\"http:\/\/www.oulucomics.com\/en_US\/fest\/program2021\/week-program-2021\/\">Festival week<\/a> &#8211;<\/strong><br \/><strong>19.11. Friday &#8211; <a href=\"http:\/\/www.oulucomics.com\/en_US\/fest\/program2021\/sat-program-2021\/\">20.11. Saturday<\/a> &#8211; <a href=\"http:\/\/www.oulucomics.com\/en_US\/fest\/program2021\/sun-program-2021\/\">21.11. Sunday<\/a><\/strong><\/p>\n\n\n\n\t\t\t\t<div class=\"event-list\">\n\t\t\t\t<ul class=\"event-list-view\">\n\t\t\t \t<li class=\"event festivaali ffri fwee muu center\">\n\t\t\t\t\t<div class=\"event-date multi-date\"><div class=\"start-date\"><div class=\"event-weekday\">Thu<\/div><div class=\"event-day\">18<\/div><div class=\"event-month\">Nov<\/div><div class=\"event-year\">2021<\/div><\/div><div class=\"end-date\"><div class=\"event-weekday\">Sun<\/div><div class=\"event-day\">21<\/div><div class=\"event-month\">Nov<\/div><div class=\"event-year\">2021<\/div><\/div><\/div>\n\t\t\t\t\t<div class=\"event-info multi-day\"><div class=\"event-title\"><h3>Prinssi Charlesin tunne -n\u00e4ytelm\u00e4<\/h3><\/div><span class=\"event-location\">Kulttuuritalo Valve, Valven\u00e4ytt\u00e4m\u00f6, Hallituskatu 7, Oulu<\/span><div class=\"event-details\"><p><a href=\"http:\/\/www.oulucomics.com\/wp-content\/uploads\/2021\/10\/Akseliklonk_PrinssiCharles.jpeg\"><img loading=\"lazy\" decoding=\"async\" class=\"alignright size-medium wp-image-6082\" src=\"https:\/\/www.oulucomics.com\/wp-content\/uploads\/2021\/10\/PCT_somekuva-300x300.jpg\" alt=\"\" width=\"300\" height=\"300\" srcset=\"https:\/\/www.oulucomics.com\/wp-content\/uploads\/2021\/10\/PCT_somekuva-300x300.jpg 300w, https:\/\/www.oulucomics.com\/wp-content\/uploads\/2021\/10\/PCT_somekuva-150x150.jpg 150w, https:\/\/www.oulucomics.com\/wp-content\/uploads\/2021\/10\/PCT_somekuva-250x250.jpg 250w, https:\/\/www.oulucomics.com\/wp-content\/uploads\/2021\/10\/PCT_somekuva.jpg 600w\" sizes=\"auto, (max-width: 300px) 100vw, 300px\" \/><\/a>Suositusik\u00e4raja 13 vuotta.<br \/>\nKesto 1 h 10 min.<br \/>\nK\u00e4sikirjoitus Helena Kulmalan suomennoksen pohjalta: Anu Enqvist ja Janne Kuustie<br \/>\nOhjaus: Anu Enqvist ja Janne Kuustie<br \/>\nLavastus ja tarpeisto: Nanna Nieminen ja ty\u00f6ryhm\u00e4<br \/>\nRooleissa: Anu Enqvist, Sirpa Grip, Anna-Leena J\u00e4rvi ja Markus Kaarto<\/p>\n<p>N\u00e4ytelm\u00e4 perustuu Liv Str\u00f6mquistin\u00a0<em>Prins Charles k\u00e4nsla<\/em>\u00a0-sarjakuvaromaaniin. Suomeksi teoksen on julkaissut kustannusosakeyhti\u00f6 Sammakko nimell\u00e4\u00a0<em>Prinssi Charlesin tunne<\/em>\u00a0(2017). Str\u00f6mquistin sarjakuvien tapaan my\u00f6s n\u00e4ytelm\u00e4 on visuaalinen ja purevan humoristinen el\u00e4mys, joka kyseenalaistaa riemukkaasti l\u00e4nsimaisen yhteiskunnan rakkausk\u00e4sityksi\u00e4 kysym\u00e4ll\u00e4, onko rakkauden aina oltava k\u00e4rsimyst\u00e4? Miksi naisten vihaaminen naurattaa? Ja, kuten eurodance-artisti Haddaway osuvasti kysyi: what is love?<\/p>\n<p>Liput 18\/12 \u20ac. Alennus opiskelijoille, ty\u00f6tt\u00f6mille ja el\u00e4kel\u00e4isille. Esityksiin k\u00e4y Kaikukortti. Ryhm\u00e4varaukset ja tiedustelut Akseli Klonkin toimistolta. Valven\u00e4ytt\u00e4m\u00f6lle (Kulttuuritalo Valveen toinen kerros) on esteet\u00f6n kulku.<\/p>\n<p>Esitykset Valven\u00e4ytt\u00e4m\u00f6ll\u00e4 festivaalin aikana:<\/p>\n<p>torstai 18.11. klo 20<br \/>\nperjantai 19.11. klo 10 ja klo 13<br \/>\nlauantai 20.11. klo 14<br \/>\nsunnuntai 21.11. klo 15:30<\/p>\n<p><a href=\"https:\/\/akseliklonk.fi\/2021\/10\/05\/prinssi-charlesin-tunne\/\" target=\"_blank\" rel=\"noopener\">Lis\u00e4tietoa Akseli Klonkin kotisivuilta<\/a><\/p>\n<\/div><\/div>\n\t\t\t\t<\/li>\n\t\t\t \t<li class=\"event festivaali fest-en ffri festivaalilava sarjasto\">\n\t\t\t\t\t<div class=\"event-date\"><div class=\"end-date\"><div class=\"event-weekday\">Fri<\/div><div class=\"event-day\">19<\/div><div class=\"event-month\">Nov<\/div><div class=\"event-year\">2021<\/div><\/div><\/div>\n\t\t\t\t\t<div class=\"event-info multi-day\"><div class=\"event-title\"><h3>Festivaaliperjantain ohjelmisto | Festivals&#039; friday program<\/h3><\/div><span class=\"event-time\">15:00 - 19:30<\/span><span class=\"event-location\">P\u00e4\u00e4kirjasto, Pakkalan sali | Main library, Pakkala stage, Kaarlenv\u00e4yl\u00e4 3, Oulu<\/span><div class=\"event-details\"><p><em><span style=\"font-weight: 400;\"><img loading=\"lazy\" decoding=\"async\" class=\"size-full wp-image-2956 alignleft\" src=\"http:\/\/www.oulucomics.com\/wp-content\/uploads\/2017\/10\/fi.jpg\" alt=\"\" width=\"23\" height=\"20\" \/><\/span><br \/>\n<\/em><\/p>\n<h4>15:00 - <strong>Ilpo Koskela - Taiteilija ja yritt\u00e4j\u00e4 -luento<\/strong><\/h4>\n<p><div class=\"show_more\"><p class=\"wpsm-show\" style=\"color: #cc0000; font-size: 100%; text-align: left;\"> lis\u00e4\u00e4\/more<\/p><div class=\"wpsm-content\"><\/p>\n<p><figure id=\"attachment_5788\" aria-describedby=\"caption-attachment-5788\" style=\"width: 245px\" class=\"wp-caption alignright\"><a href=\"http:\/\/www.oulucomics.com\/wp-content\/uploads\/2021\/09\/ilpo_koskela.jpg\"><img loading=\"lazy\" decoding=\"async\" class=\"size-medium wp-image-5788\" src=\"http:\/\/www.oulucomics.com\/wp-content\/uploads\/2021\/09\/ilpo_koskela-245x300.jpg\" alt=\"\" width=\"245\" height=\"300\" srcset=\"https:\/\/www.oulucomics.com\/wp-content\/uploads\/2021\/09\/ilpo_koskela-245x300.jpg 245w, https:\/\/www.oulucomics.com\/wp-content\/uploads\/2021\/09\/ilpo_koskela.jpg 736w\" sizes=\"auto, (max-width: 245px) 100vw, 245px\" \/><\/a><figcaption id=\"caption-attachment-5788\" class=\"wp-caption-text\"><em>Kuva - Mari Verho<\/em><\/figcaption><\/figure><\/p>\n<p><span style=\"font-weight: 400;\">Sarjakuvantekij\u00e4, kuvittaja ja graafinen suunnittelija <\/span><strong>Ilpo Koskela<\/strong><span style=\"font-weight: 400;\"> kertoo, miksi ja miten h\u00e4n aikoinaan alkoi yritt\u00e4j\u00e4ksi. Kuulemme, miten tekeminen jakautuu taiteilijuuden ja yritt\u00e4jyyden v\u00e4lill\u00e4 \u2013 ty\u00f6, taide ja luennointi. Esityksen visuaalisen maailman Koskela luo n\u00e4ytt\u00e4en esimerkkej\u00e4 tilatuista sarjakuvista, kuvituksista ja infografiikasta.<\/span><\/p>\n<p><span style=\"font-weight: 400;\">Luennollaan Koskela luo katsauksen my\u00f6s markkinointiin, yritt\u00e4j\u00e4n el\u00e4keturvaan ja verotukseen. Puheeksi tulevat lis\u00e4ksi yritt\u00e4jyyden eri muodot kevytyritt\u00e4jyydest\u00e4 osakeyhti\u00f6\u00f6n.\u2028<\/span><\/p>\n<p><span style=\"color: #0000ff;\"><b><img loading=\"lazy\" decoding=\"async\" class=\"alignleft size-thumbnail wp-image-6067\" src=\"https:\/\/www.oulucomics.com\/wp-content\/uploads\/2021\/10\/OuluX_profiilikuva_web_Ilpo-150x150.jpg\" alt=\"\" width=\"150\" height=\"150\" srcset=\"https:\/\/www.oulucomics.com\/wp-content\/uploads\/2021\/10\/OuluX_profiilikuva_web_Ilpo-150x150.jpg 150w, https:\/\/www.oulucomics.com\/wp-content\/uploads\/2021\/10\/OuluX_profiilikuva_web_Ilpo-250x250.jpg 250w\" sizes=\"auto, (max-width: 150px) 100vw, 150px\" \/>15:00 Ilpo Koskela - Lecture: Artist and entrepreneur<\/b><\/span><\/p>\n<p><span style=\"color: #0000ff;\"><span style=\"font-weight: 400;\">Comic artist, illustrator and graphic designer <\/span><strong>Ilpo Koskela<\/strong><span style=\"font-weight: 400;\"> tells why and how he started a company. We will hear how being an artist and an entrepreneur splits his work between business, art, and lecturing. Koskela creates a visual world for his presentation by showcasing samples of customer-ordered comics, illustrations, and infographics.<\/span><\/span><\/p>\n<p><span style=\"font-weight: 400; color: #0000ff;\">In his lecture, Koskela also gives an overview about marketing, social security and taxation of entrepreneurs. Other topics include different types of business from a light entrepreneurial model to a corporation.<\/span><\/p>\n<p> <p class=\"wpsm-hide\" style=\"color: #cc0000; font-size: 100%; text-align: left;\"> piilota\/hide<\/p><\/div><\/div><\/p>\n<h4>16:00 - <strong>Mitja Mikael Malin - Kivet, kannot, t\u00e4hdet, kuuta<\/strong><\/h4>\n<p><div class=\"show_more\"><p class=\"wpsm-show\" style=\"color: #cc0000; font-size: 100%; text-align: left;\"> lis\u00e4\u00e4\/more<\/p><div class=\"wpsm-content\"><\/p>\n<p><span style=\"font-weight: 400;\"><a href=\"http:\/\/www.oulucomics.com\/wp-content\/uploads\/2021\/09\/mitjamikaelmalin-kivetkannottahdetkuuta.jpeg\"><img loading=\"lazy\" decoding=\"async\" class=\"alignright size-medium wp-image-5789\" src=\"http:\/\/www.oulucomics.com\/wp-content\/uploads\/2021\/09\/mitjamikaelmalin-kivetkannottahdetkuuta-300x300.jpeg\" alt=\"\" width=\"300\" height=\"300\" srcset=\"https:\/\/www.oulucomics.com\/wp-content\/uploads\/2021\/09\/mitjamikaelmalin-kivetkannottahdetkuuta-300x300.jpeg 300w, https:\/\/www.oulucomics.com\/wp-content\/uploads\/2021\/09\/mitjamikaelmalin-kivetkannottahdetkuuta-150x150.jpeg 150w, https:\/\/www.oulucomics.com\/wp-content\/uploads\/2021\/09\/mitjamikaelmalin-kivetkannottahdetkuuta-250x250.jpeg 250w, https:\/\/www.oulucomics.com\/wp-content\/uploads\/2021\/09\/mitjamikaelmalin-kivetkannottahdetkuuta.jpeg 600w\" sizes=\"auto, (max-width: 300px) 100vw, 300px\" \/><\/a>Vuoden 2019 Oulun Sarjakuvapitchauksessa pitchattu <\/span><strong>Mitja Mikael Malinin<\/strong> <em><span style=\"font-weight: 400;\">Kivet, kannot, t\u00e4hdet, kuutamo <\/span><\/em><span style=\"font-weight: 400;\">(Arktinen Banaani 2021) -teos p\u00e4\u00e4tyi ansiokkaasti Arktisen Banaanin kustantamaksi.\u00a0<\/span><\/p>\n<p><span style=\"font-weight: 400;\">Suomalaisen kansanuskon inspiroima queer-positiivinen sarjakuvateos k\u00e4sittelee ilmi\u00f6it\u00e4 kekrist\u00e4 karhunpalvontaan ja tontuista tiet\u00e4jiin. Malinin teoksessa kansanusko ja Suomeen saapuva kristinusko nivoutuvat yhteen. Kokoelma sis\u00e4lt\u00e4\u00e4 kuusi novellia, jotka ajoittuvat rautakaudelta maatalousyhteiskunnan kautta moderniin Suomeen.<\/span><\/p>\n<p><span style=\"font-weight: 400;\">Esikoisalbuminsa vasta painettuun muotoon saanut Malin avaa yhteiskunnassamme edelleen l\u00e4sn\u00e4 olevien kansanuskojen ja myyttien saloja <\/span><strong>Sami Nyyss\u00f6l\u00e4n<\/strong><span style=\"font-weight: 400;\"> haastateltavana.<\/span><\/p>\n<p><span style=\"color: #0000ff;\"><span style=\"font-weight: 400;\"><img loading=\"lazy\" decoding=\"async\" class=\"alignleft size-thumbnail wp-image-6058\" src=\"https:\/\/www.oulucomics.com\/wp-content\/uploads\/2021\/10\/OuluX_profiilikuva_web_Mitja-150x150.jpg\" alt=\"\" width=\"150\" height=\"150\" srcset=\"https:\/\/www.oulucomics.com\/wp-content\/uploads\/2021\/10\/OuluX_profiilikuva_web_Mitja-150x150.jpg 150w, https:\/\/www.oulucomics.com\/wp-content\/uploads\/2021\/10\/OuluX_profiilikuva_web_Mitja-250x250.jpg 250w\" sizes=\"auto, (max-width: 150px) 100vw, 150px\" \/>In Oulu Comics Pitching 2019 <\/span><strong>Mitja Mikael Malin<\/strong><span style=\"font-weight: 400;\"> successfully pitched <\/span><em><span style=\"font-weight: 400;\">Kivet, kannot, t\u00e4hdet, kuuta<\/span><\/em><span style=\"font-weight: 400;\"> (Arktinen Banaani 2021) comic book which was then published by Arktinen Banaani.<\/span><\/span><\/p>\n<p><span style=\"font-weight: 400; color: #0000ff;\">This Finnish-folklore-inspired, queer-positive comic book covers phenomena from the old Kekri festival to bear worship, and from elves to sages. Myths entangle with emerging Christianity in Malin\u2019s book. The book consists of six short stories set in different times from the Iron Age to agricultural society and modern day Finland.<\/span><\/p>\n<p><span style=\"color: #0000ff;\"><span style=\"font-weight: 400;\">Malin, who has just had his debut comic book published, deciphers folktales and myths which are still present in our society. <\/span><strong>Sami Nyyss\u00f6l\u00e4<\/strong> <span style=\"font-weight: 400;\">will interview the artist.<\/span><\/span><\/p>\n<p> <p class=\"wpsm-hide\" style=\"color: #cc0000; font-size: 100%; text-align: left;\"> piilota\/hide<\/p><\/div><\/div><\/p>\n<h4>16:30 - <strong>Sarjakuvapitchaus<\/strong><\/h4>\n<p><div class=\"show_more\"><p class=\"wpsm-show\" style=\"color: #cc0000; font-size: 100%; text-align: left;\"> lis\u00e4\u00e4\/more<\/p><div class=\"wpsm-content\"><\/p>\n<p><span style=\"font-weight: 400;\">Sarjakuvapitchaus 2021 tuo taiteilijat ja kustantajat yhteen. Se on tilaisuus, jossa sarjakuvantekij\u00e4t p\u00e4\u00e4sev\u00e4t esittelem\u00e4\u00e4n ideoitaan ja projektejaan raadille, joka koostuu useiden kustantajien edustajista.\u00a0<\/span><\/p>\n<p><span style=\"font-weight: 400;\">Lis\u00e4tietoa Sarjakuvapitchauksesta tapahtuman omalta sivulta:\u00a0<\/span><\/p>\n<p><a href=\"http:\/\/www.oulucomics.com\/fi\/fest\/program2021\/sarjakuvapitchaus2021\/\"><i><span style=\"font-weight: 400;\">http:\/\/www.oulucomics.com\/fi\/fest\/program2021\/sarjakuvapitchaus2021\/<\/span><\/i><\/a><i><span style=\"font-weight: 400;\">\u00a0<\/span><\/i><\/p>\n<p><span style=\"font-weight: 400; color: #0000ff;\">Comics Pitching 2021 event brings artists and publishers together. It is an event where comic book artists can pitch their ideas and projects to a jury of representatives of various publishers.<\/span><\/p>\n<p><span style=\"font-weight: 400; color: #0000ff;\">More information about the Comics Pitching event can be found on its website:<\/span><\/p>\n<p><a href=\"http:\/\/www.oulucomics.com\/en_US\/fest\/program2021\/sarjakuvapitchaus2021\/\"><span style=\"color: #0000ff;\"><i><span style=\"font-weight: 400;\">http:\/\/www.oulucomics.com\/en_US\/fest\/program2021\/sarjakuvapitchaus2021\/<\/span><\/i><\/span><\/a><\/p>\n<p><!-- wp:paragraph --><\/p>\n<p><!-- \/wp:paragraph --> <!-- wp:image {\"align\":\"left\",\"id\":5665,\"width\":157,\"height\":157,\"sizeSlug\":\"large\"} --><\/p>\n<div class=\"wp-block-image\">\n<figure class=\"alignleft size-large is-resized\"><img loading=\"lazy\" decoding=\"async\" class=\"alignnone wp-image-5665\" src=\"http:\/\/www.oulucomics.com\/wp-content\/uploads\/2021\/08\/taysikasi-logo.jpeg\" alt=\"\" width=\"75\" height=\"75\" srcset=\"https:\/\/www.oulucomics.com\/wp-content\/uploads\/2021\/08\/taysikasi-logo.jpeg 225w, https:\/\/www.oulucomics.com\/wp-content\/uploads\/2021\/08\/taysikasi-logo-150x150.jpeg 150w\" sizes=\"auto, (max-width: 75px) 100vw, 75px\" \/><\/figure>\n<\/div>\n<p><!-- \/wp:image --> <!-- wp:image {\"align\":\"left\",\"id\":5663,\"width\":304,\"height\":159,\"sizeSlug\":\"large\"} --><\/p>\n<div class=\"wp-block-image\"><img loading=\"lazy\" decoding=\"async\" class=\"alignnone wp-image-5666\" src=\"http:\/\/www.oulucomics.com\/wp-content\/uploads\/2021\/08\/zumteufel-logo.png\" alt=\"\" width=\"187\" height=\"75\" srcset=\"https:\/\/www.oulucomics.com\/wp-content\/uploads\/2021\/08\/zumteufel-logo.png 356w, https:\/\/www.oulucomics.com\/wp-content\/uploads\/2021\/08\/zumteufel-logo-300x121.png 300w\" sizes=\"auto, (max-width: 187px) 100vw, 187px\" \/><img loading=\"lazy\" decoding=\"async\" class=\"alignnone wp-image-5664\" src=\"http:\/\/www.oulucomics.com\/wp-content\/uploads\/2021\/08\/mustaritari-logo.jpeg\" alt=\"\" width=\"113\" height=\"75\" \/><\/div>\n<p><!-- \/wp:image --><\/p>\n<hr \/>\n<p> <p class=\"wpsm-hide\" style=\"color: #cc0000; font-size: 100%; text-align: left;\"> piilota\/hide<\/p><\/div><\/div><\/p>\n<h4>18:00 - <strong>Skrew You! -tunnustuspalkinnonjako<\/strong><\/h4>\n<p><div class=\"show_more\"><p class=\"wpsm-show\" style=\"color: #cc0000; font-size: 100%; text-align: left;\"> lis\u00e4\u00e4\/more<\/p><div class=\"wpsm-content\"><\/p>\n<p><span style=\"font-weight: 400;\"><a href=\"http:\/\/www.oulucomics.com\/wp-content\/uploads\/2016\/08\/skrewyoupalkinnot2011.jpg\"><img loading=\"lazy\" decoding=\"async\" class=\"alignright size-medium wp-image-2508\" src=\"http:\/\/www.oulucomics.com\/wp-content\/uploads\/2016\/08\/skrewyoupalkinnot2011-300x225.jpg\" alt=\"\" width=\"300\" height=\"225\" srcset=\"https:\/\/www.oulucomics.com\/wp-content\/uploads\/2016\/08\/skrewyoupalkinnot2011-300x225.jpg 300w, https:\/\/www.oulucomics.com\/wp-content\/uploads\/2016\/08\/skrewyoupalkinnot2011.jpg 495w\" sizes=\"auto, (max-width: 300px) 100vw, 300px\" \/><\/a>Oulun Sarjakuvaseura my\u00f6nt\u00e4\u00e4 vuosittain Skrew You! -tunnustuspalkinnon pohjoissuomalaisen sarjakuvan eteen tehdyst\u00e4 ty\u00f6st\u00e4. T\u00e4m\u00e4n vuoden palkinnon saaja julkistetaan Oulun kymmenennell\u00e4 Sarjakuvafestivaalilla 19.11. klo 18:00.<\/span><\/p>\n<p><strong><span style=\"color: #0000ff;\">Skrew You! award ceremony<\/span><\/strong><\/p>\n<p><span style=\"font-weight: 400; color: #0000ff;\">Oulu Comics Association grants the annual Skrew You! award for work done for the benefit of northern comics. This year\u2019s award winner will be announced at Oulu X Comics Festival, on 19th of November 6:00 pm.<\/span><\/p>\n<p> <p class=\"wpsm-hide\" style=\"color: #cc0000; font-size: 100%; text-align: left;\"> piilota\/hide<\/p><\/div><\/div><\/p>\n<h4>18:15 - <strong>Oulun Sarjakuvafestivaali 10 vuotta -keskustelu<\/strong><\/h4>\n<p><div class=\"show_more\"><p class=\"wpsm-show\" style=\"color: #cc0000; font-size: 100%; text-align: left;\"> lis\u00e4\u00e4\/more<\/p><div class=\"wpsm-content\"><\/p>\n<p><span style=\"font-weight: 400;\">Oulun ensimm\u00e4inen Sarjakuvafestivaali j\u00e4rjestettiin vuonna 2012. Vuosien varrelle on mahtunut monenlaisia tapahtumia, edesottamuksia ja onnistumisia.<\/span><\/p>\n<p><span style=\"font-weight: 400;\">Festivaalin ideoinnista asti mukana olleet Oulun Sarjakuvakeskuksen toiminnanjohtaja <\/span><strong>Harri Filppa<\/strong><span style=\"font-weight: 400;\"> ja keskuksen kustannustoimittaja <\/span><strong>Reijo Valta<\/strong><span style=\"font-weight: 400;\"> pohtivat keskustelussa tapahtuman merkityst\u00e4 sarjakuvataiteen parissa ja osana oululaista kulttuurikentt\u00e4\u00e4.<\/span><\/p>\n<p><span style=\"font-weight: 400;\">Keskusteluun osallistuvat my\u00f6s sarjakuvantekij\u00e4t <\/span><strong>Mari Ahokoivu<\/strong><span style=\"font-weight: 400;\"> ja <\/span><strong>Ilpo Koskela<\/strong><span style=\"font-weight: 400;\">. Molemmat ovat vuosien varrella kantaneet korsiaan kekoon festivaalille, josta on kasvanut pysyv\u00e4 osa pohjoismaista sarjakuvatoimintaa. <\/span><\/p>\n<p><span style=\"font-weight: 400;\">Lis\u00e4ksi paikalla n\u00e4hd\u00e4\u00e4n my\u00f6s yll\u00e4tysvieraita. Keskustelu on vapaata ja kaikilla l\u00e4sn\u00e4olijoilla on yht\u00e4lainen mahdollisuus kertoa omia festivaalimuistojaan vuosien varrelta.<\/span><\/p>\n<hr \/>\n<p><span style=\"color: #0000ff;\"><strong><img loading=\"lazy\" decoding=\"async\" class=\"alignleft size-thumbnail wp-image-6070\" src=\"https:\/\/www.oulucomics.com\/wp-content\/uploads\/2021\/10\/OuluX_profiilikuva_web_Harri-150x150.jpg\" alt=\"\" width=\"150\" height=\"150\" srcset=\"https:\/\/www.oulucomics.com\/wp-content\/uploads\/2021\/10\/OuluX_profiilikuva_web_Harri-150x150.jpg 150w, https:\/\/www.oulucomics.com\/wp-content\/uploads\/2021\/10\/OuluX_profiilikuva_web_Harri-250x250.jpg 250w\" sizes=\"auto, (max-width: 150px) 100vw, 150px\" \/><img loading=\"lazy\" decoding=\"async\" class=\"alignleft size-thumbnail wp-image-6072\" src=\"https:\/\/www.oulucomics.com\/wp-content\/uploads\/2021\/10\/OuluX_profiilikuva_web_Reijo-150x150.jpg\" alt=\"\" width=\"150\" height=\"150\" srcset=\"https:\/\/www.oulucomics.com\/wp-content\/uploads\/2021\/10\/OuluX_profiilikuva_web_Reijo-150x150.jpg 150w, https:\/\/www.oulucomics.com\/wp-content\/uploads\/2021\/10\/OuluX_profiilikuva_web_Reijo-250x250.jpg 250w\" sizes=\"auto, (max-width: 150px) 100vw, 150px\" \/><img loading=\"lazy\" decoding=\"async\" class=\"alignleft size-thumbnail wp-image-6036\" src=\"https:\/\/www.oulucomics.com\/wp-content\/uploads\/2021\/10\/OuluX_profiilikuva_web_Mari-150x150.jpg\" alt=\"\" width=\"150\" height=\"150\" srcset=\"https:\/\/www.oulucomics.com\/wp-content\/uploads\/2021\/10\/OuluX_profiilikuva_web_Mari-150x150.jpg 150w, https:\/\/www.oulucomics.com\/wp-content\/uploads\/2021\/10\/OuluX_profiilikuva_web_Mari-250x250.jpg 250w\" sizes=\"auto, (max-width: 150px) 100vw, 150px\" \/><img loading=\"lazy\" decoding=\"async\" class=\"alignleft size-thumbnail wp-image-6067\" src=\"https:\/\/www.oulucomics.com\/wp-content\/uploads\/2021\/10\/OuluX_profiilikuva_web_Ilpo-150x150.jpg\" alt=\"\" width=\"150\" height=\"150\" srcset=\"https:\/\/www.oulucomics.com\/wp-content\/uploads\/2021\/10\/OuluX_profiilikuva_web_Ilpo-150x150.jpg 150w, https:\/\/www.oulucomics.com\/wp-content\/uploads\/2021\/10\/OuluX_profiilikuva_web_Ilpo-250x250.jpg 250w\" sizes=\"auto, (max-width: 150px) 100vw, 150px\" \/><\/strong><\/span><\/p>\n<hr \/>\n<p><span style=\"color: #0000ff;\"><strong>Discussion: 10 years of Oulu Comics Festival<\/strong><\/span><\/p>\n<p><span style=\"font-weight: 400; color: #0000ff;\">The first Oulu Comics Festival was organized in 2012. All sorts of events, setbacks, and\u00a0 successes have happened along the years.<\/span><\/p>\n<p><span style=\"color: #0000ff;\"><span style=\"font-weight: 400;\">In their discussion, the director of Oulu Comics Center <\/span><strong>Harri Filppa<\/strong><span style=\"font-weight: 400;\"> and the editor of Oulu Comics Center <\/span><strong>Reijo Valta<\/strong><span style=\"font-weight: 400;\">, who have both been involved with the festival from the very beginning, ponder the significance of the event to the artform of comics and to culture in general in the city of Oulu.<\/span><\/span><\/p>\n<p><span style=\"color: #0000ff;\"><span style=\"font-weight: 400;\">Also, comic artists <\/span><strong>Mari Ahokoivu<\/strong><span style=\"font-weight: 400;\"> and <\/span><strong>Ilpo Koskela<\/strong><span style=\"font-weight: 400;\"> take part in the discussion. Along the years, both have provided their help for the festival that has become a permanent part of the Nordic comics scene.<\/span><\/span><\/p>\n<p><span style=\"font-weight: 400; color: #0000ff;\">Additionally, there will be surprise guests. The discussion is open and anyone present has an equal chance to share their festival memories.<\/span><\/p>\n<p> <p class=\"wpsm-hide\" style=\"color: #cc0000; font-size: 100%; text-align: left;\"> piilota\/hide<\/p><\/div><\/div><\/p>\n<\/div><\/div>\n\t\t\t\t<\/li>\n\t\t\t \t<li class=\"event festivaali fest-en ffri klubi seura\">\n\t\t\t\t\t<div class=\"event-date\"><div class=\"end-date\"><div class=\"event-weekday\">Fri<\/div><div class=\"event-day\">19<\/div><div class=\"event-month\">Nov<\/div><div class=\"event-year\">2021<\/div><\/div><\/div>\n\t\t\t\t\t<div class=\"event-info multi-day\"><div class=\"event-title\"><h3>Drink&#039;n&#039;Draw<\/h3><\/div><span class=\"event-time\">20:00 -<\/span><span class=\"event-location\">Snooker Time, Asemakatu 28, Oulu<\/span><div class=\"event-details\"><p><img loading=\"lazy\" decoding=\"async\" class=\"size-full wp-image-2956 alignleft\" src=\"http:\/\/www.oulucomics.com\/wp-content\/uploads\/2017\/10\/fi.jpg\" alt=\"\" width=\"23\" height=\"20\" \/><\/p>\n<p><span style=\"font-weight: 400;\"><a href=\"http:\/\/www.oulucomics.com\/wp-content\/uploads\/2021\/09\/DND2021.jpeg\"><img loading=\"lazy\" decoding=\"async\" class=\"alignright size-medium wp-image-5924\" src=\"http:\/\/www.oulucomics.com\/wp-content\/uploads\/2021\/09\/DND2021-237x300.jpeg\" alt=\"\" width=\"237\" height=\"300\" srcset=\"https:\/\/www.oulucomics.com\/wp-content\/uploads\/2021\/09\/DND2021-237x300.jpeg 237w, https:\/\/www.oulucomics.com\/wp-content\/uploads\/2021\/09\/DND2021.jpeg 600w\" sizes=\"auto, (max-width: 237px) 100vw, 237px\" \/><\/a>Festivaaliperjantaina sarjakuvafestivaaliv\u00e4ki kokoontuu perinteisesti pienimuotoiseen illanviettoon, jossa toteutetaant\u00e4n\u00e4 vuonna sarjakuvamuotoinen jatkotarina. Kuka tahansa p\u00e4\u00e4see halutessaan osallistumaan sarjakuvan toteuttamiseen ja p\u00e4\u00e4st\u00e4m\u00e4\u00e4n oman luovuutensa valloilleen.<\/span><\/p>\n<p><span style=\"font-weight: 400;\">Tapahtuma on p\u00e4\u00e4symaksuton ja K18. Varaudu todistamaan henkil\u00f6llisyytesi ja n\u00e4ytt\u00e4m\u00e4\u00e4n koronapassi.<\/span><\/p>\n<p><span style=\"font-weight: 400; color: #0000ff;\"><a href=\"http:\/\/www.oulucomics.com\/wp-content\/uploads\/2017\/10\/en.jpg\"><img loading=\"lazy\" decoding=\"async\" class=\"size-full wp-image-2955 alignleft\" src=\"http:\/\/www.oulucomics.com\/wp-content\/uploads\/2017\/10\/en.jpg\" alt=\"\" width=\"23\" height=\"20\" \/><\/a>\u00a0On Friday during the festival, comics festival attendees gather for a traditional, small-scale social evening. This year, there will be a sequel story creation in comics form. Anyone can take part in it and let their creativity run wild.<\/span><\/p>\n<p><span style=\"font-weight: 400; color: #0000ff;\">The entry is free and adults only. Be prepared to prove your identity and show your corona passport.<\/span><\/p>\n<\/div><\/div>\n\t\t\t\t<\/li><\/ul>\n\t\t\t\t<\/div>\n","protected":false},"excerpt":{"rendered":"<p><!-- wp:paragraph --><\/p>\n<p><strong><a href=\"http:\/\/www.oulucomics.com\/en_US\/fest\/program2021\/\">Whole program<\/a> &#8211; <a href=\"http:\/\/www.oulucomics.com\/en_US\/fest\/program2021\/week-program-2021\/\">Festival week<\/a> &#8211;<\/strong><br \/><strong>19.11. Friday &#8211; <a ...\n<\/p>\n","protected":false},"author":1,"featured_media":0,"parent":5194,"menu_order":0,"comment_status":"closed","ping_status":"closed","template":"","meta":{"footnotes":""},"categories":[],"tags":[],"class_list":["post-5860","page","type-page","status-publish","hentry"],"_links":{"self":[{"href":"https:\/\/www.oulucomics.com\/en_US\/wp-json\/wp\/v2\/pages\/5860","targetHints":{"allow":["GET"]}}],"collection":[{"href":"https:\/\/www.oulucomics.com\/en_US\/wp-json\/wp\/v2\/pages"}],"about":[{"href":"https:\/\/www.oulucomics.com\/en_US\/wp-json\/wp\/v2\/types\/page"}],"author":[{"embeddable":true,"href":"https:\/\/www.oulucomics.com\/en_US\/wp-json\/wp\/v2\/users\/1"}],"replies":[{"embeddable":true,"href":"https:\/\/www.oulucomics.com\/en_US\/wp-json\/wp\/v2\/comments?post=5860"}],"version-history":[{"count":11,"href":"https:\/\/www.oulucomics.com\/en_US\/wp-json\/wp\/v2\/pages\/5860\/revisions"}],"predecessor-version":[{"id":5938,"href":"https:\/\/www.oulucomics.com\/en_US\/wp-json\/wp\/v2\/pages\/5860\/revisions\/5938"}],"up":[{"embeddable":true,"href":"https:\/\/www.oulucomics.com\/en_US\/wp-json\/wp\/v2\/pages\/5194"}],"wp:attachment":[{"href":"https:\/\/www.oulucomics.com\/en_US\/wp-json\/wp\/v2\/media?parent=5860"}],"wp:term":[{"taxonomy":"category","embeddable":true,"href":"https:\/\/www.oulucomics.com\/en_US\/wp-json\/wp\/v2\/categories?post=5860"},{"taxonomy":"post_tag","embeddable":true,"href":"https:\/\/www.oulucomics.com\/en_US\/wp-json\/wp\/v2\/tags?post=5860"}],"curies":[{"name":"wp","href":"https:\/\/api.w.org\/{rel}","templated":true}]}}