{"id":5459,"date":"2021-03-05T11:55:28","date_gmt":"2021-03-05T09:55:28","guid":{"rendered":"http:\/\/www.oulucomics.com\/?page_id=5459"},"modified":"2022-03-01T15:21:50","modified_gmt":"2022-03-01T13:21:50","slug":"sarjakuva-finlandia-2021-nayttely","status":"publish","type":"page","link":"https:\/\/www.oulucomics.com\/en_US\/sarjasto\/sarjakuva-finlandia-2021-nayttely\/","title":{"rendered":"Sarjasto \u2013 Sarjakuva-Finlandia (Comics-Finlandia) 2021 award"},"content":{"rendered":"\n<figure class=\"wp-block-image is-style-default\"><img decoding=\"async\" src=\"http:\/\/www.oulucomics.com\/wp-content\/uploads\/2021\/03\/000.jpg\" alt=\"T\u00e4m\u00e4n kuvan alt-attribuutti on tyhj\u00e4; Tiedoston nimi on 000.jpg\"\/><\/figure>\n\n\n<div class=\"show_more\"><p class=\"wpsm-show\" style=\"color: #cc0000; font-size: 100%; text-align: left;\"> <strong>More information about Sarjakuva-Finlandia (Comics-Finlandia) award<\/strong><\/p><div class=\"wpsm-content\"><\/p>\n\n\n\n<p>Sarjakuva-Finlandia (Comics-Finlandia) award is granted to a domestic artist to a group of domestic artists who have made a laudable comic book. The award is granted in spring every year in Tampere Kuplii comic festival. The grant is 5 000 euros. Tampere city is partnering with the award.<\/p>\n\n\n\n<p>Nominees can be self-published or professionally published comic books which are written in either Finnish or Swedish. Also other languages can be permitted, if the jury so decides. The award is title-specific.<\/p>\n\n\n\n<p>Every year, Tampere Kuplii registered association sets a jury who nominates ten nominees at most and appoints a person outside from the jury to make the final selection.<\/p>\n\n\n\n<p>Comics Finlandia award was established in 2007 and it is granted next time in March 2021.<\/p>\n\n\n\n<p><a href=\"https:\/\/www.sarjakuvafinlandia.fi\/\"><strong>Read more from the official website (only in Finnish)&#8230;<\/strong><\/a><\/p>\n\n\n<p> <p class=\"wpsm-hide\" style=\"color: #cc0000; font-size: 100%; text-align: left;\"> <strong>Hide more information<\/strong><\/p><\/div><\/div>\n\n\n\n<p>Winner of the 2021 award will be chosen by the agent of creativity <strong>Markku \u201dMato\u201d Valtonen<\/strong>. The award is granted to a domestic artist or to a group of domestic artists who have made a laudable comic book.<\/p>\n\n\n\n<p>In the year 2020, approximately&nbsp; 50&nbsp; comic books by domestic artists were published. The Corona pandemic almost halved the number of published titles. From the comic books, 45 were suggested for the award. The four-person jury set by Tampere Kuplii registered association read carefully every suggested book. The jury noted the level of publications being high again and noted selecting the nominees very challenging.<\/p>\n\n\n\n<p>The 2021 jury members are <strong>Pasi Heikura<\/strong>, <strong>Eija Isoviita<\/strong>, <strong>Eero Sainio<\/strong>, and <strong>Anna Vuorinne<\/strong>. The jury selected ten nominees for the award from suggested comic books.<\/p>\n\n\n\n<figure class=\"wp-block-image is-style-default\"><img decoding=\"async\" src=\"http:\/\/www.oulucomics.com\/wp-content\/uploads\/2021\/03\/001.jpg\" alt=\"T\u00e4m\u00e4n kuvan alt-attribuutti on tyhj\u00e4; Tiedoston nimi on 001.jpg\"\/><\/figure>\n\n\n<div class=\"show_more\"><p class=\"wpsm-show\" style=\"color: #cc0000; font-size: 100%; text-align: left;\"> <strong>More information about the book Homo Line<\/strong><\/p><div class=\"wpsm-content\"><\/p>\n\n\n\n<div class=\"wp-block-image is-style-default\"><figure class=\"alignleft size-large is-resized\"><img loading=\"lazy\" decoding=\"async\" src=\"https:\/\/www.sarjakuvafinlandia.fi\/kansikuvat\/970.png\" alt=\"\" width=\"250\" height=\"304\"\/><\/figure><\/div>\n\n\n\n<p><strong>Edith Hammar: Homo Line (F\u00f6rlaget)<\/strong><\/p>\n\n\n\n<p>This autobiographical book about cultural identities, sex, and sexuality challenges both concervative attitudes and the conventions of comic expression. The main character searches her place alternately from Helsinki and from Stockholm. In the end, it becomes evident that no nation, no city, nor a nationality make a home. It is more important to be yourself freely and actualize your identity as you desire. Despite a melancholic overtone of the story, it doesn\u2019t feel inconsolable, but reminds the reader of the radical power of dreaming.<\/p>\n\n\n\n<p>The book in <a href=\"https:\/\/finna.fi\/Record\/outi.2192646\"><strong>Finna.fi<\/strong><\/a><strong>&nbsp;<\/strong><\/p>\n\n\n\n<p>Artist\u2019s home page: <a href=\"https:\/\/edithhammar.com\/\"><strong>https:\/\/edithhammar.com\/<\/strong><\/a><br \/>The book on the publisher\u2019s web page: <a href=\"https:\/\/www.forlaget.com\/bocker\/homo-line\/\"><strong>https:\/\/www.forlaget.com\/bocker\/homo-line\/<\/strong><\/a><\/p>\n\n\n<p> <p class=\"wpsm-hide\" style=\"color: #cc0000; font-size: 100%; text-align: left;\"> <strong>Hide more information<\/strong><\/p><\/div><\/div>\n\n\n\n<figure class=\"wp-block-image is-style-default\"><img decoding=\"async\" src=\"http:\/\/www.oulucomics.com\/wp-content\/uploads\/2021\/03\/002.jpg\" alt=\"T\u00e4m\u00e4n kuvan alt-attribuutti on tyhj\u00e4; Tiedoston nimi on 002.jpg\"\/><\/figure>\n\n\n<div class=\"show_more\"><p class=\"wpsm-show\" style=\"color: #cc0000; font-size: 100%; text-align: left;\"> <strong>More information about the book Tatu ja Patu \u2013 kovaa menoa kiskoilla<\/strong><\/p><div class=\"wpsm-content\"><\/p>\n\n\n\n<div class=\"wp-block-image is-style-default\"><figure class=\"alignleft size-large is-resized\"><img loading=\"lazy\" decoding=\"async\" src=\"https:\/\/www.sarjakuvafinlandia.fi\/kansikuvat\/971.png\" alt=\"\" width=\"250\" height=\"308\"\/><\/figure><\/div>\n\n\n\n<p><strong>Aino Havukainen &#8211; Sami Toivonen: Tatu ja Patu &#8211; kovaa menoa kiskoilla (Otava)<\/strong><\/p>\n\n\n\n<p>The first full Tatu ja Patu comic book is a masterful showcase of a sovereign capability of its creators, both in wide lines and in the mastery of abundant details. Suggested target age group can\u2019t make justice to this book. Even a child can get the message of the book, but also adults need to pay close attention to grasp everything. Outola brothers remind the reader to view the world again with a little bit fresher eyes.<\/p>\n\n\n\n<p>The book in <a href=\"https:\/\/finna.fi\/Record\/outi.2165270\"><strong>Finna.fi<\/strong><\/a><\/p>\n\n\n\n<p>Tatu ja Patu web page: <a href=\"http:\/\/tatujapatu.fi\/kirjat\/\"><strong>http:\/\/tatujapatu.fi\/kirjat\/<\/strong><\/a><br \/>The book on the publisher\u2019s web page: <a href=\"https:\/\/otava.fi\/kirjat\/tatu-ja-patu-kovaa-menoa-kiskoilla\/\"><strong>https:\/\/otava.fi\/kirjat\/tatu-ja-patu-kovaa-menoa-kiskoilla\/<\/strong><\/a><\/p>\n\n\n<p> <p class=\"wpsm-hide\" style=\"color: #cc0000; font-size: 100%; text-align: left;\"> <strong>Hide more information<\/strong><\/p><\/div><\/div>\n\n\n\n<figure class=\"wp-block-image is-style-default\"><img decoding=\"async\" src=\"http:\/\/www.oulucomics.com\/wp-content\/uploads\/2021\/03\/003.jpg\" alt=\"T\u00e4m\u00e4n kuvan alt-attribuutti on tyhj\u00e4; Tiedoston nimi on 003.jpg\"\/><\/figure>\n\n\n<div class=\"show_more\"><p class=\"wpsm-show\" style=\"color: #cc0000; font-size: 100%; text-align: left;\"> <strong>More information about the book Kuutamo ja muita kertomuksia<\/strong><\/p><div class=\"wpsm-content\"><\/p>\n\n\n\n<div class=\"wp-block-image is-style-default\"><figure class=\"alignleft size-large is-resized\"><img loading=\"lazy\" decoding=\"async\" src=\"https:\/\/www.sarjakuvafinlandia.fi\/kansikuvat\/958.png\" alt=\"\" width=\"250\" height=\"356\"\/><\/figure><\/div>\n\n\n\n<p><strong>Tuisku Hiltunen: Kuutamo ja muita kertomuksia (Suuri Kurpitsa)<\/strong><\/p>\n\n\n\n<p>This collection of three novella-like comics is about relationships, love, and search of one&#8217;s own path. The settings vary from a city environment resembling the present era to the era of sailing ships to a futuristic space era. Despite this variety, every story deals with basic questions of humanity. How to be yourself? How to meet another person? How to express love? The book depicts human problems with kindness and strengthens the faith in open discussion.<\/p>\n\n\n\n<p>The book in <a href=\"https:\/\/finna.fi\/Record\/outi.2165187\"><strong>Finna.fi<\/strong><\/a><\/p>\n\n\n\n<p>Artist\u2019s home page: <a href=\"https:\/\/www.tuiskuhiltunen.com\/\"><strong>https:\/\/www.tuiskuhiltunen.com\/<\/strong><\/a><br \/>The book on the publisher\u2019s web page: <a href=\"https:\/\/www.suurikurpitsa.fi\/p\/kuutamo-ja-muita-kertomuksia\"><strong>https:\/\/www.suurikurpitsa.fi\/p\/kuutamo-ja-muita-kertomuksia<\/strong><\/a><\/p>\n\n\n<p> <p class=\"wpsm-hide\" style=\"color: #cc0000; font-size: 100%; text-align: left;\"> <strong>Hide more information<\/strong><\/p><\/div><\/div>\n\n\n\n<figure class=\"wp-block-image is-style-default\"><img decoding=\"async\" src=\"http:\/\/www.oulucomics.com\/wp-content\/uploads\/2021\/03\/004.jpg\" alt=\"T\u00e4m\u00e4n kuvan alt-attribuutti on tyhj\u00e4; Tiedoston nimi on 004.jpg\"\/><\/figure>\n\n\n<div class=\"show_more\"><p class=\"wpsm-show\" style=\"color: #cc0000; font-size: 100%; text-align: left;\"> <strong>More information about the book Ammatti: k\u00e4sikirjoittaja<\/strong><\/p><div class=\"wpsm-content\"><\/p>\n\n\n\n<div class=\"wp-block-image is-style-default\"><figure class=\"alignleft size-large is-resized\"><img loading=\"lazy\" decoding=\"async\" src=\"https:\/\/www.sarjakuvafinlandia.fi\/kansikuvat\/963.png\" alt=\"\" width=\"250\" height=\"264\"\/><\/figure><\/div>\n\n\n\n<p><strong>Pauli Kallio <\/strong><strong>and 22 other authors<\/strong>: Ammatti: k\u00e4sikirjoittaja (Suuri Kurpitsa)<\/p>\n\n\n\n<p>This hefty collection from long time professional comic artist Pauli Kallio consists of strips published in magazines and newspapers. Comments from Kallio and 22 artists share light on the creation process of comics, on collaboration between script writer and artist, and on the history of Finnish comic strips on magazines and newspapers from 1980s to this day. It is a comprehensive assortment which provides something to ponder for a long time and to which you can always come back time and time again.<\/p>\n\n\n\n<p>The list of artists is unlike any other: <em>JP Ahonen, Saila Juuti, Ulf K, Jussi Karjalainen, Kati Kov\u00e1cs, Maarit Kyt\u00f6harju, Karri Laitinen, Mika Lietz\u00e9n, Jan Lindstr\u00f6m, Reetta Niemensivu, Christer Nuutinen, Pentti Otsamo, Ville Pirinen, Tomi Riionheimo, Jii Roikonen, Tiitu Takalo, Petteri Tikkanen, J. Tilsa, Piipa Toivonen, Sami Toivonen, Katja Tukiainen, and Sami V\u00e4h\u00e4-Aho.<\/em><\/p>\n\n\n\n<p>The book in <a href=\"https:\/\/finna.fi\/Record\/outi.2181760\"><strong>Finna.fi<\/strong><\/a><\/p>\n\n\n\n<p>The book on the publisher\u2019s web page: <a href=\"https:\/\/www.suurikurpitsa.fi\/p\/ammatti-kaesikirjoittaja-1\"><strong>https:\/\/www.suurikurpitsa.fi\/p\/ammatti-kaesikirjoittaja-1<\/strong><\/a><\/p>\n\n\n<p> <p class=\"wpsm-hide\" style=\"color: #cc0000; font-size: 100%; text-align: left;\"> <strong>Hide more information<\/strong><\/p><\/div><\/div>\n\n\n\n<figure class=\"wp-block-image is-style-default\"><img decoding=\"async\" src=\"http:\/\/www.oulucomics.com\/wp-content\/uploads\/2021\/03\/005.jpg\" alt=\"T\u00e4m\u00e4n kuvan alt-attribuutti on tyhj\u00e4; Tiedoston nimi on 005.jpg\"\/><\/figure>\n\n\n<div class=\"show_more\"><p class=\"wpsm-show\" style=\"color: #cc0000; font-size: 100%; text-align: left;\"> <strong>More information about the book Katkenneita lankoja<\/strong><\/p><div class=\"wpsm-content\"><\/p>\n\n\n\n<div class=\"wp-block-image is-style-default\"><figure class=\"alignleft size-large is-resized\"><img loading=\"lazy\" decoding=\"async\" src=\"https:\/\/www.sarjakuvafinlandia.fi\/kansikuvat\/980.png\" alt=\"\" width=\"250\" height=\"360\"\/><\/figure><\/div>\n\n\n\n<p><strong>Karoliina Korhonen &#8211; Anssi Vieruaho <\/strong><strong>(ed) and 9 comic artist: Katkenneita lankoja (Atena)<\/strong><\/p>\n\n\n\n<p>Karoliina Korhonen and Anssi Vieruaho have edited a comics anthology from burnout which is a worryingly common phenomenon in our times. Stylistically very varied stories by nine comic book artists aptly describe the various manifestations of exhaustion. The stories form an intact entity, which wakes the reader to scrutinize problems in the working culture and helps them to understand burned out ones.<\/p>\n\n\n\n<p>The artist are Tuisku Hiltunen, Emmi Nieminen, Sami Nyyss\u00f6l\u00e4, Niko-Petteri Niva, Mari Ahokoivu, Milla Paloniemi, Harri Tervapuro, Avi Heikkinen, and Anssi Vieruaho.<\/p>\n\n\n\n<p>The book in <a href=\"https:\/\/finna.fi\/Record\/outi.2189830\"><strong>Finna.fi<\/strong><\/a><\/p>\n\n\n\n<p>The book on the publisher\u2019s web page: <a href=\"https:\/\/atena.fi\/kirjat\/katkenneita-lankoja\"><strong>https:\/\/atena.fi\/kirjat\/katkenneita-lankoja<\/strong><\/a><\/p>\n\n\n<p> <p class=\"wpsm-hide\" style=\"color: #cc0000; font-size: 100%; text-align: left;\"> <strong>Hide more information<\/strong><\/p><\/div><\/div>\n\n\n\n<figure class=\"wp-block-image is-style-default\"><img decoding=\"async\" src=\"http:\/\/www.oulucomics.com\/wp-content\/uploads\/2021\/03\/006.jpg\" alt=\"T\u00e4m\u00e4n kuvan alt-attribuutti on tyhj\u00e4; Tiedoston nimi on 006.jpg\"\/><\/figure>\n\n\n<div class=\"show_more\"><p class=\"wpsm-show\" style=\"color: #cc0000; font-size: 100%; text-align: left;\"> <strong>More information about the book Marjatta &amp; Ilman Kinna<\/strong><\/p><div class=\"wpsm-content\"><\/p>\n\n\n\n<div class=\"wp-block-image is-style-default\"><figure class=\"alignleft size-large is-resized\"><img loading=\"lazy\" decoding=\"async\" src=\"https:\/\/www.sarjakuvafinlandia.fi\/kansikuvat\/954.png\" alt=\"\" width=\"250\" height=\"176\"\/><\/figure><\/div>\n\n\n\n<p><strong>Kari Korolainen: Marjatta &amp; Ilman Kinna (Kirjokansi)<\/strong><\/p>\n\n\n\n<p>Maid Marjatta, who has ended up a long way from home, and Kinna, who is a traveler with bird legs, meet at village counsel, which is summoned to solve the riddle of a mysterious bag found in the forest. Both of them are haunted by ghosts, too. The story is set in an undefined time period in the past and it incorporates Finnish myths and beliefs. Vivid art style carries the plot effortlessly, and the dialect used by the characters is the icing on the top of this delightful book.<\/p>\n\n\n\n<p>The book in <a href=\"https:\/\/finna.fi\/Record\/outi.2163136\"><strong>Finna.fi<\/strong><\/a><\/p>\n\n\n\n<p>The book on the publisher\u2019s web page: <a href=\"http:\/\/kirjokansi.fi\/kirjat.html\"><strong>http:\/\/kirjokansi.fi\/kirjat.html<\/strong><\/a><\/p>\n\n\n<p> <p class=\"wpsm-hide\" style=\"color: #cc0000; font-size: 100%; text-align: left;\"> <strong>Hide more information<\/strong><\/p><\/div><\/div>\n\n\n\n<figure class=\"wp-block-image is-style-default\"><img decoding=\"async\" src=\"http:\/\/www.oulucomics.com\/wp-content\/uploads\/2021\/03\/008.jpg\" alt=\"T\u00e4m\u00e4n kuvan alt-attribuutti on tyhj\u00e4; Tiedoston nimi on 008.jpg\"\/><\/figure>\n\n\n<div class=\"show_more\"><p class=\"wpsm-show\" style=\"color: #cc0000; font-size: 100%; text-align: left;\"> <strong>More information about the book Sarjakuvaterapiaa ja muita kertomuksia hulluudesta<\/strong><\/p><div class=\"wpsm-content\"><\/p>\n\n\n\n<div class=\"wp-block-image is-style-default\"><figure class=\"alignleft size-large is-resized\"><img loading=\"lazy\" decoding=\"async\" src=\"https:\/\/www.sarjakuvafinlandia.fi\/kansikuvat\/959.png\" alt=\"\" width=\"250\" height=\"359\"\/><\/figure><\/div>\n\n\n\n<p><strong>Viivi Rintanen: Sarjakuvaterapiaa ja muita kertomuksia hulluudesta (Suuri Kurpitsa)<\/strong><\/p>\n\n\n\n<p>Viivi Rintanen leads her reader into dark landscapes of mental health problems in an understanding and an easy-to-understand way. Rantanen has managed to create compelling comics from reality-based, ordinary horror stories. Despite the gloomy topics, effective illustrations carry the comic book to its goal therapeutically.<\/p>\n\n\n\n<p>The book in <a href=\"https:\/\/finna.fi\/Record\/outi.2181761\"><strong>Finna.fi<\/strong><\/a><\/p>\n\n\n\n<p>Artist\u2019s home page: <a href=\"https:\/\/cargocollective.com\/viivirintanen\"><strong>https:\/\/cargocollective.com\/viivirintanen<\/strong><\/a><br \/>The book on the publisher\u2019s web page: <a href=\"https:\/\/www.suurikurpitsa.fi\/p\/sarjakuvaterapiaa-ja-muita-kertomuksia-hulluudesta\"><strong>https:\/\/www.suurikurpitsa.fi\/p\/sarjakuvaterapiaa-ja-muita-kertomuksia-hulluudesta<\/strong><\/a><\/p>\n\n\n<p> <p class=\"wpsm-hide\" style=\"color: #cc0000; font-size: 100%; text-align: left;\"> <strong>Hide more information<\/strong><\/p><\/div><\/div>\n\n\n\n<figure class=\"wp-block-image is-style-default\"><img decoding=\"async\" src=\"http:\/\/www.oulucomics.com\/wp-content\/uploads\/2021\/03\/007.jpg\" alt=\"T\u00e4m\u00e4n kuvan alt-attribuutti on tyhj\u00e4; Tiedoston nimi on 007.jpg\"\/><\/figure>\n\n\n<div class=\"show_more\"><p class=\"wpsm-show\" style=\"color: #cc0000; font-size: 100%; text-align: left;\"> <strong>More information about the book Korpit ja muita kertomuksia<\/strong><\/p><div class=\"wpsm-content\"><\/p>\n\n\n\n<div class=\"wp-block-image is-style-default\"><figure class=\"alignleft size-large is-resized\"><img loading=\"lazy\" decoding=\"async\" src=\"https:\/\/www.sarjakuvafinlandia.fi\/kansikuvat\/997.png\" alt=\"\" width=\"250\" height=\"340\"\/><\/figure><\/div>\n\n\n\n<p><strong>Timo M\u00e4kel\u00e4: Korpit ja muita kertomuksia (t\u00e4ysi K\u00c4SI oy and Arktinen Banaani)<\/strong><\/p>\n\n\n\n<p>This collection of eight short stories leads the reader through the western art history. Time travel starts from Medieval Church Art, travels through Renaissance, Baroque and Impressionism, and ends with the surrealistic world of Ren\u00e9 Magritte. There is a humoristic touch in the comic book, but a few of the stories have a glimpse to the downsides of the art world. The periods of art history are clearly visible in the visuals of the book, of which stories adapt to the aesthetics of each period.<\/p>\n\n\n\n<p>The book in <a href=\"https:\/\/finna.fi\/Record\/outi.2168767\"><strong>Finna.fi<\/strong><\/a><\/p>\n\n\n\n<p>The book on the publisher&#8217;s web page: <a href=\"https:\/\/arktinenbanaani.fi\/search.php?search=korpit#!product_id=9789522704337\"><strong>https:\/\/arktinenbanaani.fi\/search.php?search=korpit#!product_id=9789522704337<\/strong><\/a><\/p>\n\n\n<p> <p class=\"wpsm-hide\" style=\"color: #cc0000; font-size: 100%; text-align: left;\"> <strong>Hide more information<\/strong><\/p><\/div><\/div>\n\n\n\n<figure class=\"wp-block-image is-style-default\"><img decoding=\"async\" src=\"http:\/\/www.oulucomics.com\/wp-content\/uploads\/2021\/03\/009.jpg\" alt=\"T\u00e4m\u00e4n kuvan alt-attribuutti on tyhj\u00e4; Tiedoston nimi on 009.jpg\"\/><\/figure>\n\n\n<div class=\"show_more\"><p class=\"wpsm-show\" style=\"color: #cc0000; font-size: 100%; text-align: left;\"> <strong>More information about the book Vuokrakolmio Bermudalla<\/strong><\/p><div class=\"wpsm-content\"><\/p>\n\n\n\n<div class=\"wp-block-image is-style-default\"><figure class=\"alignleft size-large is-resized\"><img loading=\"lazy\" decoding=\"async\" src=\"https:\/\/www.sarjakuvafinlandia.fi\/kansikuvat\/993.png\" alt=\"\" width=\"250\" height=\"340\"\/><\/figure><\/div>\n\n\n\n<p><strong>Samson: Musta hevonen: Vuokrakolmio Bermudalla (Egmont kustannus)<\/strong><\/p>\n\n\n\n<p>Musta Hevonen manages to surprise with its personal style, insightfulness, and quality of craft&nbsp; in the most familiar form of comics, the humorous comic strips. The main character\u2019s personality may not become deeper, but the humor supports its&nbsp; laconic attitude of life. Stripped-down graphics works reliably in illustrations and as a basis of the humor.<\/p>\n\n\n\n<p>The book in <a href=\"https:\/\/finna.fi\/Record\/outi.2149652\"><strong>Finna.fi<\/strong><\/a><\/p>\n\n\n\n<p>Musta hevonen comics blog: <a href=\"http:\/\/mustaheppa.sarjakuvablogit.com\/author\/samson\/\">&nbsp;<strong>http:\/\/mustaheppa.sarjakuvablogit.com\/author\/samson\/<\/strong><\/a><br \/>The book on the publisher\u2019s web page: <a href=\"https:\/\/egmont.fi\/tuotteet\/musta-hevonen-vuokrakolmio-bermudalla\/\"><strong>https:\/\/egmont.fi\/tuotteet\/musta-hevonen-vuokrakolmio-bermudalla\/<\/strong><\/a><\/p>\n\n\n<p> <p class=\"wpsm-hide\" style=\"color: #cc0000; font-size: 100%; text-align: left;\"> <strong>Hide more information<\/strong><\/p><\/div><\/div>\n\n\n\n<figure class=\"wp-block-image is-style-default\"><img decoding=\"async\" src=\"http:\/\/www.oulucomics.com\/wp-content\/uploads\/2021\/03\/010.jpg\" alt=\"T\u00e4m\u00e4n kuvan alt-attribuutti on tyhj\u00e4; Tiedoston nimi on 010.jpg\"\/><\/figure>\n\n\n<div class=\"show_more\"><p class=\"wpsm-show\" style=\"color: #cc0000; font-size: 100%; text-align: left;\"> <strong>More information about the book Memento Mori<\/strong><\/p><div class=\"wpsm-content\"><\/p>\n\n\n\n<div class=\"wp-block-image is-style-default\"><figure class=\"alignleft size-large is-resized\"><img loading=\"lazy\" decoding=\"async\" src=\"https:\/\/www.sarjakuvafinlandia.fi\/kansikuvat\/955.png\" alt=\"\" width=\"250\" height=\"355\"\/><\/figure><\/div>\n\n\n\n<p><strong>Tiitu Takalo: Memento Mori (WSOY)<\/strong><\/p>\n\n\n\n<p>Takalo has crafted a masterful journey into a human mind by Memento Mori. Although the book has many layers and it is personal,&nbsp; it is also&nbsp; easy to approach and easy to follow.&nbsp; That is a guaranteed trait of Takalo\u2019s style.<\/p>\n\n\n\n<p>The book in <a href=\"https:\/\/finna.fi\/Record\/outi.2151287\"><strong>Finna.fi<\/strong><\/a><\/p>\n\n\n\n<p>Artist\u2019s home page: <a href=\"http:\/\/www.tiitutakalo.net\/\"><strong>http:\/\/www.tiitutakalo.net\/<\/strong><\/a><br \/>The book on the publisher\u2019s web page: <a href=\"https:\/\/www.wsoy.fi\/kirja\/tiitu-takalo\/memento-mori\/9789510447482\"><strong>https:\/\/www.wsoy.fi\/kirja\/tiitu-takalo\/memento-mori\/9789510447482<\/strong><\/a><\/p>\n\n\n<p> <p class=\"wpsm-hide\" style=\"color: #cc0000; font-size: 100%; text-align: left;\"> <strong>Hide more information<\/strong><\/p><\/div><\/div>\n\n\n\n<figure class=\"wp-block-image is-style-default\"><img decoding=\"async\" src=\"http:\/\/www.oulucomics.com\/wp-content\/uploads\/2021\/03\/011.jpg\" alt=\"T\u00e4m\u00e4n kuvan alt-attribuutti on tyhj\u00e4; Tiedoston nimi on 011.jpg\"\/><\/figure>\n\n\n\n<p>This Virtual exhibition is carried out by <a href=\"http:\/\/www.oulucomics.com\/en_US\/keskus\/\">Oulu Comics Center<\/a> in cooperation with <a href=\"https:\/\/www.ouka.fi\/oulu\/library\/\">Oulu City Library<\/a> and <a href=\"https:\/\/www.ouka.fi\/oulu\/kirjasto\/sarjasto\">Sarjasto<\/a>. It is our first digital exhibition production which we made because of the Corona pandemic restrictions in the library.<\/p>\n","protected":false},"excerpt":{"rendered":"<p><!-- wp:image {\"className\":\"is-style-default\"} --><\/p>\n<figure class=\"wp-block-image is-style-default\"><img decoding=\"async\" src=\"http:\/\/www.oulucomics.com\/wp-content\/uploads\/2021\/03\/000.jpg\" alt=\"T\u00e4m\u00e4n kuvan alt-attribuutti on tyhj\u00e4; Tiedoston nimi on 000.jpg\"\/><\/figure... \n\n","protected":false},"author":1,"featured_media":0,"parent":6,"menu_order":0,"comment_status":"closed","ping_status":"closed","template":"","meta":{"footnotes":""},"categories":[],"tags":[],"class_list":["post-5459","page","type-page","status-publish","hentry"],"_links":{"self":[{"href":"https:\/\/www.oulucomics.com\/en_US\/wp-json\/wp\/v2\/pages\/5459","targetHints":{"allow":["GET"]}}],"collection":[{"href":"https:\/\/www.oulucomics.com\/en_US\/wp-json\/wp\/v2\/pages"}],"about":[{"href":"https:\/\/www.oulucomics.com\/en_US\/wp-json\/wp\/v2\/types\/page"}],"author":[{"embeddable":true,"href":"https:\/\/www.oulucomics.com\/en_US\/wp-json\/wp\/v2\/users\/1"}],"replies":[{"embeddable":true,"href":"https:\/\/www.oulucomics.com\/en_US\/wp-json\/wp\/v2\/comments?post=5459"}],"version-history":[{"count":83,"href":"https:\/\/www.oulucomics.com\/en_US\/wp-json\/wp\/v2\/pages\/5459\/revisions"}],"predecessor-version":[{"id":6647,"href":"https:\/\/www.oulucomics.com\/en_US\/wp-json\/wp\/v2\/pages\/5459\/revisions\/6647"}],"up":[{"embeddable":true,"href":"https:\/\/www.oulucomics.com\/en_US\/wp-json\/wp\/v2\/pages\/6"}],"wp:attachment":[{"href":"https:\/\/www.oulucomics.com\/en_US\/wp-json\/wp\/v2\/media?parent=5459"}],"wp:term":[{"taxonomy":"category","embeddable":true,"href":"https:\/\/www.oulucomics.com\/en_US\/wp-json\/wp\/v2\/categories?post=5459"},{"taxonomy":"post_tag","embeddable":true,"href":"https:\/\/www.oulucomics.com\/en_US\/wp-json\/wp\/v2\/tags?post=5459"}],"curies":[{"name":"wp","href":"https:\/\/api.w.org\/{rel}","templated":true}]}}