{"id":5064,"date":"2020-12-10T15:57:53","date_gmt":"2020-12-10T13:57:53","guid":{"rendered":"http:\/\/www.oulucomics.com\/?page_id=5064"},"modified":"2022-03-01T17:34:13","modified_gmt":"2022-03-01T15:34:13","slug":"hyvaa-joulua-2020","status":"publish","type":"page","link":"https:\/\/www.oulucomics.com\/en_US\/keskus\/allevents\/hyvaa-joulua-2020\/","title":{"rendered":"Merry Christmas 2020!"},"content":{"rendered":"\n<p>Oulu Comics Center wishes joyful Christmas via <a href=\"http:\/\/sannijajoonas.fi\/\"><strong>Sanni &amp; Joonas<\/strong><\/a> comic strips by <strong>Kalle Hakkola <\/strong>and <strong>Mari Ahokoivu<\/strong>.&nbsp;<\/p>\n\n\n\n<p>In addition to reading, you can e.g. <a href=\"http:\/\/sannijajoonas.fi\/kalle_karhu\/\">learn how to draw Kalle Karhu<\/a> and <a href=\"http:\/\/sannijajoonas.fi\/tehtavat\/\">do many other inspiring tasks<\/a> on the Sanni &amp; Joonas webpage.<\/p>\n\n\n\n<figure class=\"wp-block-image is-style-default\"><img decoding=\"async\" src=\"http:\/\/www.oulucomics.com\/wp-content\/uploads\/2020\/12\/SJkoululainen14-782x1024.jpg\" alt=\"T\u00e4m\u00e4n kuvan alt-attribuutti on tyhj\u00e4; Tiedoston nimi on SJkoululainen14-782x1024.jpg\"\/><\/figure>\n\n\n\n<figure class=\"wp-block-image is-style-default\"><img decoding=\"async\" src=\"http:\/\/www.oulucomics.com\/wp-content\/uploads\/2020\/12\/koululainen14-821x1024.jpg\" alt=\"T\u00e4m\u00e4n kuvan alt-attribuutti on tyhj\u00e4; Tiedoston nimi on koululainen14-821x1024.jpg\"\/><\/figure>\n\n\n\n<p>You can handily order <a href=\"https:\/\/www.kumiorava.fi\/epages\/kumiorava.sf\/fi_FI\/?ObjectID=2142109&amp;ViewAction=FacetedSearchProducts&amp;SearchString=sanni\">Sanni &amp; Joonas comic books<\/a> directly from the publisher in Kumiorava webstore.<\/p>\n","protected":false},"excerpt":{"rendered":"<p><!-- wp:paragraph --><\/p>\n<p>Oulu Comics Center wishes joyful Christmas via <a href=\"http:\/\/sannijajoonas.fi\/\"><strong>Sanni &amp; Joonas<\/strong><\/a> comic strips by <strong>Kalle Hakkola <\/strong>and <strong>Mari Ahokoivu<\/strong>.&nbsp;<\/p>\n<p><!-- \/wp:p...\n<\/p>\n","protected":false},"author":1,"featured_media":0,"parent":1482,"menu_order":0,"comment_status":"closed","ping_status":"closed","template":"","meta":{"footnotes":""},"categories":[],"tags":[],"class_list":["post-5064","page","type-page","status-publish","hentry"],"_links":{"self":[{"href":"https:\/\/www.oulucomics.com\/en_US\/wp-json\/wp\/v2\/pages\/5064","targetHints":{"allow":["GET"]}}],"collection":[{"href":"https:\/\/www.oulucomics.com\/en_US\/wp-json\/wp\/v2\/pages"}],"about":[{"href":"https:\/\/www.oulucomics.com\/en_US\/wp-json\/wp\/v2\/types\/page"}],"author":[{"embeddable":true,"href":"https:\/\/www.oulucomics.com\/en_US\/wp-json\/wp\/v2\/users\/1"}],"replies":[{"embeddable":true,"href":"https:\/\/www.oulucomics.com\/en_US\/wp-json\/wp\/v2\/comments?post=5064"}],"version-history":[{"count":6,"href":"https:\/\/www.oulucomics.com\/en_US\/wp-json\/wp\/v2\/pages\/5064\/revisions"}],"predecessor-version":[{"id":6659,"href":"https:\/\/www.oulucomics.com\/en_US\/wp-json\/wp\/v2\/pages\/5064\/revisions\/6659"}],"up":[{"embeddable":true,"href":"https:\/\/www.oulucomics.com\/en_US\/wp-json\/wp\/v2\/pages\/1482"}],"wp:attachment":[{"href":"https:\/\/www.oulucomics.com\/en_US\/wp-json\/wp\/v2\/media?parent=5064"}],"wp:term":[{"taxonomy":"category","embeddable":true,"href":"https:\/\/www.oulucomics.com\/en_US\/wp-json\/wp\/v2\/categories?post=5064"},{"taxonomy":"post_tag","embeddable":true,"href":"https:\/\/www.oulucomics.com\/en_US\/wp-json\/wp\/v2\/tags?post=5064"}],"curies":[{"name":"wp","href":"https:\/\/api.w.org\/{rel}","templated":true}]}}