{"id":4936,"date":"2020-10-28T09:20:34","date_gmt":"2020-10-28T07:20:34","guid":{"rendered":"http:\/\/www.oulucomics.com\/?page_id=4936"},"modified":"2021-01-28T16:32:48","modified_gmt":"2021-01-28T14:32:48","slug":"mainlibrary","status":"publish","type":"page","link":"https:\/\/www.oulucomics.com\/en_US\/fest\/past\/2020-2\/mainlibrary\/","title":{"rendered":"Festival exhibitions 2020 - Main library"},"content":{"rendered":"\n\n\t\t\t\t<div class=\"event-list\">\n\t\t\t\t<ul class=\"event-list-view\">\n\t\t\t \t<li class=\"event festivaali nayttelyt sarjasto\">\n\t\t\t\t\t<div class=\"event-date multi-date\"><div class=\"start-date\"><div class=\"event-weekday\">Thu<\/div><div class=\"event-day\">19<\/div><div class=\"event-month\">Nov<\/div><div class=\"event-year\">2020<\/div><\/div><div class=\"end-date\"><div class=\"event-weekday\">Tue<\/div><div class=\"event-day\">08<\/div><div class=\"event-month\">Dec<\/div><div class=\"event-year\">2020<\/div><\/div><\/div>\n\t\t\t\t\t<div class=\"event-info multi-day\"><div class=\"event-title\"><h3>Petteri Tikkasen suosituksia maskilla -n\u00e4yttely<\/h3><\/div><span class=\"event-location\">P\u00e4\u00e4kirjasto, Laituri | Main library Laituri, Kaarlenv\u00e4yl\u00e4 3, Oulu<\/span><div class=\"event-details\"><p><img class=\"alignright wp-image-4970\" src=\"http:\/\/www.oulucomics.com\/wp-content\/uploads\/2020\/10\/MaskisuositusPeider014-964x1024.jpg\" alt=\"\" width=\"300\" height=\"319\" \/>Sarjakuvataiteilija Petteri Tikkanen ei ole koskaan ollut ajankohtaiskuvittamisen suuri fani. Sit\u00e4kin sarkaa h\u00e4n on nyt tovin kynt\u00e4nyt. Korona-aika sai Tikkasen tarttumaan wc-paperiin ja tekem\u00e4\u00e4n p\u00e4ivitt\u00e4in muistiinpanoja sille. Samalla taiteilija k\u00e4vi l\u00e4vitse Puup\u00e4\u00e4hatun innoittamia visioita strippimuodossa.<\/p>\n<p>Kun h\u00e4nen kiinnostuksensa niihin hiipui, niin fokus tarkentui maskeihin ja erityisesti maskisuositukseen. Black Peider -hahmo on naamiolla varustettu supersankaripainija. Maski\/naamio on supersankarisarjakuvien peruskauraa. Nyt ihmiset kantavat arjessa naamioita.<\/p>\n<p>Tikkanen l\u00e4hti kokeilemaan mit\u00e4 kaikkea maskeista saa irti. Syntyi 20 ideaa. Enemm\u00e4nkin saattaa joskus viel\u00e4 tulla, mutta t\u00e4ll\u00e4 hetkell\u00e4 taiteilija on tyytyv\u00e4inen t\u00e4h\u00e4nkin satsiin. Maskisuositukset p\u00e4\u00e4tyiv\u00e4tkin nyt korona-ajan keskell\u00e4 Oulun sarjakuvafestivaalin n\u00e4yttelyksi.<\/p>\n<\/div><\/div>\n\t\t\t\t<\/li>\n\t\t\t \t<li class=\"event festivaali nayttelyt sarjasto\">\n\t\t\t\t\t<div class=\"event-date multi-date\"><div class=\"start-date\"><div class=\"event-weekday\">Thu<\/div><div class=\"event-day\">19<\/div><div class=\"event-month\">Nov<\/div><div class=\"event-year\">2020<\/div><\/div><div class=\"end-date\"><div class=\"event-weekday\">Tue<\/div><div class=\"event-day\">08<\/div><div class=\"event-month\">Dec<\/div><div class=\"event-year\">2020<\/div><\/div><\/div>\n\t\t\t\t\t<div class=\"event-info multi-day\"><div class=\"event-title\"><h3>Juba Tuomola - Hurja-Hilda -sarjakuvan\u00e4yttely<\/h3><\/div><span class=\"event-location\">P\u00e4\u00e4kirjasto, Ala-aula | Main library lobby, Kaarlenv\u00e4yl\u00e4 3, Oulu<\/span><div class=\"event-details\"><p><img class=\"alignright wp-image-4961\" src=\"http:\/\/www.oulucomics.com\/wp-content\/uploads\/2020\/10\/juba-hurja-hilda.jpg\" alt=\"\" width=\"300\" height=\"419\" \/>\u00c4l\u00e4 koskaan aliarvioi napanuoran tappovoimaa...\" Hurja-Hilda on lujatahtoinen villin l\u00e4nnen nainen, jota on kohdeltu kaltoin. Hilda janoaa kostoa, eik\u00e4 h\u00e4n aio j\u00e4tt\u00e4\u00e4 kostamista herran haltuun - herra kun on niin hidas vet\u00e4m\u00e4\u00e4n.<\/p>\n<p><span style=\"font-weight: 400;\"><strong>Juba Tuomola<\/strong> tunnetaan erityisesti <em>Viivi ja Wagner<\/em> -sarjakuvastaan. Juba on yksi Suomen suosituimmista sarjakuvapiirt\u00e4jist\u00e4. Viivin ja Wagnerin suosio alkoi vuonna 1997, kun Helsingin sanomat alkoi julkaisemaan strippej\u00e4. H\u00e4nell\u00e4 on my\u00f6nnetty my\u00f6s Lempi- ja puup\u00e4\u00e4hattu -palkinnot.<\/span><\/p>\n<p><span style=\"font-weight: 400;\">Oulun Sarjakuvafestivaalilla esitell\u00e4\u00e4n Tuomolan tuorein teos <\/span><i><span style=\"font-weight: 400;\">Hurja-Hilda<\/span><\/i><span style=\"font-weight: 400;\"> (Zum Teufel, 2020), jossa kaltoin kohdeltu lujatahtoinen villin l\u00e4nnen nainen janoaa kostoa. <\/span><\/p>\n<p><span style=\"font-weight: 400;\">Tuomolan haastattelu Oulun p\u00e4\u00e4kirjaston Pakkala salissa Oulun Sarjakuvafestivaalin lauantaina 21.11. klo 14:00.<\/span><\/p>\n<\/div><\/div>\n\t\t\t\t<\/li>\n\t\t\t \t<li class=\"event festivaali nayttelyt sarjasto\">\n\t\t\t\t\t<div class=\"event-date multi-date\"><div class=\"start-date\"><div class=\"event-weekday\">Thu<\/div><div class=\"event-day\">19<\/div><div class=\"event-month\">Nov<\/div><div class=\"event-year\">2020<\/div><\/div><div class=\"end-date\"><div class=\"event-weekday\">Tue<\/div><div class=\"event-day\">08<\/div><div class=\"event-month\">Dec<\/div><div class=\"event-year\">2020<\/div><\/div><\/div>\n\t\t\t\t\t<div class=\"event-info multi-day\"><div class=\"event-title\"><h3>Katkenneita lankoja - tarinoita loppuunpalamisesta -antologian\u00e4yttely<\/h3><\/div><span class=\"event-location\">P\u00e4\u00e4kirjasto, Ala-aula | Main library lobby, Kaarlenv\u00e4yl\u00e4 3, Oulu<\/span><div class=\"event-details\"><p><i><span style=\"font-weight: 400;\"><img class=\"alignright wp-image-4968\" src=\"http:\/\/www.oulucomics.com\/wp-content\/uploads\/2020\/10\/katkenneita_lankoja.jpg\" alt=\"\" width=\"300\" height=\"431\" \/><\/span><\/i><span style=\"font-weight: 400;\">Antologian\u00e4yttely pohjautuu <\/span><i><span style=\"font-weight: 400;\">Katkenneita lankoja - tarinoita loppuunpalamisesta<\/span><\/i><span style=\"font-weight: 400;\">\u00a0(Atena, 2020) -teokseen, joka kokoaa yhteen kokemuksia ty\u00f6n aiheuttamasta uupumuksesta. <\/span><\/p>\n<p><span style=\"font-weight: 400;\">N\u00e4yttelyss\u00e4 ovat mukana valitsemallaan sivulla sarjakuvantekij\u00e4t <\/span><span style=\"font-weight: 400;\"><strong>Tuisku Hiltunen<\/strong>, <strong>Emmi Nieminen<\/strong>, <strong>Sami Nyyss\u00f6l\u00e4<\/strong>, <strong>Niko-Petteri Niva<\/strong>, <strong>Mari Ahokoivu<\/strong>, <strong>Milla Paloniemi<\/strong>, <strong>Henri Tervapuro<\/strong>, <strong>Avi Heikkinen<\/strong> ja <strong>Anssi Vieruaho<\/strong>.<\/span><\/p>\n<p><span style=\"font-weight: 400;\">N\u00e4iden yhdeksa\u0308n taiteilijan sarjakuvat perustuvat seka\u0308 omakohtaisiin etta\u0308 kera\u0308ttyihin kokemuksiin tyo\u0308uupumuksesta. <\/span><\/p>\n<p><span style=\"font-weight: 400;\">Teoksen ovat toimittaneet Anssi Vieruaho ja Karoliina Korhonen, ja sen tuotosta lahjoitetaan 75 prosenttia mielenterveystyo\u0308ho\u0308n.<\/span><\/p>\n<p><span style=\"font-weight: 400;\">Teoksen esittely ja tekij\u00f6iden puheenvuorot Oulun p\u00e4\u00e4kirjaston Pakkala salissa Oulun Sarjakuvafestivaalin lauantaina 21.11. klo 14:45.<\/span><\/p>\n<\/div><\/div>\n\t\t\t\t<\/li>\n\t\t\t \t<li class=\"event festivaali nayttelyt sarjasto\">\n\t\t\t\t\t<div class=\"event-date multi-date\"><div class=\"start-date\"><div class=\"event-weekday\">Thu<\/div><div class=\"event-day\">19<\/div><div class=\"event-month\">Nov<\/div><div class=\"event-year\">2020<\/div><\/div><div class=\"end-date\"><div class=\"event-weekday\">Thu<\/div><div class=\"event-day\">31<\/div><div class=\"event-month\">Dec<\/div><div class=\"event-year\">2020<\/div><\/div><\/div>\n\t\t\t\t\t<div class=\"event-info multi-day\"><div class=\"event-title\"><h3>Sami Nyyss\u00f6l\u00e4: Be Finnish Without Suffering -exhibition<\/h3><\/div><span class=\"event-location\">Sarjasto, Kaarlenv\u00e4yl\u00e4 3, 3. krs, Oulu<\/span><div class=\"event-details\"><p><span style=\"font-weight: 400;\"><img class=\"alignright wp-image-4985\" src=\"http:\/\/www.oulucomics.com\/wp-content\/uploads\/2020\/11\/nyyssola-small.jpg\" alt=\"\" width=\"300\" height=\"455\" \/>N\u00e4yttelyaikaa jatkettu 28.2. saakka koronaepidemian vuoksi. Sarjasto palvelee rajoitetusti j\u00e4lleen 19.1. alkaen.<\/span><\/p>\n<p><span style=\"font-weight: 400;\">Onko k\u00e4rsimys v\u00e4ist\u00e4m\u00e4t\u00f6n osa el\u00e4m\u00e4\u00e4 arktisella suoniemell\u00e4? Vai voisiko suomalainen olla k\u00e4rsim\u00e4tt\u00e4kin? Jos olet kiinnostunut suomalaisuudesta tai haluat syvent\u00e4\u00e4 suhdettasi Ryysyrantain ryppyotsiin, t\u00e4m\u00e4 kirja on kirjaimellisesti sinulle tehty.<\/span><\/p>\n<p><span style=\"font-weight: 400;\">Vuonna 2018 julkaisemani opas suomenkieleen <em>'Learn Finnish without studying'<\/em> myi ensimm\u00e4isen painoksensa loppuun, ja jatkoa toivottiin. Jatko-osa sai muodokseen <em>'Be Finnish without suffering'<\/em> -oppaan, joka tarkastelee suomalaista sielunmaisemaa ja identiteetti\u00e4 huumorilla kielen, kulttuurin ja historian kautta.<\/span><\/p>\n<p><span style=\"font-weight: 400;\">K\u00e4rsimys valikoitui teemaksi koska aiemman kirjan omasta mielest\u00e4ni oivaltavimmat vitsit osuivat suomalaisten k\u00e4rsimyssuhteeseen. Kuten esimerkiksi suomalaisille t\u00e4rke\u00e4 hyve k\u00e4rsiv\u00e4llisyys tarkoittaa kirjaimellisesti sit\u00e4, kuinka k\u00e4rsiv\u00e4 on. K\u00e4rsimys on maailmalla ajankohtainen ja Suomen kansallisessa historiassa keskeinen aihe, ja syv\u00e4ll\u00e4 kieless\u00e4mme.<\/span><\/p>\n<p><span style=\"font-weight: 400;\">Kirjan nimest\u00e4 on yleisesti pidetty, mutta se on saanut monenlaisia reaktioita. Jotkut ovat h\u00e4mmentyneet (onko edes mahdollista olla suomalainen k\u00e4rsim\u00e4tt\u00e4?), jotkut nauraneet (naurettava ajatus!) ja jotkut kurtistaneet kulmia (pyh\u00e4inh\u00e4v\u00e4istys!). Kerronan s\u00e4vy on edellist\u00e4 kirjaa henkil\u00f6kohtaisempi ja pohdiskelevampi, ja ilokseni oikolukijat ovat olleet siit\u00e4 vaikuttuneita (\u00e4itini mukaan lukien).\u00a0<\/span><\/p>\n<p><span style=\"font-weight: 400; color: #800000;\">\u2014\u2014<\/span><\/p>\n<p><span style=\"font-weight: 400; color: #800000;\">Is suffering an unavoidable part of life on an arctic marshland peninsula or could you be Finnish... without suffering? If you're curious about how Finns are, or want to deepen your relationship to the frowning folk, this book is literally made for you.\u00a0<\/span><\/p>\n<p><span style=\"font-weight: 400; color: #800000;\">In 2018 I published a graphic guide to Finnish language titled <em>'Learn Finnish without studying'<\/em>, which sold out and I heard wishes for a sequel. The sequel became <em>'Be Finnish without suffering'<\/em>, which looks into the Finnish outlook and identity with some humour through language, culture and history.<\/span><\/p>\n<p><span style=\"font-weight: 400; color: #800000;\">Suffering became the theme since some of the best jokes of the previous book (in my opinion) were about the Finnish relationship to suffering. Such as that the Finnish virtue of k\u00e4rsiv\u00e4llisyys (patience) literally means one's ability to suffer. Suffering is a topical theme around the world and important to Finnish national identity, deep rooted in the Finnish language.<\/span><\/p>\n<p><span style=\"font-weight: 400; color: #800000;\">The well-liked title has received many reactions from puzzled expressions (is it possible to be Finnish without suffering?), to laughter (that would be ridiculous!) and to frowns (that would be sacrilege!). The tone of writing is more personal and philosophical than the previous book, and I'm happy it impressed the proofreaders (including my mum).<\/span><\/p>\n<\/div><\/div>\n\t\t\t\t<\/li>\n\t\t\t \t<li class=\"event festivaali nayttelyt sarjasto\">\n\t\t\t\t\t<div class=\"event-date multi-date\"><div class=\"start-date\"><div class=\"event-weekday\">Fri<\/div><div class=\"event-day\">20<\/div><div class=\"event-month\">Nov<\/div><div class=\"event-year\">2020<\/div><\/div><div class=\"end-date\"><div class=\"event-weekday\">Sat<\/div><div class=\"event-day\">21<\/div><div class=\"event-month\">Nov<\/div><div class=\"event-year\">2020<\/div><\/div><\/div>\n\t\t\t\t\t<div class=\"event-info multi-day\"><div class=\"event-title\"><h3>POP UP-n\u00e4yttelyt | POP UP exhibitions<\/h3><\/div><span class=\"event-location\">P\u00e4\u00e4kirjasto | Main library, Kaarlenv\u00e4yl\u00e4 3, Oulu<\/span><div class=\"event-details\"><p><span style=\"font-weight: 400;\">T\u00e4n\u00e4 vuonna osana Oulun Sarjakuvafestivaalia n\u00e4hd\u00e4\u00e4n kirjastolla lukuisia n\u00e4yttelyit\u00e4. Ala-aulasta Sarjastolla johtava portaikko ja Sarjasto t\u00e4yttyv\u00e4t yll\u00e4tt\u00e4vist\u00e4 pienist\u00e4 n\u00e4yttelykokonaisuuksista.<\/span><\/p>\n<p><span style=\"font-weight: 400; color: #800000;\">This year, as part of the Oulu Comics Festival, numerous exhibitions will be seen in the library. A staircase leading from the lower lobby to the Comics library Sarjasto and the space between Sarjasto will be filled with unexpected small exhibitions.<\/span><\/p>\n<p><span style=\"font-weight: 400;\">POP UP n\u00e4yttelyt ovat avoinna:<br \/>\n<span style=\"color: #800000;\">POP UP exhibitions are open on:<\/span><br \/>\n<\/span><span style=\"font-weight: 400;\">20.11. klo 16-20, <\/span><span style=\"font-weight: 400;\">21.11. klo 09-19 ja <\/span><span style=\"font-weight: 400;\">22.11. klo 12-16<\/span><\/p>\n<ol start=\"3\">\n<li><span style=\"font-weight: 400;\"> kerros, Sarjasto POP UP, <\/span><span style=\"font-weight: 400; color: #800000;\">3rd floor, Comics library POP UP<\/span><\/li>\n<\/ol>\n<p><strong>Emilia Laatikainen<\/strong><span style=\"font-weight: 400;\"> - Kadonneet<\/span><\/p>\n<p><strong>Epe Niiranen<\/strong><span style=\"font-weight: 400;\"> - <\/span><span style=\"font-weight: 400;\">Atte Ankka ja Yleisjakkaralemmikki \u2013 Atteuspassio<\/span><\/p>\n<ol start=\"3\">\n<li><span style=\"font-weight: 400;\"> kerroksen tasanne, <span style=\"color: #800000;\">3rd floor platform<\/span><\/span><\/li>\n<\/ol>\n<p><strong>Julia Riitijoki, Tuomas Koivurinne, Ilpo Koskela, Mikael M\u00e4kinen, Aleksi Kuutio, Mauri Tuure, Markus Tuppurainen, Vesa Vitikainen, Anssi Rauhala, Ninni Aalto, Antti Kosonen<\/strong><span style=\"font-weight: 400;\"> - <\/span><span style=\"font-weight: 400;\">Kevyt Metalli 8<\/span><\/p>\n<p><strong>Jenni V\u00e4likangas, Kaisa \u00c5strad, Mia Vistil\u00e4, Nikke Lindholm, Olli Kaihua, Onsku Franck, Siiri Viljakka, V\u00e4in\u00f6 Sir\u00e9n, Antti Kurvinen, Esko Heikkil\u00e4<\/strong> - Betoniaaveet ja yst\u00e4v\u00e4t<\/p>\n<ol start=\"2\">\n<li><span style=\"font-weight: 400;\"> kerroksen tasanne, <\/span><span style=\"font-weight: 400; color: #800000;\">2nd floor platfor<\/span><\/li>\n<\/ol>\n<p><strong>Jyrki M\u00e4ki<\/strong><span style=\"font-weight: 400;\"> - Nurinkurin<\/span><\/p>\n<p><i><span style=\"font-weight: 400;\">N\u00e4yttelykierros osana Oulun Sarjakuvafestivaalin ohjelmistoa pe 20.11. klo 17:30-18:00.<\/span><\/i><\/p>\n<p><span style=\"color: #800000;\"><i><span style=\"font-weight: 400;\">Exhibition tour as part of the Oulu Comics Festival's program on Fri 20nd\u00a0 from 17:30 to 18:00<\/span><\/i><\/span><\/p>\n<\/div><\/div>\n\t\t\t\t<\/li><\/ul>\n\t\t\t\t<\/div>\n","protected":false},"excerpt":{"rendered":"<p>&#8230;<\/p>\n","protected":false},"author":1,"featured_media":0,"parent":5079,"menu_order":0,"comment_status":"closed","ping_status":"closed","template":"","meta":[],"categories":[],"tags":[],"_links":{"self":[{"href":"https:\/\/www.oulucomics.com\/en_US\/wp-json\/wp\/v2\/pages\/4936"}],"collection":[{"href":"https:\/\/www.oulucomics.com\/en_US\/wp-json\/wp\/v2\/pages"}],"about":[{"href":"https:\/\/www.oulucomics.com\/en_US\/wp-json\/wp\/v2\/types\/page"}],"author":[{"embeddable":true,"href":"https:\/\/www.oulucomics.com\/en_US\/wp-json\/wp\/v2\/users\/1"}],"replies":[{"embeddable":true,"href":"https:\/\/www.oulucomics.com\/en_US\/wp-json\/wp\/v2\/comments?post=4936"}],"version-history":[{"count":6,"href":"https:\/\/www.oulucomics.com\/en_US\/wp-json\/wp\/v2\/pages\/4936\/revisions"}],"predecessor-version":[{"id":5756,"href":"https:\/\/www.oulucomics.com\/en_US\/wp-json\/wp\/v2\/pages\/4936\/revisions\/5756"}],"up":[{"embeddable":true,"href":"https:\/\/www.oulucomics.com\/en_US\/wp-json\/wp\/v2\/pages\/5079"}],"wp:attachment":[{"href":"https:\/\/www.oulucomics.com\/en_US\/wp-json\/wp\/v2\/media?parent=4936"}],"wp:term":[{"taxonomy":"category","embeddable":true,"href":"https:\/\/www.oulucomics.com\/en_US\/wp-json\/wp\/v2\/categories?post=4936"},{"taxonomy":"post_tag","embeddable":true,"href":"https:\/\/www.oulucomics.com\/en_US\/wp-json\/wp\/v2\/tags?post=4936"}],"curies":[{"name":"wp","href":"https:\/\/api.w.org\/{rel}","templated":true}]}}