{"id":4742,"date":"2020-08-07T10:26:06","date_gmt":"2020-08-07T07:26:06","guid":{"rendered":"http:\/\/www.oulucomics.com\/?page_id=4742"},"modified":"2020-08-07T10:26:53","modified_gmt":"2020-08-07T07:26:53","slug":"palsa-museo","status":"publish","type":"page","link":"https:\/\/www.oulucomics.com\/en_US\/arctic\/palsa-museo\/","title":{"rendered":"Palsa Museum"},"content":{"rendered":"<p>Located in the centre of Kittil\u00e4, the Palsa Museum, which consists of the home of artist and cartoonist\u00a0<strong>Kalervo Palsa<\/strong> (1947-1987) and the Getsemane studio, was opened to the public on 6 June 2013. Kalervo Palsa\u2019s home has been uninhabited since the artist\u2019s death and it had gone into disrepair. The foundation of Kauko Sorjonen acquired the Palsa farm in 2011 and last year the buildings were restored and the paintings on the studio\u2019s walls were conserved. The restoration was done by restoration master Taisto Vesa and his team. Liisa H\u00e4nninen-Pelz was responsible for the conservation of the art. The museum interior was constructed from objects of Kalevero Palsa by researcher and Master of Arts Anne Koskamo in partnership with the previous museum director of the S\u00e4rest\u00f6niemi Museum, Liisa Tervahauta.<\/p>\n<p>The operations of Kalervo Palsa\u2019s house museum are administered through the S\u00e4rest\u00f6niemi Museum, which is located in the Kaukonen village of Kittil\u00e4.<\/p>\n<p><a href=\"http:\/\/www.kittila.fi\/en\/palsa-museum\" target=\"_blank\">Check the opening hours and other information on the Palsa Museum\u2019s website!<\/a><\/p>\n<p><iframe loading=\"lazy\" style=\"border: 0;\" tabindex=\"0\" src=\"https:\/\/www.google.com\/maps\/embed?pb=!1m18!1m12!1m3!1d1516.8492810147718!2d24.902250416125387!3d67.65516492474637!2m3!1f0!2f0!3f0!3m2!1i1024!2i768!4f13.1!3m3!1m2!1s0x45d3a949059023f1%3A0xd53c0ad049fbf845!2sKivitie%2014b%2C%2099100%20Kittil%C3%A4!5e0!3m2!1sfi!2sfi!4v1596784852522!5m2!1sfi!2sfi\" width=\"400\" height=\"300\" frameborder=\"0\" allowfullscreen=\"allowfullscreen\"><\/iframe><\/p>\n","protected":false},"excerpt":{"rendered":"<p>Located in the centre of Kittil\u00e4, the Palsa Museum, which consists of the home of artist and cartoonist\u00a0<strong>Kalervo Palsa<\/strong> (1947-1987) and the Getsemane studio, was opened to the public on 6 June 2013. Kalervo Palsa\u2019s home has been uninha&#8230;<\/p>\n","protected":false},"author":1,"featured_media":0,"parent":14,"menu_order":0,"comment_status":"closed","ping_status":"closed","template":"","meta":{"footnotes":""},"categories":[],"tags":[],"class_list":["post-4742","page","type-page","status-publish","hentry"],"_links":{"self":[{"href":"https:\/\/www.oulucomics.com\/en_US\/wp-json\/wp\/v2\/pages\/4742","targetHints":{"allow":["GET"]}}],"collection":[{"href":"https:\/\/www.oulucomics.com\/en_US\/wp-json\/wp\/v2\/pages"}],"about":[{"href":"https:\/\/www.oulucomics.com\/en_US\/wp-json\/wp\/v2\/types\/page"}],"author":[{"embeddable":true,"href":"https:\/\/www.oulucomics.com\/en_US\/wp-json\/wp\/v2\/users\/1"}],"replies":[{"embeddable":true,"href":"https:\/\/www.oulucomics.com\/en_US\/wp-json\/wp\/v2\/comments?post=4742"}],"version-history":[{"count":4,"href":"https:\/\/www.oulucomics.com\/en_US\/wp-json\/wp\/v2\/pages\/4742\/revisions"}],"predecessor-version":[{"id":4746,"href":"https:\/\/www.oulucomics.com\/en_US\/wp-json\/wp\/v2\/pages\/4742\/revisions\/4746"}],"up":[{"embeddable":true,"href":"https:\/\/www.oulucomics.com\/en_US\/wp-json\/wp\/v2\/pages\/14"}],"wp:attachment":[{"href":"https:\/\/www.oulucomics.com\/en_US\/wp-json\/wp\/v2\/media?parent=4742"}],"wp:term":[{"taxonomy":"category","embeddable":true,"href":"https:\/\/www.oulucomics.com\/en_US\/wp-json\/wp\/v2\/categories?post=4742"},{"taxonomy":"post_tag","embeddable":true,"href":"https:\/\/www.oulucomics.com\/en_US\/wp-json\/wp\/v2\/tags?post=4742"}],"curies":[{"name":"wp","href":"https:\/\/api.w.org\/{rel}","templated":true}]}}