{"id":4041,"date":"2019-09-12T12:43:51","date_gmt":"2019-09-12T09:43:51","guid":{"rendered":"http:\/\/www.oulucomics.com\/?page_id=4041"},"modified":"2019-10-20T00:26:09","modified_gmt":"2019-10-19T21:26:09","slug":"fri","status":"publish","type":"page","link":"https:\/\/www.oulucomics.com\/en_US\/fest\/program2019\/fri\/","title":{"rendered":"Program 2019 - Friday"},"content":{"rendered":"<ul>\n<li><strong>Friday 22.11.<\/strong><\/li>\n<li><a href=\"http:\/\/www.oulucomics.com\/fest\/program2019\/sat\/\">Saturday 23.11.<\/a><\/li>\n<li><a href=\"http:\/\/www.oulucomics.com\/fest\/program2019\/sun\/\">Sunday 24.11.<\/a><\/li>\n<li><a href=\"http:\/\/www.oulucomics.com\/fest\/program2019\/week\/\">Festival Week<\/a><\/li>\n<\/ul>\n<h3>Friday&#8217;s\u00a0program:<\/h3>\n\n\t\t\t\t<div class=\"event-list\">\n\t\t\t\t<ul class=\"event-list-view\">\n\t\t\t \t<li class=\"event festivaali fest-en ffri nayttelyt sarjasto\">\n\t\t\t\t\t<div class=\"event-date\"><div class=\"start-date\"><div class=\"event-weekday\">Fri<\/div><div class=\"event-day\">22<\/div><div class=\"event-month\">Nov<\/div><div class=\"event-year\">2019<\/div><\/div><\/div>\n\t\t\t\t\t<div class=\"event-info single-day\"><div class=\"event-title\"><h3>N\u00e4yttelykierros Oulun kaupunginkirjastolla | Exhibition tour at the\u00a0Oulu City Library<\/h3><\/div><span class=\"event-time\">17:00 - 18:45<\/span><span class=\"event-location\">P\u00e4\u00e4kirjasto | Main library, Kaarlenv\u00e4yl\u00e4 3, Oulu<\/span><div class=\"event-details\"><p><img class=\"size-full wp-image-2956 alignleft\" src=\"http:\/\/www.oulucomics.com\/wp-content\/uploads\/2017\/10\/fi.jpg\" alt=\"fi\" width=\"23\" height=\"20\" \/>N\u00e4yttelykierroksella tutustutaan\u00a0mukana olevien\u00a0taiteilijoiden kanssa Oulun kaupunginkirjaston p\u00e4\u00e4kirjastoon sijoitettuun laajaan n\u00e4yttelykokonaisuuteen. Tilaisuus alkaa Sarjastosta (3. krs) ja p\u00e4\u00e4ttyy Laiturin n\u00e4yttelytilaan.<\/p>\n<p><a href=\"http:\/\/www.oulucomics.com\/fest\/ohjelmisto-2019\/exhibitions-2019\/\">Lis\u00e4tietoa festivaaliaikana esill\u00e4 olevista n\u00e4yttelyist\u00e4...<\/a><\/p>\n<p>Tapahtuma aloittaa vuoden 2019 Oulun Sarjakuvafestivaali viikonlopun.<\/p>\n<p><img class=\"aligncenter size-full wp-image-4146\" src=\"http:\/\/www.oulucomics.com\/wp-content\/uploads\/2019\/10\/nayttelykierros2018.jpg\" alt=\"nayttelykierros2018\" width=\"600\" height=\"229\" \/><\/p>\n<p><img class=\"alignleft size-full wp-image-2955\" src=\"http:\/\/www.oulucomics.com\/wp-content\/uploads\/2017\/10\/en.jpg\" alt=\"en\" width=\"23\" height=\"20\" \/><\/p>\n<p class=\"p1\"><span class=\"s1\" style=\"color: #0000ff;\">The exhibition tour will be introduced with the participating artists to a large exhibition complex located in the Oulu City Library. The event will start at Sarjasto (3rd floor) and end at the Laituri exhibition space.<\/span><\/p>\n<p><a href=\"http:\/\/www.oulucomics.com\/fest\/ohjelmisto-2019\/exhibitions-2019\/\">More information about the festival exhibitions...<\/a><\/p>\n<p><span style=\"color: #0000ff;\">The event launches the 2019 Oulu Comics Festifal\u00a0weekend.<\/span><\/p>\n<\/div><\/div>\n\t\t\t\t<\/li>\n\t\t\t \t<li class=\"event festivaali fest-en ffri klubi nayttelyt center seura\">\n\t\t\t\t\t<div class=\"event-date\"><div class=\"start-date\"><div class=\"event-weekday\">Fri<\/div><div class=\"event-day\">22<\/div><div class=\"event-month\">Nov<\/div><div class=\"event-year\">2019<\/div><\/div><\/div>\n\t\t\t\t\t<div class=\"event-info single-day\"><div class=\"event-title\"><h3>Festivaaligaala | Festival gala<\/h3><\/div><span class=\"event-time\">19:00 - 21:00<\/span><span class=\"event-location\">Oulu Comics Center, Kulttuuritalo Valve, Hallituskatu 7<\/span><div class=\"event-details\"><p><img class=\"alignleft size-full wp-image-2195\" src=\"http:\/\/www.oulucomics.com\/wp-content\/uploads\/2016\/08\/fi.png\" alt=\"fi\" width=\"29\" height=\"26\" \/><\/p>\n<p>Festivaaligaala j\u00e4rjestet\u00e4\u00e4n t\u00e4n\u00e4 vuonna Oulun Sarjakuvakeskuksella. Tapahtuma levitt\u00e4ytyy Valvegalleriaan ja Sarjakuvagalleria!an. Luvassa on perinteisten lyhyiden puheenvuorojen lis\u00e4ksi muun muassa:<\/p>\n<ul>\n<li>Oulun Sarjakuvaseuran puheenjohtaja jakaa Skrew You! -tunnustuspalkinnon.<\/li>\n<li>Vuoden 2019 sarjakuvaresidenssitaiteilijoiden\u00a0<strong>Nancy A. Acostan<\/strong> (Yhdysvallat)<b>\u00a0<\/b>ja\u00a0<strong>El\u00edsabet R\u00fanin<\/strong> (Islanti) n\u00e4yttelyiden avajaiset.\u00a0Acosta on paikan p\u00e4\u00e4ll\u00e4 kertomassa n\u00e4yttelyst\u00e4\u00e4n.<\/li>\n<li>Tapahtumassa on luvassa pient\u00e4 tarjoilua ja iloista mielt\u00e4.<\/li>\n<\/ul>\n<p><em>Tapahtumaan on vapaa p\u00e4\u00e4sy.<\/em><\/p>\n<p><img class=\"aligncenter size-full wp-image-4145\" src=\"http:\/\/www.oulucomics.com\/wp-content\/uploads\/2019\/10\/ilpokoskelansarjakuvienmaailma.jpg\" alt=\"ilpokoskelansarjakuvienmaailma\" width=\"600\" height=\"276\" \/><\/p>\n<p><img class=\"alignleft size-full wp-image-2955\" src=\"http:\/\/www.oulucomics.com\/wp-content\/uploads\/2017\/10\/en.jpg\" alt=\"en\" width=\"23\" height=\"20\" \/><\/p>\n<p><span style=\"color: #0000ff;\">Festival gala is held at the Oulu Comics Center. The program is as follows.<\/span><\/p>\n<p><span style=\"color: #0000ff;\"><span style=\"font-weight: 400;\"><span style=\"color: #0000ff;\">- Oulu<\/span> Comics Association gives the Skrew You! -award.<\/span><span style=\"font-weight: 400;\"><br \/>\n<\/span><span style=\"font-weight: 400;\">- 2019 Residence artists <\/span><b>Nancy A. Costa<\/b><span style=\"font-weight: 400;\"> (USA) and <\/span><del><b>El\u00edsabet R\u00fan <\/b><\/del><span style=\"font-weight: 400;\"><del>(Iceland<\/del>) introduce their art exhibitions and talk about their personal creative process. <\/span><span style=\"font-weight: 400;\"><br \/>\n<\/span><span style=\"font-weight: 400;\">- Food and drinks for all.<\/span><span style=\"font-weight: 400;\"><br \/>\n<\/span><span style=\"font-weight: 400;\"><br \/>\n<\/span><span style=\"font-weight: 400;\">Free access.<\/span><\/span><span style=\"font-weight: 400;\"><br \/>\n<\/span><\/p>\n<\/div><\/div>\n\t\t\t\t<\/li>\n\t\t\t \t<li class=\"event festivaali fest-en ffri klubi seura\">\n\t\t\t\t\t<div class=\"event-date\"><div class=\"start-date\"><div class=\"event-weekday\">Fri<\/div><div class=\"event-day\">22<\/div><div class=\"event-month\">Nov<\/div><div class=\"event-year\">2019<\/div><\/div><\/div>\n\t\t\t\t\t<div class=\"event-info single-day\"><div class=\"event-title\"><h3>Drink&#039;n&#039;Draw<\/h3><\/div><span class=\"event-time\">21:00 -<\/span><span class=\"event-location\">Snooker Time, Asemakatu 28, Oulu<\/span><div class=\"event-details\"><p><img class=\"alignleft size-full wp-image-2956\" src=\"http:\/\/www.oulucomics.com\/wp-content\/uploads\/2017\/10\/fi.jpg\" alt=\"fi\" width=\"23\" height=\"20\" \/><\/p>\n<p><span style=\"font-weight: 400;\">Perjantain Oulun Sarjakuvafestivaaliklubin j\u00e4rjest\u00e4v\u00e4t yhteisty\u00f6ss\u00e4 Zum Teufel ja Nispero kustannus. Luvassa on perinteisen Drink\u2019n\u2019Draw:n lis\u00e4ksi my\u00f6s uutuuskirjojen julkistamisia, musiikkia ja piirroksia valkokankaalla.<\/span><\/p>\n<p><span style=\"font-weight: 400;\">Festivaaliuutuuksina klubilla julkaistaan <\/span><strong>Aapo Kukon<\/strong> <i><span style=\"font-weight: 400;\">Karmea tarina \u2013 Kertomus Kongosta <\/span><\/i><span style=\"font-weight: 400;\">(Zum Teufel, 2019)<\/span><span style=\"font-weight: 400;\"> ja <\/span><strong>Keijo Ahlqvistin<\/strong> <i><span style=\"font-weight: 400;\">Kaunakirja <\/span><\/i><span style=\"font-weight: 400;\">(Zum Teufel, 2019)<\/span><span style=\"font-weight: 400;\">. Syksyll\u00e4 ilmestynyt <\/span><strong>Harri Filpan<\/strong><span style=\"font-weight: 400;\"> ja <\/span><strong>Jarmo Stoorin <\/strong><i><span style=\"font-weight: 400;\">Jeesuksen saappaanj\u00e4lki <\/span><\/i><span style=\"font-weight: 400;\">(Nispero kustannus, 2019) -sarjakuva-albumi on my\u00f6s esittelyss\u00e4 illan ohjelmassa<\/span><span style=\"font-weight: 400;\">.\u00a0<\/span><\/p>\n<p><img class=\"alignleft size-medium wp-image-4215\" src=\"http:\/\/www.oulucomics.com\/wp-content\/uploads\/2019\/10\/aapo_kukko_karmea_tarina-kertomuskongosta-208x300.jpg\" alt=\"aapo_kukko_karmea_tarina-kertomuskongosta\" width=\"208\" height=\"300\" \/><img class=\"alignleft size-medium wp-image-4211\" src=\"http:\/\/www.oulucomics.com\/wp-content\/uploads\/2019\/10\/keijo_kaunakirja-210x300.jpg\" alt=\"keijo_kaunakirja\" width=\"210\" height=\"300\" \/><img class=\"alignleft size-medium wp-image-3884\" src=\"http:\/\/www.oulucomics.com\/wp-content\/uploads\/2019\/06\/jsj_kansi_net-186x300.jpg\" alt=\"jsj_kansi_net\" width=\"186\" height=\"300\" \/><\/p>\n<hr \/>\n<p><span style=\"font-weight: 400;\">Illan livepiirroksista vastaavat uutuuskirjojen merkeiss\u00e4 iltaa viett\u00e4v\u00e4t sarjakuvantekij\u00e4t ja lukuisat yll\u00e4tysesiintyj\u00e4t.<\/span><\/p>\n<p><span style=\"font-weight: 400;\">Alkumusiikit klubille tarjoilee Jarmo Stoorin ja <\/span><strong>Heikki Hallanoron <\/strong><i><span style=\"font-weight: 400;\">Latistajat<\/span><\/i><span style=\"font-weight: 400;\">. Kirjallisuutta, musiikkia ja sarjakuvaa yhdist\u00e4v\u00e4ss\u00e4 esityksess\u00e4 he tulkitsevat kuvien kanssa Jeesuksen saappaanj\u00e4lki -teokseen pohjautuvan kappaleen sek\u00e4 muuta aiheeseen sopivaa Latistajien tuotantoa.<\/span><\/p>\n<p><img class=\"aligncenter size-full wp-image-4177\" src=\"http:\/\/www.oulucomics.com\/wp-content\/uploads\/2019\/10\/stoor_hallanoro_pieni.jpg\" alt=\"stoor_hallanoro_pieni\" width=\"600\" height=\"300\" \/><\/p>\n<p><span style=\"font-weight: 400;\">T\u00e4m\u00e4n j\u00e4lkeen iltaa jatkaa Heikki Hallanoro esitt\u00e4m\u00e4ll\u00e4 lauluja paitsi kirjastaan <\/span><i><span style=\"font-weight: 400;\">Viivalla<\/span><\/i><span style=\"font-weight: 400;\"> (Nispero kustannus, 2012), my\u00f6s tulevasta romaanistaan. Heikki soittaa (laulu, piano, rummut) yhdess\u00e4 kahden maineikkaan muusikon kanssa. <\/span><b>Lene Leinonen<\/b><span style=\"font-weight: 400;\"> (basso) ja <\/span><b>Ilari Kinnunen<\/b><span style=\"font-weight: 400;\"> (kitara) ovat perustajaj\u00e4seni\u00e4 mm. seuraavissa orkestereissa: Terveet K\u00e4det, Lapin Helvetti, Plan E, K\u00fcr\u00f8ishi, Death Trip, The Kolmas, jne. T\u00e4n\u00e4\u00e4n on luvassa kuitenkin muuta kuin hc punkkia!<\/span><\/p>\n<p><span style=\"font-weight: 400;\">Heikki Hallanoro on t\u00e4htitieteilij\u00e4n koulutuksen saanut k\u00e4sill\u00e4k\u00e4velev\u00e4 kulkuri sek\u00e4 muusikko-kirjailija.<\/span><\/p>\n<p><a href=\"http:\/\/www.heikkihallanoro.com\/\" target=\"_blank\"><span style=\"font-weight: 400;\">http:\/\/www.heikkihallanoro.com\/<\/span><\/a><\/p>\n<p><span style=\"font-weight: 400;\">Tapahtuma on p\u00e4\u00e4symaksuton ja K18.<\/span><\/p>\n<p><img class=\"alignleft size-full wp-image-2955\" src=\"http:\/\/www.oulucomics.com\/wp-content\/uploads\/2017\/10\/en.jpg\" alt=\"en\" width=\"23\" height=\"20\" \/><\/p>\n<p>&nbsp;<\/p>\n<h3><span style=\"color: #0000ff;\">Drink'n'Draw<\/span><\/h3>\n<p><span style=\"font-weight: 400; color: #0000ff;\">Friday's Oulu Comics Festival club will be co-organised by Zum Teufel and Nispero publishing. In addition to the traditional Drink'n'Draw, in the club includes comic book releases, music and drawings to the big screen.\u00a0<\/span><\/p>\n<p><span style=\"color: #0000ff;\"><span style=\"font-weight: 400;\">Two books will see the daylight at the club <\/span><b>Aapo Kukko<\/b><span style=\"font-weight: 400;\">\u2019s <\/span><i><span style=\"font-weight: 400;\">Karmea tarina \u2013 Kertomus Kongosta <\/span><\/i><span style=\"font-weight: 400;\">(Zum Teufel, 2019) ja <\/span><b>Keijo Ahlqvist<\/b><span style=\"font-weight: 400;\">\u2019s<\/span><i><span style=\"font-weight: 400;\"> Kaunakirja <\/span><\/i><span style=\"font-weight: 400;\">(Zum Teufel, 2019). <\/span><b>Harri Filppa<\/b><span style=\"font-weight: 400;\">\u2019s and <\/span><b>Jarmo Stoor<\/b><span style=\"font-weight: 400;\">\u2019s<\/span> <i><span style=\"font-weight: 400;\">Jeesuksen saappaanj\u00e4lki <\/span><\/i><span style=\"font-weight: 400;\">(Nispero kustannus, 2019)<\/span> <span style=\"font-weight: 400;\">published in autumn, but will now be introduced with music.\u00a0<\/span><\/span><\/p>\n<p><span style=\"font-weight: 400; color: #0000ff;\">Live drawings to the big screen at the club are handled by the above-mentioned artists and surprise artists.<\/span><\/p>\n<p><span style=\"color: #0000ff;\"><span style=\"font-weight: 400;\">Club's first music show is Jarmo Stoor\u2019s and <\/span><b>Heikki Hallanoro<\/b><span style=\"font-weight: 400;\">'s <\/span><i><span style=\"font-weight: 400;\">Latistajat<\/span><\/i><span style=\"font-weight: 400;\">. The performance combines literature, music and comics. They interpret a song based on <\/span><i><span style=\"font-weight: 400;\">Jeesuksen saappaanj\u00e4lki<\/span><\/i><span style=\"font-weight: 400;\"> -comic book and other poetic songs.<\/span><\/span><\/p>\n<p><span style=\"color: #0000ff;\"><span style=\"font-weight: 400;\">Heikki Hallanoro will continue night and perform songs from his novel <\/span><i><span style=\"font-weight: 400;\">Viivalla<\/span><\/i><span style=\"font-weight: 400;\"> (Nispero kustannus, 2012) and also from the forthcoming novel and album. He plays (vocals, piano, drums) with two renowned musicians <\/span><b>Lene Leinonen<\/b><span style=\"font-weight: 400;\"> (bass) and <\/span><b>Ilari Kinnunen<\/b><span style=\"font-weight: 400;\"> (guitar) who are founding members of such bands as Terveet K\u00e4det, Lapin Helvetti, Plan E, K\u00fcr\u00f8ishi, Death Trip, The Kolmas and so on. However, it won't be hc punk tonight!<\/span><\/span><\/p>\n<p><span style=\"color: #0000ff;\">Heikki Hallanoro is a musician, writer and handstanding vagabond with a degree in astronomy.\u00a0<\/span><\/p>\n<p><a href=\"http:\/\/www.heikkihallanoro.com\/\" target=\"_blank\"><span style=\"font-weight: 400;\">http:\/\/www.heikkihallanoro.com\/<\/span><\/a><\/p>\n<p><span style=\"font-weight: 400; color: #0000ff;\">Free access, age limit is 18<\/span><\/p>\n<\/div><\/div>\n\t\t\t\t<\/li><\/ul>\n\t\t\t\t<\/div>\n","protected":false},"excerpt":{"rendered":"<ul>\n<li><strong>Friday 22.11.<\/strong><\/li>\n<li><a href=\"http:\/\/www.oulucomics.com\/fest\/program2019\/sat\/\">Saturday 23.11.<\/a><\/li>\n<li><a href=\"http:\/\/www.oulucomics.com\/fest\/program2019\/sun\/\">Sunday 24.11.<\/a><\/li>\n<li><a href=\"http:\/\/w... \n<br \/>\n","protected":false},"author":1,"featured_media":0,"parent":3961,"menu_order":0,"comment_status":"closed","ping_status":"closed","template":"","meta":[],"categories":[],"tags":[],"_links":{"self":[{"href":"https:\/\/www.oulucomics.com\/en_US\/wp-json\/wp\/v2\/pages\/4041"}],"collection":[{"href":"https:\/\/www.oulucomics.com\/en_US\/wp-json\/wp\/v2\/pages"}],"about":[{"href":"https:\/\/www.oulucomics.com\/en_US\/wp-json\/wp\/v2\/types\/page"}],"author":[{"embeddable":true,"href":"https:\/\/www.oulucomics.com\/en_US\/wp-json\/wp\/v2\/users\/1"}],"replies":[{"embeddable":true,"href":"https:\/\/www.oulucomics.com\/en_US\/wp-json\/wp\/v2\/comments?post=4041"}],"version-history":[{"count":6,"href":"https:\/\/www.oulucomics.com\/en_US\/wp-json\/wp\/v2\/pages\/4041\/revisions"}],"predecessor-version":[{"id":4202,"href":"https:\/\/www.oulucomics.com\/en_US\/wp-json\/wp\/v2\/pages\/4041\/revisions\/4202"}],"up":[{"embeddable":true,"href":"https:\/\/www.oulucomics.com\/en_US\/wp-json\/wp\/v2\/pages\/3961"}],"wp:attachment":[{"href":"https:\/\/www.oulucomics.com\/en_US\/wp-json\/wp\/v2\/media?parent=4041"}],"wp:term":[{"taxonomy":"category","embeddable":true,"href":"https:\/\/www.oulucomics.com\/en_US\/wp-json\/wp\/v2\/categories?post=4041"},{"taxonomy":"post_tag","embeddable":true,"href":"https:\/\/www.oulucomics.com\/en_US\/wp-json\/wp\/v2\/tags?post=4041"}],"curies":[{"name":"wp","href":"https:\/\/api.w.org\/{rel}","templated":true}]}}