{"id":3559,"date":"2018-09-20T12:10:14","date_gmt":"2018-09-20T09:10:14","guid":{"rendered":"http:\/\/www.oulucomics.com\/?page_id=3559"},"modified":"2018-09-20T14:12:12","modified_gmt":"2018-09-20T11:12:12","slug":"clubs","status":"publish","type":"page","link":"https:\/\/www.oulucomics.com\/en_US\/fest\/program2018\/clubs\/","title":{"rendered":"Evening clubs"},"content":{"rendered":"\n\t\t\t\t<div class=\"event-list\">\n\t\t\t\t<ul class=\"event-list-view\">\n\t\t\t \t<li class=\"event festivaali ffri klubi seura\">\n\t\t\t\t\t<div class=\"event-date\"><div class=\"start-date\"><div class=\"event-weekday\">Fri<\/div><div class=\"event-day\">23<\/div><div class=\"event-month\">Nov<\/div><div class=\"event-year\">2018<\/div><\/div><\/div>\n\t\t\t\t\t<div class=\"event-info single-day\"><div class=\"event-title\"><h3>Drink&#039;n&#039;Draw &amp; Nelj\u00e4n kirjan julkkarit<\/h3><\/div><span class=\"event-time\">19:00 -<\/span><span class=\"event-location\">Cafe KULuMA, Kauppurienkatu 5, Oulu<\/span><div class=\"event-details\"><p><img class=\"alignleft size-full wp-image-2956\" src=\"http:\/\/www.oulucomics.com\/wp-content\/uploads\/2017\/10\/fi.jpg\" alt=\"fi\" width=\"23\" height=\"20\" \/><span class=\"s1\">Perjantain Oulun Sarjakuvafestivaaliklubin j\u00e4rjest\u00e4v\u00e4t yhteisty\u00f6ss\u00e4 POKUTO - pohjoinen kustannustoiminta ja Zum Teufel. Luvassa on perinteisen Drink\u2019n\u2019Draw:n lis\u00e4ksi my\u00f6s festivaalin uutuuskirjojen julkistamisia...<\/span><\/p>\n<p><strong>Klubilla n\u00e4kev\u00e4t p\u00e4iv\u00e4nvalon teokset:<\/strong><\/p>\n<p><strong>Jussi Hukkanen<\/strong>: <em>Maailman Paskin Nalle: Koko kooma 2013-2018<\/em>\u00a0(POKUTO, 2018)<\/p>\n<p><strong>Harri Filppa<\/strong> &amp; <strong>Jukka Takalo<\/strong>: <em>Kek\u00e4 kommeiten kuolee<\/em> (POKUTO, 2018)<\/p>\n<p><strong>Sami Nyyss\u00f6l\u00e4<\/strong>: <em>Learn Finnish Without Studying<\/em> (POKUTO, 2018)<\/p>\n<p><strong>Veli-Matti Ural<\/strong> &amp;<strong> Esa Niskanen<\/strong>: <em>Taivalkoskelta ilmataisteluihin<\/em> (Zum Teufel, 2018)<\/p>\n<p><img class=\"aligncenter size-full wp-image-3749\" src=\"http:\/\/www.oulucomics.com\/wp-content\/uploads\/2018\/11\/pe_klubi_tapahtumakuva_small.jpg\" alt=\"pe_klubi_tapahtumakuva_small\" width=\"600\" height=\"371\" \/><\/p>\n<p>Tapahtuma on p\u00e4\u00e4symaksuton ja K18.<\/p>\n<p><img class=\"alignleft size-full wp-image-2955\" src=\"http:\/\/www.oulucomics.com\/wp-content\/uploads\/2017\/10\/en.jpg\" alt=\"en\" width=\"23\" height=\"20\" \/><\/p>\n<p>&nbsp;<\/p>\n<h3><span style=\"color: #0000ff;\">Drink'n'Draw &amp; Publication of four books<\/span><\/h3>\n<p><span style=\"color: #0000ff;\">Friday's Oulu Comics Festival club will be co-organised by POKUTO and Zum Teufel.\u00a0<\/span><\/p>\n<p><span style=\"color: #0000ff;\"><strong>These\u00a0productions\u00a0will see the daylight at the club:<\/strong><\/span><\/p>\n<p><span style=\"color: #0000ff;\"><strong>Jussi Hukkanen<\/strong>:\u00a0<em>Maailman Paskin Nalle: Koko kooma <\/em>(POKUTO, 2018)<\/span><\/p>\n<p><span style=\"color: #0000ff;\"><strong>Harri Filppa<\/strong>\u00a0&amp;\u00a0<strong>Jukka Takalo<\/strong>:\u00a0<em>Kek\u00e4 kommeiten kuolee<\/em>\u00a0(POKUTO, 2018)<\/span><\/p>\n<p><span style=\"color: #0000ff;\"><strong>Sami Nyyss\u00f6l\u00e4<\/strong>:\u00a0<em>Learn Finnish Without Studying<\/em>\u00a0(POKUTO, 2018)<\/span><\/p>\n<p><span style=\"color: #0000ff;\"><strong>Veli-Matti Ural<\/strong>\u00a0&amp;<strong>\u00a0Esa Niskanen<\/strong>:\u00a0<em>Taivalkoskelta ilmataisteluihin<\/em>\u00a0(Zum Teufel, 2018)<\/span><\/p>\n<p><span style=\"color: #0000ff;\">The event is free of charge. You must be at least 18 years old to attend.<\/span><\/p>\n<\/div><\/div>\n\t\t\t\t<\/li>\n\t\t\t \t<li class=\"event festivaali fsat klubi seura\">\n\t\t\t\t\t<div class=\"event-date\"><div class=\"start-date\"><div class=\"event-weekday\">Sat<\/div><div class=\"event-day\">24<\/div><div class=\"event-month\">Nov<\/div><div class=\"event-year\">2018<\/div><\/div><\/div>\n\t\t\t\t\t<div class=\"event-info single-day\"><div class=\"event-title\"><h3>Sarjakuvaklubi | Comics Club<\/h3><\/div><span class=\"event-time\">20:00 -<\/span><span class=\"event-location\">Pub &amp; Club Letkunpuiston Helmi, Uusikatu 23, Oulu<\/span><div class=\"event-details\"><p><img class=\"size-full wp-image-2956 alignleft\" src=\"http:\/\/www.oulucomics.com\/wp-content\/uploads\/2017\/10\/fi.jpg\" alt=\"fi\" width=\"23\" height=\"20\" \/><\/p>\n<p><span style=\"font-weight: 400;\">Sarjakuvaklubi kutsuu viett\u00e4m\u00e4\u00e4n iltaa ja tutustumaan sarjakuvantekij\u00f6ihin. Pub &amp; Club\u00a0Letkunpuiston Helmi anniskeluravintolassa on tarjolla on virvokkeita, musiikkia, monenlaista ohjelmaa ja hyvi\u00e4 keskusteluja! <\/span><\/p>\n<p>Illan ohjelma alkaa Sarjakuvakeitaalta saalistettujen kirjojen \u00e4\u00e4neenluvulla. <strong>Aapo Kukko<\/strong> ja <strong>Veli-Matti Ural<\/strong> tulkitsevat otteita pienlehtikeitaalla myydyist\u00e4 tuotteista. Lis\u00e4ksi lavalle astuu rupattelemaan tanskalainen sarjakuvataiteilija <strong>S\u00f8ren Mosdal<\/strong>. Illan musiikista ennen Sarjakuvakaraokea\u00a0<del>huolehtii\u00a0Ville Pirinen<\/del>.<\/p>\n<p>Vapaa p\u00e4\u00e4sy, Ik\u00e4raja 18<\/p>\n<p><img class=\"aligncenter size-full wp-image-3735\" src=\"http:\/\/www.oulucomics.com\/wp-content\/uploads\/2018\/11\/klubi_600.jpg\" alt=\"klubi_600\" width=\"600\" height=\"600\" \/><\/p>\n<p><img class=\"alignleft size-full wp-image-2955\" src=\"http:\/\/www.oulucomics.com\/wp-content\/uploads\/2017\/10\/en.jpg\" alt=\"en\" width=\"23\" height=\"20\" \/><\/p>\n<p><span style=\"color: #0000ff;\">Come spend the evening at the Comic Club! Get to know some comic artists! The licensed restaurant Pub &amp; Club\u00a0Letkunpuiston Helmi serves refreshments, music, a variety of programs and good conversations!<\/span><\/p>\n<p><span style=\"color: #0000ff;\">The evening program will start with the presentation where <strong>Aapo Kukko<\/strong> and <strong>Veli-Matti Ural<\/strong> read out loud from books fetched from the Comics Oasis. In addition, the Danish comic artist <strong>S\u00f8ren Mosdal<\/strong>\u00a0will be interviewed on stage.<del> Ville Pirinen provides music before<\/del> the Comics karaoke.<\/span><\/p>\n<p><span style=\"color: #0000ff;\">Free access, age limit is 18<\/span><\/p>\n<\/div><\/div>\n\t\t\t\t<\/li>\n\t\t\t \t<li class=\"event festivaali fsun klubi\">\n\t\t\t\t\t<div class=\"event-date\"><div class=\"start-date\"><div class=\"event-weekday\">Sun<\/div><div class=\"event-day\">25<\/div><div class=\"event-month\">Nov<\/div><div class=\"event-year\">2018<\/div><\/div><\/div>\n\t\t\t\t\t<div class=\"event-info single-day\"><div class=\"event-title\"><h3>In memoriam 2018<\/h3><\/div><span class=\"event-time\">16 -<\/span><span class=\"event-location\">Oluthuone Leskinen, Kirkkokatu 10 (Rotuaari), Oulu<\/span><div class=\"event-details\"><p><img class=\"alignleft wp-image-3618 size-full\" src=\"http:\/\/www.oulucomics.com\/wp-content\/uploads\/2018\/09\/leskinen_small.jpg\" alt=\"leskinen_small\" width=\"600\" height=\"511\" \/><\/p>\n<p><img class=\"alignleft size-full wp-image-2195\" src=\"http:\/\/www.oulucomics.com\/wp-content\/uploads\/2016\/08\/fi.png\" alt=\"fi\" width=\"29\" height=\"26\" \/>Perinteisesti festivaaliv\u00e4ki on kokoontunut viel\u00e4 sunnuntaina viimeisenkin ohjelman j\u00e4lkeen rupattelemaan sarjakuvista ja mielt\u00e4 polttavista asioita. T\u00e4n\u00e4 vuonna festivaalin p\u00e4\u00e4tt\u00e4j\u00e4iset siirtyiv\u00e4t my\u00f6s ohjelmistoon ja toivotammekin sarjakuvakansan tervetulleeksi nauttimaan hyv\u00e4st\u00e4 seurasta, viel\u00e4 kerran.<\/p>\n<p>Tapahtuma on p\u00e4\u00e4symaksuton ja K18.<\/p>\n<p><img class=\"alignleft size-full wp-image-2955\" src=\"http:\/\/www.oulucomics.com\/wp-content\/uploads\/2017\/10\/en.jpg\" alt=\"en\" width=\"23\" height=\"20\" \/><\/p>\n<p><span style=\"color: #0000ff;\">Traditionally, the festival visitors and staff has convened on Sunday evening after the last program. This year, that meeting is also part\u00a0of the festival program. We would like to welcome all visitors, exhibitors, staff, etc\u00a0to enjoy a good company, once again.<\/span><\/p>\n<p><span style=\"color: #0000ff;\">The event is free of charge and K18.<\/span><\/p>\n<\/div><\/div>\n\t\t\t\t<\/li><\/ul>\n\t\t\t\t<\/div>\n","protected":false},"excerpt":{"rendered":"<p>[event-list cat_filter=festivaali&amp;klubi initial_date=2018 show_filterbar=false link_to_event=false add_feed_link=false]&#8230;<\/p>\n","protected":false},"author":1,"featured_media":0,"parent":3531,"menu_order":99,"comment_status":"closed","ping_status":"closed","template":"","meta":[],"categories":[],"tags":[],"_links":{"self":[{"href":"https:\/\/www.oulucomics.com\/en_US\/wp-json\/wp\/v2\/pages\/3559"}],"collection":[{"href":"https:\/\/www.oulucomics.com\/en_US\/wp-json\/wp\/v2\/pages"}],"about":[{"href":"https:\/\/www.oulucomics.com\/en_US\/wp-json\/wp\/v2\/types\/page"}],"author":[{"embeddable":true,"href":"https:\/\/www.oulucomics.com\/en_US\/wp-json\/wp\/v2\/users\/1"}],"replies":[{"embeddable":true,"href":"https:\/\/www.oulucomics.com\/en_US\/wp-json\/wp\/v2\/comments?post=3559"}],"version-history":[{"count":4,"href":"https:\/\/www.oulucomics.com\/en_US\/wp-json\/wp\/v2\/pages\/3559\/revisions"}],"predecessor-version":[{"id":3613,"href":"https:\/\/www.oulucomics.com\/en_US\/wp-json\/wp\/v2\/pages\/3559\/revisions\/3613"}],"up":[{"embeddable":true,"href":"https:\/\/www.oulucomics.com\/en_US\/wp-json\/wp\/v2\/pages\/3531"}],"wp:attachment":[{"href":"https:\/\/www.oulucomics.com\/en_US\/wp-json\/wp\/v2\/media?parent=3559"}],"wp:term":[{"taxonomy":"category","embeddable":true,"href":"https:\/\/www.oulucomics.com\/en_US\/wp-json\/wp\/v2\/categories?post=3559"},{"taxonomy":"post_tag","embeddable":true,"href":"https:\/\/www.oulucomics.com\/en_US\/wp-json\/wp\/v2\/tags?post=3559"}],"curies":[{"name":"wp","href":"https:\/\/api.w.org\/{rel}","templated":true}]}}