{"id":3553,"date":"2018-09-20T11:58:53","date_gmt":"2018-09-20T08:58:53","guid":{"rendered":"http:\/\/www.oulucomics.com\/?page_id=3553"},"modified":"2018-09-20T13:59:29","modified_gmt":"2018-09-20T10:59:29","slug":"exhibitions","status":"publish","type":"page","link":"https:\/\/www.oulucomics.com\/en_US\/fest\/program2018\/exhibitions\/","title":{"rendered":"Exhibitions 2018"},"content":{"rendered":"\n\t\t\t\t<div class=\"event-list\">\n\t\t\t\t<ul class=\"event-list-view\">\n\t\t\t \t<li class=\"event festivaali fwee nayttelyt\">\n\t\t\t\t\t<div class=\"event-date multi-date\"><div class=\"start-date\"><div class=\"event-weekday\">Thu<\/div><div class=\"event-day\">01<\/div><div class=\"event-month\">Nov<\/div><div class=\"event-year\">2018<\/div><\/div><div class=\"end-date\"><div class=\"event-weekday\">Sat<\/div><div class=\"event-day\">24<\/div><div class=\"event-month\">Nov<\/div><div class=\"event-year\">2018<\/div><\/div><\/div>\n\t\t\t\t\t<div class=\"event-info multi-day\"><div class=\"event-title\"><h3>Lakeuden sarjakuvia<\/h3><\/div><span class=\"event-location\">Oulunsalon kirjasto, Karhuojantie 2, Oulunsalo<\/span><div class=\"event-details\"><p>Lakeuden sarjakuvia on <strong>Avi Heikkisen<\/strong>, <strong>Harri Filpan<\/strong> ja <strong>Sami Nyyss\u00f6l\u00e4n<\/strong> sarjakuvan\u00e4yttely, jossa on esill\u00e4 otteita tekij\u00f6idens\u00e4 teoksista. Tekij\u00f6it\u00e4 yhdist\u00e4\u00e4, ett\u00e4 he ovat kaikki syntyneet tai kasvaneet Oulunsalossa tai Kempeleess\u00e4.<\/p>\n<p><img class=\"aligncenter size-full wp-image-3713\" src=\"http:\/\/www.oulucomics.com\/wp-content\/uploads\/2018\/11\/oulunsalo_pokuto2.jpg\" alt=\"oulunsalo_pokuto2\" width=\"600\" height=\"338\" \/><\/p>\n<p><em>Valotusaika on (Pokuto, 2018)<\/em>\u00a0on <strong>Avi Heikkisen<\/strong> joulukuussa 2018 julkaistava sarjakuvaromaani, jonka tekotapa on poikkeuksellinen: jokaisen sarjakuvaruudun kuva on alunperin valokuva, joka on j\u00e4lkik\u00e4sitelty n\u00e4ytt\u00e4m\u00e4\u00e4n piirretylt\u00e4. N\u00e4yttely esittelee teoksen tekemist\u00e4 aina ideoinnista k\u00e4sikirjoitukseen ja kuvauksista lopullisiin viimeisteltyihin sivuihin.<\/p>\n<p><strong>Harri Filpan<\/strong> <em>Kuolema meid\u00e4t erotti (Pokuto, 2017)<\/em> albumiin pohjautuva n\u00e4yttely on omael\u00e4m\u00e4nkerrallinen ja k\u00e4sittelee puolison kuoleman tuomaa odottamatonta k\u00e4\u00e4nnett\u00e4 el\u00e4m\u00e4ss\u00e4. Suurten sarjakuvasivuvedosten rinnalla n\u00e4yttelyss\u00e4 kuullaan kertomuksia teoksen taustasta sek\u00e4 albumin ulkopuolelle j\u00e4\u00e4neist\u00e4 kohtaamisista. Puolison \u00e4killinen kuolema tuo surun ja kaipuun, jonka lopullisuutta on vaikea ymm\u00e4rt\u00e4\u00e4. Kuolema meid\u00e4t erotti -teos oli vuonna 2018 Sarjakuva-Finlandia- ja Botnia-kirjallisuuspalkintoehdokkaana.<\/p>\n<p><em>Learn Finnish without studying - Opi suomi opiskelematta (Pokuto, 2018)<\/em>\u00a0on <strong>Sami Nyyss\u00f6l\u00e4n<\/strong>\u00a023.11.2018 julkaistava sarjakuvaopas. Jos sin\u00e4 tai joku tuntemasi haluaa tutustua suomen kieleen opiskelematta, t\u00e4m\u00e4 kirja on kirjaimellisesti sit\u00e4 varten tehty.<\/p>\n<\/div><\/div>\n\t\t\t\t<\/li>\n\t\t\t \t<li class=\"event festivaali fwee nayttelyt\">\n\t\t\t\t\t<div class=\"event-date multi-date\"><div class=\"start-date\"><div class=\"event-weekday\">Thu<\/div><div class=\"event-day\">01<\/div><div class=\"event-month\">Nov<\/div><div class=\"event-year\">2018<\/div><\/div><div class=\"end-date\"><div class=\"event-weekday\">Fri<\/div><div class=\"event-day\">30<\/div><div class=\"event-month\">Nov<\/div><div class=\"event-year\">2018<\/div><\/div><\/div>\n\t\t\t\t\t<div class=\"event-info multi-day\"><div class=\"event-title\"><h3>Cara Bean: Brain World -exhibition<\/h3><\/div><span class=\"event-location\">Limingan kirjasto, Tupoksentie 5, Liminka<\/span><div class=\"event-details\"><p><img class=\"size-medium wp-image-3711 alignright\" src=\"http:\/\/www.oulucomics.com\/wp-content\/uploads\/2018\/11\/Brain-World-232x300.jpg\" alt=\"Brain-World\" width=\"232\" height=\"300\" \/><\/p>\n<p><span style=\"color: #0000ff;\"><b>Cara Bean<\/b><span style=\"font-weight: 400;\">, Artist in Residence at the Oulu Comics Center and Liminka School of Art is currently working on a graphic novel about mental health for kids. She uses the art form of comics as an expressive teaching tool to explain anxiety, depression, and substance abuse. The Liminka School library will have on display her sketches and preliminary sketches for the chapters of her book in process.<\/span><\/span><\/p>\n<p><span style=\"font-weight: 400; color: #0000ff;\">Bean will be exhibiting images of the metaphors and storytelling devices that she is using to educate about anxiety, depression, trauma, coping mechanisms, and treatment that she has generated while being an artist in residence.<\/span><\/p>\n<p><span style=\"font-weight: 400; color: #0000ff;\">A smaller version of the Brain World exhibition will be available 24th of November in the Oulu City Library<\/span><\/p>\n<p><span style=\"font-weight: 400;\">Oulun Sarjakuvakeskuksen ja Limingan taidekoulun residenssitaiteilija <\/span><b>Cara Bean<\/b><span style=\"font-weight: 400;\"> ty\u00f6st\u00e4\u00e4 lasten mielenterveytt\u00e4 k\u00e4sittelev\u00e4\u00e4 sarjakuvaromaania. H\u00e4n k\u00e4ytt\u00e4\u00e4 sarjakuvataidetta ilmaisullisena opetusv\u00e4lineen\u00e4, jonka avulla h\u00e4n selitt\u00e4\u00e4 asioita ahdistuksesta, masennuksesta ja l\u00e4\u00e4kkeiden v\u00e4\u00e4rink\u00e4yt\u00f6st\u00e4. Tulevaan kirjaan liittyvi\u00e4 piirroksia ja luonnoksia on esill\u00e4 Limingan taidekoulun kirjastosta l\u00f6ytyv\u00e4ss\u00e4 taiden\u00e4yttelyss\u00e4. N\u00e4yttely esittelee ahdistusta, masennusta, traumaa ja selviytymiskeinoja k\u00e4sittelevi\u00e4 metaforia ja tarinankerronnallisia ratkaisuja, joita Bean on p\u00e4\u00e4tt\u00e4nyt k\u00e4ytt\u00e4\u00e4 kirjassaan.<\/span><\/p>\n<p>Brain World -n\u00e4yttelyn suppeampi versio on n\u00e4ht\u00e4vill\u00e4 Oulun Kaupunginkirjastolla 24.11.2018.<\/p>\n<\/div><\/div>\n\t\t\t\t<\/li>\n\t\t\t \t<li class=\"event festivaali fwee nayttelyt\">\n\t\t\t\t\t<div class=\"event-date\"><div class=\"end-date\"><div class=\"event-weekday\">Wed<\/div><div class=\"event-day\">21<\/div><div class=\"event-month\">Nov<\/div><div class=\"event-year\">2018<\/div><\/div><\/div>\n\t\t\t\t\t<div class=\"event-info multi-day\"><div class=\"event-title\"><h3>Cara Bean: Brain World interview<\/h3><\/div><span class=\"event-time\">17:30 - 18:30<\/span><span class=\"event-location\">Limingan kirjasto, Tupoksentie 5, Liminka<\/span><div class=\"event-details\"><p><img class=\"size-medium wp-image-3711 alignright\" src=\"http:\/\/www.oulucomics.com\/wp-content\/uploads\/2018\/11\/Brain-World-232x300.jpg\" alt=\"Brain-World\" width=\"232\" height=\"300\" \/><span style=\"color: #0000ff;\"><b><img class=\"size-full wp-image-2955 alignleft\" src=\"http:\/\/www.oulucomics.com\/wp-content\/uploads\/2017\/10\/en.jpg\" alt=\"en\" width=\"23\" height=\"20\" \/>Cara Bean<\/b> talks<span style=\"font-weight: 400;\">\u00a0about her exhibition. Bean, Artist in Residence at the Oulu Comics Center and Liminka School of Art is currently working on a graphic novel about mental health for kids. She uses the art form of comics as an expressive teaching tool to explain anxiety, depression, and substance abuse. The Liminka School library will have on display her sketches and preliminary sketches for the chapters of her book in process.<\/span><\/span><\/p>\n<p><span style=\"font-weight: 400; color: #0000ff;\">Bean will be exhibiting images of the metaphors and storytelling devices that she is using to educate about anxiety, depression, trauma, coping mechanisms, and treatment that she has generated while being an artist in residence.<\/span><\/p>\n<p><span style=\"font-weight: 400; color: #0000ff;\">A smaller version of the Brain World exhibition will be available 24th of November in the Oulu City Library<\/span><\/p>\n<p><span style=\"font-weight: 400;\"><strong>Cara Bean<\/strong> esittelee n\u00e4yttelyns\u00e4 ja kertoo ty\u00f6skentelyst\u00e4\u00e4n. Oulun Sarjakuvakeskuksen ja Limingan taidekoulun residenssitaiteilija <\/span>Bean<span style=\"font-weight: 400;\"> ty\u00f6st\u00e4\u00e4 lasten mielenterveytt\u00e4 k\u00e4sittelev\u00e4\u00e4 sarjakuvaromaania. H\u00e4n k\u00e4ytt\u00e4\u00e4 sarjakuvataidetta ilmaisullisena opetusv\u00e4lineen\u00e4, jonka avulla h\u00e4n selitt\u00e4\u00e4 asioita ahdistuksesta, masennuksesta ja l\u00e4\u00e4kkeiden v\u00e4\u00e4rink\u00e4yt\u00f6st\u00e4. Tulevaan kirjaan liittyvi\u00e4 piirroksia ja luonnoksia on esill\u00e4 Limingan taidekoulun kirjastosta l\u00f6ytyv\u00e4ss\u00e4 taiden\u00e4yttelyss\u00e4. N\u00e4yttely esittelee ahdistusta, masennusta, traumaa ja selviytymiskeinoja k\u00e4sittelevi\u00e4 metaforia ja tarinankerronnallisia ratkaisuja, joita Bean on p\u00e4\u00e4tt\u00e4nyt k\u00e4ytt\u00e4\u00e4 kirjassaan.<\/span><\/p>\n<\/div><\/div>\n\t\t\t\t<\/li>\n\t\t\t \t<li class=\"event festivaali fsat nayttelyt sarjasto\">\n\t\t\t\t\t<div class=\"event-date multi-date\"><div class=\"start-date\"><div class=\"event-weekday\">Fri<\/div><div class=\"event-day\">23<\/div><div class=\"event-month\">Nov<\/div><div class=\"event-year\">2018<\/div><\/div><div class=\"end-date\"><div class=\"event-weekday\">Sat<\/div><div class=\"event-day\">24<\/div><div class=\"event-month\">Nov<\/div><div class=\"event-year\">2018<\/div><\/div><\/div>\n\t\t\t\t\t<div class=\"event-info multi-day\"><div class=\"event-title\"><h3>POP UP-n\u00e4yttelyt | POP UP exhibitions<\/h3><\/div><span class=\"event-location\">P\u00e4\u00e4kirjasto | Main library, Kaarlenv\u00e4yl\u00e4 3, 1.-3. krs<\/span><div class=\"event-details\"><p class=\"p1\">T\u00e4n\u00e4 vuonna osana Oulun Sarjakuvafestivaalia n\u00e4hd\u00e4\u00e4n kirjastolla lukuisia n\u00e4yttelyit\u00e4. Ala-aulasta Sarjastolla johtava portaikko ja Sarjaston hyllyjen v\u00e4lit t\u00e4yttyv\u00e4t yll\u00e4tt\u00e4vist\u00e4 pienist\u00e4 n\u00e4yttelykokonaisuuksista.<\/p>\n<p class=\"p1\">POP UP n\u00e4yttelyt ovat avoinna 23.11. klo 16:00-20:00 ja 24.11. klo 09:00-19:00<\/p>\n<p class=\"p1\"><em>N\u00e4yttelykierros osana Oulun Sarjakuvafestivaalin ohjelmistoa pe 23.11. klo 16:00-17:30.<\/em><\/p>\n<h3 class=\"p1\">POP UP N\u00e4yttelyt |||\u00a0<span style=\"color: #0000ff;\">POP UP Exhibitions<\/span>:<\/h3>\n<p class=\"p1\">3. kerros, Sarjasto POP UP, <span style=\"color: #0000ff;\">3rd floor,\u00a0Comics library POP UP<\/span><br \/>\n<span class=\"s1\"><strong>Martin Ernstsen<\/strong>\u00a0<\/span>(Norja \/ Norway)<br \/>\n<strong>Sigbj\u00f8rn Lilleeng<\/strong> (Norja \/ Norway)<\/p>\n<p class=\"p1\">3. kerroksen tasanne, <span style=\"color: #0000ff;\">3rd floor platform<\/span><br \/>\n<strong>Jope Pitk\u00e4nen<\/strong>,<br \/>\n<strong>Stine Spedsbjerg<\/strong>\u00a0(Tanska \/ Denmark)<br \/>\n<strong>S\u00f8ren Mosdal<\/strong> (Tanska \/ Denmark)<\/p>\n<p class=\"p1\"><span class=\"s1\">2.-3. kerros portaikko, <span style=\"color: #0000ff;\">2 to 3. floor staircase<\/span><br \/>\n<\/span><strong>Veli-Matti Ural<\/strong> &amp; <strong>Esa Niskanen<\/strong><\/p>\n<p class=\"p1\">2. kerroksen tasanne, <span style=\"color: #0000ff;\">2nd floor platform<\/span><br \/>\n<strong>Cara Bean<\/strong> (USA)<\/p>\n<p class=\"p1\"><span class=\"s1\">1.-2. kerros portaikko, <span style=\"color: #0000ff;\">1 to 2. floor staircase<\/span><br \/>\n<\/span><strong>Esko Heikkil\u00e4<\/strong><\/p>\n<p><img class=\"alignleft size-full wp-image-2955\" src=\"http:\/\/www.oulucomics.com\/wp-content\/uploads\/2017\/10\/en.jpg\" alt=\"en\" width=\"23\" height=\"20\" \/><\/p>\n<p><span style=\"color: #0000ff;\">\u00a0<\/span><\/p>\n<h3><span style=\"color: #0000ff;\">POP UP exhibitions<\/span><\/h3>\n<p><span style=\"color: #0000ff;\">This year, as part of the Oulu Comics Festival,\u00a0numerous\u00a0exhibitions will be seen in the library.\u00a0A staircase leading from the lower lobby to the Sarjasto and the space between Sarjasto's shelves\u00a0will be filled with unexpected small exhibitions.<\/span><\/p>\n<p><span style=\"color: #0000ff;\">POP UP exhibitions are open on 23.11\u00a0from 16:00 to 20:00 and on 24.11 from 09:00 to 19:00<\/span><\/p>\n<p><span style=\"color: #0000ff;\"><em>Exhibition tour as part of the Oulu Comics Festival's program on Fri 23.11. from 16:00 to 17:30<\/em><\/span><\/p>\n<\/div><\/div>\n\t\t\t\t<\/li>\n\t\t\t \t<li class=\"event festivaali nayttelyt\">\n\t\t\t\t\t<div class=\"event-date multi-date\"><div class=\"start-date\"><div class=\"event-weekday\">Fri<\/div><div class=\"event-day\">23<\/div><div class=\"event-month\">Nov<\/div><div class=\"event-year\">2018<\/div><\/div><div class=\"end-date\"><div class=\"event-weekday\">Sun<\/div><div class=\"event-day\">25<\/div><div class=\"event-month\">Nov<\/div><div class=\"event-year\">2018<\/div><\/div><\/div>\n\t\t\t\t\t<div class=\"event-info multi-day\"><div class=\"event-title\"><h3>Sarjakuvia kaamoksessa - valoteos | Comics in polar night - light art<\/h3><\/div><span class=\"event-location\">Sammakkotalo, Saaristonkatu 22 (Vaaranpuisto), Oulu<\/span><div class=\"event-details\"><p class=\"p1\"><img class=\"size-full wp-image-2956 alignleft\" src=\"http:\/\/www.oulucomics.com\/wp-content\/uploads\/2017\/10\/fi.jpg\" alt=\"fi\" width=\"23\" height=\"20\" \/>Oulun pohjoismaisessa sarjakuvakilpailussa etsittiin t\u00e4n\u00e4 vuonna sarjakuvateoksia osaksi valoteosta. Nyt kilpailun parhaimmisto valaisee Sammakkotalon sein\u00e4n. Teos on osa Oulun Sarjakuvafestivaalin ohjelmistoa ja se on toteutettu yhteisty\u00f6ss\u00e4 Lumo-valofestivaalin ja Coronaria Silm\u00e4sairaalan kanssa. Teoksen juhlallisia avajaisia p\u00e4\u00e4see seuraamaan saapumalla Teuvo Pakkalan patsaalle, Vaaranpuistoon 23.11. klo 18:00<b>.<\/b><\/p>\n<p><img class=\"alignleft size-full wp-image-2955\" src=\"http:\/\/www.oulucomics.com\/wp-content\/uploads\/2017\/10\/en.jpg\" alt=\"en\" width=\"23\" height=\"20\" \/><span style=\"color: #0000ff;\">This year Oulu Nordic Comics Competition\u00a0searched for comics to be part of a light artwork. Now the competition's masterpieces will illuminate the wall of the\u00a0\"Frog building\".\u00a0The Light artwork is part of the Oulu Comics Festival and it has been produced in collaboration with the Lumo Light Festival and the Coronaria Eye Clinic.\u00a0The solemn opening ceremony of the artwork can be followed by coming to Teuvo Pakkala's statue, Vaaranpuisto 23.11.\u00a0at 18:00.<\/span><\/p>\n<\/div><\/div>\n\t\t\t\t<\/li>\n\t\t\t \t<li class=\"event festivaali nayttelyt sarjasto\">\n\t\t\t\t\t<div class=\"event-date multi-date\"><div class=\"start-date\"><div class=\"event-weekday\">Fri<\/div><div class=\"event-day\">23<\/div><div class=\"event-month\">Nov<\/div><div class=\"event-year\">2018<\/div><\/div><div class=\"end-date\"><div class=\"event-weekday\">Mon<\/div><div class=\"event-day\">31<\/div><div class=\"event-month\">Dec<\/div><div class=\"event-year\">2018<\/div><\/div><\/div>\n\t\t\t\t\t<div class=\"event-info multi-day\"><div class=\"event-title\"><h3>Kuningas menett\u00e4\u00e4 p\u00e4\u00e4ns\u00e4 \u2013 Ville Rannan originaalipiirroksia<\/h3><\/div><span class=\"event-location\">Sarjasto, Kaarlenv\u00e4yl\u00e4 3, 3. krs, Oulu<\/span><div class=\"event-details\"><p class=\"p1\"><img class=\"alignleft wp-image-3529\" src=\"http:\/\/www.oulucomics.com\/wp-content\/uploads\/2018\/09\/ranta_sarjasto-300x189.jpg\" alt=\"ranta_sarjasto\" width=\"600\" height=\"378\" \/><\/p>\n<p class=\"p1\"><strong>Ville Rannan<\/strong> t\u00e4n\u00e4 syksyn\u00e4 ilmestynyt sarjakuvaromaani <em>Kuningas menett\u00e4\u00e4 p\u00e4\u00e4ns\u00e4<\/em> (WSOY) on kertomus vanhenemisesta, miehist\u00e4 sek\u00e4 miesten pahimmista vihollisista: naisista, lapsista ja pienist\u00e4 el\u00e4imist\u00e4. Teos on my\u00f6s k\u00e4sity\u00f6n ja akvarellitekniikan r\u00e4iskyv\u00e4 taidonn\u00e4yte. Rannan originaalit paljastavat, miten kirjan sivut ovat syntyneet, ja miten originaaleissa kaikki on oikeasti melkein yht\u00e4 hienoa kuin painettuna kirjan sis\u00e4ll\u00e4.<\/p>\n<p class=\"p1\"><em>N\u00e4yttelykierros osana Oulun Sarjakuvafestivaalin ohjelmistoa pe 23.11. klo 16:00-<\/em><\/p>\n<\/div><\/div>\n\t\t\t\t<\/li>\n\t\t\t \t<li class=\"event festivaali nayttelyt sarjasto\">\n\t\t\t\t\t<div class=\"event-date multi-date\"><div class=\"start-date\"><div class=\"event-weekday\">Fri<\/div><div class=\"event-day\">23<\/div><div class=\"event-month\">Nov<\/div><div class=\"event-year\">2018<\/div><\/div><div class=\"end-date\"><div class=\"event-weekday\">Mon<\/div><div class=\"event-day\">31<\/div><div class=\"event-month\">Dec<\/div><div class=\"event-year\">2018<\/div><\/div><\/div>\n\t\t\t\t\t<div class=\"event-info multi-day\"><div class=\"event-title\"><h3>Sunna Kitti - 2118<\/h3><\/div><span class=\"event-location\">P\u00e4\u00e4kirjasto | Main library, Kaarlenv\u00e4yl\u00e4 3, 1. krs, Oulu<\/span><div class=\"event-details\"><p class=\"p1\"><img class=\"aligncenter wp-image-3530 size-medium\" src=\"http:\/\/www.oulucomics.com\/wp-content\/uploads\/2018\/09\/nuclear-fall_small-212x300.jpg\" alt=\"nuclear fall_small\" width=\"212\" height=\"300\" \/><\/p>\n<p class=\"p1\">Sadan vuoden kuluttua Maapallo on muuttunut l\u00e4hes kokonaan elinkelvottomaksi. Vuonna 2118\u00a0ilmastonmuutos ja sodat ovat runnelleet maailman, ja demokratia ja l\u00e4nsimainen yhteiskunta ovat sortuneet. Maailmaa hallitsee h\u00e4ik\u00e4ilem\u00e4t\u00f6n diktaattori, joka hallitsee alkuper\u00e4iskansoja kovin ottein. L\u00f6yt\u00e4\u00e4kseen toivoa t\u00e4st\u00e4 armottomasta todellisuudesta saamelaisten on vedett\u00e4v\u00e4 yht\u00e4 k\u00f6ytt\u00e4.<\/p>\n<p class=\"p1\"><em>N\u00e4yttelykierros osana Oulun Sarjakuvafestivaalin ohjelmistoa pe 23.11. klo 16:00-<\/em><\/p>\n<p class=\"p1\">\n<\/div><\/div>\n\t\t\t\t<\/li>\n\t\t\t \t<li class=\"event festivaali nayttelyt sarjasto\">\n\t\t\t\t\t<div class=\"event-date multi-date\"><div class=\"start-date\"><div class=\"event-weekday\">Fri<\/div><div class=\"event-day\">23<\/div><div class=\"event-month\">Nov<\/div><div class=\"event-year\">2018<\/div><\/div><div class=\"end-date\"><div class=\"event-weekday\">Mon<\/div><div class=\"event-day\">31<\/div><div class=\"event-month\">Dec<\/div><div class=\"event-year\">2018<\/div><\/div><\/div>\n\t\t\t\t\t<div class=\"event-info multi-day\"><div class=\"event-title\"><h3>Pokuton syksyn 2018 uutuudet<\/h3><\/div><span class=\"event-location\">P\u00e4\u00e4kirjasto | Main library, Ala-aula | Lobby, Kaarlenv\u00e4yl\u00e4 3, 1. krs, Oulu<\/span><div class=\"event-details\"><p>Pokuton uutuuksia esittelev\u00e4ss\u00e4 n\u00e4yttelyss\u00e4 n\u00e4hd\u00e4\u00e4n vaiheita syksyn uutuusteoksien taustalta ja otteita kirjoista. Mukaan n\u00e4yttelyss\u00e4 ovat Pokuton taiteilijat:<br \/>\n<strong>Jussi Hukkanen<\/strong>: Maailman Paskin Nalle<br \/>\n<strong>Harri Filppa<\/strong> &amp; <strong>Jukka Takalo<\/strong>: Kek\u00e4 kommeiten kuolee<br \/>\n<strong>Sami Nyyss\u00f6l\u00e4<\/strong>: Learn Finnish Without Studying<br \/>\n<strong>Avi Heikkinen<\/strong>: Valotusaika<\/p>\n<p class=\"p1\"><img class=\"aligncenter size-full wp-image-3748\" src=\"http:\/\/www.oulucomics.com\/wp-content\/uploads\/2018\/11\/pokuto_netti_small.jpg\" alt=\"pokuto_netti_small\" width=\"600\" height=\"459\" \/><\/p>\n<p class=\"p1\"><em>N\u00e4yttelykierros osana Oulun Sarjakuvafestivaalin ohjelmistoa pe 23.11. klo 16:00-<br \/>\n<\/em><em>Pokuton kirjojen julkistamistilaisuus pe 23.11. klo 19:00- Cafe KULuMA, Kauppurienkatu 5, Oulu<\/em><\/p>\n<\/div><\/div>\n\t\t\t\t<\/li>\n\t\t\t \t<li class=\"event festivaali ffri nayttelyt sarjasto\">\n\t\t\t\t\t<div class=\"event-date\"><div class=\"end-date\"><div class=\"event-weekday\">Fri<\/div><div class=\"event-day\">23<\/div><div class=\"event-month\">Nov<\/div><div class=\"event-year\">2018<\/div><\/div><\/div>\n\t\t\t\t\t<div class=\"event-info multi-day\"><div class=\"event-title\"><h3>N\u00e4yttelykierros Oulun kaupunginkirjastolla | Exhibition tour at the\u00a0Oulu City Library<\/h3><\/div><span class=\"event-time\">16:00 - 17:30<\/span><span class=\"event-location\">P\u00e4\u00e4kirjasto | Main library, Kaarlenv\u00e4yl\u00e4 3, Oulu<\/span><div class=\"event-details\"><p><img class=\"size-full wp-image-2956 alignleft\" src=\"http:\/\/www.oulucomics.com\/wp-content\/uploads\/2017\/10\/fi.jpg\" alt=\"fi\" width=\"23\" height=\"20\" \/>N\u00e4yttelykierroksella tutustutaan\u00a0mukana olevien\u00a0taiteilijoiden kanssa Oulun kaupunginkirjaston p\u00e4\u00e4kirjastoon sijoitettuun laajaan n\u00e4yttelykokonaisuuteen. Tilaisuus alkaa Sarjastosta (3. krs) ja p\u00e4\u00e4ttyy Laiturin n\u00e4yttelytilaan.<\/p>\n<p>Tapahtuma aloittaa vuoden 2018 Oulun Sarjakuvafestivaali viikonlopun.<\/p>\n<p><img class=\"alignleft size-full wp-image-2955\" src=\"http:\/\/www.oulucomics.com\/wp-content\/uploads\/2017\/10\/en.jpg\" alt=\"en\" width=\"23\" height=\"20\" \/><\/p>\n<p class=\"p1\"><span class=\"s1\" style=\"color: #0000ff;\">The exhibition tour will be introduced with the participating artists to a large exhibition complex located in the Oulu City Library. The event will start at Sarjasto (3rd floor) and end at the Laituri exhibition space.<\/span><\/p>\n<p><span style=\"color: #0000ff;\">The event launches the 2018 Oulu Comics Festifal\u00a0weekend.<\/span><\/p>\n<\/div><\/div>\n\t\t\t\t<\/li>\n\t\t\t \t<li class=\"event festivaali ffri nayttelyt\">\n\t\t\t\t\t<div class=\"event-date\"><div class=\"end-date\"><div class=\"event-weekday\">Fri<\/div><div class=\"event-day\">23<\/div><div class=\"event-month\">Nov<\/div><div class=\"event-year\">2018<\/div><\/div><\/div>\n\t\t\t\t\t<div class=\"event-info multi-day\"><div class=\"event-title\"><h3>Avajaiset | Opening ceremony<\/h3><\/div><span class=\"event-time\">18:00 - 19:00<\/span><span class=\"event-location\">Teuvo Pakkalan patsas, Vaaranpuisto, Oulu<\/span><div class=\"event-details\"><p class=\"p1\"><img class=\"alignleft size-full wp-image-2956\" src=\"http:\/\/www.oulucomics.com\/wp-content\/uploads\/2017\/10\/fi.jpg\" alt=\"fi\" width=\"23\" height=\"20\" \/><\/p>\n<h3 class=\"p1\">Avajaiset: Sarjakuvia kaamoksessa - valoteos<\/h3>\n<p class=\"p1\"><img class=\"aligncenter size-medium wp-image-3731\" src=\"http:\/\/www.oulucomics.com\/wp-content\/uploads\/2018\/11\/sammakkotalo2_grey-300x212.jpg\" alt=\"sammakkotalo2_grey\" width=\"300\" height=\"212\" \/><\/p>\n<p class=\"p1\">Oulun pohjoismainen sarjakuvakilpailussa etsittiin t\u00e4n\u00e4 vuonna sarjakuvateoksia osaksi valoteosta.\u00a0Oulun Sarjakuvafestivaali kuljettaa v\u00e4en tervehtim\u00e4\u00e4n Teuvo Pakkalaa.<\/p>\n<p class=\"p1\">Klo 18:00 Toiminnanjohtaja <strong>Harri Filpan<\/strong> avajaispuhe<\/p>\n<p class=\"p1\">Klo 18:10 Oulun Pohjoismaisen Sarjakuvakilpailun voittajien julkistaminen<\/p>\n<p class=\"p1\">Klo 18:15 Valotaideteoksen julkistaminen ja voittajien haastattelut<\/p>\n<p class=\"p1\">Klo 18:40 <strong>Jyrki Korpua<\/strong> luovuttaa jokavuotisen Skrew You -tunnustuspalkinnon<\/p>\n<p class=\"p1\">Tapahtuman p\u00e4\u00e4tteeksi Harri Filppa johdattaa v\u00e4en viett\u00e4m\u00e4\u00e4n iltaa sarjakuvanmerkeiss\u00e4. JAtkopaikkana toimii Cafe KULuMA, Kauppurienkatu 5, Oulu.<\/p>\n<p><img class=\"alignleft size-full wp-image-2955\" src=\"http:\/\/www.oulucomics.com\/wp-content\/uploads\/2017\/10\/en.jpg\" alt=\"en\" width=\"23\" height=\"20\" \/><\/p>\n<p>&nbsp;<\/p>\n<h3><span style=\"color: #0000ff;\">Opening ceremony: Comics in a polar night - a light\u00a0artwork<\/span><\/h3>\n<p class=\"p1\"><span class=\"s1\" style=\"color: #0000ff;\">This year Oulu Comics Festival\u2019s people are guided to greet Teuvo Pakkala by Oulu Nordic Comics Competition. In the competition we searched for comics to be part of a light artwork.<\/span><\/p>\n<p><span style=\"color: #0000ff;\">6:00 pm Opening speech by <strong>Harri Filppa<\/strong><\/span><\/p>\n<p><span style=\"color: #0000ff;\">6:10 pm Winners of the Oulu Nordic Comics Competition are announced<\/span><\/p>\n<p><span style=\"color: #0000ff;\">6:15 pm Light artwork that includes the winning works is revealed. The\u00a0interview of the winners<\/span><\/p>\n<p><span style=\"color: #0000ff;\">6:40 pm\u00a0 Honorary\u00a0award Skrew You! goes to... ?!!<\/span><\/p>\n<p><span style=\"color: #0000ff;\">After the event Harri Filppa leads everyone to spend the evening at the Cafe KULuMA,\u00a0Kauppurienkatu 5, Oulu<\/span><\/p>\n<\/div><\/div>\n\t\t\t\t<\/li>\n\t\t\t \t<li class=\"event festivaali fsun nayttelyt sarjakuvagalleria\">\n\t\t\t\t\t<div class=\"event-date\"><div class=\"end-date\"><div class=\"event-weekday\">Sun<\/div><div class=\"event-day\">25<\/div><div class=\"event-month\">Nov<\/div><div class=\"event-year\">2018<\/div><\/div><\/div>\n\t\t\t\t\t<div class=\"event-info multi-day\"><div class=\"event-title\"><h3>Sarjakuvagalleria!n n\u00e4yttelykierros | Comics Gallery! exhibition tour<\/h3><\/div><span class=\"event-time\">15:00 - 16:00<\/span><span class=\"event-location\">Sarjakuvagalleria! | Comics Gallery!, Hallituskatu 7, Oulu<\/span><div class=\"event-details\"><p><strong>Ilpo Koskela<\/strong> esittelee n\u00e4yttelyns\u00e4<em>\u00a0Lights on! Historia eloon sarjakuvan keinoin.\u00a0\u00a0<\/em>Tarjolla virvokkeita<img class=\"size-medium wp-image-3689 aligncenter\" src=\"http:\/\/www.oulucomics.com\/wp-content\/uploads\/2018\/10\/lights_on_promokuva-300x300.jpg\" alt=\"lights_on_promokuva\" width=\"300\" height=\"300\" \/><\/p>\n<p class=\"p1\"><span style=\"color: #0000ff;\"><strong>Ilpo Koskela<\/strong> presents his exhibition Lights on! History is alive in comics storytelling. Small refreshments!<\/span><\/p>\n<\/div><\/div>\n\t\t\t\t<\/li><\/ul>\n\t\t\t\t<\/div>\n","protected":false},"excerpt":{"rendered":"<p>&#8230;<\/p>\n","protected":false},"author":1,"featured_media":0,"parent":3531,"menu_order":0,"comment_status":"closed","ping_status":"closed","template":"","meta":[],"categories":[],"tags":[],"_links":{"self":[{"href":"https:\/\/www.oulucomics.com\/en_US\/wp-json\/wp\/v2\/pages\/3553"}],"collection":[{"href":"https:\/\/www.oulucomics.com\/en_US\/wp-json\/wp\/v2\/pages"}],"about":[{"href":"https:\/\/www.oulucomics.com\/en_US\/wp-json\/wp\/v2\/types\/page"}],"author":[{"embeddable":true,"href":"https:\/\/www.oulucomics.com\/en_US\/wp-json\/wp\/v2\/users\/1"}],"replies":[{"embeddable":true,"href":"https:\/\/www.oulucomics.com\/en_US\/wp-json\/wp\/v2\/comments?post=3553"}],"version-history":[{"count":3,"href":"https:\/\/www.oulucomics.com\/en_US\/wp-json\/wp\/v2\/pages\/3553\/revisions"}],"predecessor-version":[{"id":3595,"href":"https:\/\/www.oulucomics.com\/en_US\/wp-json\/wp\/v2\/pages\/3553\/revisions\/3595"}],"up":[{"embeddable":true,"href":"https:\/\/www.oulucomics.com\/en_US\/wp-json\/wp\/v2\/pages\/3531"}],"wp:attachment":[{"href":"https:\/\/www.oulucomics.com\/en_US\/wp-json\/wp\/v2\/media?parent=3553"}],"wp:term":[{"taxonomy":"category","embeddable":true,"href":"https:\/\/www.oulucomics.com\/en_US\/wp-json\/wp\/v2\/categories?post=3553"},{"taxonomy":"post_tag","embeddable":true,"href":"https:\/\/www.oulucomics.com\/en_US\/wp-json\/wp\/v2\/tags?post=3553"}],"curies":[{"name":"wp","href":"https:\/\/api.w.org\/{rel}","templated":true}]}}