{"id":3549,"date":"2018-09-20T11:56:39","date_gmt":"2018-09-20T08:56:39","guid":{"rendered":"http:\/\/www.oulucomics.com\/?page_id=3549"},"modified":"2018-10-03T15:26:46","modified_gmt":"2018-10-03T12:26:46","slug":"masterclasses","status":"publish","type":"page","link":"https:\/\/www.oulucomics.com\/en_US\/fest\/program2018\/masterclasses\/","title":{"rendered":"Master Classes 2018"},"content":{"rendered":"<p>Oulu Comics Center have Comics Master Courses also in this year&#8217;s festival. More information later&#8230; <img loading=\"lazy\" class=\"aligncenter wp-image-3083\" src=\"http:\/\/www.oulucomics.com\/wp-content\/uploads\/2017\/04\/nordiskkulturfond_black_rgb-300x72.png\" sizes=\"(max-width: 200px) 100vw, 200px\" srcset=\"http:\/\/www.oulucomics.com\/wp-content\/uploads\/2017\/04\/nordiskkulturfond_black_rgb-300x72.png 300w, http:\/\/www.oulucomics.com\/wp-content\/uploads\/2017\/04\/nordiskkulturfond_black_rgb-768x184.png 768w, http:\/\/www.oulucomics.com\/wp-content\/uploads\/2017\/04\/nordiskkulturfond_black_rgb-1024x245.png 1024w, http:\/\/www.oulucomics.com\/wp-content\/uploads\/2017\/04\/nordiskkulturfond_black_rgb-1050x252.png 1050w, http:\/\/www.oulucomics.com\/wp-content\/uploads\/2017\/04\/nordiskkulturfond_black_rgb.png 1181w\" alt=\"nordiskkulturfond_black_rgb\" width=\"200\" height=\"48\" \/> \n\t\t\t\t<div class=\"event-list\">\n\t\t\t\t<ul class=\"event-list-view\">\n\t\t\t \t<li class=\"event festivaali fsun center paja\">\n\t\t\t\t\t<div class=\"event-date\"><div class=\"start-date\"><div class=\"event-weekday\">Sun<\/div><div class=\"event-day\">25<\/div><div class=\"event-month\">Nov<\/div><div class=\"event-year\">2018<\/div><\/div><\/div>\n\t\t\t\t\t<div class=\"event-info single-day\"><div class=\"event-title\"><h3>Mestarikurssi | Master Class<\/h3><\/div><span class=\"event-time\">12:00 - 13:15<\/span><span class=\"event-location\">Kulttuuritalo Valve, Sarjakuvaluokka, Hallituskatu 7, Oulu<\/span><div class=\"event-details\"><p>&nbsp;<\/p>\n<p><img class=\"size-medium wp-image-3699 alignright\" src=\"http:\/\/www.oulucomics.com\/wp-content\/uploads\/2018\/10\/cool-211x300.png\" alt=\"cool\" width=\"211\" height=\"300\" \/><\/p>\n<p><img class=\"alignleft size-full wp-image-2955\" src=\"http:\/\/www.oulucomics.com\/wp-content\/uploads\/2017\/10\/en.jpg\" alt=\"en\" width=\"23\" height=\"20\" \/><\/p>\n<p><span style=\"color: #0000ff;\">Norwegian comic artist\u00a0<strong>Sigbj\u00f8rn Lilleeng<\/strong> organizes a Master Class\u00a0which puts the focus on flow and readability on the page. The Class is promoted towards adults and young adults interested in drawing comics. You can find pens and paper in the class, but you can also bring your own tools if you want to use a drawing tablet for example.\u00a0<\/span><\/p>\n<p>Norjalaisen sarjakuvantekij\u00e4n <strong>Sigbj\u00f8rn Lilleengin<\/strong> ohjaamassa mestarikurssissa keskityt\u00e4\u00e4n sarjakuvasivun sommitteluun ja sulavan lukukokemuksen toteuttamiseen. Kurssille ei tarvitse ilmoittautua ennakkoon, mutta tilaan mahtuu vain 10 ensimm\u00e4ist\u00e4 osallistujaa. Kurssi on kohdennettu sarjakuvapiirt\u00e4misest\u00e4 kiinnostuneille nuorille ja aikuisille. Oulun Sarjakuvakeskus tarjoaa paperia ja kyni\u00e4, mutta kurssin harjoitukset voi toteuttaa my\u00f6s itse tuomilla ty\u00f6v\u00e4lineill\u00e4, jos esimerkiksi haluat piirt\u00e4\u00e4 digitaalisesti. Kurssin opetuskieli on englanti.<\/p>\n<p>&nbsp;<\/p>\n<\/div><\/div>\n\t\t\t\t<\/li>\n\t\t\t \t<li class=\"event festivaali fsun center paja\">\n\t\t\t\t\t<div class=\"event-date\"><div class=\"start-date\"><div class=\"event-weekday\">Sun<\/div><div class=\"event-day\">25<\/div><div class=\"event-month\">Nov<\/div><div class=\"event-year\">2018<\/div><\/div><\/div>\n\t\t\t\t\t<div class=\"event-info single-day\"><div class=\"event-title\"><h3>Suomen sarjakuvatutkimuksen nykytila<\/h3><\/div><span class=\"event-time\">12:00 - 13:30<\/span><span class=\"event-location\">Kulttuuritalo Valve, Elokuvateatteri Studio, Hallituskatu 7, Oulu<\/span><div class=\"event-details\"><p><img class=\"alignleft size-full wp-image-2956\" src=\"http:\/\/www.oulucomics.com\/wp-content\/uploads\/2017\/10\/fi.jpg\" alt=\"fi\" width=\"23\" height=\"20\" \/>Mit\u00e4 kuuluu Suomen sarjakuvatutkimukselle? Kuka sarjakuvaa tutkii ja miss\u00e4? Miten sarjakuvaa voi ylip\u00e4\u00e4t\u00e4\u00e4n tutkia ja mist\u00e4 n\u00e4k\u00f6kulmista? Tule kuuntelemaan ja konsultoimaan asiantuntijoita. Jos tutkijuus kiinnostaa, t\u00e4m\u00e4 on oikea paikka!<\/p>\n<p><img class=\"aligncenter size-medium wp-image-3726\" src=\"http:\/\/www.oulucomics.com\/wp-content\/uploads\/2018\/11\/sarjakuvatutkimus-300x156.jpg\" alt=\"sarjakuvatutkimus\" width=\"300\" height=\"156\" \/><\/p>\n<p>Paikalla sarjakuvatutkimuksesta kertomassa, keskustelemassa ja konsultoimassa muun muassa Don Rosan Disney -sarjakuvista v\u00e4itellyt Ankkatohtori <strong>Katja Kontturi<\/strong> (Jyv\u00e4skyl\u00e4n yliopisto), sarjakuvan ja kirjallisuuden tutkija Filosofian tohtori <strong>Jyrki Korpua<\/strong> (Oulun yliopisto) ja Suomen ensimm\u00e4isen sarjakuvitetun pro gradu -tutkimuksen tehnyt Taiteen maisteri <strong>Harri Filppa<\/strong> (Lapin ylipisto).<\/p>\n<blockquote><p>Mik\u00e4li haluat saada tilaisuudessa palautetta omasta tutkimuksestasi niin l\u00e4het\u00e4 suunnitelmasi osoitteeseen sarjakuvaoulu(at)gmail.com\u00a018.11.2018 menness\u00e4.<\/p><\/blockquote>\n<p>Tapahtuma j\u00e4rjestet\u00e4\u00e4n yhteisty\u00f6ss\u00e4 Suomen sarjakuvatutkijoiden kanssa.<\/p>\n<\/div><\/div>\n\t\t\t\t<\/li>\n\t\t\t \t<li class=\"event festivaali fsun center paja\">\n\t\t\t\t\t<div class=\"event-date\"><div class=\"start-date\"><div class=\"event-weekday\">Sun<\/div><div class=\"event-day\">25<\/div><div class=\"event-month\">Nov<\/div><div class=\"event-year\">2018<\/div><\/div><\/div>\n\t\t\t\t\t<div class=\"event-info single-day\"><div class=\"event-title\"><h3>Sarjakuvapitchaus<\/h3><\/div><span class=\"event-time\">13:30 - 16:00<\/span><span class=\"event-location\">Kulttuuritalo Valve, Elokuvateatteri Studio, Hallituskatu 7, Oulu<\/span><div class=\"event-details\"><p><img class=\"alignleft size-full wp-image-2956\" src=\"http:\/\/www.oulucomics.com\/wp-content\/uploads\/2017\/10\/fi.jpg\" alt=\"fi\" width=\"23\" height=\"20\" \/><\/p>\n<p><a href=\"http:\/\/www.oulucomics.com\/fest\/program2018\/sarjakuvapitchaus\/\">Lis\u00e4tietoa Sarjakuvapitchauksesta sen tapahtuman\u00a0alasivulta!!!<\/a><\/p>\n<p><a href=\"http:\/\/www.oulucomics.com\/fest\/program2018\/sarjakuvapitchaus\/\"><img class=\"alignleft size-full wp-image-2955\" src=\"http:\/\/www.oulucomics.com\/wp-content\/uploads\/2017\/10\/en.jpg\" alt=\"en\" width=\"23\" height=\"20\" \/>More info about Comics Pitching\u00a0on the events page\u00a0!!!<\/a><\/p>\n<\/div><\/div>\n\t\t\t\t<\/li><\/ul>\n\t\t\t\t<\/div><\/p>\n","protected":false},"excerpt":{"rendered":"<p>Oulu Comics Center have Comics Master Courses also in this year&#8217;s festival. More information later&#8230; <img loading=\"lazy\" width=\"300\" height=\"72\" class=\"aligncenter wp-image-3083\" src=\"http:\/\/www.oulucomics.com\/wp-content\/uploads\/2017\/04\/nordiskkulturfond_black_rgb-300x72.png\" sizes=\"(...\n<\/p srcset=\"https:\/\/www.oulucomics.com\/wp-content\/uploads\/2017\/04\/nordiskkulturfond_black_rgb-300x72.png 300w, https:\/\/www.oulucomics.com\/wp-content\/uploads\/2017\/04\/nordiskkulturfond_black_rgb-768x184.png 768w, https:\/\/www.oulucomics.com\/wp-content\/uploads\/2017\/04\/nordiskkulturfond_black_rgb-1024x245.png 1024w, https:\/\/www.oulucomics.com\/wp-content\/uploads\/2017\/04\/nordiskkulturfond_black_rgb-1050x252.png 1050w, https:\/\/www.oulucomics.com\/wp-content\/uploads\/2017\/04\/nordiskkulturfond_black_rgb.png 1181w\" \/>\n","protected":false},"author":1,"featured_media":0,"parent":3531,"menu_order":0,"comment_status":"closed","ping_status":"closed","template":"","meta":[],"categories":[],"tags":[],"_links":{"self":[{"href":"https:\/\/www.oulucomics.com\/en_US\/wp-json\/wp\/v2\/pages\/3549"}],"collection":[{"href":"https:\/\/www.oulucomics.com\/en_US\/wp-json\/wp\/v2\/pages"}],"about":[{"href":"https:\/\/www.oulucomics.com\/en_US\/wp-json\/wp\/v2\/types\/page"}],"author":[{"embeddable":true,"href":"https:\/\/www.oulucomics.com\/en_US\/wp-json\/wp\/v2\/users\/1"}],"replies":[{"embeddable":true,"href":"https:\/\/www.oulucomics.com\/en_US\/wp-json\/wp\/v2\/comments?post=3549"}],"version-history":[{"count":7,"href":"https:\/\/www.oulucomics.com\/en_US\/wp-json\/wp\/v2\/pages\/3549\/revisions"}],"predecessor-version":[{"id":3644,"href":"https:\/\/www.oulucomics.com\/en_US\/wp-json\/wp\/v2\/pages\/3549\/revisions\/3644"}],"up":[{"embeddable":true,"href":"https:\/\/www.oulucomics.com\/en_US\/wp-json\/wp\/v2\/pages\/3531"}],"wp:attachment":[{"href":"https:\/\/www.oulucomics.com\/en_US\/wp-json\/wp\/v2\/media?parent=3549"}],"wp:term":[{"taxonomy":"category","embeddable":true,"href":"https:\/\/www.oulucomics.com\/en_US\/wp-json\/wp\/v2\/categories?post=3549"},{"taxonomy":"post_tag","embeddable":true,"href":"https:\/\/www.oulucomics.com\/en_US\/wp-json\/wp\/v2\/tags?post=3549"}],"curies":[{"name":"wp","href":"https:\/\/api.w.org\/{rel}","templated":true}]}}