{"id":3539,"date":"2018-09-20T11:44:03","date_gmt":"2018-09-20T08:44:03","guid":{"rendered":"http:\/\/www.oulucomics.com\/?page_id=3539"},"modified":"2018-09-20T14:09:10","modified_gmt":"2018-09-20T11:09:10","slug":"sun","status":"publish","type":"page","link":"https:\/\/www.oulucomics.com\/en_US\/fest\/program2018\/sun\/","title":{"rendered":"Sunday"},"content":{"rendered":"<ul>\n<li><a href=\"http:\/\/www.oulucomics.com\/fest\/program2018\/fri\/\">Friday 23.11.<\/a><\/li>\n<li><a href=\"http:\/\/www.oulucomics.com\/fest\/program2018\/sat\/\">Saturday 24.11.<\/a><\/li>\n<li>Sunday 25.11.<\/li>\n<li><a href=\"http:\/\/www.oulucomics.com\/fest\/program2018\/week\/\">Festival week<\/a><\/li>\n<\/ul>\n<p><img loading=\"lazy\" decoding=\"async\" class=\"size-full wp-image-2955 alignleft\" src=\"http:\/\/www.oulucomics.com\/wp-content\/uploads\/2017\/10\/en.jpg\" alt=\"en\" width=\"23\" height=\"20\" \/><\/p>\n<p><span style=\"color: #000080;\"><strong>We have marked to the program the content which is at least partly in English.<\/strong><\/span><\/p>\n<h2>Sunday&#8217;s\u00a0program:<\/h2>\n\n\t\t\t\t<div class=\"event-list\">\n\t\t\t\t<style type=\"text\/css\">\n\t\t\t\t\t.filterbar { display:table; width:100% }\n\t\t\t\t\t.filterbar > div { display:table-cell }\n\t\t\t\t<\/style>\n\t\t\t\t<!--[if lte IE 7]>\n\t\t\t\t<style>.filterbar > div { float:left }<\/style>\n\t\t\t\t<![endif]-->\n\t\t\t\t<div class=\"filterbar subsubsub\">\n\t\t\t\t\t<div style=\"text-align:left\"><ul class=\"hlist\"><li><a href=\"https:\/\/www.oulucomics.com\/en_US\/fest\/program2018\/sun\/?date1=all\">All<\/a><\/li><li><a href=\"https:\/\/www.oulucomics.com\/en_US\/fest\/program2018\/sun\/?date1=upcoming\">Upcoming<\/a><\/li><li><a href=\"https:\/\/www.oulucomics.com\/en_US\/fest\/program2018\/sun\/?date1=2017\">2017<\/a><\/li><li><strong>2018<\/strong><\/li><li><a href=\"https:\/\/www.oulucomics.com\/en_US\/fest\/program2018\/sun\/?date1=2019\">2019<\/a><\/li><li><a href=\"https:\/\/www.oulucomics.com\/en_US\/fest\/program2018\/sun\/?date1=2020\">2020<\/a><\/li><li><a href=\"https:\/\/www.oulucomics.com\/en_US\/fest\/program2018\/sun\/?date1=2021\">2021<\/a><\/li><li><a href=\"https:\/\/www.oulucomics.com\/en_US\/fest\/program2018\/sun\/?date1=2022\">2022<\/a><\/li><li><a href=\"https:\/\/www.oulucomics.com\/en_US\/fest\/program2018\/sun\/?date1=2023\">2023<\/a><\/li><li><a href=\"https:\/\/www.oulucomics.com\/en_US\/fest\/program2018\/sun\/?date1=2024\">2024<\/a><\/li><li><a href=\"https:\/\/www.oulucomics.com\/en_US\/fest\/program2018\/sun\/?date1=2025\">2025<\/a><\/li><\/ul>\n\t\t\t\t\t<\/div><\/div>\n\t\t\t\t<ul class=\"event-list-view\">\n\t\t\t \t<li class=\"event festivaali fsun center paja\">\n\t\t\t\t\t<div class=\"event-date\"><div class=\"start-date\"><div class=\"event-weekday\">Sun<\/div><div class=\"event-day\">25<\/div><div class=\"event-month\">Nov<\/div><div class=\"event-year\">2018<\/div><\/div><\/div>\n\t\t\t\t\t<div class=\"event-info single-day\"><div class=\"event-title\"><h3>Mestarikurssi | Master Class<\/h3><\/div><span class=\"event-time\">12:00 - 13:15<\/span><span class=\"event-location\">Kulttuuritalo Valve, Sarjakuvaluokka, Hallituskatu 7, Oulu<\/span><div class=\"event-details\"><p>&nbsp;<\/p>\n<p><img loading=\"lazy\" decoding=\"async\" class=\"size-medium wp-image-3699 alignright\" src=\"http:\/\/www.oulucomics.com\/wp-content\/uploads\/2018\/10\/cool-211x300.png\" alt=\"cool\" width=\"211\" height=\"300\" srcset=\"https:\/\/www.oulucomics.com\/wp-content\/uploads\/2018\/10\/cool-211x300.png 211w, https:\/\/www.oulucomics.com\/wp-content\/uploads\/2018\/10\/cool.png 676w\" sizes=\"auto, (max-width: 211px) 100vw, 211px\" \/><\/p>\n<p><img loading=\"lazy\" decoding=\"async\" class=\"alignleft size-full wp-image-2955\" src=\"http:\/\/www.oulucomics.com\/wp-content\/uploads\/2017\/10\/en.jpg\" alt=\"en\" width=\"23\" height=\"20\" \/><\/p>\n<p><span style=\"color: #0000ff;\">Norwegian comic artist\u00a0<strong>Sigbj\u00f8rn Lilleeng<\/strong> organizes a Master Class\u00a0which puts the focus on flow and readability on the page. The Class is promoted towards adults and young adults interested in drawing comics. You can find pens and paper in the class, but you can also bring your own tools if you want to use a drawing tablet for example.\u00a0<\/span><\/p>\n<p>Norjalaisen sarjakuvantekij\u00e4n <strong>Sigbj\u00f8rn Lilleengin<\/strong> ohjaamassa mestarikurssissa keskityt\u00e4\u00e4n sarjakuvasivun sommitteluun ja sulavan lukukokemuksen toteuttamiseen. Kurssille ei tarvitse ilmoittautua ennakkoon, mutta tilaan mahtuu vain 10 ensimm\u00e4ist\u00e4 osallistujaa. Kurssi on kohdennettu sarjakuvapiirt\u00e4misest\u00e4 kiinnostuneille nuorille ja aikuisille. Oulun Sarjakuvakeskus tarjoaa paperia ja kyni\u00e4, mutta kurssin harjoitukset voi toteuttaa my\u00f6s itse tuomilla ty\u00f6v\u00e4lineill\u00e4, jos esimerkiksi haluat piirt\u00e4\u00e4 digitaalisesti. Kurssin opetuskieli on englanti.<\/p>\n<p>&nbsp;<\/p>\n<\/div><\/div>\n\t\t\t\t<\/li>\n\t\t\t \t<li class=\"event festivaali fsun center paja\">\n\t\t\t\t\t<div class=\"event-date\"><div class=\"start-date\"><div class=\"event-weekday\">Sun<\/div><div class=\"event-day\">25<\/div><div class=\"event-month\">Nov<\/div><div class=\"event-year\">2018<\/div><\/div><\/div>\n\t\t\t\t\t<div class=\"event-info single-day\"><div class=\"event-title\"><h3>Suomen sarjakuvatutkimuksen nykytila<\/h3><\/div><span class=\"event-time\">12:00 - 13:30<\/span><span class=\"event-location\">Kulttuuritalo Valve, Elokuvateatteri Studio, Hallituskatu 7, Oulu<\/span><div class=\"event-details\"><p><img loading=\"lazy\" decoding=\"async\" class=\"alignleft size-full wp-image-2956\" src=\"http:\/\/www.oulucomics.com\/wp-content\/uploads\/2017\/10\/fi.jpg\" alt=\"fi\" width=\"23\" height=\"20\" \/>Mit\u00e4 kuuluu Suomen sarjakuvatutkimukselle? Kuka sarjakuvaa tutkii ja miss\u00e4? Miten sarjakuvaa voi ylip\u00e4\u00e4t\u00e4\u00e4n tutkia ja mist\u00e4 n\u00e4k\u00f6kulmista? Tule kuuntelemaan ja konsultoimaan asiantuntijoita. Jos tutkijuus kiinnostaa, t\u00e4m\u00e4 on oikea paikka!<\/p>\n<p><img loading=\"lazy\" decoding=\"async\" class=\"aligncenter size-medium wp-image-3726\" src=\"http:\/\/www.oulucomics.com\/wp-content\/uploads\/2018\/11\/sarjakuvatutkimus-300x156.jpg\" alt=\"sarjakuvatutkimus\" width=\"300\" height=\"156\" srcset=\"https:\/\/www.oulucomics.com\/wp-content\/uploads\/2018\/11\/sarjakuvatutkimus-300x156.jpg 300w, https:\/\/www.oulucomics.com\/wp-content\/uploads\/2018\/11\/sarjakuvatutkimus-768x400.jpg 768w, https:\/\/www.oulucomics.com\/wp-content\/uploads\/2018\/11\/sarjakuvatutkimus.jpg 800w\" sizes=\"auto, (max-width: 300px) 100vw, 300px\" \/><\/p>\n<p>Paikalla sarjakuvatutkimuksesta kertomassa, keskustelemassa ja konsultoimassa muun muassa Don Rosan Disney -sarjakuvista v\u00e4itellyt Ankkatohtori <strong>Katja Kontturi<\/strong> (Jyv\u00e4skyl\u00e4n yliopisto), sarjakuvan ja kirjallisuuden tutkija Filosofian tohtori <strong>Jyrki Korpua<\/strong> (Oulun yliopisto) ja Suomen ensimm\u00e4isen sarjakuvitetun pro gradu -tutkimuksen tehnyt Taiteen maisteri <strong>Harri Filppa<\/strong> (Lapin ylipisto).<\/p>\n<blockquote><p>Mik\u00e4li haluat saada tilaisuudessa palautetta omasta tutkimuksestasi niin l\u00e4het\u00e4 suunnitelmasi osoitteeseen sarjakuvaoulu(at)gmail.com\u00a018.11.2018 menness\u00e4.<\/p><\/blockquote>\n<p>Tapahtuma j\u00e4rjestet\u00e4\u00e4n yhteisty\u00f6ss\u00e4 Suomen sarjakuvatutkijoiden kanssa.<\/p>\n<\/div><\/div>\n\t\t\t\t<\/li>\n\t\t\t \t<li class=\"event festivaali fsun center paja\">\n\t\t\t\t\t<div class=\"event-date\"><div class=\"start-date\"><div class=\"event-weekday\">Sun<\/div><div class=\"event-day\">25<\/div><div class=\"event-month\">Nov<\/div><div class=\"event-year\">2018<\/div><\/div><\/div>\n\t\t\t\t\t<div class=\"event-info single-day\"><div class=\"event-title\"><h3>Sarjakuvapitchaus<\/h3><\/div><span class=\"event-time\">13:30 - 16:00<\/span><span class=\"event-location\">Kulttuuritalo Valve, Elokuvateatteri Studio, Hallituskatu 7, Oulu<\/span><div class=\"event-details\"><p><img loading=\"lazy\" decoding=\"async\" class=\"alignleft size-full wp-image-2956\" src=\"http:\/\/www.oulucomics.com\/wp-content\/uploads\/2017\/10\/fi.jpg\" alt=\"fi\" width=\"23\" height=\"20\" \/><\/p>\n<p><a href=\"http:\/\/www.oulucomics.com\/fest\/program2018\/sarjakuvapitchaus\/\">Lis\u00e4tietoa Sarjakuvapitchauksesta sen tapahtuman\u00a0alasivulta!!!<\/a><\/p>\n<p><a href=\"http:\/\/www.oulucomics.com\/fest\/program2018\/sarjakuvapitchaus\/\"><img loading=\"lazy\" decoding=\"async\" class=\"alignleft size-full wp-image-2955\" src=\"http:\/\/www.oulucomics.com\/wp-content\/uploads\/2017\/10\/en.jpg\" alt=\"en\" width=\"23\" height=\"20\" \/>More info about Comics Pitching\u00a0on the events page\u00a0!!!<\/a><\/p>\n<\/div><\/div>\n\t\t\t\t<\/li>\n\t\t\t \t<li class=\"event festivaali fsun lapset center\">\n\t\t\t\t\t<div class=\"event-date\"><div class=\"start-date\"><div class=\"event-weekday\">Sun<\/div><div class=\"event-day\">25<\/div><div class=\"event-month\">Nov<\/div><div class=\"event-year\">2018<\/div><\/div><\/div>\n\t\t\t\t\t<div class=\"event-info single-day\"><div class=\"event-title\"><h3>N\u00e4in syntyv\u00e4t sarjakuvahahmot<\/h3><\/div><span class=\"event-time\">14:00 - 15:30<\/span><span class=\"event-location\">Kulttuuritalo Valve, Konst O. Deli, Hallituskatu 7, Oulu<\/span><div class=\"event-details\"><p><img loading=\"lazy\" decoding=\"async\" class=\"alignleft size-full wp-image-2956\" src=\"http:\/\/www.oulucomics.com\/wp-content\/uploads\/2017\/10\/fi.jpg\" alt=\"fi\" width=\"23\" height=\"20\" \/>Koko perheen Oulun Sarjakuvafestivaalitapahtumassa sarjakuvantekij\u00e4t ja kuvittajat kertovat ja piirt\u00e4v\u00e4t haastatteluiden siivitt\u00e4m\u00e4n\u00e4 sarjakuvahahmojaan.<\/p>\n<p>Tilaisuudessa hahmoja papereille loihtivat seuraavat taiteilijat, mainituista teoksistaan:<\/p>\n<ul>\n<ul>\n<li><strong>Timo Kokkila<\/strong>: <em>Per\u00e4smiehen poika 002 (Sarvakuja, 2018)<\/em><\/li>\n<li><strong>Mari Ahokoivu<\/strong>: <em>Sanni &amp; Joonas: Hugo-serkku (Kumiorava, 2016)<\/em><\/li>\n<li><strong>Jii Roikonen<\/strong>: <em>Soivan Siilin joulu nuottikirja (Nispero, 2018)<\/em><\/li>\n<li><strong>Harri Filppa<\/strong>: <em>Vastarannan Siili piipert\u00e4\u00e4 (Soiva Siili, 2017)<\/em><\/li>\n<\/ul>\n<\/ul>\n<p>Tilaisuuden aikana on my\u00f6s hyv\u00e4 hetkinautia <a href=\"http:\/\/www.konstodeli.fi\/\" target=\"_blank\">Konst O. Delin<\/a> herkuista.<\/p>\n<p><img loading=\"lazy\" decoding=\"async\" class=\"aligncenter size-full wp-image-3750\" src=\"http:\/\/www.oulucomics.com\/wp-content\/uploads\/2018\/11\/nssh_net.jpg\" alt=\"nssh_net\" width=\"600\" height=\"300\" srcset=\"https:\/\/www.oulucomics.com\/wp-content\/uploads\/2018\/11\/nssh_net.jpg 600w, https:\/\/www.oulucomics.com\/wp-content\/uploads\/2018\/11\/nssh_net-300x150.jpg 300w\" sizes=\"auto, (max-width: 600px) 100vw, 600px\" \/><\/p>\n<p>Taiteilijoiden teoksia voi tilaisuudessa tiedustella signeerattuna tekij\u00f6ilt\u00e4 tai vaihtoehtoisesti niit\u00e4 on saatavilla<a href=\"https:\/\/www.sarjakuvakauppa.fi\/\" target=\"_blank\"> Turun Sarjakuvakaupan Oulun toimipisteest\u00e4<\/a>.<\/p>\n<h4><span style=\"color: #0000ff;\">How comic characters are made<\/span><\/h4>\n<p><span style=\"color: #0000ff;\">Comic makers and illustrators will be\u00a0telling and drawing something of\u00a0 their comic characters through the interviews at the whole family's event Oulu Comics Festival.<\/span><\/p>\n<p><span style=\"color: #0000ff;\">At the event will the following artist draw their characters on the paper\u00a0from their own works:\u00a0<\/span><\/p>\n<ul>\n<ul>\n<li><span style=\"color: #0000ff;\"><strong>Timo Kokkila<\/strong>: <em>Per\u00e4smiehen poika 002 (Sarvakuja, 2018)<\/em><\/span><\/li>\n<li><span style=\"color: #0000ff;\"><strong>Mari Ahokoivu<\/strong>: <em>Sanni &amp; Joonas: Hugo-serkku (Kumiorava, 2016)<\/em><\/span><\/li>\n<li><span style=\"color: #0000ff;\"><strong>Jii Roikonen<\/strong>: <em>Soivan Siilin joulu nuottikirja (Nispero, 2018)<\/em><\/span><\/li>\n<li><span style=\"color: #0000ff;\"><strong>Harri Filppa<\/strong>: <em>Vastarannan Siili piipert\u00e4\u00e4 (Soiva Siili, 2017)<\/em><\/span><\/li>\n<\/ul>\n<\/ul>\n<p><span style=\"color: #0000ff;\">During the event there is\u00a0also a good time to enjoy the delights of <strong>Konst O. Deli<\/strong>.<\/span><\/p>\n<p><span style=\"color: #0000ff;\">Artist's works can be asked by signatories from the creators or, alternatively, they are available at the<\/span> <a href=\"https:\/\/www.sarjakuvakauppa.fi\/?___store=default_en&amp;___from_store=default\">Turku Comic Shop's Oulu store<\/a>.<\/p>\n<\/div><\/div>\n\t\t\t\t<\/li>\n\t\t\t \t<li class=\"event festivaali fsun nayttelyt sarjakuvagalleria\">\n\t\t\t\t\t<div class=\"event-date\"><div class=\"start-date\"><div class=\"event-weekday\">Sun<\/div><div class=\"event-day\">25<\/div><div class=\"event-month\">Nov<\/div><div class=\"event-year\">2018<\/div><\/div><\/div>\n\t\t\t\t\t<div class=\"event-info single-day\"><div class=\"event-title\"><h3>Sarjakuvagalleria!n n\u00e4yttelykierros | Comics Gallery! exhibition tour<\/h3><\/div><span class=\"event-time\">15:00 - 16:00<\/span><span class=\"event-location\">Sarjakuvagalleria! | Comics Gallery!, Hallituskatu 7, Oulu<\/span><div class=\"event-details\"><p><strong>Ilpo Koskela<\/strong> esittelee n\u00e4yttelyns\u00e4<em>\u00a0Lights on! Historia eloon sarjakuvan keinoin.\u00a0\u00a0<\/em>Tarjolla virvokkeita<img loading=\"lazy\" decoding=\"async\" class=\"size-medium wp-image-3689 aligncenter\" src=\"http:\/\/www.oulucomics.com\/wp-content\/uploads\/2018\/10\/lights_on_promokuva-300x300.jpg\" alt=\"lights_on_promokuva\" width=\"300\" height=\"300\" srcset=\"https:\/\/www.oulucomics.com\/wp-content\/uploads\/2018\/10\/lights_on_promokuva-300x300.jpg 300w, https:\/\/www.oulucomics.com\/wp-content\/uploads\/2018\/10\/lights_on_promokuva-150x150.jpg 150w, https:\/\/www.oulucomics.com\/wp-content\/uploads\/2018\/10\/lights_on_promokuva-768x768.jpg 768w, https:\/\/www.oulucomics.com\/wp-content\/uploads\/2018\/10\/lights_on_promokuva-1024x1024.jpg 1024w, https:\/\/www.oulucomics.com\/wp-content\/uploads\/2018\/10\/lights_on_promokuva-1440x1440.jpg 1440w, https:\/\/www.oulucomics.com\/wp-content\/uploads\/2018\/10\/lights_on_promokuva-1050x1050.jpg 1050w\" sizes=\"auto, (max-width: 300px) 100vw, 300px\" \/><\/p>\n<p class=\"p1\"><span style=\"color: #0000ff;\"><strong>Ilpo Koskela<\/strong> presents his exhibition Lights on! History is alive in comics storytelling. Small refreshments!<\/span><\/p>\n<\/div><\/div>\n\t\t\t\t<\/li>\n\t\t\t \t<li class=\"event festivaali fsun klubi\">\n\t\t\t\t\t<div class=\"event-date\"><div class=\"start-date\"><div class=\"event-weekday\">Sun<\/div><div class=\"event-day\">25<\/div><div class=\"event-month\">Nov<\/div><div class=\"event-year\">2018<\/div><\/div><\/div>\n\t\t\t\t\t<div class=\"event-info single-day\"><div class=\"event-title\"><h3>In memoriam 2018<\/h3><\/div><span class=\"event-time\">16 -<\/span><span class=\"event-location\">Oluthuone Leskinen, Kirkkokatu 10 (Rotuaari), Oulu<\/span><div class=\"event-details\"><p><img loading=\"lazy\" decoding=\"async\" class=\"alignleft wp-image-3618 size-full\" src=\"http:\/\/www.oulucomics.com\/wp-content\/uploads\/2018\/09\/leskinen_small.jpg\" alt=\"leskinen_small\" width=\"600\" height=\"511\" srcset=\"https:\/\/www.oulucomics.com\/wp-content\/uploads\/2018\/09\/leskinen_small.jpg 600w, https:\/\/www.oulucomics.com\/wp-content\/uploads\/2018\/09\/leskinen_small-300x256.jpg 300w\" sizes=\"auto, (max-width: 600px) 100vw, 600px\" \/><\/p>\n<p><img loading=\"lazy\" decoding=\"async\" class=\"alignleft size-full wp-image-2195\" src=\"http:\/\/www.oulucomics.com\/wp-content\/uploads\/2016\/08\/fi.png\" alt=\"fi\" width=\"29\" height=\"26\" \/>Perinteisesti festivaaliv\u00e4ki on kokoontunut viel\u00e4 sunnuntaina viimeisenkin ohjelman j\u00e4lkeen rupattelemaan sarjakuvista ja mielt\u00e4 polttavista asioita. T\u00e4n\u00e4 vuonna festivaalin p\u00e4\u00e4tt\u00e4j\u00e4iset siirtyiv\u00e4t my\u00f6s ohjelmistoon ja toivotammekin sarjakuvakansan tervetulleeksi nauttimaan hyv\u00e4st\u00e4 seurasta, viel\u00e4 kerran.<\/p>\n<p>Tapahtuma on p\u00e4\u00e4symaksuton ja K18.<\/p>\n<p><img loading=\"lazy\" decoding=\"async\" class=\"alignleft size-full wp-image-2955\" src=\"http:\/\/www.oulucomics.com\/wp-content\/uploads\/2017\/10\/en.jpg\" alt=\"en\" width=\"23\" height=\"20\" \/><\/p>\n<p><span style=\"color: #0000ff;\">Traditionally, the festival visitors and staff has convened on Sunday evening after the last program. This year, that meeting is also part\u00a0of the festival program. We would like to welcome all visitors, exhibitors, staff, etc\u00a0to enjoy a good company, once again.<\/span><\/p>\n<p><span style=\"color: #0000ff;\">The event is free of charge and K18.<\/span><\/p>\n<\/div><\/div>\n\t\t\t\t<\/li>\n\t\t\t \t<li class=\"event festivaali fsun lapset\">\n\t\t\t\t\t<div class=\"event-date\"><div class=\"start-date\"><div class=\"event-weekday\">Sun<\/div><div class=\"event-day\">25<\/div><div class=\"event-month\">Nov<\/div><div class=\"event-year\">2018<\/div><\/div><\/div>\n\t\t\t\t\t<div class=\"event-info single-day\"><div class=\"event-title\"><h3>Flow-sirkus: Sirkusteltan naisen fantastinen show<\/h3><\/div><span class=\"event-time\">16:00 - 16:30<\/span><span class=\"event-location\">Kulttuuritalo Valve, Valvesali, Hallituskatu 7, Oulu<\/span><div class=\"event-details\"><p><img loading=\"lazy\" decoding=\"async\" class=\"alignleft size-full wp-image-2956\" src=\"http:\/\/www.oulucomics.com\/wp-content\/uploads\/2017\/10\/fi.jpg\" alt=\"fi\" width=\"23\" height=\"20\" \/>Sirkusteltan naisen isojen hameiden alle k\u00e4tkeytyy pieni sirkus, joka on t\u00e4ynn\u00e4 leluja, nukkeja, sulkia, viuhkoja, pieni\u00e4 valkoisia palloja, hattuja ja naamioita. Jokaiselle hameelle on oma shownsa miniel\u00e4intarhasta lumoavaan sormijalkaiseen nuorallatanssijaan.<\/p>\n<p>Kahden ranskalaisen sirkustaiteilijan visuaalisesi kiehtova teos, ranskalaiselta nimelt\u00e4\u00e4n Les attractions extraordinaires de la femme chapiteau\u00a0 kuljettaa katsojat musiikillisesti maailman ymp\u00e4ri ja houkuttelee perheen pienimm\u00e4t vanhempineen iki-ihanalle mielikuvitusmatkalle.<\/p>\n<p><a href=\"http:\/\/www.kulttuurivalve.fi\/sivu\/fi\/tapahtumat\/tapahtumahaku\/?type=1&amp;location=&amp;id=4048&amp;action=show_one&amp;lang=fi\" target=\"_blank\">Lis\u00e4tietoa Kultturitalo Valveen sivuilta...<\/a><\/p>\n<p><img loading=\"lazy\" decoding=\"async\" class=\"alignleft size-full wp-image-2955\" src=\"http:\/\/www.oulucomics.com\/wp-content\/uploads\/2017\/10\/en.jpg\" alt=\"en\" width=\"23\" height=\"20\" \/><strong><span style=\"color: #0000ff;\">Flow-circus: The Fantastic Show of the Big-top Woman<\/span><\/strong><\/p>\n<p><span style=\"color: #0000ff;\">Hidden under the big skirts of the big-top woman is a tiny circus full of puppets and toys, feathers and fans, little white balls, hats, and masks. Every skirt is its very own show; an enchanting performance by a ropedancer, for example, or a miniature zoo!<\/span><br \/>\n<span style=\"color: #0000ff;\"> \u201cThe Fantastic Show of the Big-top Woman\u201d \u2013 originally called Les attractions extraordinaires de la femme chapiteau \u2013 is a visually intriguing performance by two French circus artists that induces the little ones, as well as their parents, on a divine imaginary journey and to travel musically around the world.<\/span><\/p>\n<p><a href=\"http:\/\/www.kulttuurivalve.fi\/sivu\/fi\/tapahtumat\/tapahtumahaku\/?type=1&amp;location=&amp;id=4048&amp;action=show_one&amp;lang=fi\">More information\u00a0on Cultural Centre Valve's website...<\/a><\/p>\n<\/div><\/div>\n\t\t\t\t<\/li><\/ul>\n\t\t\t\t<\/div>\n","protected":false},"excerpt":{"rendered":"<ul>\n<li><a href=\"http:\/\/www.oulucomics.com\/fest\/program2018\/fri\/\">Friday 23.11.<\/a><\/li>\n<li><a href=\"http:\/\/www.oulucomics.com\/fest\/program2018\/sat\/\">Saturday 24.11.<\/a><\/li>\n<li>Sunday 25.11.<\/li>\n<li><a href=\"http:\/\/www.oulucomics.com... \n<br \/>\n","protected":false},"author":1,"featured_media":0,"parent":3531,"menu_order":2,"comment_status":"closed","ping_status":"closed","template":"","meta":{"footnotes":""},"categories":[],"tags":[],"class_list":["post-3539","page","type-page","status-publish","hentry"],"_links":{"self":[{"href":"https:\/\/www.oulucomics.com\/en_US\/wp-json\/wp\/v2\/pages\/3539","targetHints":{"allow":["GET"]}}],"collection":[{"href":"https:\/\/www.oulucomics.com\/en_US\/wp-json\/wp\/v2\/pages"}],"about":[{"href":"https:\/\/www.oulucomics.com\/en_US\/wp-json\/wp\/v2\/types\/page"}],"author":[{"embeddable":true,"href":"https:\/\/www.oulucomics.com\/en_US\/wp-json\/wp\/v2\/users\/1"}],"replies":[{"embeddable":true,"href":"https:\/\/www.oulucomics.com\/en_US\/wp-json\/wp\/v2\/comments?post=3539"}],"version-history":[{"count":5,"href":"https:\/\/www.oulucomics.com\/en_US\/wp-json\/wp\/v2\/pages\/3539\/revisions"}],"predecessor-version":[{"id":3609,"href":"https:\/\/www.oulucomics.com\/en_US\/wp-json\/wp\/v2\/pages\/3539\/revisions\/3609"}],"up":[{"embeddable":true,"href":"https:\/\/www.oulucomics.com\/en_US\/wp-json\/wp\/v2\/pages\/3531"}],"wp:attachment":[{"href":"https:\/\/www.oulucomics.com\/en_US\/wp-json\/wp\/v2\/media?parent=3539"}],"wp:term":[{"taxonomy":"category","embeddable":true,"href":"https:\/\/www.oulucomics.com\/en_US\/wp-json\/wp\/v2\/categories?post=3539"},{"taxonomy":"post_tag","embeddable":true,"href":"https:\/\/www.oulucomics.com\/en_US\/wp-json\/wp\/v2\/tags?post=3539"}],"curies":[{"name":"wp","href":"https:\/\/api.w.org\/{rel}","templated":true}]}}