{"id":3295,"date":"2018-06-28T12:27:24","date_gmt":"2018-06-28T09:27:24","guid":{"rendered":"http:\/\/www.oulucomics.com\/?page_id=3295"},"modified":"2018-06-28T13:06:18","modified_gmt":"2018-06-28T10:06:18","slug":"tietosuojaseloste","status":"publish","type":"page","link":"https:\/\/www.oulucomics.com\/en_US\/keskus\/seura\/tietosuojaseloste\/","title":{"rendered":"Tietosuojaseloste"},"content":{"rendered":"<p>Henkil\u00f6tietolaki (523\/1999) 10 \u00a7 ja 24 \u00a7<\/p>\n<p><strong>Rekisterinpit\u00e4j\u00e4<\/strong><br \/>\nNimi:<br \/>\nOulun Sarjakuvaseura\u00a0ry<\/p>\n<p>Osoite:<br \/>\nPL 42,\u00a090015 Oulun kaupunki<\/p>\n<p>Muut yhteystiedot:<br \/>\nwww.oulucomics.com<\/p>\n<p><strong>Yhteyshenkil\u00f6 rekisteri\u00e4 koskevissa asioissa<\/strong><br \/>\nNimi:<br \/>\nToiminnanjohtaja, Harri Filppa<\/p>\n<p>Osoite:<br \/>\nOulun Sarjakuvaseura\u00a0ry, j\u00e4senrekisteriasiat, PL 42,\u00a090015 Oulun kaupunki<\/p>\n<p>Muut yhteystiedot:<br \/>\nharri (at) oulucomics (piste) com<br \/>\nsijainen: reijo (at) oulucomics (piste) com<\/p>\n<p><strong>Rekisterin nimi<\/strong><\/p>\n<p>Oulun Sarjakuvaseura\u00a0ry:n j\u00e4senrekisteri<\/p>\n<p><strong>Henkil\u00f6tietojen k\u00e4sittelyn tarkoitus<\/strong><\/p>\n<p>Henkil\u00f6tietojen k\u00e4sittelyn tarkoitus on yhdistyslain (503\/1989) m\u00e4\u00e4r\u00e4\u00e4m\u00e4 velvoite yll\u00e4pit\u00e4\u00e4 j\u00e4senluetteloa sek\u00e4 j\u00e4senmaksutietojen ja yhteystietojen yll\u00e4pito yhdistyksen toimintaa varten.<\/p>\n<p><strong>Rekisterin k\u00e4ytt\u00f6tarkoitus<\/strong><\/p>\n<p>Rekister\u00f6ityj\u00e4 ovat\u00a0Oulun Sarjakuvaseura ry:n varsinaisiksi j\u00e4seniksi, kannatusj\u00e4seniksi tai kunniaj\u00e4seniksi hyv\u00e4ksym\u00e4t henkil\u00f6t.<\/p>\n<p>J\u00e4senrekisteriin tallennetaan ne tiedot, jotka j\u00e4seneksi hyv\u00e4ksytty on itse antanut yhdistyksen k\u00e4ytett\u00e4v\u00e4ksi. J\u00e4senrekisteriin ker\u00e4t\u00e4\u00e4n seuraavat tiedot j\u00e4seneksi liittymisen yhteydess\u00e4:<\/p>\n<ul>\n<li>etu- ja sukunimi<\/li>\n<li>postiosoite<\/li>\n<li>puhelinnumero<\/li>\n<li>s\u00e4hk\u00f6postiosoite j\u00e4sentiedotteiden ja j\u00e4senmaksulomakkeiden l\u00e4hett\u00e4mist\u00e4 ja muuta yhteydenpitoa varten<\/li>\n<li>syntym\u00e4vuosi<\/li>\n<\/ul>\n<p>Rekisteriss\u00e4 pidet\u00e4\u00e4n yll\u00e4 my\u00f6s seuraavia tietoja:<\/p>\n<ul>\n<li>j\u00e4seneksiliittymisvuosi (vuodesta 2013 alkaen)<\/li>\n<li>tiedot maksetuista j\u00e4senmaksuista<\/li>\n<\/ul>\n<p>Tapahtumien, kurssien ja pajojen yhteydess\u00e4 voidaan tilaisuuden luonteesta riippuen ker\u00e4t\u00e4 ilmoittautuneilta esim. puhelinnumero tai muita tietoja, joita esim. seura tai ulkopuolinen\u00a0j\u00e4rjest\u00e4\u00a0tarvitsee. Tapahtumiin, kursseille ja pajoihin ilmoittautumisten yhteydess\u00e4 ker\u00e4ttyj\u00e4 tietoja yll\u00e4pidet\u00e4\u00e4n s\u00e4hk\u00f6isess\u00e4 henkil\u00f6rekisteriss\u00e4 kahden toimintavuoden ajan ja sen j\u00e4lkeen ne h\u00e4vitet\u00e4\u00e4n. Merkitt\u00e4vien tapahtumien, kurssien ja pajojen osallistujaluettelot arkistoidaan yhdistyksen arkistoon.<\/p>\n<p>S\u00e4hk\u00f6iseen henkil\u00f6rekisteriin tallennettuja henkil\u00f6tietoja s\u00e4ilytet\u00e4\u00e4n j\u00e4senyyden keston ajan. Yhdistyksen arkistossa s\u00e4ilytet\u00e4\u00e4n tiedot hyv\u00e4ksytyist\u00e4 j\u00e4senist\u00e4.<\/p>\n<p><strong>S\u00e4\u00e4nn\u00f6nmukaiset tietol\u00e4hteet<\/strong><\/p>\n<p>Tietoja ker\u00e4t\u00e4\u00e4n suoraan j\u00e4seniksi hyv\u00e4ksytyilt\u00e4 j\u00e4seneksi hakemisen yhteydess\u00e4. J\u00e4senill\u00e4 on mahdollisuus itse p\u00e4ivitt\u00e4\u00e4 tietonsa ottamalla yhteytt\u00e4 j\u00e4senasioita hoitavaan yhteyshenkil\u00f6\u00f6n tai asioimalla Oulun Sarjakuvakeskuksen toimipisteess\u00e4 (Hallituskatu 7, Oulu).<\/p>\n<p><strong>Tietojen s\u00e4\u00e4nn\u00f6nmukaiset luovutukset<\/strong><\/p>\n<p>J\u00e4senrekisterin tietoja ei luovuteta kaupalliseen tarkoitukseen tai kolmansille osapuolille.<\/p>\n<p>Yhdistyksen j\u00e4rjest\u00e4miin tapahtumiin, kursseille ja pajoihin ilmoittautuessa j\u00e4senien antamia tietoja voidaan luovuttaa ulkopuoliselle j\u00e4rjest\u00e4j\u00e4lle.<\/p>\n<p><strong>Tietojen siirto EU:n tai ETA:n ulkopuolelle<\/strong><\/p>\n<p>Tietoja ei luovuteta EU:n tai ETA:n ulkopuolelle.<\/p>\n<p><strong>Rekisterin suojauksen periaatteet<\/strong><\/p>\n<p>Henkil\u00f6tiedot siirtyv\u00e4t selaimen v\u00e4lityksell\u00e4 SSL-protokollalla salatun tietoliikenneyhteyden avulla palvelinymp\u00e4rist\u00f6\u00f6n, jossa yhdistyksen sivuja yll\u00e4pidet\u00e4\u00e4n. Palvelinymp\u00e4rist\u00f6 on vartioidussa ymp\u00e4rist\u00f6ss\u00e4 ja fyysinen sek\u00e4 tekninen sis\u00e4\u00e4np\u00e4\u00e4sy tarjotaan sinne ainoastaan luvan saaneille.<\/p>\n<p>Arkistoyhdistyksen sivusto tallentaa ev\u00e4steit\u00e4 k\u00e4ytt\u00e4j\u00e4n selaimen avulla tietokoneen selaimen v\u00e4limuistiin. N\u00e4m\u00e4 ev\u00e4steet ovat tekstitiedostoja, joiden avulla sivusto muistaa tietoa sen k\u00e4vij\u00f6ist\u00e4 vierailun aikana ja mahdollisesti my\u00f6s sen j\u00e4lkeen. Ev\u00e4steit\u00e4 k\u00e4ytet\u00e4\u00e4n k\u00e4ytt\u00e4j\u00e4kohtaisen tiedon yll\u00e4pit\u00e4miseen vierailun aikana, k\u00e4ytt\u00e4jien tunnistamiseen j\u00e4senkirjautumisessa sek\u00e4 analytiikan ker\u00e4\u00e4miseen k\u00e4vij\u00f6ist\u00e4. Tavallisille vierailijoille sivusto toimii my\u00f6s ilman ev\u00e4steit\u00e4, mutta j\u00e4senkirjautumisessa ev\u00e4steet tulee olla sallittuna selaimessa.<\/p>\n<p>J\u00e4senrekisterin k\u00e4ytt\u00f6oikeus on\u00a0Oulun Sarjakuvaseura ry:n hallituksen nime\u00e4mill\u00e4 toimihenkil\u00f6ill\u00e4 toiminnanjohtaja ja kustannustoimittaja, jotka tarvitsevat tietoja teht\u00e4viss\u00e4\u00e4n. Kustannustoimittaja toimii\u00a0toiminnanjohtajan sijaisena j\u00e4senrekisterin yhteyshenkil\u00f6n\u00e4. N\u00e4ill\u00e4 henkil\u00f6ill\u00e4 on salassapitovelvollisuus.<\/p>\n<p>Rekisteri ei sis\u00e4ll\u00e4 henkil\u00f6rekisterilain 11 \u00a7:ss\u00e4 mainittuja arkaluonteisia tietoja.<\/p>\n<p><strong>Tarkastusoikeus<\/strong><\/p>\n<p>Rekister\u00f6idyll\u00e4 on oikeus tarkastaa itse\u00e4\u00e4n koskevat tiedot. Tarkastuspyynt\u00f6 osoitetaan joko kirjallisesti tai s\u00e4hk\u00f6postilla rekisterinpit\u00e4j\u00e4n edustajalle.<\/p>\n<p><strong>Oikeus vaatia tiedon korjaamista<\/strong><br \/>\nRekister\u00f6idyll\u00e4 on oikeus vaatia virheellisen tiedon oikaisua. Tiedot korjaa rekisterin yll\u00e4pit\u00e4j\u00e4 yhteisty\u00f6ss\u00e4 virheellisen tiedon antaneen toimijan kanssa.<\/p>\n<p>Korjauspyynt\u00f6 osoitetaan joko kirjallisesti tai s\u00e4hk\u00f6postilla rekisterinpit\u00e4j\u00e4n edustajalle.<\/p>\n","protected":false},"excerpt":{"rendered":"<p>&#8230;<\/p>\n","protected":false},"author":1,"featured_media":0,"parent":31,"menu_order":0,"comment_status":"closed","ping_status":"closed","template":"","meta":[],"categories":[],"tags":[],"_links":{"self":[{"href":"https:\/\/www.oulucomics.com\/en_US\/wp-json\/wp\/v2\/pages\/3295"}],"collection":[{"href":"https:\/\/www.oulucomics.com\/en_US\/wp-json\/wp\/v2\/pages"}],"about":[{"href":"https:\/\/www.oulucomics.com\/en_US\/wp-json\/wp\/v2\/types\/page"}],"author":[{"embeddable":true,"href":"https:\/\/www.oulucomics.com\/en_US\/wp-json\/wp\/v2\/users\/1"}],"replies":[{"embeddable":true,"href":"https:\/\/www.oulucomics.com\/en_US\/wp-json\/wp\/v2\/comments?post=3295"}],"version-history":[{"count":3,"href":"https:\/\/www.oulucomics.com\/en_US\/wp-json\/wp\/v2\/pages\/3295\/revisions"}],"predecessor-version":[{"id":5846,"href":"https:\/\/www.oulucomics.com\/en_US\/wp-json\/wp\/v2\/pages\/3295\/revisions\/5846"}],"up":[{"embeddable":true,"href":"https:\/\/www.oulucomics.com\/en_US\/wp-json\/wp\/v2\/pages\/31"}],"wp:attachment":[{"href":"https:\/\/www.oulucomics.com\/en_US\/wp-json\/wp\/v2\/media?parent=3295"}],"wp:term":[{"taxonomy":"category","embeddable":true,"href":"https:\/\/www.oulucomics.com\/en_US\/wp-json\/wp\/v2\/categories?post=3295"},{"taxonomy":"post_tag","embeddable":true,"href":"https:\/\/www.oulucomics.com\/en_US\/wp-json\/wp\/v2\/tags?post=3295"}],"curies":[{"name":"wp","href":"https:\/\/api.w.org\/{rel}","templated":true}]}}