{"id":3270,"date":"2018-06-26T15:21:30","date_gmt":"2018-06-26T12:21:30","guid":{"rendered":"http:\/\/www.oulucomics.com\/?page_id=3270"},"modified":"2018-08-07T14:02:41","modified_gmt":"2018-08-07T11:02:41","slug":"linja7","status":"publish","type":"page","link":"https:\/\/www.oulucomics.com\/en_US\/sarjasto\/sarjakuvametro\/linja7\/","title":{"rendered":"Sarjakuvametro &#8211; Linja: Tarinoita menneisyydest\u00e4"},"content":{"rendered":"<ul>\n<li><a href=\"http:\/\/www.oulucomics.com\/sarjasto\/sarjakuvametro\/\">Sarjakuvametron p\u00e4\u00e4sivu<\/a><\/li>\n<li>Linja: <a href=\"http:\/\/www.oulucomics.com\/sarjasto\/sarjakuvametro\/linja1\/\">Asiaa kirjaviisaille<\/a><\/li>\n<li>Linja: <a href=\"http:\/\/www.oulucomics.com\/sarjasto\/sarjakuvametro\/sarjakuvametro-linja-luettavaa-nuoremmille\/\">Luettavaa nuoremmille<\/a><\/li>\n<li>Linja: <a href=\"http:\/\/www.oulucomics.com\/sarjasto\/sarjakuvametro\/linja3\/\">Matkalla seikkailuun<\/a><\/li>\n<li>Linja: <a href=\"http:\/\/www.oulucomics.com\/sarjasto\/sarjakuvametro\/linja4\/\">Suoraan Absurdistaniin<\/a><\/li>\n<li>Linja: <a href=\"http:\/\/www.oulucomics.com\/sarjasto\/sarjakuvametro\/linja5\/\">Aatteista uskomuksiin<\/a><\/li>\n<li>Linja: <a href=\"http:\/\/www.oulucomics.com\/sarjasto\/sarjakuvametro\/linja6\/\">Kannanottoja yhteiskunnasta<\/a><\/li>\n<li><strong>Linja: Tarinoita menneisyydest\u00e4<\/strong><\/li>\n<li>Linja: <a href=\"http:\/\/www.oulucomics.com\/sarjasto\/sarjakuvametro\/linja8\/\">Huumorilla h\u00f6ystetty<\/a><\/li>\n<li>Linja: <a href=\"http:\/\/www.oulucomics.com\/sarjasto\/sarjakuvametro\/linja9\/\">Linja l\u00e4nteen<\/a><\/li>\n<li>Linja: <a href=\"http:\/\/www.oulucomics.com\/sarjasto\/sarjakuvametro\/linja10\/\">El\u00e4m\u00e4 kerrallaan<\/a><\/li>\n<\/ul>\n<h2>Linjan Tarinoita menneisyydest\u00e4 asemat<\/h2>\n<ul>\n<li><strong>Kirjailija ja madame<\/strong> <em>(Lempo, 2012)<\/em><br \/>\nReetta Laitinen<br \/>\n<a href=\"https:\/\/outi.finna.fi\/Record\/outi.1286539\" target=\"_blank\">OUTI<\/a>\u00a0| <a href=\"https:\/\/www.finna.fi\/Search\/Results?limit=0&amp;dfApplied=1&amp;lookfor=Kirjailija+ja+madame+&amp;type=Title&amp;filter%5B%5D=~format%3A%220%2FBook%2F%22\" target=\"_blank\">Finna<\/a><\/li>\n<li><strong>V\u00e4in\u00e4m\u00f6inen Hollywoodin lumoissa\u00a0<\/strong><em>(Arktinen banaani, 2014)<br \/>\n<\/em>Petri Hiltunen<br \/>\n<a href=\"https:\/\/outi.finna.fi\/Record\/outi.1402281\">OUTI<\/a>\u00a0| <a href=\"https:\/\/www.finna.fi\/Search\/Results?lookfor=V%C3%A4in%C3%A4m%C3%B6inen+Hollywoodin+lumoissa&amp;type=Title&amp;dfApplied=1&amp;limit=20\" target=\"_blank\">Finna<br \/>\n<\/a><strong>&gt; vaihda linjalle: <a href=\"http:\/\/www.oulucomics.com\/sarjasto\/sarjakuvametro\/linja8\/\" target=\"_blank\">Huumorilla h\u00f6ystetty<\/a><\/strong><\/li>\n<li><strong>Perkele: myytillisi\u00e4 tarinoita : kuusi kertomusta 1600-luvun loppupuolen Pohjolasta<\/strong>\u00a0<em>(WSOY, 2011)<\/em><br \/>\nMikko A. Jeskanen<br \/>\n<a href=\"https:\/\/outi.finna.fi\/Record\/outi.1005569\" target=\"_blank\">OUTI<\/a>\u00a0| <a href=\"https:\/\/www.finna.fi\/Search\/Results?lookfor=perkele+jeskanen&amp;type=AllFields&amp;dfApplied=1&amp;limit=20\" target=\"_blank\">Finna<\/a><\/li>\n<li><strong>Riekaleita<\/strong><em> (Arktinen banaani, 2015)<\/em><br \/>\nAapo Kukko<br \/>\n<a href=\"https:\/\/outi.finna.fi\/Record\/outi.1448719\" target=\"_blank\">OUTI<\/a>\u00a0| <a href=\"https:\/\/www.finna.fi\/Search\/Results?lookfor=riekaleita+aapo+kukko&amp;type=AllFields&amp;dfApplied=1&amp;limit=20\" target=\"_blank\">Finna<\/a><\/li>\n<li><strong>Aron morsiamet<\/strong> <em>(Punainen j\u00e4ttil\u00e4inen)<\/em><br \/>\nKaoru Mori<br \/>\n<a href=\"https:\/\/outi.finna.fi\/Search\/Results?lookfor=Aron+morsiamet&amp;type=AllFields&amp;limit=20\" target=\"_blank\">OUTI<\/a>\u00a0| <a href=\"https:\/\/www.finna.fi\/Search\/Results?limit=0&amp;dfApplied=1&amp;lookfor=Aron+morsiamet&amp;type=Title&amp;filter%5B%5D=~format%3A%220%2FBook%2F%22\" target=\"_blank\">Finna<\/a><\/li>\n<li><strong>Sarjatulta!<\/strong><em> (Jalava, 2014)<br \/>\n<\/em>Ville H\u00e4nninen,\u00a0 Jussi Karjalainen<br \/>\n<a href=\"https:\/\/outi.finna.fi\/Record\/outi.1402611\" target=\"_blank\">OUTI<\/a> | <a href=\"https:\/\/www.finna.fi\/Search\/Results?limit=0&amp;filter%5B0%5D=~format%3A%221%2FBook%2FBook%2F%22&amp;dfApplied=1&amp;lookfor=Ville+H%C3%A4nninen+Jussi+Karjalainen+Sarjatulta%21&amp;type=AllFields\" target=\"_blank\">Finna<br \/>\n<\/a><em><strong>&gt; Vaihda linjalle: <a href=\"http:\/\/www.oulucomics.com\/sarjasto\/sarjakuvametro\/linja1\/\">Asiaa kirjaviisaille<\/a><\/strong><\/em><\/li>\n<li><strong>Jesse James (Lucky Luke)<\/strong>\u00a0<em>(Egmont, 2014)<\/em><br \/>\nMorris<br \/>\n<a href=\"https:\/\/outi.finna.fi\/Record\/outi.1410912\" target=\"_blank\">OUTI<\/a>\u00a0| <a href=\"https:\/\/www.finna.fi\/Search\/Results?sort=relevance&amp;bool0%5B%5D=AND&amp;lookfor0%5B%5D=Jesse+James&amp;type0%5B%5D=Title&amp;lookfor0%5B%5D=Morris&amp;type0%5B%5D=Author&amp;join=AND&amp;limit=20\" target=\"_blank\">Finna<\/a><br \/>\n<em><strong>&gt; vaihda linjalle: <a href=\"http:\/\/www.oulucomics.com\/sarjasto\/sarjakuvametro\/sarjakuvametro-linja-luettavaa-nuoremmille\/\">Luettavaa nuoremmille<\/a><a href=\"http:\/\/www.oulucomics.com\/sarjasto\/sarjakuvametro\/linja7\/\"><br \/>\n<\/a><\/strong><\/em><em><strong>&gt; vaihda linjalle: <a href=\"http:\/\/www.oulucomics.com\/sarjasto\/sarjakuvametro\/linja8\/\">Huumorilla h\u00f6ystetty<\/a><\/strong><\/em><\/li>\n<li><strong>Maus: Selviytyj\u00e4n tarina<\/strong><em>\u00a0(WSOY, 2003)<\/em><br \/>\nArt Spiegelmann<br \/>\n<a href=\"https:\/\/outi.finna.fi\/Record\/outi.559411\">OUTI<\/a>\u00a0|\u00a0<a href=\"https:\/\/www.finna.fi\/Search\/Results?lookfor=maus+selviytyj%C3%A4n+tarina&amp;type=AllFields&amp;dfApplied=1&amp;limit=20\" target=\"_blank\">Finna<br \/>\n<\/a><em><strong>&gt; vaihda linjalle: <a href=\"http:\/\/www.oulucomics.com\/sarjasto\/sarjakuvametro\/linja3\/\">Matkalla seikkailuun<\/a><a href=\"http:\/\/www.oulucomics.com\/sarjasto\/sarjakuvametro\/linja7\/\"><br \/>\n<\/a>&gt; vaihda linjalle:\u00a0<a href=\"http:\/\/www.oulucomics.com\/sarjasto\/sarjakuvametro\/linja10\/\" target=\"_blank\">El\u00e4m\u00e4 kerrallaan<\/a><\/strong><\/em><\/li>\n<li><strong>Kannas<\/strong><em> (Kreegah Bundolo, 2016)<\/em><br \/>\nHanneriina Moisseinen<br \/>\n<a href=\"https:\/\/outi.finna.fi\/Record\/outi.1564238\" target=\"_blank\">OUTI\u00a0<\/a>| <a href=\"https:\/\/www.finna.fi\/Search\/Results?lookfor=kannas+moisseinen&amp;type=AllFields&amp;dfApplied=1&amp;limit=20\" target=\"_blank\">Finna<\/a><\/li>\n<li><strong>Ottopoikia ja ty\u00f6l\u00e4istytt\u00f6j\u00e4: yhdeks\u00e4n tarinaa Tampereelta<\/strong><em>\u00a0(Tampereen museot, museokeskus Vapriikki, 2011)<\/em><br \/>\nTiitu Takalo &amp; Pauli Kallio<br \/>\n<a href=\"https:\/\/outi.finna.fi\/Search\/Results?lookfor=Ottopoikia+ja+ty%C3%B6l%C3%A4istytt%C3%B6j%C3%A4&amp;type=AllFields&amp;limit=20\">OUTI<\/a>\u00a0| <a href=\"https:\/\/www.finna.fi\/Search\/Results?limit=0&amp;filter%5B%5D=~format%3A%220%2FBook%2F%22&amp;dfApplied=1&amp;lookfor=Ottopoikia+ja+ty%C3%B6l%C3%A4istytt%C3%B6j%C3%A4+%3A+yhdeks%C3%A4n+tarinaa+Tampereelta&amp;type=AllFields\" target=\"_blank\">Finna<\/a><\/li>\n<\/ul>\n<p><span style=\"text-decoration: underline;\"><a href=\"http:\/\/www.oulucomics.com\/sarjasto\/sarjakuvametro\/sarvakuvametro-arvonta\/\">Luettuasia linjan kirjat, muista osallistua arvontaan!<\/a><\/span><\/p>\n","protected":false},"excerpt":{"rendered":"<p>&#8230;<\/p>\n","protected":false},"author":1,"featured_media":0,"parent":3235,"menu_order":7,"comment_status":"closed","ping_status":"closed","template":"","meta":[],"categories":[],"tags":[],"_links":{"self":[{"href":"https:\/\/www.oulucomics.com\/en_US\/wp-json\/wp\/v2\/pages\/3270"}],"collection":[{"href":"https:\/\/www.oulucomics.com\/en_US\/wp-json\/wp\/v2\/pages"}],"about":[{"href":"https:\/\/www.oulucomics.com\/en_US\/wp-json\/wp\/v2\/types\/page"}],"author":[{"embeddable":true,"href":"https:\/\/www.oulucomics.com\/en_US\/wp-json\/wp\/v2\/users\/1"}],"replies":[{"embeddable":true,"href":"https:\/\/www.oulucomics.com\/en_US\/wp-json\/wp\/v2\/comments?post=3270"}],"version-history":[{"count":8,"href":"https:\/\/www.oulucomics.com\/en_US\/wp-json\/wp\/v2\/pages\/3270\/revisions"}],"predecessor-version":[{"id":3481,"href":"https:\/\/www.oulucomics.com\/en_US\/wp-json\/wp\/v2\/pages\/3270\/revisions\/3481"}],"up":[{"embeddable":true,"href":"https:\/\/www.oulucomics.com\/en_US\/wp-json\/wp\/v2\/pages\/3235"}],"wp:attachment":[{"href":"https:\/\/www.oulucomics.com\/en_US\/wp-json\/wp\/v2\/media?parent=3270"}],"wp:term":[{"taxonomy":"category","embeddable":true,"href":"https:\/\/www.oulucomics.com\/en_US\/wp-json\/wp\/v2\/categories?post=3270"},{"taxonomy":"post_tag","embeddable":true,"href":"https:\/\/www.oulucomics.com\/en_US\/wp-json\/wp\/v2\/tags?post=3270"}],"curies":[{"name":"wp","href":"https:\/\/api.w.org\/{rel}","templated":true}]}}