{"id":3252,"date":"2018-06-26T15:06:04","date_gmt":"2018-06-26T12:06:04","guid":{"rendered":"http:\/\/www.oulucomics.com\/?page_id=3252"},"modified":"2018-08-07T13:14:48","modified_gmt":"2018-08-07T10:14:48","slug":"sarjakuvametro-linja-luettavaa-nuoremmille","status":"publish","type":"page","link":"https:\/\/www.oulucomics.com\/en_US\/sarjasto\/sarjakuvametro\/sarjakuvametro-linja-luettavaa-nuoremmille\/","title":{"rendered":"Sarjakuvametro &#8211; Linja: luettavaa nuoremmille"},"content":{"rendered":"<ul>\n<li><a href=\"http:\/\/www.oulucomics.com\/sarjasto\/sarjakuvametro\/\">Sarjakuvametron p\u00e4\u00e4sivu<\/a><\/li>\n<li>Linja: <a href=\"http:\/\/www.oulucomics.com\/sarjasto\/sarjakuvametro\/linja1\/\">Asiaa kirjaviisaille<\/a><\/li>\n<li><strong>Linja: Luettavaa nuoremmille<\/strong><\/li>\n<li>Linja: <a href=\"http:\/\/www.oulucomics.com\/sarjasto\/sarjakuvametro\/linja3\/\">Matkalla seikkailuun<\/a><\/li>\n<li>Linja: <a href=\"http:\/\/www.oulucomics.com\/sarjasto\/sarjakuvametro\/linja4\/\">Suoraan Absurdistaniin<\/a><\/li>\n<li>Linja: <a href=\"http:\/\/www.oulucomics.com\/sarjasto\/sarjakuvametro\/linja5\/\">Aatteista uskomuksiin<\/a><\/li>\n<li>Linja: <a href=\"http:\/\/www.oulucomics.com\/sarjasto\/sarjakuvametro\/linja6\/\">Kannanottoja yhteiskunnasta<\/a><\/li>\n<li>Linja: <a href=\"http:\/\/www.oulucomics.com\/sarjasto\/sarjakuvametro\/linja7\/\">Tarinoita menneisyydest\u00e4<\/a><\/li>\n<li>Linja: <a href=\"http:\/\/www.oulucomics.com\/sarjasto\/sarjakuvametro\/linja8\/\">Huumorilla h\u00f6ystetty<\/a><\/li>\n<li>Linja: <a href=\"http:\/\/www.oulucomics.com\/sarjasto\/sarjakuvametro\/linja9\/\">Linja l\u00e4nteen<\/a><\/li>\n<li>Linja: <a href=\"http:\/\/www.oulucomics.com\/sarjasto\/sarjakuvametro\/linja10\/\">El\u00e4m\u00e4 kerrallaan<\/a><\/li>\n<\/ul>\n<h2>Linjan Luettavaa nuoremmille asemat<\/h2>\n<ul>\n<li><strong>Peppi ei tahdo isoksi<\/strong> <em>(WSOY, 2013)<\/em><br \/>\nAstrid Lindgren &amp; Ingrid Vang-Nyman<br \/>\n<a href=\"https:\/\/outi.finna.fi\/Record\/outi.1327557\" target=\"_blank\">OUTI<\/a>\u00a0| <a href=\"https:\/\/www.finna.fi\/Search\/Results?limit=0&amp;dfApplied=1&amp;lookfor=Peppi+ei+tahdo+isoksi+%3A+%5Bsarjakuvia+%3A+osa+III%5D&amp;type=AllFields&amp;filter%5B%5D=~format%3A%220%2FBook%2F%22\" target=\"_blank\">Finna<\/a><\/li>\n<li><strong>Sarjakuvien tekeminen<\/strong> <em>(Finn Lectura cop, 2013)<\/em><br \/>\nAura Ij\u00e4s<br \/>\n<a href=\"https:\/\/www.finna.fi\/Record\/outi.1341273\" target=\"_blank\">OUTI<\/a> | <a href=\"https:\/\/www.finna.fi\/Search\/Results?limit=0&amp;dfApplied=1&amp;lookfor=Aura+Ij%C3%A4s+Sarjakuvien+tekeminen&amp;type=AllFields&amp;filter%5B%5D=~format%3A%220%2FBook%2F%22\" target=\"_blank\">Finna<\/a><br \/>\n<strong><a href=\"http:\/\/www.oulucomics.com\/sarjasto\/sarjakuvametro\/linja1\/\"><em>&gt; vaihda linjalle: Asiaa kirjaviisaille<\/em><\/a><\/strong><\/li>\n<li><strong>Asterix Britanniassa<\/strong> <em>(Egmont, 2013)<\/em><br \/>\nGosginny &amp; Uderzo<br \/>\n<a href=\"https:\/\/outi.finna.fi\/Record\/outi.1188336\" target=\"_blank\">OUTI<\/a>\u00a0| <a href=\"https:\/\/www.finna.fi\/Search\/Results?lookfor=asterix+britanniassa+1999&amp;type=AllFields&amp;dfApplied=1&amp;limit=20\" target=\"_blank\">Finna<\/a><a href=\"https:\/\/outi.finna.fi\/Record\/outi.1188336\" target=\"_blank\"><br \/>\n<\/a><strong><em>&gt; vaihda linjalle:<a href=\"http:\/\/www.oulucomics.com\/sarjasto\/sarjakuvametro\/linja3\/\"> Matkalla seikkailuun<\/a><\/em><\/strong><\/li>\n<li><strong>Hilda ja Kivipeikko<\/strong> <em>(Sarjakuvakeskus, 2015)<\/em><br \/>\nLuke Pearson<br \/>\n<a href=\"https:\/\/outi.finna.fi\/Record\/outi.1461993\" target=\"_blank\">OUTI<\/a>\u00a0| <a href=\"https:\/\/www.finna.fi\/Search\/Results?lookfor=Luke+Pearson+Hilda+ja+kivipeikko&amp;type=AllFields&amp;dfApplied=1&amp;limit=20\" target=\"_blank\">Finna<\/a><\/li>\n<li><strong>Aavepianisti ja muita kertomuksia<\/strong> <em>(Suuri kurpitsa, 2011)<\/em><br \/>\nReetta Niemensivu<br \/>\n<a href=\"https:\/\/outi.finna.fi\/Record\/outi.1063514\" target=\"_blank\">OUTI<\/a>\u00a0| <a href=\"https:\/\/www.finna.fi\/Search\/Results?limit=0&amp;dfApplied=1&amp;lookfor=Aavepianisti+ja+muita+kertomuksia&amp;type=AllFields&amp;filter%5B%5D=~format%3A%220%2FBook%2F%22\">Finna<\/a><br \/>\n<strong><em>&gt; vaihda linjalle:<a href=\"http:\/\/www.oulucomics.com\/sarjasto\/sarjakuvametro\/linja4\/\">\u00a0Suoraan Absurdistaniin<\/a><\/em><\/strong><\/li>\n<li><strong>Mimu-sarja<\/strong><em> (Gummerus)<\/em><br \/>\nJulien Neel<br \/>\n<a href=\"https:\/\/outi.finna.fi\/Search\/Results?limit=0&amp;lookfor=%22Mimu%2C%22&amp;type=Subject&amp;filter%5B%5D=%7Eformat%3A%220%2FBook%2F%22\" target=\"_blank\">OUTI<\/a>\u00a0| <a href=\"https:\/\/www.finna.fi\/Search\/Results?limit=0&amp;dfApplied=1&amp;lookfor=mimu&amp;type=AllFields&amp;filter%5B%5D=~format%3A%220%2FBook%2F%22\">Finna<\/a><\/li>\n<li><strong>Jesse James (Lucky Luke)<\/strong>\u00a0<em>(Egmont, 2014)<\/em><br \/>\nMorris<br \/>\n<a href=\"https:\/\/outi.finna.fi\/Record\/outi.1410912\" target=\"_blank\">OUTI<\/a>\u00a0| <a href=\"https:\/\/www.finna.fi\/Search\/Results?sort=relevance&amp;bool0%5B%5D=AND&amp;lookfor0%5B%5D=Jesse+James&amp;type0%5B%5D=Title&amp;lookfor0%5B%5D=Morris&amp;type0%5B%5D=Author&amp;join=AND&amp;limit=20\" target=\"_blank\">Finna<\/a><br \/>\n<em><strong>&gt; vaihda linjalle: <a href=\"http:\/\/www.oulucomics.com\/sarjasto\/sarjakuvametro\/linja7\/\">Tarinoita menneisyydest\u00e4<br \/>\n<\/a><\/strong><\/em><em><strong>&gt; vaihda linjalle: <a href=\"http:\/\/www.oulucomics.com\/sarjasto\/sarjakuvametro\/linja8\/\">Huumorilla h\u00f6ystetty<\/a><\/strong><\/em><\/li>\n<li><strong>Luup\u00e4\u00e4t &#8211; kev\u00e4ttasaus<\/strong> <em>(Like, 2017)<\/em><br \/>\nJeff Smith<br \/>\n<a href=\"https:\/\/outi.finna.fi\/Record\/outi.1861038\" target=\"_blank\">OUTI<\/a>\u00a0| <a href=\"https:\/\/www.finna.fi\/Search\/Results?lookfor=luup%C3%A4%C3%A4t+kev%C3%A4ttasaus+jeff+smith&amp;type=AllFields&amp;dfApplied=1&amp;limit=20\" target=\"_blank\">Finna<\/a><\/li>\n<li><strong>Tuuvan talli-sarja<\/strong><em> (Egmont)<\/em><br \/>\nLena Furberg<br \/>\n<a href=\"https:\/\/outi.finna.fi\/Search\/Results?lookfor=Tuuvan+talli&amp;type=AllFields&amp;dfApplied=1&amp;limit=20\" target=\"_blank\">OUTI<\/a>\u00a0| <a href=\"https:\/\/www.finna.fi\/Search\/Results?lookfor=tuuvan+talli&amp;type=AllFields&amp;dfApplied=1&amp;limit=20\" target=\"_blank\">Finna<\/a><br \/>\n<em><strong>&gt; vaihda linjalle: <a href=\"http:\/\/www.oulucomics.com\/sarjasto\/sarjakuvametro\/linja9\/\">Linja l\u00e4nteen<\/a><\/strong><\/em><\/li>\n<li><strong>Mukula &#8211; P\u00f6ntt\u00f6 t\u00e4yteen kuplivaa<\/strong><em>\u00a0(Arktinen Banaani, 2013)<\/em><br \/>\nAnu &amp; Jari Terho<br \/>\n<a href=\"https:\/\/outi.finna.fi\/Record\/outi.1355176\" target=\"_blank\">OUTI<\/a>\u00a0| <a href=\"https:\/\/www.finna.fi\/Search\/Results?limit=0&amp;dfApplied=1&amp;lookfor=mukula+p%C3%B6ntt%C3%B6+t%C3%A4yteen+kuplivaa&amp;type=AllFields&amp;filter%5B%5D=~format%3A%220%2FBook%2F%22\" target=\"_blank\">Finna<\/a><\/li>\n<\/ul>\n<p><span style=\"text-decoration: underline;\"><a href=\"http:\/\/www.oulucomics.com\/sarjasto\/sarjakuvametro\/sarvakuvametro-arvonta\/\">Luettuasia linjan kirjat, muista osallistua arvontaan!<\/a><\/span><\/p>\n","protected":false},"excerpt":{"rendered":"<p>&#8230;<\/p>\n","protected":false},"author":1,"featured_media":0,"parent":3235,"menu_order":2,"comment_status":"closed","ping_status":"closed","template":"","meta":[],"categories":[],"tags":[],"_links":{"self":[{"href":"https:\/\/www.oulucomics.com\/en_US\/wp-json\/wp\/v2\/pages\/3252"}],"collection":[{"href":"https:\/\/www.oulucomics.com\/en_US\/wp-json\/wp\/v2\/pages"}],"about":[{"href":"https:\/\/www.oulucomics.com\/en_US\/wp-json\/wp\/v2\/types\/page"}],"author":[{"embeddable":true,"href":"https:\/\/www.oulucomics.com\/en_US\/wp-json\/wp\/v2\/users\/1"}],"replies":[{"embeddable":true,"href":"https:\/\/www.oulucomics.com\/en_US\/wp-json\/wp\/v2\/comments?post=3252"}],"version-history":[{"count":17,"href":"https:\/\/www.oulucomics.com\/en_US\/wp-json\/wp\/v2\/pages\/3252\/revisions"}],"predecessor-version":[{"id":3476,"href":"https:\/\/www.oulucomics.com\/en_US\/wp-json\/wp\/v2\/pages\/3252\/revisions\/3476"}],"up":[{"embeddable":true,"href":"https:\/\/www.oulucomics.com\/en_US\/wp-json\/wp\/v2\/pages\/3235"}],"wp:attachment":[{"href":"https:\/\/www.oulucomics.com\/en_US\/wp-json\/wp\/v2\/media?parent=3252"}],"wp:term":[{"taxonomy":"category","embeddable":true,"href":"https:\/\/www.oulucomics.com\/en_US\/wp-json\/wp\/v2\/categories?post=3252"},{"taxonomy":"post_tag","embeddable":true,"href":"https:\/\/www.oulucomics.com\/en_US\/wp-json\/wp\/v2\/tags?post=3252"}],"curies":[{"name":"wp","href":"https:\/\/api.w.org\/{rel}","templated":true}]}}