{"id":3235,"date":"2018-06-06T11:08:34","date_gmt":"2018-06-06T08:08:34","guid":{"rendered":"http:\/\/www.oulucomics.com\/?page_id=3235"},"modified":"2020-03-26T10:44:04","modified_gmt":"2020-03-26T08:44:04","slug":"sarjakuvametro","status":"publish","type":"page","link":"https:\/\/www.oulucomics.com\/en_US\/sarjasto\/sarjakuvametro\/","title":{"rendered":"Sarjakuvametro"},"content":{"rendered":"<h2>Sarjakuvametron kyydiss\u00e4 ei ole tyls\u00e4\u00e4!<\/h2>\n<p>Sarjakuvametrossa voit kulkea haluamaasi linjaa ja vaihtaa suuntaa, kuten parhaalta tuntuu. Metron k\u00e4ytt\u00e4minen vaatii vain seikkailumielt\u00e4 ja kirjastokortin. Metro on avoinna kellonymp\u00e4ri ja linjakartta on monipuolinen. Sarjakuvametron kyytiin voi hyp\u00e4t\u00e4 kaikkialla Suomessa!<\/p>\n<ul>\n<li>Linja: <a href=\"http:\/\/www.oulucomics.com\/sarjasto\/sarjakuvametro\/linja1\/\">Asiaa kirjaviisaille<\/a><\/li>\n<li>Linja:\u00a0<a href=\"http:\/\/www.oulucomics.com\/sarjasto\/sarjakuvametro\/sarjakuvametro-linja-luettavaa-nuoremmille\/\">Luettavaa nuoremmille<\/a><\/li>\n<li>Linja:\u00a0<a href=\"http:\/\/www.oulucomics.com\/sarjasto\/sarjakuvametro\/linja3\/\">Matkalla seikkailuun<\/a><\/li>\n<li>Linja:\u00a0<a href=\"http:\/\/www.oulucomics.com\/sarjasto\/sarjakuvametro\/linja4\/\">Suoraan Absurdistaniin<\/a><\/li>\n<li>Linja:\u00a0<a href=\"http:\/\/www.oulucomics.com\/sarjasto\/sarjakuvametro\/linja5\/\">Aatteista uskomuksiin<\/a><\/li>\n<li>Linja:\u00a0<a href=\"http:\/\/www.oulucomics.com\/sarjasto\/sarjakuvametro\/linja6\/\">Kannanottoja yhteiskunnasta<\/a><\/li>\n<li>Linja:\u00a0<a href=\"http:\/\/www.oulucomics.com\/sarjasto\/sarjakuvametro\/linja7\/\">Tarinoita menneisyydest\u00e4<\/a><\/li>\n<li>Linja:\u00a0<a href=\"http:\/\/www.oulucomics.com\/sarjasto\/sarjakuvametro\/linja8\/\">Huumorilla h\u00f6ystetty<\/a><\/li>\n<li>Linja:\u00a0<a href=\"http:\/\/www.oulucomics.com\/sarjasto\/sarjakuvametro\/linja9\/\">Linja l\u00e4nteen<\/a><\/li>\n<li>Linja:\u00a0<a href=\"http:\/\/www.oulucomics.com\/sarjasto\/sarjakuvametro\/linja10\/\">El\u00e4m\u00e4 kerrallaan<\/a><\/li>\n<\/ul>\n<p><strong>Kuinka k\u00e4yt\u00e4n Sarjakuvametroa?<\/strong><br \/>\nValitse haluamasi linja ja pys\u00e4kki Metrokartasta. Metrolinjan nimi kertoo, mik\u00e4 yhdist\u00e4\u00e4 sen kirjoja. Nouse kyytiin, lue haluamasi kirja\u00a0ja j\u00e4\u00e4 pois kun haluat. Voit siirty\u00e4 toiselle linjalle joko risteyksen kautta tai k\u00e4ym\u00e4ll\u00e4 v\u00e4lill\u00e4 kirjastossa etsim\u00e4ss\u00e4 lis\u00e4\u00e4 kirjoja. Anna tilaa pois j\u00e4\u00e4ville matkustajille ennen kuin menet sis\u00e4lle. J\u00e4\u00e4 odottamaan seuraavaa metrojunaa. Se tulee pian.<\/p>\n<p><strong>Mist\u00e4 alkaa alue, jolta p\u00e4\u00e4sen sarjakuvametroon?<\/strong><br \/>\nMieti kiinnostava asema ja etsi se verkkokirjastosta. Verkkokirjastossa voit edet\u00e4 vapaasti: <a href=\"http:\/\/www.finna.fi\" target=\"_blank\">www.finna.fi<\/a>. Kun haluat varata kirjan, tarvitset voimassaolevan kirjastokortin ja PIN-koodin. Lis\u00e4tietoa kirjastokorteista l\u00f6yd\u00e4t kotikirjastosi kotisivuilta. Oulun Sarjakuvakeskuksen kotikirjaston k\u00e4ytt\u00e4j\u00e4t l\u00f6yt\u00e4v\u00e4t lis\u00e4tietoa <a href=\"https:\/\/outi.finna.fi\/\" target=\"_blank\">OUTI-kirjastojen sivuilta<\/a>.<\/p>\n<p><strong>Onko sarjakuvametrossa jokin etiketti?<\/strong><br \/>\nVoit olla oma itsesi. Ota kanssamatkustajat huomioon.\u00a0 Tarkastusmaksuja ei ole, mutta my\u00f6h\u00e4stymisist\u00e4 ja noutamattomista varauksista menee kirjaston k\u00e4ytt\u00f6s\u00e4\u00e4nt\u00f6jen mukaiset maksut.<\/p>\n<p><strong>Miten kuljen puolison, lastenvaunujen, lemmikin tai polkupy\u00f6r\u00e4n kanssa Sarjakuvametrossa?<\/strong><br \/>\nTurvallisuussyist\u00e4 lastenvaunujen, lemmikin ja polkupy\u00f6r\u00e4n kanssa t\u00e4ytyy kiinnitt\u00e4\u00e4 huomiota my\u00f6s ymp\u00e4rist\u00f6\u00f6n. Irrota katseesi kirjasta, kun liikut polkupy\u00f6r\u00e4ll\u00e4. Muista huomioida my\u00f6s puolisoasi, lastasi ja lemmikki\u00e4si.<\/p>\n<p><em>Sarjakuvametron p\u00e4\u00e4urakoitsijoina ovat toimineet yhteisty\u00f6ss\u00e4 Oulun Sarjakuvakeskus ja Oulun kaupunginkirjasto. Sarjakuvametro pohjautuu aiemmin Oulun kaupunginkirjaston tuottamaan <a href=\"https:\/\/www.ouka.fi\/oulu\/kirjasto\/kirjametro\" target=\"_blank\">Kirjametroon<\/a>.<\/em><\/p>\n<p><a href=\"http:\/\/www.oulucomics.com\/wp-content\/uploads\/2018\/06\/sarjakuvametro.pdf\">Lataa t\u00e4st\u00e4 tulostettava pdf-versio Sarjakuvametrosta.<\/a><\/p>\n","protected":false},"excerpt":{"rendered":"<p>&#8230;<\/p>\n","protected":false},"author":1,"featured_media":0,"parent":6,"menu_order":0,"comment_status":"closed","ping_status":"closed","template":"","meta":[],"categories":[],"tags":[],"_links":{"self":[{"href":"https:\/\/www.oulucomics.com\/en_US\/wp-json\/wp\/v2\/pages\/3235"}],"collection":[{"href":"https:\/\/www.oulucomics.com\/en_US\/wp-json\/wp\/v2\/pages"}],"about":[{"href":"https:\/\/www.oulucomics.com\/en_US\/wp-json\/wp\/v2\/types\/page"}],"author":[{"embeddable":true,"href":"https:\/\/www.oulucomics.com\/en_US\/wp-json\/wp\/v2\/users\/1"}],"replies":[{"embeddable":true,"href":"https:\/\/www.oulucomics.com\/en_US\/wp-json\/wp\/v2\/comments?post=3235"}],"version-history":[{"count":10,"href":"https:\/\/www.oulucomics.com\/en_US\/wp-json\/wp\/v2\/pages\/3235\/revisions"}],"predecessor-version":[{"id":4360,"href":"https:\/\/www.oulucomics.com\/en_US\/wp-json\/wp\/v2\/pages\/3235\/revisions\/4360"}],"up":[{"embeddable":true,"href":"https:\/\/www.oulucomics.com\/en_US\/wp-json\/wp\/v2\/pages\/6"}],"wp:attachment":[{"href":"https:\/\/www.oulucomics.com\/en_US\/wp-json\/wp\/v2\/media?parent=3235"}],"wp:term":[{"taxonomy":"category","embeddable":true,"href":"https:\/\/www.oulucomics.com\/en_US\/wp-json\/wp\/v2\/categories?post=3235"},{"taxonomy":"post_tag","embeddable":true,"href":"https:\/\/www.oulucomics.com\/en_US\/wp-json\/wp\/v2\/tags?post=3235"}],"curies":[{"name":"wp","href":"https:\/\/api.w.org\/{rel}","templated":true}]}}