{"id":25,"date":"2016-08-10T08:16:11","date_gmt":"2016-08-10T05:16:11","guid":{"rendered":"http:\/\/www.oulucomics.com\/?page_id=25"},"modified":"2025-03-27T20:04:50","modified_gmt":"2025-03-27T18:04:50","slug":"kulttuurilehtigalleria","status":"publish","type":"page","link":"https:\/\/www.oulucomics.com\/en_US\/keskus\/kulttuurilehtigalleria\/","title":{"rendered":"Culture magazine gallery Oulu"},"content":{"rendered":"\n<p><strong>Kulttuurilehtigalleria Oulu<\/strong>&nbsp;on j\u00e4rjestyksess\u00e4\u00e4n toinen <a href=\"https:\/\/www.kulttilehdet.fi\/\" target=\"_blank\" rel=\"noreferrer noopener\">Kultti ry<\/a>:n yleis\u00f6lle avoin lehtisali. Oulun Sarjakuvakeskuksen py\u00f6ritt\u00e4m\u00e4n Kulttuuritalo Valveella (Hallituskatu 7, Oulu) sijaitsevan lehtisalin lis\u00e4ksi Suomen toinen kulttuurilehtigalleria sijaitsee Helsingin Kaapelitehtaalla.<\/p>\n\n\n\n<p>Kulttuurilehtigalleria Oulun l\u00f6yd\u00e4t <a rel=\"noreferrer noopener\" href=\"https:\/\/www.kulttuurivalve.fi\/\" target=\"_blank\">Kulttuuritalo Valveella<\/a> sijaitsevan Valveen ravintolan yhteydest\u00e4.<\/p>\n\n\n\n<p><strong>Kulttuurilehtigalleria Oulun lehdet:<\/strong><\/p>\n\n\n\n<ul class=\"wp-block-list\"><li><a href=\"https:\/\/www.animalia.fi\/\" target=\"_blank\" rel=\"noreferrer noopener\">Animalia<\/a><\/li><li><a href=\"https:\/\/antimilitaristi.fi\/\" target=\"_blank\" rel=\"noreferrer noopener\">Antimilitarismi<\/a><\/li><li><a href=\"https:\/\/www.ark.fi\/\" target=\"_blank\" rel=\"noreferrer noopener\">Ark<\/a><\/li><li><a href=\"https:\/\/www.astra.fi\/\" target=\"_blank\" rel=\"noreferrer noopener\">Astra<\/a><\/li><li><a href=\"https:\/\/www.bluesnews.fi\/\" target=\"_blank\" rel=\"noreferrer noopener\">Blues News<\/a><\/li><li><a href=\"https:\/\/www.biodyn.fi\/demeterlehti\" target=\"_blank\" rel=\"noreferrer noopener\">Demeter<\/a><\/li><li><a href=\"https:\/\/www.docomomo.fi\/\" target=\"_blank\" rel=\"noreferrer noopener\">Docomomo<\/a><\/li><li><a href=\"https:\/\/elaintenystava.fi\/\" target=\"_blank\" rel=\"noreferrer noopener\">El\u00e4inten yst\u00e4v\u00e4<\/a><\/li><li><a href=\"https:\/\/www.elonkeha.fi\/\" target=\"_blank\" rel=\"noreferrer noopener\">Elonkeh\u00e4<\/a><\/li><li><a href=\"https:\/\/www.esperanto.fi\/\" target=\"_blank\" rel=\"noreferrer noopener\">Esperantolehti<\/a><\/li><li><a href=\"https:\/\/www.filmihullu.fi\/\" target=\"_blank\" rel=\"noreferrer noopener\">Filmihullu<\/a><\/li><li><a href=\"https:\/\/www.finsktidskrift.fi\/\" target=\"_blank\" rel=\"noreferrer noopener\">Finsk tidskrift<\/a><\/li><li><a href=\"https:\/\/www.fredsposten.fi\/\" target=\"_blank\" rel=\"noreferrer noopener\">Fredsposten<\/a><\/li><li><a href=\"https:\/\/www.tutuseura.fi\/julkaisut\/futura\/\" target=\"_blank\" rel=\"noreferrer noopener\">Futura<\/a><\/li><li><a href=\"https:\/\/www.grafia.fi\/\" target=\"_blank\" rel=\"noreferrer noopener\">Grafia<\/a><\/li><li><a href=\"https:\/\/journal.fi\/idantutkimus\" target=\"_blank\" rel=\"noreferrer noopener\">Id\u00e4ntutkimus<\/a><\/li><li><a href=\"https:\/\/www.imetys.fi\/\" target=\"_blank\" rel=\"noreferrer noopener\">Imetys<\/a><\/li><li><a href=\"https:\/\/lukio.fi\/meista\/improbatur\/\" target=\"_blank\" rel=\"noreferrer noopener\">Improbatur<\/a><\/li><li><a href=\"https:\/\/www.juomaposti.fi\/\" target=\"_blank\" rel=\"noreferrer noopener\">Juomaposti<\/a><\/li><li><a href=\"https:\/\/www.kaltio.fi\/\" target=\"_blank\" rel=\"noreferrer noopener\">Kaltio<\/a><\/li><li><a href=\"https:\/\/www.kamera-lehti.fi\/\" target=\"_blank\" rel=\"noreferrer noopener\">Kamera<\/a><\/li><li><a href=\"https:\/\/www.karjalanheimo.fi\/\" target=\"_blank\" rel=\"noreferrer noopener\">Karjalan heimo<\/a><\/li><li><a href=\"https:\/\/www.kirjailijalehti.fi\/\" target=\"_blank\" rel=\"noreferrer noopener\">Kirjailija<\/a><\/li><li><a href=\"https:\/\/kirjallisuusterapia.net\/kirjallisuusterapialehti\/\" target=\"_blank\" rel=\"noreferrer noopener\">Kirjallisuusterapia<\/a><\/li><li><a href=\"https:\/\/www.kirjastolehti.fi\/\" target=\"_blank\" rel=\"noreferrer noopener\">Kirjasto<\/a><\/li><li><a href=\"http:\/\/www.kristosofi.fi\/\" target=\"_blank\" rel=\"noreferrer noopener\">Kristosofi<\/a><\/li><li><a href=\"https:\/\/www.kulttuurivihkot.fi\/\" target=\"_blank\" rel=\"noreferrer noopener\">Kulttuurivihkot<\/a><\/li><li><a href=\"https:\/\/www.kulttuurintutkimus.fi\/\" target=\"_blank\" rel=\"noreferrer noopener\">Kulttuurin tutkimus<\/a><\/li><li><a href=\"https:\/\/www.kutikuti.com\/\" target=\"_blank\" rel=\"noreferrer noopener\">Kuti<\/a><\/li><li><a href=\"https:\/\/www.lapsenmaailma.fi\/\" target=\"_blank\" rel=\"noreferrer noopener\">Lapsen maailma<\/a><\/li><li><a href=\"https:\/\/www.mondediplo.fi\/\" target=\"_blank\" rel=\"noreferrer noopener\">Le Monde diplomatique &amp; novaja gazeta<\/a><\/li><li><a href=\"https:\/\/www.lehto-ry.org\/\" target=\"_blank\" rel=\"noreferrer noopener\">Lehto<\/a><\/li><li><a href=\"https:\/\/www.tukiliitto.fi\/tukiliitto-ja-yhdistykset\/tukiliiton-lehdet\/leija\/\" target=\"_blank\" rel=\"noreferrer noopener\">Leija<\/a><\/li><li><a href=\"https:\/\/libero.vasemmistonuoret.fi\/\" target=\"_blank\" rel=\"noreferrer noopener\">Libero<\/a><\/li><li><a href=\"https:\/\/www.lts.fi\/liikunta-ja-tiede\" target=\"_blank\" rel=\"noreferrer noopener\">Liikunta ja tiede<\/a><\/li><li><a href=\"https:\/\/www.birdlife.fi\/jarjesto\/julkaisut\/linnut\/\" target=\"_blank\" rel=\"noreferrer noopener\">Linnut<\/a><\/li><li><a href=\"https:\/\/www.sll.fi\/luonnonsuojelija\/\" target=\"_blank\" rel=\"noreferrer noopener\">Luonnonsuojelija<\/a><\/li><li><a href=\"https:\/\/www.lumooja.fi\/\" target=\"_blank\" rel=\"noreferrer noopener\">Lumooja<\/a><\/li><li><a href=\"https:\/\/www.maailmankuvalehti.fi\/\" target=\"_blank\" rel=\"noreferrer noopener\">Maailmankuvalehti<\/a><\/li><li><a href=\"https:\/\/museoliitto.fi\/museo-lehti\/\" target=\"_blank\" rel=\"noreferrer noopener\">Museo<\/a><\/li><li><a href=\"https:\/\/musiikintekijat.fi\/yhdistys\/musiikintekijalehti\/\" target=\"_blank\" rel=\"noreferrer noopener\">Musiikintekij\u00e4<\/a><\/li><li><a href=\"https:\/\/www.naturalehti.fi\/\" target=\"_blank\" rel=\"noreferrer noopener\">Natura<\/a><\/li><li><a href=\"https:\/\/www.netn.fi\/\" target=\"_blank\" rel=\"noreferrer noopener\">Niin &amp; n\u00e4in<\/a><\/li><li><a href=\"https:\/\/www.niinipuu.fi\/\" target=\"_blank\" rel=\"noreferrer noopener\">Niinipuu 31<\/a><\/li><li><a href=\"https:\/\/nulu.fi\/\" target=\"_blank\" rel=\"noreferrer noopener\">Nuorten luonto<\/a><\/li><li><a href=\"https:\/\/www.nuorivoima.fi\/\" target=\"_blank\" rel=\"noreferrer noopener\">Nuori voima<\/a><\/li><li><a href=\"https:\/\/www.nytid.fi\/\" target=\"_blank\" rel=\"noreferrer noopener\">Ny Tid<\/a><\/li><li><a href=\"https:\/\/www.olutposti.fi\/\" target=\"_blank\" rel=\"noreferrer noopener\">Olutposti<\/a><\/li><li><a href=\"https:\/\/ibbyfinland.fi\/\" target=\"_blank\" rel=\"noreferrer noopener\">Onnimanni<\/a><\/li><li><a href=\"https:\/\/www.kalevalaistennaistenliitto.fi\/pirta-lehti\/\" target=\"_blank\" rel=\"noreferrer noopener\">Pirta<\/a><\/li><li><a href=\"https:\/\/plan.fi\/\" target=\"_blank\" rel=\"noreferrer noopener\">Plan<\/a><\/li><li><a href=\"http:\/\/www.porttisci.fi\/\" target=\"_blank\" rel=\"noreferrer noopener\">Portti<\/a><\/li><li><a href=\"https:\/\/helsinginpsykoterapiayhdistys.com\/tuote-osasto\/lehdet\/\" target=\"_blank\" rel=\"noreferrer noopener\">Psykoanalyyttinen Psykoterapia<\/a><\/li><li><a href=\"http:\/\/www.psykologia.fi\/\" target=\"_blank\" rel=\"noreferrer noopener\">Psykologia<\/a><\/li><li><a href=\"https:\/\/www.psykoterapia-lehti.fi\/verkkolehti\/\" target=\"_blank\" rel=\"noreferrer noopener\">Psykoterapia<\/a><\/li><li><a href=\"https:\/\/rauhanpuolustajat.org\/\" target=\"_blank\" rel=\"noreferrer noopener\">Rauhanpuolustaja<\/a><\/li><li><a href=\"https:\/\/rondolehti.fi\/\" target=\"_blank\" rel=\"noreferrer noopener\">Rondo<\/a><\/li><li><a href=\"https:\/\/sarjakuvaseura.fi\/toiminta\/sarjainfo\/\" target=\"_blank\" rel=\"noreferrer noopener\">Sarjainfo<\/a><\/li><li><a href=\"https:\/\/www.skepsis.fi\/lehti\/\" target=\"_blank\" rel=\"noreferrer noopener\">Skeptikko<\/a><\/li><li><a href=\"https:\/\/www.skargard.fi\/\" target=\"_blank\" rel=\"noreferrer noopener\">Sk\u00e4rg\u00e5rd<\/a><\/li><li><a href=\"https:\/\/www.suomi-puola.fi\/\" target=\"_blank\" rel=\"noreferrer noopener\">Suomi-Puola<\/a><\/li><li><a href=\"https:\/\/www.joogaliitto.fi\/joogalehti\/\" target=\"_blank\" rel=\"noreferrer noopener\">Suomen Joogalehti<\/a><\/li><li><a href=\"https:\/\/suomenluonto.fi\/\" target=\"_blank\" rel=\"noreferrer noopener\">Suomen Luonto<\/a><\/li><li><a href=\"https:\/\/sulasol.fi\/\" target=\"_blank\" rel=\"noreferrer noopener\">Sulasol<\/a><\/li><li><a href=\"https:\/\/suol.fi\/synsygus\/\" target=\"_blank\" rel=\"noreferrer noopener\">Synsygus<\/a><\/li><li><a href=\"https:\/\/sarolehti.net\/\" target=\"_blank\" rel=\"noreferrer noopener\">S\u00e4r\u00f6<\/a><\/li><li><a href=\"https:\/\/www.taidelehti.fi\/\" target=\"_blank\" rel=\"noreferrer noopener\">Taide<\/a><\/li><li><a href=\"https:\/\/www.teatteritanssi.fi\/\" target=\"_blank\" rel=\"noreferrer noopener\">Teatteri &amp; Tanssi + Sirkus<\/a><\/li><li><a href=\"https:\/\/www.tiedonantaja.fi\/\" target=\"_blank\" rel=\"noreferrer noopener\">Tiedonantaja<\/a><\/li><li><a href=\"https:\/\/tnl.fi\/info\/toinen-naytos-lehti\/\" target=\"_blank\" rel=\"noreferrer noopener\">Toinen N\u00e4yt\u00f6s<\/a><\/li><li><a href=\"https:\/\/www.tukiliitto.fi\/tukiviesti\/\" target=\"_blank\" rel=\"noreferrer noopener\">Tukiviesti<\/a><\/li><li><a href=\"https:\/\/tulva.fi\/\" target=\"_blank\" rel=\"noreferrer noopener\">Tulva<\/a><\/li><li><a href=\"https:\/\/tahtivaeltajablogi.com\/\" target=\"_blank\" rel=\"noreferrer noopener\">T\u00e4htivaeltaja<\/a><\/li><li><a href=\"https:\/\/journal.fi\/tyovaentutkimus\" target=\"_blank\" rel=\"noreferrer noopener\">Ty\u00f6v\u00e4entutkimus Vuosikirja<\/a><\/li><li><a href=\"https:\/\/www.tylkkari.fi\/\" target=\"_blank\" rel=\"noreferrer noopener\">Tylkk\u00e4ri &#8211; Turun ylioppilaslehti<\/a><\/li><li><a href=\"https:\/\/ulkopolitiikka.fi\/\" target=\"_blank\" rel=\"noreferrer noopener\">Ulkopolitiikka<\/a><\/li><li><a href=\"https:\/\/vapaa-ajattelijat.fi\/\" target=\"_blank\" rel=\"noreferrer noopener\">Vapaa Ajattelija<\/a><\/li><li><a href=\"https:\/\/ydinlehti.fi\/\" target=\"_blank\" rel=\"noreferrer noopener\">Ydin<\/a><\/li><li><a href=\"https:\/\/www.yhteisetlapsemme.fi\/\" target=\"_blank\" rel=\"noreferrer noopener\">Yhteiset Lapsemme<\/a><\/li><li><a href=\"https:\/\/www.helsinki.fi\/fi\/yliopisto-lehti\" target=\"_blank\" rel=\"noreferrer noopener\">Yliopisto<\/a><\/li><li><a href=\"https:\/\/ylioppilaslehti.fi\/\" target=\"_blank\" rel=\"noreferrer noopener\">Ylioppilaslehti<\/a><\/li><\/ul>\n","protected":false},"excerpt":{"rendered":"<p>&#8230;<\/p>\n","protected":false},"author":1,"featured_media":0,"parent":4,"menu_order":9,"comment_status":"closed","ping_status":"closed","template":"","meta":{"footnotes":""},"categories":[],"tags":[],"class_list":["post-25","page","type-page","status-publish","hentry"],"_links":{"self":[{"href":"https:\/\/www.oulucomics.com\/en_US\/wp-json\/wp\/v2\/pages\/25","targetHints":{"allow":["GET"]}}],"collection":[{"href":"https:\/\/www.oulucomics.com\/en_US\/wp-json\/wp\/v2\/pages"}],"about":[{"href":"https:\/\/www.oulucomics.com\/en_US\/wp-json\/wp\/v2\/types\/page"}],"author":[{"embeddable":true,"href":"https:\/\/www.oulucomics.com\/en_US\/wp-json\/wp\/v2\/users\/1"}],"replies":[{"embeddable":true,"href":"https:\/\/www.oulucomics.com\/en_US\/wp-json\/wp\/v2\/comments?post=25"}],"version-history":[{"count":38,"href":"https:\/\/www.oulucomics.com\/en_US\/wp-json\/wp\/v2\/pages\/25\/revisions"}],"predecessor-version":[{"id":7735,"href":"https:\/\/www.oulucomics.com\/en_US\/wp-json\/wp\/v2\/pages\/25\/revisions\/7735"}],"up":[{"embeddable":true,"href":"https:\/\/www.oulucomics.com\/en_US\/wp-json\/wp\/v2\/pages\/4"}],"wp:attachment":[{"href":"https:\/\/www.oulucomics.com\/en_US\/wp-json\/wp\/v2\/media?parent=25"}],"wp:term":[{"taxonomy":"category","embeddable":true,"href":"https:\/\/www.oulucomics.com\/en_US\/wp-json\/wp\/v2\/categories?post=25"},{"taxonomy":"post_tag","embeddable":true,"href":"https:\/\/www.oulucomics.com\/en_US\/wp-json\/wp\/v2\/tags?post=25"}],"curies":[{"name":"wp","href":"https:\/\/api.w.org\/{rel}","templated":true}]}}