{"id":2374,"date":"2017-04-11T17:59:15","date_gmt":"2017-04-11T14:59:15","guid":{"rendered":"http:\/\/www.oulucomics.com\/?page_id=2374"},"modified":"2017-04-11T17:59:29","modified_gmt":"2017-04-11T14:59:29","slug":"clubs","status":"publish","type":"page","link":"https:\/\/www.oulucomics.com\/en_US\/fest\/program-2017\/clubs\/","title":{"rendered":"Clubs & Galas"},"content":{"rendered":"\n\t\t\t\t<div class=\"event-list\">\n\t\t\t\t<ul class=\"event-list-view\">\n\t\t\t \t<li class=\"event festivaali ffri klubi museo\">\n\t\t\t\t\t<div class=\"event-date\"><div class=\"start-date\"><div class=\"event-weekday\">Fri<\/div><div class=\"event-day\">01<\/div><div class=\"event-month\">Dec<\/div><div class=\"event-year\">2017<\/div><\/div><\/div>\n\t\t\t\t\t<div class=\"event-info single-day\"><div class=\"event-title\"><h3>Comics Effects n\u00e4yttelyn avajaiset \/ Exhibition opening<\/h3><\/div><span class=\"event-time\">20:00 - 22:00<\/span><span class=\"event-location\">Oulu Museum of Art\u2019s<\/span><div class=\"event-details\"><p><img class=\"alignleft size-full wp-image-2956\" src=\"http:\/\/www.oulucomics.com\/wp-content\/uploads\/2017\/10\/fi.jpg\" alt=\"fi\" width=\"23\" height=\"20\" \/><img class=\"alignleft size-full wp-image-2955\" src=\"http:\/\/www.oulucomics.com\/wp-content\/uploads\/2017\/10\/en.jpg\" alt=\"en\" width=\"23\" height=\"20\" \/><\/p>\n<p>&nbsp;<\/p>\n<p><img class=\"aligncenter size-medium wp-image-1405\" src=\"http:\/\/www.oulucomics.com\/wp-content\/uploads\/2016\/11\/palsa_header-300x93.jpg\" alt=\"palsa_header\" width=\"300\" height=\"93\" \/>Comics Effects n\u00e4yttelyn avajaisissa tutustutaan taiteilijoiden v\u00e4lityksell\u00e4 Oulun Taidemuseolla esill\u00e4 olevaan laajaan sarjakuvan\u00e4yttelykokonaisuuteen, jonka Oulun Sarjakuvakeskus on koostanut yhteisty\u00f6kumppaniensa kanssa.<\/p>\n<p>Tilaisuudessa julkistetaan <em>101 sarjakuvaa Suomesta (Zum Teufel, 2017)<\/em> -sarjakuva-albumi, josta l\u00f6ytyv\u00e4t koostettuna kyseisen n\u00e4yttelyn teokset.<\/p>\n<p>Oulun Sarjakuvaseura my\u00f6nt\u00e4\u00e4 vuosittain Skrew You! -tunnustuspalkinnon pohjois-suomalaisen sarjakuvan eteen tehdyst\u00e4 ty\u00f6st\u00e4. Palkinto jaetaan t\u00e4n\u00e4 vuonna Comics Effects -n\u00e4yttelyn avajaisissa.<\/p>\n<p>Paikan p\u00e4\u00e4ll\u00e4 on taiteilijoiden ja muun ohjelmiston lis\u00e4ksi my\u00f6s aiheeseen sopivaa tarjoilua.<\/p>\n<p>Tervetuloa!<\/p>\n<p>\/\/\/\/\/\/\/\/\/\/<\/p>\n<p><span style=\"color: #333399;\">In the opening of the Comics Effects exhibition you can see the several comic exhibitions in the Oulu Museum of Arts with the artists. Oulu Comics Center has arranged the exhibitions with their partners.<\/span><\/p>\n<p><span style=\"color: #333399;\"><em>101 Comics from Finland (Zum Teufel, 2017)<\/em> comic album is announced in the event. From this comic book you can find the pieces of the exhibition.<\/span><\/p>\n<p><span style=\"color: #333399;\">Oulu Comics Center announces the winner of the yearly Skrew You! award for a member of the community who has done great work for the Northern Finnish comic scene. The award is given in the Comics Effects exhibition opening.<\/span><\/p>\n<p><span style=\"color: #333399;\">At the event you can meet artists and also find tasty servings.<\/span><\/p>\n<p><span style=\"color: #333399;\">Welcome!<\/span><\/p>\n<\/div><\/div>\n\t\t\t\t<\/li>\n\t\t\t \t<li class=\"event festivaali ffri klubi muu\">\n\t\t\t\t\t<div class=\"event-date\"><div class=\"start-date\"><div class=\"event-weekday\">Fri<\/div><div class=\"event-day\">01<\/div><div class=\"event-month\">Dec<\/div><div class=\"event-year\">2017<\/div><\/div><\/div>\n\t\t\t\t\t<div class=\"event-info single-day\"><div class=\"event-title\"><h3>Termos-klubi 8 - Perdition Edition <\/h3><\/div><span class=\"event-time\">21:00 -<\/span><span class=\"event-location\">BINGO, M\u00e4kelininkatu 29<\/span><div class=\"event-details\"><p><a href=\"http:\/\/www.anagutieszca.com\" target=\"_blank\"><strong>Ana Gutieszca<\/strong><\/a><\/p>\n<p><span class=\"_5yl5\">Hiilij\u00e4ljest\u00e4 tulee \u00e4\u00e4ni, \u00e4\u00e4nest\u00e4 v\u00e4ristys. Itserakennettuja soittimia, kuvan l\u00e4pi ohjattua virtaa.<br \/>\n(mukana my\u00f6s Humanimal-duossa sek\u00e4 py\u00f6ritt\u00e4\u00e4 Third Space-galleriaa Helsingiss\u00e4)<br \/>\n<\/span><\/p>\n<p><span class=\"_5yl5\"><strong>Eilatar<\/strong><br \/>\nRunelmia, laulua ja kanteleen kieli\u00e4. Itselle tehtyj\u00e4 lauluja, jotka saattavat singahtaa suoraan syd\u00e4meen. Huolet ja murheet, ilot ja onnet ovat l\u00f6yt\u00e4neet sanallisen, harmoonisen, melodisen ja rytmisen muodon. T\u00e4m\u00e4 kanteletar soittaa sinut joko suohon tai taivaisiin. Jos tykk\u00e4\u00e4t, niin hyv\u00e4, jos et, niin \u00e4l\u00e4 sitten.<\/span><\/p>\n<p><a href=\"https:\/\/jaakkojunnila.bandcamp.com\" target=\"_blank\"><strong>Jaakko Junnila<\/strong><\/a><span class=\"_5yl5\"><br \/>\nErikokoisia \u00e4\u00e4ni\u00e4, musiikkia jostain v\u00e4limatkojen v\u00e4leist\u00e4.<br \/>\n(mukana mm Internet, Tungsten ja Kiva Talo-yhtyeiss\u00e4)<\/span><\/p>\n<p><strong>Antti Kainulainen<\/strong><br \/>\n<span class=\"_5yl5\">Nauhojen maisteri, kokeellisen s\u00e4hk\u00f6-\u00e4\u00e4nenmuodostuksen kokeilja. Lattialta l\u00f6ydettyj\u00e4 nauhoja tai niiden p\u00e4tki\u00e4 soi, koteloi pahviin ja loputtomuuteen.<br \/>\n(mukana my\u00f6s Mato Limiter-teknoryhm\u00e4ss\u00e4)<\/span><br \/>\nKatri Kangas<\/p>\n<p><strong>Sini Silveri<\/strong><br \/>\n<span class=\"_5yl5\">Runous ja kehon kuvitus, liikkeet ja kaihtimet, silmill\u00e4 &amp; silmilt\u00e4.<br \/>\n(mukana my\u00f6s mm. Internet-yhtyeess\u00e4)<\/span><\/p>\n<p><img class=\"alignleft wp-image-3040 size-full\" src=\"http:\/\/www.oulucomics.com\/wp-content\/uploads\/2017\/11\/23140623_533136903695183_118439923_n.jpg\" alt=\"23140623_533136903695183_118439923_n\" width=\"539\" height=\"960\" \/><\/p>\n<\/div><\/div>\n\t\t\t\t<\/li>\n\t\t\t \t<li class=\"event festivaali fsat klubi muu\">\n\t\t\t\t\t<div class=\"event-date\"><div class=\"start-date\"><div class=\"event-weekday\">Sat<\/div><div class=\"event-day\">02<\/div><div class=\"event-month\">Dec<\/div><div class=\"event-year\">2017<\/div><\/div><\/div>\n\t\t\t\t\t<div class=\"event-info single-day\"><div class=\"event-title\"><h3>3d Comics Club | 3D Sarjakuvaklubi<\/h3><\/div><span class=\"event-time\">19:00 -<\/span><span class=\"event-location\">Snooker Time, Asemakatu 28, Oulu<\/span><div class=\"event-details\"><p><strong>Tervetuloa Sarjakuvaklubille viett\u00e4m\u00e4\u00e4n iltaa ja tutustumaan sarjakuvantekij\u00f6ihin. Kulttuurimy\u00f6nteisess\u00e4 Snooker Time anniskeluravintolassa on tarjolla virvokkeita, musiikkia, monenlaista ohjelmaa ja hyvi\u00e4 keskusteluja!<\/strong><\/p>\n<ul>\n<li>\n<h5>Drink'n'Draw<\/h5>\n<\/li>\n<li>\n<h5>Drawception<\/h5>\n<\/li>\n<li>\n<h5>Danceoke<\/h5>\n<\/li>\n<\/ul>\n<p><strong>Vapaa p\u00e4\u00e4sy<\/strong><br \/>\n<strong>Ik\u00e4raja 18<\/strong><\/p>\n<p>\/ \/ \/ \/ \/<\/p>\n<ul>\n<li>\n<h5>Drink'n'Draw<\/h5>\n<\/li>\n<li>\n<h5>Drawception<\/h5>\n<\/li>\n<li>\n<h5>Danceoke<\/h5>\n<\/li>\n<\/ul>\n<p>Free entry<br \/>\nAge limit 18<\/p>\n<\/div><\/div>\n\t\t\t\t<\/li><\/ul>\n\t\t\t\t<\/div>\n","protected":false},"excerpt":{"rendered":"<p>&#8230;<\/p>\n","protected":false},"author":1,"featured_media":0,"parent":2238,"menu_order":0,"comment_status":"closed","ping_status":"closed","template":"","meta":[],"categories":[],"tags":[],"_links":{"self":[{"href":"https:\/\/www.oulucomics.com\/en_US\/wp-json\/wp\/v2\/pages\/2374"}],"collection":[{"href":"https:\/\/www.oulucomics.com\/en_US\/wp-json\/wp\/v2\/pages"}],"about":[{"href":"https:\/\/www.oulucomics.com\/en_US\/wp-json\/wp\/v2\/types\/page"}],"author":[{"embeddable":true,"href":"https:\/\/www.oulucomics.com\/en_US\/wp-json\/wp\/v2\/users\/1"}],"replies":[{"embeddable":true,"href":"https:\/\/www.oulucomics.com\/en_US\/wp-json\/wp\/v2\/comments?post=2374"}],"version-history":[{"count":1,"href":"https:\/\/www.oulucomics.com\/en_US\/wp-json\/wp\/v2\/pages\/2374\/revisions"}],"predecessor-version":[{"id":2375,"href":"https:\/\/www.oulucomics.com\/en_US\/wp-json\/wp\/v2\/pages\/2374\/revisions\/2375"}],"up":[{"embeddable":true,"href":"https:\/\/www.oulucomics.com\/en_US\/wp-json\/wp\/v2\/pages\/2238"}],"wp:attachment":[{"href":"https:\/\/www.oulucomics.com\/en_US\/wp-json\/wp\/v2\/media?parent=2374"}],"wp:term":[{"taxonomy":"category","embeddable":true,"href":"https:\/\/www.oulucomics.com\/en_US\/wp-json\/wp\/v2\/categories?post=2374"},{"taxonomy":"post_tag","embeddable":true,"href":"https:\/\/www.oulucomics.com\/en_US\/wp-json\/wp\/v2\/tags?post=2374"}],"curies":[{"name":"wp","href":"https:\/\/api.w.org\/{rel}","templated":true}]}}