{"id":2369,"date":"2017-04-11T17:56:46","date_gmt":"2017-04-11T14:56:46","guid":{"rendered":"http:\/\/www.oulucomics.com\/?page_id=2369"},"modified":"2017-11-27T22:51:03","modified_gmt":"2017-11-27T20:51:03","slug":"comics-oasis","status":"publish","type":"page","link":"https:\/\/www.oulucomics.com\/en_US\/fest\/program-2017\/comics-oasis\/","title":{"rendered":"Comics Oasis"},"content":{"rendered":"<p>On Saturday November 2nd the Comics Oasis is open between 11am and 6:30pm and gives amazing opportunity to find all kinds of comic books from mainstream to alternative. There are also prints and other goodies on sale by different authors, companies and communities.<\/p>\n<p>POKUTO<br \/>\nAsema kustannus<br \/>\nSuuri Kurpitsa Mustaritari<br \/>\nSeitti Fantasiapelit<br \/>\nSininen j\u00e4nis<br \/>\nRocken Moll<br \/>\nLate ja kumppanit<br \/>\nSaara Holappa<br \/>\nKeski-Suomen sarjakuvaseura ry<br \/>\nIlpo Koskela<br \/>\nHallaus<br \/>\nSalla Heikkinen<br \/>\nROTTTA<br \/>\nVAHVA kollektiivi<br \/>\nFemicomics<br \/>\nJarijohannes<br \/>\n<span class=\"_4n-j _fbReactionComponent__eventDetailsContentTags fsl\" data-testid=\"event-permalink-details\"><span class=\"text_exposed_show\">Miukki Kekkonen &amp; Mikko M\u00e4kel\u00e4<br \/>\nKUTI KUTI<\/p>\n<p>Ilime Design<br \/>\nPimped R\u00e4gs<\/span><\/span><\/p>\n<h2><strong>Comics Oasis\u00a0and\u00a0Releases<\/strong><\/h2>\n\n\t\t\t\t<div class=\"event-list\">\n\t\t\t\t<ul class=\"event-list-view\">\n\t\t\t \t<li class=\"event festivaali fsat signing\">\n\t\t\t\t\t<div class=\"event-date\"><div class=\"start-date\"><div class=\"event-weekday\">Sat<\/div><div class=\"event-day\">02<\/div><div class=\"event-month\">Dec<\/div><div class=\"event-year\">2017<\/div><\/div><\/div>\n\t\t\t\t\t<div class=\"event-info single-day\"><div class=\"event-title\"><h3>Oulun pohjoismainen sarjakuvakilpailu 2017 palkintojen jako | Oulu Nordic Comics Competition 2017 awards ceremony<\/h3><\/div><span class=\"event-time\">11:00<\/span><span class=\"event-location\">Main library, main stage  (Kaarlenv\u00e4yl\u00e4 3)<\/span><div class=\"event-details\"><p><img class=\"alignleft size-full wp-image-2955\" src=\"http:\/\/www.oulucomics.com\/wp-content\/uploads\/2017\/10\/en.jpg\" alt=\"en\" width=\"23\" height=\"20\" \/><\/p>\n<p><span style=\"color: #333399;\"><img class=\"alignright size-medium wp-image-3047\" src=\"http:\/\/www.oulucomics.com\/wp-content\/uploads\/2017\/11\/greenwater-212x300.jpg\" alt=\"greenwater\" width=\"212\" height=\"300\" \/>The winners of\u00a0the Oulu Nordic Comics Competition 2017 will be revealed.\u00a0The comic album which includes the three winners and three honorary mentions will be available. Also in the award ceremony the theme of the Oulu Nordic Comics Competition 2018 will be revealed. Veli-Matti Ural interviews the winners.<\/span><\/p>\n<p>\/\/\/\/\/\/\/\/\/\/<\/p>\n<p>Vuoden 2017 Pohjoismaisen sarjakuvakilpailun voittajat julkistetaan. Sarjakuva-albumi, joka sis\u00e4lt\u00e4\u00e4 kolme palkittua sarjakuvaa ja kolme kunniamainintaa julkistetaan. Palkintogaalan yhteydess\u00e4 paljastetaan my\u00f6s vuoden 2018 Pohjoismaisen sarjakuvakilpailun teema. Veli-Matti Ural haastattelee voittajia.<\/p>\n<\/div><\/div>\n\t\t\t\t<\/li>\n\t\t\t \t<li class=\"event festivaali fsat sarjasto signing\">\n\t\t\t\t\t<div class=\"event-date\"><div class=\"start-date\"><div class=\"event-weekday\">Sat<\/div><div class=\"event-day\">02<\/div><div class=\"event-month\">Dec<\/div><div class=\"event-year\">2017<\/div><\/div><\/div>\n\t\t\t\t\t<div class=\"event-info single-day\"><div class=\"event-title\"><h3>Sarjakuvakeidas \/ Comics Oasis<\/h3><\/div><span class=\"event-time\">11:00 - 18:30<\/span><span class=\"event-location\">Main library (Kaarlenv\u00e4yl\u00e4 3)<\/span><div class=\"event-details\"><p>Lue lis\u00e4\u00e4 Sarjakuvakeitaasta \/ <span style=\"color: #333399;\">Read more about Comics Oasis<\/span>:<\/p>\n<p><a href=\"http:\/\/www.oulucomics.com\/fest\/program-2017\/comics-oasis\/\">http:\/\/www.oulucomics.com\/fest\/program-2017\/comics-oasis\/<\/a><\/p>\n<\/div><\/div>\n\t\t\t\t<\/li>\n\t\t\t \t<li class=\"event festivaali fsat sarjasto signing\">\n\t\t\t\t\t<div class=\"event-date\"><div class=\"start-date\"><div class=\"event-weekday\">Sat<\/div><div class=\"event-day\">02<\/div><div class=\"event-month\">Dec<\/div><div class=\"event-year\">2017<\/div><\/div><\/div>\n\t\t\t\t\t<div class=\"event-info single-day\"><div class=\"event-title\"><h3>Julkkarit: Tohtori K:n katvealue<\/h3><\/div><span class=\"event-time\">12:30<\/span><span class=\"event-location\">Main library, Sarjasto (Kaarlenv\u00e4yl\u00e4 3, 3rd floor)<\/span><div class=\"event-details\"><p><img class=\"alignleft size-full wp-image-2956\" src=\"http:\/\/www.oulucomics.com\/wp-content\/uploads\/2017\/10\/fi.jpg\" alt=\"fi\" width=\"23\" height=\"20\" \/><\/p>\n<p>&nbsp;<\/p>\n<p><em>Tohtori K:n Katvealue (Pokuto, 2017)<\/em> saapuu painomusteen tuoksuisena painosta ilahduttamaan festivaalivieraiden lauantaita.<\/p>\n<p><strong><img class=\"alignright size-medium wp-image-3037\" src=\"http:\/\/www.oulucomics.com\/wp-content\/uploads\/2017\/11\/triK_kansi-300x212.jpg\" alt=\"triK_kansi\" width=\"300\" height=\"212\" \/>Tohtori K<\/strong> on yksi niist\u00e4 suurista mysteerioista, joita moderni rajatiede ei ole kyennyt viel\u00e4 ratkaisemaan. T\u00e4m\u00e4 harmaa eminenssi kommunikoi yleis\u00f6ns\u00e4 kanssa l\u00e4hes. yksinomaan karkeiden ja monasti el\u00e4m\u00e4n savipuoleen keskittyvien sarjakuvien v\u00e4lityksell\u00e4, aina vain uusia kysymyksi\u00e4 her\u00e4tt\u00e4en.<\/p>\n<p>Mik\u00e4li haluat v\u00e4en v\u00e4ng\u00e4ll\u00e4 v\u00e4\u00e4rist\u00e4\u00e4 kokemusmaailmaasi, pid\u00e4 huivista kiinni Irene ja tule kuuntelemaan lis\u00e4\u00e4 Tohtori K:n Katvealueesta.<\/p>\n<\/div><\/div>\n\t\t\t\t<\/li>\n\t\t\t \t<li class=\"event festivaali fsat sarjasto signing\">\n\t\t\t\t\t<div class=\"event-date\"><div class=\"start-date\"><div class=\"event-weekday\">Sat<\/div><div class=\"event-day\">02<\/div><div class=\"event-month\">Dec<\/div><div class=\"event-year\">2017<\/div><\/div><\/div>\n\t\t\t\t\t<div class=\"event-info single-day\"><div class=\"event-title\"><h3>Uutuus: Kersantti Napalmin juhlajulkaisu<\/h3><\/div><span class=\"event-time\">13:00<\/span><span class=\"event-location\">Main library, Sarjasto (Kaarlenv\u00e4yl\u00e4 3, 3rd floor)<\/span><div class=\"event-details\"><p><img class=\"alignleft size-full wp-image-2956\" src=\"http:\/\/www.oulucomics.com\/wp-content\/uploads\/2017\/10\/fi.jpg\" alt=\"fi\" width=\"23\" height=\"20\" \/><\/p>\n<p>&nbsp;<\/p>\n<p class=\"p1\"><img class=\"alignright size-medium wp-image-2957\" src=\"http:\/\/www.oulucomics.com\/wp-content\/uploads\/2017\/10\/napalm_25-211x300.jpg\" alt=\"napalm_25\" width=\"211\" height=\"300\" \/>Esittelyss\u00e4 juuri ennen festivaalia julkaistu <em>Kersantti Napalmin juhlajulkaisu (Musta Ritari, 2017)<\/em>. Teos sis\u00e4lt\u00e4\u00e4 52 sivua Suomen kovinta amerikkalaista supersankarisarjakuvaa! Kirjan kannen on tehnyt Anssi Rauhala, tarinoita on kuvittanut mm. Markus Tuppurainen, Katja Louhio, Henri Tervapuro, Rami Rautkorpi, Jussi Piironen, Kari Sihvonen, Timo Ronkainen, <strong>Mikael M\u00e4kinen<\/strong> ja Hannu Kesola.<\/p>\n<p class=\"p1\">Kersantti Napalmin faneja hellii my\u00f6s liuskalehden mallinen Kersantti Napalmin joulumanteli, jonka on piirt\u00e4nyt Katja Louhio. (Ei sis\u00e4ll\u00e4 aitoa mantelia)<\/p>\n<p class=\"p1\">Esittely\u00e4 johdattaa <strong>Vesa Vitikainen<\/strong>.<\/p>\n<p class=\"p1\"><a href=\"http:\/\/www.mustaritari.fi\" target=\"_blank\">www.mustaritari.fi<\/a><\/p>\n<\/div><\/div>\n\t\t\t\t<\/li>\n\t\t\t \t<li class=\"event festivaali fsat signing\">\n\t\t\t\t\t<div class=\"event-date\"><div class=\"start-date\"><div class=\"event-weekday\">Sat<\/div><div class=\"event-day\">02<\/div><div class=\"event-month\">Dec<\/div><div class=\"event-year\">2017<\/div><\/div><\/div>\n\t\t\t\t\t<div class=\"event-info single-day\"><div class=\"event-title\"><h3>Book release: Anssi Vieruaho &amp; Sami Nyyss\u00f6l\u00e4: 24 Days - A refugee&#039;s Journey<\/h3><\/div><span class=\"event-time\">13:15<\/span><span class=\"event-location\">Main library, main stage  (Kaarlenv\u00e4yl\u00e4 3)<\/span><div class=\"event-details\"><p><img class=\"size-full wp-image-2955 alignleft\" src=\"http:\/\/www.oulucomics.com\/wp-content\/uploads\/2017\/10\/en.jpg\" alt=\"en\" width=\"23\" height=\"20\" \/><\/p>\n<p>&nbsp;<\/p>\n<p><em><img class=\"alignright size-medium wp-image-2961\" src=\"http:\/\/www.oulucomics.com\/wp-content\/uploads\/2017\/10\/24_days_cover-238x300.jpg\" alt=\"24_days_cover\" width=\"238\" height=\"300\" \/><span style=\"color: #333399;\">24 Days - A refugee's Journey (Pokuto, 2017)<\/span><\/em><span style=\"color: #333399;\">\u00a0is a story about a 24-day journey from war-torn Iraq to refuge in Finland. It is a fusion of the personal accounts of several interviewed Iraqi refugees.<\/span><\/p>\n<p><span style=\"color: #333399;\">The destinies of these people are astonishing: broken families, wrecked careers, the last twists of a thousand-year-o<wbr \/>ld plotline. The stories capture life, death, hope and despair at their purest. However, there are sparks of love and laughter amidst all the darkness and uncertainty. 24 days \u2013 A Refugee\u2019s Journey is an eye-opening depiction of the world we live in today.<\/span><\/p>\n<p><span style=\"color: #333399;\">In an interview with the authors\u00a0<strong>Sami Nyyss\u00f6l\u00e4<\/strong> and\u00a0<strong>Anssi Vieruaho<\/strong>.<\/span><\/p>\n<\/div><\/div>\n\t\t\t\t<\/li>\n\t\t\t \t<li class=\"event festivaali fsat sarjasto signing\">\n\t\t\t\t\t<div class=\"event-date\"><div class=\"start-date\"><div class=\"event-weekday\">Sat<\/div><div class=\"event-day\">02<\/div><div class=\"event-month\">Dec<\/div><div class=\"event-year\">2017<\/div><\/div><\/div>\n\t\t\t\t\t<div class=\"event-info single-day\"><div class=\"event-title\"><h3>Juho Sihvonen: Bl\u00e4k\u00e4ri<\/h3><\/div><span class=\"event-time\">13:30<\/span><span class=\"event-location\">Main library, Sarjasto (Kaarlenv\u00e4yl\u00e4 3, 3rd floor)<\/span><div class=\"event-details\"><p><img class=\"alignleft size-full wp-image-2956\" src=\"http:\/\/www.oulucomics.com\/wp-content\/uploads\/2017\/10\/fi.jpg\" alt=\"fi\" width=\"23\" height=\"20\" \/><\/p>\n<p>&nbsp;<\/p>\n<p><strong><img class=\"size-medium wp-image-2976 alignright\" src=\"http:\/\/www.oulucomics.com\/wp-content\/uploads\/2017\/10\/blakari_sihvonen_kansi-211x300.jpg\" alt=\"blakari_sihvonen_kansi\" width=\"211\" height=\"300\" \/>Juho Sihvosen<\/strong><em> Bl\u00e4k\u00e4ri (Rocken Moll, 2017)<\/em> kertoo Jussi S\u00f6der nimisest\u00e4 karhusta ja h\u00e4nen matkastaan pehme\u00e4nsarjan mestariksi, sek\u00e4 h\u00e4nen alam\u00e4est\u00e4\u00e4n huipulta aina alennuslaariin asti.\u00a0Sihvonen on\u00a0hakenut vaikutteita sarjakuvaansa todellisista nyrkkeilyn t\u00e4hdist\u00e4, joista suurimpina esikuvina ovat olleet Rocky Marciano, Sonny Liston sek\u00e4 Jake LaMotta.<\/p>\n<p>&nbsp;<\/p>\n<\/div><\/div>\n\t\t\t\t<\/li>\n\t\t\t \t<li class=\"event festivaali fsat signing\">\n\t\t\t\t\t<div class=\"event-date\"><div class=\"start-date\"><div class=\"event-weekday\">Sat<\/div><div class=\"event-day\">02<\/div><div class=\"event-month\">Dec<\/div><div class=\"event-year\">2017<\/div><\/div><\/div>\n\t\t\t\t\t<div class=\"event-info single-day\"><div class=\"event-title\"><h3>Book release: Harri Filppa: Death Did Us Part \/ Julkkarit: Kuolema meid\u00e4t erotti<\/h3><\/div><span class=\"event-time\">13:45<\/span><span class=\"event-location\">Main library, main stage  (Kaarlenv\u00e4yl\u00e4 3)<\/span><div class=\"event-details\"><p><img class=\"size-full wp-image-2955\" src=\"http:\/\/www.oulucomics.com\/wp-content\/uploads\/2017\/10\/en.jpg\" alt=\"en\" width=\"23\" height=\"20\" \/><\/p>\n<p class=\"p1\"><img class=\"alignright size-medium wp-image-2959\" src=\"http:\/\/www.oulucomics.com\/wp-content\/uploads\/2017\/10\/death_did_us_part-211x300.jpg\" alt=\"death_did_us_part\" width=\"211\" height=\"300\" \/><span style=\"color: #333399;\">The world can change in a blink of an eye. Death creates a change and the finality of it is difficult to understand.<\/span><\/p>\n<p class=\"p1\"><span style=\"color: #333399;\"><em>Death Did Us Part (Pokuto, 2017)<\/em>, an autobiographica<wbr \/>l story by cartoonist\u00a0<strong>Harri Filppa<\/strong>, will be published at the festival.<\/span><\/p>\n<p class=\"p1\"><span style=\"color: #333399;\">Comic-book tells a story of a young widowed man. The story is about grief, happiness, rage and joy although in the end, this book is a survival story. The book is based on the artist\u2019s notes \u2013 writings, drawings and comics that were created during the grief process.<\/span><\/p>\n<p class=\"p1\"><span style=\"color: #333399;\">Filppa will be interviewed by <strong>Jyrki Korpua<\/strong>. The interview will be translated by <strong>Marja Sivonen<\/strong> who has also made the English translation for the book.<\/span><\/p>\n<p><img class=\"size-full wp-image-2956\" src=\"http:\/\/www.oulucomics.com\/wp-content\/uploads\/2017\/10\/fi.jpg\" alt=\"fi\" width=\"23\" height=\"20\" \/><\/p>\n<p>Maailma voi muuttua silm\u00e4nr\u00e4p\u00e4yksess\u00e4. Kuolema luo muutoksen, jonka lopullisuuden ymm\u00e4rt\u00e4minen on vaikeaa. Festivaalilla julkaistaan\u00a0<strong>Harri Filpan<\/strong>\u00a0tositapahtumiin perustuva\u00a0teos <em>Kuolema Meid\u00e4t Erotti (Pokuto, 2017)<\/em>.<\/p>\n<p>Teos kertoo leskimiehen tarinan ja mukaan mahtuu surua, iloa, raivoa ja riemua, mutta pohjimmiltaan kirja on kuitenkin selviytymistarina.\u00a0Teos on koostettu suruty\u00f6n aikana tekij\u00e4n tuottamista muistiinpanoista - kirjoituksista, piirroksista ja sarjakuvista.<\/p>\n<p class=\"p1\">Filppaa haastattelee <strong>Jyrki Korpua<\/strong> ja haastattelun\u00a0k\u00e4\u00e4nt\u00e4\u00e4 kirjan englanninkielisen k\u00e4\u00e4nn\u00f6ksen toteuttanut <strong>Marja Sivonen<\/strong>.<\/p>\n<\/div><\/div>\n\t\t\t\t<\/li><\/ul>\n\t\t\t\t<\/div>\n","protected":false},"excerpt":{"rendered":"<p>On Saturday November 2nd the Comics Oasis is open between 11am and 6:30pm and gives amazing opportunity to find all kinds of comic books from mainstream to alternative. There are also prints and other goodies on sale by different authors, companies a&#8230;<\/p>\n","protected":false},"author":1,"featured_media":0,"parent":2238,"menu_order":0,"comment_status":"closed","ping_status":"closed","template":"","meta":[],"categories":[],"tags":[],"_links":{"self":[{"href":"https:\/\/www.oulucomics.com\/en_US\/wp-json\/wp\/v2\/pages\/2369"}],"collection":[{"href":"https:\/\/www.oulucomics.com\/en_US\/wp-json\/wp\/v2\/pages"}],"about":[{"href":"https:\/\/www.oulucomics.com\/en_US\/wp-json\/wp\/v2\/types\/page"}],"author":[{"embeddable":true,"href":"https:\/\/www.oulucomics.com\/en_US\/wp-json\/wp\/v2\/users\/1"}],"replies":[{"embeddable":true,"href":"https:\/\/www.oulucomics.com\/en_US\/wp-json\/wp\/v2\/comments?post=2369"}],"version-history":[{"count":26,"href":"https:\/\/www.oulucomics.com\/en_US\/wp-json\/wp\/v2\/pages\/2369\/revisions"}],"predecessor-version":[{"id":3105,"href":"https:\/\/www.oulucomics.com\/en_US\/wp-json\/wp\/v2\/pages\/2369\/revisions\/3105"}],"up":[{"embeddable":true,"href":"https:\/\/www.oulucomics.com\/en_US\/wp-json\/wp\/v2\/pages\/2238"}],"wp:attachment":[{"href":"https:\/\/www.oulucomics.com\/en_US\/wp-json\/wp\/v2\/media?parent=2369"}],"wp:term":[{"taxonomy":"category","embeddable":true,"href":"https:\/\/www.oulucomics.com\/en_US\/wp-json\/wp\/v2\/categories?post=2369"},{"taxonomy":"post_tag","embeddable":true,"href":"https:\/\/www.oulucomics.com\/en_US\/wp-json\/wp\/v2\/tags?post=2369"}],"curies":[{"name":"wp","href":"https:\/\/api.w.org\/{rel}","templated":true}]}}