{"id":2106,"date":"2017-03-30T10:22:24","date_gmt":"2017-03-30T07:22:24","guid":{"rendered":"http:\/\/www.oulucomics.com\/?page_id=2106"},"modified":"2017-03-30T10:22:38","modified_gmt":"2017-03-30T07:22:38","slug":"kustantajia","status":"publish","type":"page","link":"https:\/\/www.oulucomics.com\/en_US\/more\/kustantajia\/","title":{"rendered":"Seudun sarjakuvakustantajia"},"content":{"rendered":"<p>Suomen pohjoisosissa toimii useita sarjakuvaa kustantaneita yrityksi\u00e4 ja yhteis\u00f6j\u00e4. Kaikkien paikallisten kustantamoiden teokset ovat saatavilla <a href=\"http:\/\/www.oulucomics.com\/keskus-uusi\/shop\/\">Oulun Sarjakuvakeskuksella, Turun Sarjakuvakaupan toimipisteess\u00e4<\/a>. T\u00e4ll\u00e4 sivulla niist\u00e4 lis\u00e4tietoa:<\/p>\n<h2>Asema Kustannus<\/h2>\n<p>Asema Kustannus on vuonna 2000 Helsingiss\u00e4 perustettu oululais-turkulainen sarjakuvakustantamo. P\u00e4\u00e4asiassa kotimaisiin tekij\u00f6ihin erikoistunut kustantamo on julkaissut 15-vuotisen taipaleensa aikana monien tekij\u00f6iden esikoisalbumeita sek\u00e4 useita merkitt\u00e4vi\u00e4 sarjakuvateoksia, mm. Puup\u00e4\u00e4hattu-palkittujen Ville Rannan (Kajaani) sek\u00e4 Terhi Ekebomin (Kummituslapsi) keskeiset teokset.<\/p>\n<p><a href=\"http:\/\/www.asemakustannus.com\/\" target=\"_blank\">http:\/\/www.asemakustannus.com\/<\/a><\/p>\n<h2>POKUTO &#8211; Pohjoinen kustannustoiminta<\/h2>\n<p>Pokuto on taiteilijayhteis\u00f6 jonka tarkoitus on tukea taiteilijoita sarjakuvan tuottamisessa ja julkaisemisessa.\u00a0He jakavat\u00a0osaamista, kontakteja ja muuta apua yhteiseksi eduksi.<\/p>\n<p><a href=\"https:\/\/pokuto.wordpress.com\/\" target=\"_blank\">https:\/\/pokuto.wordpress.com\/<\/a><\/p>\n<h2>Oulun Sarjakuvakeskus<\/h2>\n<p>Oulun Sarjakuvaseura ry julkaisee vuosittain sek\u00e4 suomen ett\u00e4 ulkomaankielisi\u00e4 julkaisuja.<\/p>\n<p><a href=\"http:\/\/www.oulucomics.com\/keskus-uusi\/seura\/julkaisut\/\">Tutustu seuran julkaisutoimintaan tarkemmin&#8230;<\/a><\/p>\n","protected":false},"excerpt":{"rendered":"<p>&#8230;<\/p>\n","protected":false},"author":1,"featured_media":0,"parent":96,"menu_order":0,"comment_status":"closed","ping_status":"closed","template":"","meta":[],"categories":[],"tags":[],"_links":{"self":[{"href":"https:\/\/www.oulucomics.com\/en_US\/wp-json\/wp\/v2\/pages\/2106"}],"collection":[{"href":"https:\/\/www.oulucomics.com\/en_US\/wp-json\/wp\/v2\/pages"}],"about":[{"href":"https:\/\/www.oulucomics.com\/en_US\/wp-json\/wp\/v2\/types\/page"}],"author":[{"embeddable":true,"href":"https:\/\/www.oulucomics.com\/en_US\/wp-json\/wp\/v2\/users\/1"}],"replies":[{"embeddable":true,"href":"https:\/\/www.oulucomics.com\/en_US\/wp-json\/wp\/v2\/comments?post=2106"}],"version-history":[{"count":2,"href":"https:\/\/www.oulucomics.com\/en_US\/wp-json\/wp\/v2\/pages\/2106\/revisions"}],"predecessor-version":[{"id":5848,"href":"https:\/\/www.oulucomics.com\/en_US\/wp-json\/wp\/v2\/pages\/2106\/revisions\/5848"}],"up":[{"embeddable":true,"href":"https:\/\/www.oulucomics.com\/en_US\/wp-json\/wp\/v2\/pages\/96"}],"wp:attachment":[{"href":"https:\/\/www.oulucomics.com\/en_US\/wp-json\/wp\/v2\/media?parent=2106"}],"wp:term":[{"taxonomy":"category","embeddable":true,"href":"https:\/\/www.oulucomics.com\/en_US\/wp-json\/wp\/v2\/categories?post=2106"},{"taxonomy":"post_tag","embeddable":true,"href":"https:\/\/www.oulucomics.com\/en_US\/wp-json\/wp\/v2\/tags?post=2106"}],"curies":[{"name":"wp","href":"https:\/\/api.w.org\/{rel}","templated":true}]}}