{"id":21,"date":"2016-08-10T08:15:02","date_gmt":"2016-08-10T05:15:02","guid":{"rendered":"http:\/\/www.oulucomics.com\/?page_id=21"},"modified":"2020-07-31T13:58:43","modified_gmt":"2020-07-31T10:58:43","slug":"osk","status":"publish","type":"page","link":"https:\/\/www.oulucomics.com\/en_US\/sarjasto\/osk\/","title":{"rendered":"Oulu Comics Center's library"},"content":{"rendered":"<p>Oulun Sarjakuvakeskuksen kirjasto sijaitsee Oulun Sarjakuvakeskuksella ja on osa Outi-kirjastoja. Verkkokirjastokokoelman lis\u00e4ksi keskuksella on my\u00f6s k\u00e4sikirjasto. Kokoelma keskittyy p\u00e4\u00e4s\u00e4\u00e4nt\u00f6isesti pienkustanteisiin ja harvinaisempiin teoksiin.<\/p>\n<p><strong>Oulun Sarjakuvakeskuksen kirjasto on toistaiseksi avoinna vain pyynn\u00f6st\u00e4. Kysy lis\u00e4tietoa kirjastoon p\u00e4\u00e4semist\u00e4 ja aineistoon tutustumisesta Oulun Sarjakuvakeskukselta.<\/strong><\/p>\n<p>Kirjaston kokoelmaan p\u00e4\u00e4set tutustumaan <a href=\"https:\/\/outi.finna.fi\/\" target=\"_blank\">Outi-kirjastojen<\/a> tietokannan v\u00e4lityksell\u00e4.\u00a0Verkkokirjaston v\u00e4lityksell\u00e4 voit varata teoksen haluamaasi noutopisteeseen.<\/p>\n<p>Muistathan, ett\u00e4 Oulun Sarjakuvakeskuksella et voi suorittaa kirjaston asiakkuuteen liittyvi\u00e4 toimintoja kuten esimerkiksi uusintoja, maksujen maksamista ja asiakastietojen p\u00e4ivitt\u00e4mist\u00e4. T\u00e4t\u00e4 varten suosittelemme asioimaan Oulun kaupunginkirjaston p\u00e4\u00e4kirjastolla\u00a0(Kaarlenv\u00e4yl\u00e4 3, Oulu) tai suorittamaan toimenpiteet Outi-kirjastojen verkkopalvelussa.<\/p>\n<p>Oulun Sarjakuvakeskuksen kirjasto toimii\u00a0yhteisty\u00f6ss\u00e4 Oulun kaupunginkirjaston ja Outi-kirjastojen kanssa.<\/p>\n<h3>K\u00e4sikirjasto<\/h3>\n<p>K\u00e4sikirjastostamme l\u00f6ytyy my\u00f6s tietokannan ulkopuolista materiaalia, kuten:<\/p>\n<ul>\n<li>Sarjakuvaa k\u00e4sittelevi\u00e4 tutkimuksia<\/li>\n<li>Ulkomaalaisia sarjakuvalehti\u00e4<\/li>\n<li>Kurssi- ja koulutusmateriaalia<\/li>\n<li>Sarjakuvalehti\u00e4<\/li>\n<\/ul>\n<p>Suomen sarjakuvaseuran Sarjainfo-lehden artikkelit ovat luettavissa my\u00f6s\u00a0<a href=\"http:\/\/sarjakuvaseura.fi\/fi\/sarjainfo\/arkisto\" target=\"_blank\">Sarjainfon arkistossa<\/a>.<\/p>\n<h3>Kokoelmaa kasvatetaan lahjoituksin<\/h3>\n<p>Kirjaston kokoelmaa kasvatetaan p\u00e4\u00e4s\u00e4\u00e4nt\u00f6isesti yksityishenkil\u00f6ilt\u00e4 ja kuolinpesilt\u00e4 ylim\u00e4\u00e4r\u00e4iseksi j\u00e4\u00e4neill\u00e4 lehdill\u00e4 ja kirjoilla. Otamme vastaan pienempi\u00e4 ja suurempia sarjakuva-aiheisia lahjoituksia.<\/p>\n<p style=\"color: #333333;\"><span style=\"color: #000000;\">Otamme vastaan vapaakappaleita sarjakuvista, sarjakuvaa k\u00e4sittelevist\u00e4 tutkimusjulkaisuista\u00a0ja muista aihetta k\u00e4sittelevist\u00e4 aineistoista\u00a0Oulun\u00a0Sarjakuvakeskuksen kirjastokokoelmaan. Vapaakappaleet voi l\u00e4hett\u00e4\u00e4 osoitteeseen:<\/span><\/p>\n<p style=\"color: #333333;\"><span style=\"color: #000000;\">Oulun Sarjakuvakeskus<\/span><br \/> <span style=\"color: #000000;\"> Sarjakuvakirjasto<\/span><br \/> <span style=\"color: #000000;\"> PL\u00a042<\/span><br \/> <span style=\"color: #000000;\"> 90015\u00a0Oulun kaupunki<\/span><\/p>\n<p style=\"color: #333333;\"><iframe loading=\"lazy\" src=\"https:\/\/www.youtube.com\/embed\/N2FC4Pjft2Q\" width=\"560\" height=\"315\" frameborder=\"0\" allowfullscreen=\"allowfullscreen\"><\/iframe><\/p>\n","protected":false},"excerpt":{"rendered":"<p>Oulun Sarjakuvakeskuksen kirjasto sijaitsee Oulun Sarjakuvakeskuksella ja on osa Outi-kirjastoja. Verkkokirjastokokoelman lis\u00e4ksi keskuksella on my\u00f6s k\u00e4sikirjasto. Kokoelma keskittyy p\u00e4\u00e4s\u00e4\u00e4nt\u00f6isesti pienkustanteisiin ja harvinaisempiin teoksiin.<\/...\n<\/p>\n","protected":false},"author":1,"featured_media":0,"parent":6,"menu_order":5,"comment_status":"closed","ping_status":"closed","template":"","meta":{"footnotes":""},"categories":[],"tags":[],"class_list":["post-21","page","type-page","status-publish","hentry"],"_links":{"self":[{"href":"https:\/\/www.oulucomics.com\/en_US\/wp-json\/wp\/v2\/pages\/21","targetHints":{"allow":["GET"]}}],"collection":[{"href":"https:\/\/www.oulucomics.com\/en_US\/wp-json\/wp\/v2\/pages"}],"about":[{"href":"https:\/\/www.oulucomics.com\/en_US\/wp-json\/wp\/v2\/types\/page"}],"author":[{"embeddable":true,"href":"https:\/\/www.oulucomics.com\/en_US\/wp-json\/wp\/v2\/users\/1"}],"replies":[{"embeddable":true,"href":"https:\/\/www.oulucomics.com\/en_US\/wp-json\/wp\/v2\/comments?post=21"}],"version-history":[{"count":31,"href":"https:\/\/www.oulucomics.com\/en_US\/wp-json\/wp\/v2\/pages\/21\/revisions"}],"predecessor-version":[{"id":4709,"href":"https:\/\/www.oulucomics.com\/en_US\/wp-json\/wp\/v2\/pages\/21\/revisions\/4709"}],"up":[{"embeddable":true,"href":"https:\/\/www.oulucomics.com\/en_US\/wp-json\/wp\/v2\/pages\/6"}],"wp:attachment":[{"href":"https:\/\/www.oulucomics.com\/en_US\/wp-json\/wp\/v2\/media?parent=21"}],"wp:term":[{"taxonomy":"category","embeddable":true,"href":"https:\/\/www.oulucomics.com\/en_US\/wp-json\/wp\/v2\/categories?post=21"},{"taxonomy":"post_tag","embeddable":true,"href":"https:\/\/www.oulucomics.com\/en_US\/wp-json\/wp\/v2\/tags?post=21"}],"curies":[{"name":"wp","href":"https:\/\/api.w.org\/{rel}","templated":true}]}}