{"id":1482,"date":"2016-11-17T09:49:39","date_gmt":"2016-11-17T07:49:39","guid":{"rendered":"http:\/\/www.oulucomics.com\/?page_id=1482"},"modified":"2025-02-27T16:23:09","modified_gmt":"2025-02-27T14:23:09","slug":"allevents","status":"publish","type":"page","link":"https:\/\/www.oulucomics.com\/en_US\/keskus\/allevents\/","title":{"rendered":"Events"},"content":{"rendered":"\n\t\t\t\t<div class=\"event-list\">\n\t\t\t\t<style type=\"text\/css\">\n\t\t\t\t\t.filterbar { display:table; width:100% }\n\t\t\t\t\t.filterbar > div { display:table-cell }\n\t\t\t\t<\/style>\n\t\t\t\t<!--[if lte IE 7]>\n\t\t\t\t<style>.filterbar > div { float:left }<\/style>\n\t\t\t\t<![endif]-->\n\t\t\t\t<div class=\"filterbar subsubsub\">\n\t\t\t\t\t<div style=\"text-align:left\"><ul class=\"hlist\"><li><a href=\"https:\/\/www.oulucomics.com\/en_US\/keskus\/allevents\/?date1=all\">All<\/a><\/li><li><strong>Upcoming<\/strong><\/li><li><a href=\"https:\/\/www.oulucomics.com\/en_US\/keskus\/allevents\/?date1=2014\">2014<\/a><\/li><li><a href=\"https:\/\/www.oulucomics.com\/en_US\/keskus\/allevents\/?date1=2015\">2015<\/a><\/li><li><a href=\"https:\/\/www.oulucomics.com\/en_US\/keskus\/allevents\/?date1=2016\">2016<\/a><\/li><li><a href=\"https:\/\/www.oulucomics.com\/en_US\/keskus\/allevents\/?date1=2017\">2017<\/a><\/li><li><a href=\"https:\/\/www.oulucomics.com\/en_US\/keskus\/allevents\/?date1=2018\">2018<\/a><\/li><li><a href=\"https:\/\/www.oulucomics.com\/en_US\/keskus\/allevents\/?date1=2019\">2019<\/a><\/li><li><a href=\"https:\/\/www.oulucomics.com\/en_US\/keskus\/allevents\/?date1=2020\">2020<\/a><\/li><li><a href=\"https:\/\/www.oulucomics.com\/en_US\/keskus\/allevents\/?date1=2021\">2021<\/a><\/li><li><a href=\"https:\/\/www.oulucomics.com\/en_US\/keskus\/allevents\/?date1=2022\">2022<\/a><\/li><li><a href=\"https:\/\/www.oulucomics.com\/en_US\/keskus\/allevents\/?date1=2023\">2023<\/a><\/li><li><a href=\"https:\/\/www.oulucomics.com\/en_US\/keskus\/allevents\/?date1=2024\">2024<\/a><\/li><li><a href=\"https:\/\/www.oulucomics.com\/en_US\/keskus\/allevents\/?date1=2025\">2025<\/a><\/li><li><a href=\"https:\/\/www.oulucomics.com\/en_US\/keskus\/allevents\/?date1=2026\">2026<\/a><\/li><\/ul>\n\t\t\t\t\t<\/div><\/div>\n\t\t\t\t<ul class=\"event-list-view\">\n\t\t\t \t<li class=\"event nayttelyt center sarjakuvagalleria\">\n\t\t\t\t\t<div class=\"event-date multi-date\"><div class=\"start-date\"><div class=\"event-weekday\">Tue<\/div><div class=\"event-day\">10<\/div><div class=\"event-month\">Mar<\/div><div class=\"event-year\">2026<\/div><\/div><div class=\"end-date\"><div class=\"event-weekday\">Wed<\/div><div class=\"event-day\">22<\/div><div class=\"event-month\">Apr<\/div><div class=\"event-year\">2026<\/div><\/div><\/div>\n\t\t\t\t\t<div class=\"event-info multi-day\"><div class=\"event-title\"><h3><a href=\"https:\/\/www.oulucomics.com\/en_US\/keskus\/allevents\/?event_id1=643\">Aapo Kukko: Punainen Beethoven -originaalin\u00e4yttely<\/a><\/h3><\/div><span class=\"event-location\">Sarjakuvagalleria! | Comics Gallery!, Hallituskatu 7, Oulu<\/span><div class=\"event-details\"><p><img class=\"alignright size-medium wp-image-7971\" src=\"https:\/\/www.oulucomics.com\/wp-content\/uploads\/2026\/02\/aapo_kukko-punainen_beethoven-212x300.jpg\" alt=\"\" width=\"212\" height=\"300\" \/>Neuvostoliiton kuuluisimman s\u00e4velt\u00e4j\u00e4n Dmitri \u0160ostakovit\u0161in (1906-1975) el\u00e4m\u00e4nvaiheisiin pohjautuva <strong>Aapo Kukon<\/strong> muhkea sarjakuvateos <em>Aapo Kukko: Punainen Beethoven - Sarjakuvasinfonia Dmitri \u0160ostakovit\u0161in el\u00e4m\u00e4st\u00e4 (Zum Teufel, 2026)<\/em>\u00a0on vuosikymmeni\u00e4 kattava kuvaus taiteilijasta, h\u00e4nen ajastaan ja aikalaisistaan. S\u00e4velt\u00e4j\u00e4n uralle mahtui niin kansainv\u00e4list\u00e4 nousukiitoa kuin hengenvaarallista alhoa: keski\u00f6\u00f6n nousee etenkin \u0160ostakovit\u0161in ja Stalinin kiikker\u00e4 suhde, joka ei tunnu p\u00e4\u00e4ttyv\u00e4n edes toisen kuolemaan. Sivuhenkil\u00f6in\u00e4 matkan varrella n\u00e4hd\u00e4\u00e4n mm. Vsevolod Meyerhold, Zinaida Reich sek\u00e4 Anna Ahmatova.<\/p>\n<p>N\u00e4yttelyn avajaiset ja kirjan julkistamistilaisuus Oulun Sarjakuvakeskuksella tiistaina 10.3. klo 17-. Tervetuloa!<\/p>\n<p>Aapo Kukko (s. 1991) on kemil\u00e4isl\u00e4ht\u00f6inen mutta ajan saatossa oululaistunut sarjakuvantekij\u00e4, kuvittaja ja k\u00e4sikirjoittaja. Vuodesta 2008 l\u00e4htien sarjakuvia julkaisseen Kukon tuotannossa Punainen Beethoven on h\u00e4nen laajamittaisin teoksensa.<\/p>\n<\/div><\/div>\n\t\t\t\t<\/li>\n\t\t\t \t<li class=\"event sarjasto\">\n\t\t\t\t\t<div class=\"event-date multi-date\"><div class=\"start-date\"><div class=\"event-weekday\">Fri<\/div><div class=\"event-day\">10<\/div><div class=\"event-month\">Apr<\/div><div class=\"event-year\">2026<\/div><\/div><div class=\"end-date\"><div class=\"event-weekday\">Tue<\/div><div class=\"event-day\">09<\/div><div class=\"event-month\">Jun<\/div><div class=\"event-year\">2026<\/div><\/div><\/div>\n\t\t\t\t\t<div class=\"event-info multi-day\"><div class=\"event-title\"><h3><a href=\"https:\/\/www.oulucomics.com\/en_US\/keskus\/allevents\/?event_id1=642\">Roope Eronen - Kalmakumpu -n\u00e4yttely<\/a><\/h3><\/div><span class=\"event-location\">Keskustakirjasto Saari, Sarjasto, Kaarlenv\u00e4yl\u00e4 3, Oulu<\/span><div class=\"event-details\"><p><em><img class=\"aligncenter size-full wp-image-7970\" src=\"https:\/\/www.oulucomics.com\/wp-content\/uploads\/2026\/02\/Roope-eronen-kalmakumpu-netti.jpg\" alt=\"\" width=\"1080\" height=\"648\" \/>Kalmakumpu<\/em> on <strong>Roope Erosen<\/strong> kokeellinen lastensarjakuva lumotusta lemmikkiel\u00e4inten hautausmaasta ja sen asukkaista.<\/p>\n<p>Sarjakuvan hahmot perustuvat suurimmalta osin lukijoiden ehdotuksiin. Kalmakumpu ilmestyy kahdesti vuodessa. Sen ensimm\u00e4inen osa julkaistiin syksyll\u00e4 2025.<\/p>\n<p>Kalmakummun tavoitteena on syvent\u00e4\u00e4 lasten suhdetta sarjakuvaan siin\u00e4 k\u00e4ytetyn laajan tunnespektrin avulla. Teos pyrkii kehitt\u00e4m\u00e4\u00e4n lukijoiden empatiaa sek\u00e4 vahvistamaan lapsen asemaa lukijana. Teoksessa luotetaan lapsen kykyyn k\u00e4sitell\u00e4 my\u00f6s vakavia asioita luetun kautta. Kalmakummussa k\u00e4sitell\u00e4\u00e4n kuoleman eri ulottuvuuksia turvallisessa ja lempe\u00e4ss\u00e4 ymp\u00e4rist\u00f6ss\u00e4.<\/p>\n<p>N\u00e4yttely esittelee sarjakuvan hahmoja ja tunnelmia. Se juhlistaa toisen Kalmakumpu-albumin ilmestymist\u00e4.<\/p>\n<p><a href=\"http:\/\/www.kalmakumpu.fi\/\" target=\"_blank\" rel=\"noopener noreferrer\">www.kalmakumpu.fi<\/a><\/p>\n<\/div><\/div>\n\t\t\t\t<\/li>\n\t\t\t \t<li class=\"event nayttelyt center sarjakuvagalleria\">\n\t\t\t\t\t<div class=\"event-date multi-date\"><div class=\"start-date\"><div class=\"event-weekday\">Sat<\/div><div class=\"event-day\">25<\/div><div class=\"event-month\">Apr<\/div><div class=\"event-year\">2026<\/div><\/div><div class=\"end-date\"><div class=\"event-weekday\">Thu<\/div><div class=\"event-day\">04<\/div><div class=\"event-month\">Jun<\/div><div class=\"event-year\">2026<\/div><\/div><\/div>\n\t\t\t\t\t<div class=\"event-info multi-day\"><div class=\"event-title\"><h3><a href=\"https:\/\/www.oulucomics.com\/en_US\/keskus\/allevents\/?event_id1=655\">Esa Holopainen: Jere Kostamus ja Big Niitty -sarjakuvan\u00e4yttely<\/a><\/h3><\/div><span class=\"event-location\">Sarjakuvagalleria! | Comics Gallery!, Hallituskatu 7, Oulu<\/span><div class=\"event-details\"><p><strong><img class=\"alignright size-medium wp-image-7974\" src=\"https:\/\/www.oulucomics.com\/wp-content\/uploads\/2026\/03\/bigniittykansi-211x300.jpg\" alt=\"\" width=\"211\" height=\"300\" \/>Esa Holopaisen<\/strong> teoksessa <em>Jere Kostamus ja Big Niitty<\/em> (Musta Ritari, 2024) Komisario Jere Kostamuksen tutkimukset jatkuvat. Pellot niityt, purot ja suot voivat peitt\u00e4\u00e4 alleen salaisuuksia. Mutta voivatko ne piilottaa murhaajan? Kun Markkulan metsist\u00e4 l\u00f6ytyy vainaja, kutsutaan tapausta selvitt\u00e4m\u00e4\u00e4n komisario Jere Kostamus, apunaan etsiv\u00e4 V\u00e4h\u00e4m\u00e4ki. Jere Kostamus -sarja sis\u00e4lt\u00e4\u00e4 sarkastisen leppoisaa huumoria, vaarallisia tilanteita ja kauniita maisemia.<\/p>\n<\/div><\/div>\n\t\t\t\t<\/li>\n\t\t\t \t<li class=\"event seura\">\n\t\t\t\t\t<div class=\"event-date\"><div class=\"end-date\"><div class=\"event-weekday\">Thu<\/div><div class=\"event-day\">07<\/div><div class=\"event-month\">May<\/div><div class=\"event-year\">2026<\/div><\/div><\/div>\n\t\t\t\t\t<div class=\"event-info multi-day\"><div class=\"event-title\"><h3><a href=\"https:\/\/www.oulucomics.com\/en_US\/keskus\/allevents\/?event_id1=647\">Oulun Sarjakuvatapaaminen<\/a><\/h3><\/div><span class=\"event-time\">19.00 -<\/span><span class=\"event-location\">Snooker Time, Asemakatu 28, Oulu<\/span><div class=\"event-details\"><p><img class=\"alignright wp-image-7698\" src=\"https:\/\/www.oulucomics.com\/wp-content\/uploads\/2025\/03\/drinkndraw_oulu-150x150.jpeg\" alt=\"\" width=\"100\" height=\"100\" \/>Oulun sarjakuvatapaamiset j\u00e4rjestet\u00e4\u00e4n kuun ensimm\u00e4isen\u00e4 torstaina. Sarjakuvan yst\u00e4v\u00e4t kohtaavat toisensa vapaamuotoisessa ja leppoisassa kokoontumisessa tarinoiden kaikesta maailman ja maailmankaikkeuden v\u00e4lilt\u00e4. Tervetuloa! Ja kutsukaa mukaan tututkin. K18<\/p>\n<p>Valitettavasti tapahtumapaikka ei ole esteet\u00f6n. Paikassa on portaita, eik\u00e4 hissi\u00e4 ole saatavilla.<\/p>\n<\/div><\/div>\n\t\t\t\t<\/li>\n\t\t\t \t<li class=\"event sarjasto\">\n\t\t\t\t\t<div class=\"event-date\"><div class=\"end-date\"><div class=\"event-weekday\">Mon<\/div><div class=\"event-day\">11<\/div><div class=\"event-month\">May<\/div><div class=\"event-year\">2026<\/div><\/div><\/div>\n\t\t\t\t\t<div class=\"event-info multi-day\"><div class=\"event-title\"><h3><a href=\"https:\/\/www.oulucomics.com\/en_US\/keskus\/allevents\/?event_id1=658\">Kirjanesittelytilaisuus. Aapo Kukko: Punainen Beethoven<\/a><\/h3><\/div><span class=\"event-time\">18.00-<\/span><span class=\"event-location\">Keskustakirjasto Saari, Kaarlenv\u00e4yl\u00e4 3, Oulu<\/span><div class=\"event-details\"><div class=\"x14z9mp xat24cr x1lziwak x1vvkbs xtlvy1s\"><img class=\"aligncenter wp-image-7783 size-full\" src=\"https:\/\/www.oulucomics.com\/wp-content\/uploads\/2025\/05\/Punainen-Beethoven.png\" alt=\"\" width=\"1024\" height=\"576\" \/>Neuvostoliiton kuuluisimman s\u00e4velt\u00e4j\u00e4n Dmitri \u0160ostakovit\u0161in (1906 - 1975) el\u00e4m\u00e4nvaiheisiin pohjautuva <em>Punainen Beethoven<\/em>\u00a0(Zum Teufel 2026) on l\u00e4hes 450-sivuinen sarjakuvateos, joka pit\u00e4\u00e4 sis\u00e4ll\u00e4\u00e4n vuosikymmeni\u00e4 kattavan kuvauksen taiteilijasta, h\u00e4nen ajastaan ja aikalaisistaan.<\/div>\n<div><\/div>\n<div class=\"x14z9mp xat24cr x1lziwak x1vvkbs xtlvy1s\">S\u00e4velt\u00e4j\u00e4n uralle mahtui niin kansainv\u00e4list\u00e4 nousukiitoa kuin hengenvaarallista alhoa: keski\u00f6\u00f6n nousee etenkin \u0160ostakovit\u0161in ja Stalinin kiikker\u00e4 suhde, joka ei tunnu p\u00e4\u00e4ttyv\u00e4n edes toisen kuolemaan. Sivuhenkil\u00f6in\u00e4 matkan varrella n\u00e4hd\u00e4\u00e4n mm. teatteriohjaaja Vsevolod Meyerhold, n\u00e4yttelij\u00e4 Zinaida Reich sek\u00e4 runoilija Anna Ahmatova. Kirjan lopussa on musiikkitoimittaja Jaani L\u00e4nsi\u00f6n kirjoittama essee \u0160ostakovit\u0161ista.<\/div>\n<div><\/div>\n<div class=\"x14z9mp xat24cr x1lziwak x1vvkbs xtlvy1s\"><strong>Aapo Kukko<\/strong> (s. 1991) on kemil\u00e4isl\u00e4ht\u00f6inen mutta ajan saatossa oululaistunut sarjakuvantekij\u00e4, kuvittaja ja k\u00e4sikirjoittaja. Vuodesta 2008 l\u00e4htien toistakymment\u00e4 teosta julkaisseen Kukon tuotannossa Punainen Beethoven on h\u00e4nen laajamittaisin teoksensa. Aikaisemmin h\u00e4n on tehnyt mm. pasifisti Yrj\u00f6 Kallisen el\u00e4m\u00e4nvaiheita k\u00e4sittelev\u00e4n sarjakuvateoksen Puhumalla paras (Zum Teufel\/Verttigo 2023).<\/div>\n<div><\/div>\n<div class=\"x14z9mp xat24cr x1lziwak x1vvkbs xtlvy1s\">Vierailullaan Kukko kertoo teoksensa yli vuosikymmenen kest\u00e4neest\u00e4 luomisprosessista, \u0160ostakovit\u0161in s\u00e4veltaiteen merkityksest\u00e4 sek\u00e4 yleisesti taiteen ja vallan suhteista Neuvostoliitossa ja muuallakin.<\/div>\n<div><\/div>\n<div class=\"x14z9mp xat24cr x1lziwak x1vvkbs xtlvy1s\">Tilaisuus on kaikille avoin, l\u00e4mpim\u00e4sti tervetuloa! Tapahtuma j\u00e4rjestet\u00e4\u00e4n yhteisty\u00f6ss\u00e4 Oulun kaupunginkirjaston kanssa.<\/div>\n<\/div><\/div>\n\t\t\t\t<\/li>\n\t\t\t \t<li class=\"event seura\">\n\t\t\t\t\t<div class=\"event-date\"><div class=\"end-date\"><div class=\"event-weekday\">Thu<\/div><div class=\"event-day\">04<\/div><div class=\"event-month\">Jun<\/div><div class=\"event-year\">2026<\/div><\/div><\/div>\n\t\t\t\t\t<div class=\"event-info multi-day\"><div class=\"event-title\"><h3><a href=\"https:\/\/www.oulucomics.com\/en_US\/keskus\/allevents\/?event_id1=653\">Oulun Sarjakuvatapaaminen<\/a><\/h3><\/div><span class=\"event-time\">19.00 -<\/span><span class=\"event-location\">Snooker Time, Asemakatu 28, Oulu<\/span><div class=\"event-details\"><p><img class=\"alignright wp-image-7698\" src=\"https:\/\/www.oulucomics.com\/wp-content\/uploads\/2025\/03\/drinkndraw_oulu-150x150.jpeg\" alt=\"\" width=\"100\" height=\"100\" \/>Oulun sarjakuvatapaamiset j\u00e4rjestet\u00e4\u00e4n kuun ensimm\u00e4isen\u00e4 torstaina. Sarjakuvan yst\u00e4v\u00e4t kohtaavat toisensa vapaamuotoisessa ja leppoisassa kokoontumisessa tarinoiden kaikesta maailman ja maailmankaikkeuden v\u00e4lilt\u00e4. Tervetuloa! Ja kutsukaa mukaan tututkin. K18<\/p>\n<p>Valitettavasti tapahtumapaikka ei ole esteet\u00f6n. Paikassa on portaita, eik\u00e4 hissi\u00e4 ole saatavilla.<\/p>\n<\/div><\/div>\n\t\t\t\t<\/li>\n\t\t\t \t<li class=\"event nayttelyt center sarjakuvagalleria\">\n\t\t\t\t\t<div class=\"event-date multi-date\"><div class=\"start-date\"><div class=\"event-weekday\">Sat<\/div><div class=\"event-day\">06<\/div><div class=\"event-month\">Jun<\/div><div class=\"event-year\">2026<\/div><\/div><div class=\"end-date\"><div class=\"event-weekday\">Wed<\/div><div class=\"event-day\">29<\/div><div class=\"event-month\">Jul<\/div><div class=\"event-year\">2026<\/div><\/div><\/div>\n\t\t\t\t\t<div class=\"event-info multi-day\"><div class=\"event-title\"><h3><a href=\"https:\/\/www.oulucomics.com\/en_US\/keskus\/allevents\/?event_id1=656\">Lauri M\u00e4kimurto: Sarjakuvaoriginaaleja<\/a><\/h3><\/div><span class=\"event-location\">Sarjakuvagalleria! | Comics Gallery!, Hallituskatu 7, Oulu<\/span><div class=\"event-details\"><p>N\u00e4yttelynavajaiset 6.6.2026<\/p>\n<p>Lis\u00e4tietoa luvassa my\u00f6hemmin...<\/p>\n<\/div><\/div>\n\t\t\t\t<\/li>\n\t\t\t \t<li class=\"event seura\">\n\t\t\t\t\t<div class=\"event-date\"><div class=\"end-date\"><div class=\"event-weekday\">Thu<\/div><div class=\"event-day\">02<\/div><div class=\"event-month\">Jul<\/div><div class=\"event-year\">2026<\/div><\/div><\/div>\n\t\t\t\t\t<div class=\"event-info multi-day\"><div class=\"event-title\"><h3><a href=\"https:\/\/www.oulucomics.com\/en_US\/keskus\/allevents\/?event_id1=648\">Oulun Sarjakuvatapaaminen<\/a><\/h3><\/div><span class=\"event-time\">19.00 -<\/span><span class=\"event-location\">Snooker Time, Asemakatu 28, Oulu<\/span><div class=\"event-details\"><p><img class=\"alignright wp-image-7698\" src=\"https:\/\/www.oulucomics.com\/wp-content\/uploads\/2025\/03\/drinkndraw_oulu-150x150.jpeg\" alt=\"\" width=\"100\" height=\"100\" \/>Oulun sarjakuvatapaamiset j\u00e4rjestet\u00e4\u00e4n kuun ensimm\u00e4isen\u00e4 torstaina. Sarjakuvan yst\u00e4v\u00e4t kohtaavat toisensa vapaamuotoisessa ja leppoisassa kokoontumisessa tarinoiden kaikesta maailman ja maailmankaikkeuden v\u00e4lilt\u00e4. Tervetuloa! Ja kutsukaa mukaan tututkin. K18<\/p>\n<p>Valitettavasti tapahtumapaikka ei ole esteet\u00f6n. Paikassa on portaita, eik\u00e4 hissi\u00e4 ole saatavilla.<\/p>\n<\/div><\/div>\n\t\t\t\t<\/li>\n\t\t\t \t<li class=\"event nayttelyt center sarjakuvagalleria\">\n\t\t\t\t\t<div class=\"event-date multi-date\"><div class=\"start-date\"><div class=\"event-weekday\">Sat<\/div><div class=\"event-day\">01<\/div><div class=\"event-month\">Aug<\/div><div class=\"event-year\">2026<\/div><\/div><div class=\"end-date\"><div class=\"event-weekday\">Tue<\/div><div class=\"event-day\">06<\/div><div class=\"event-month\">Oct<\/div><div class=\"event-year\">2026<\/div><\/div><\/div>\n\t\t\t\t\t<div class=\"event-info multi-day\"><div class=\"event-title\"><h3><a href=\"https:\/\/www.oulucomics.com\/en_US\/keskus\/allevents\/?event_id1=657\">Taneli Kemppi: Kerrosten v\u00e4list\u00e4 -sarjakuvaoriginaalin\u00e4yttely<\/a><\/h3><\/div><span class=\"event-location\">Sarjakuvagalleria! | Comics Gallery!, Hallituskatu 7, Oulu<\/span><div class=\"event-details\"><p><strong><img class=\"alignright size-medium wp-image-7853\" src=\"https:\/\/www.oulucomics.com\/wp-content\/uploads\/2025\/09\/Taneli_Kemppi_Kerrosten_va\u0308lista\u0308-209x300.jpg\" alt=\"\" width=\"209\" height=\"300\" \/>Taneli Kempin<\/strong> <em>Kerrosten v\u00e4list\u00e4<\/em> (Zum Teufel, 2025) on omael\u00e4m\u00e4kerrallinen teos laihdutuskulttuurin haitoista ja herk\u00e4st\u00e4 lapsen ja aikuisen mielest\u00e4. Se raottaa kerroksia, joihin lapsena opitut ja havaitut asenteet j\u00e4\u00e4v\u00e4t asumaan, ja miten ne alkavat ottamaan yh\u00e4 enemm\u00e4n tilaa nuoren aikuisen el\u00e4m\u00e4ss\u00e4.<\/p>\n<p>Kerrosten v\u00e4list\u00e4 on armoton ja viisas kirja, jota ei voi laskea k\u00e4sist\u00e4\u00e4n. Ironia, henkil\u00f6kohtaisuus ja vilpitt\u00f6myys kietoutuvat yhteiskuntakriittiseksi tarinaksi lihavuudesta, joka kulkee kolmannen luokan painok\u00e4yrist\u00e4 kohti paljon peloteltua aikaista hautaa. Vai voisiko sen sittenkin v\u00e4ltt\u00e4\u00e4, jos maailma vain vihaisi lihavia ihmisi\u00e4 v\u00e4hemm\u00e4n?<\/p>\n<p>Taneli Kemppi (s. 1994) on Tampereella asuva monitaiteilija. Kemppi on pit\u00e4nyt sarjakuvablogia ja julkaissut omakustanteisia sarjakuvapienlehti\u00e4 alan tapahtumissa. Kemppi on ollut my\u00f6s mukana Rikkin\u00e4isen mielen kuvat -antologiassa. Kerrosten v\u00e4list\u00e4 on h\u00e4nen ensimm\u00e4inen sarjakuvaromaaninsa.<\/p>\n<\/div><\/div>\n\t\t\t\t<\/li>\n\t\t\t \t<li class=\"event seura\">\n\t\t\t\t\t<div class=\"event-date\"><div class=\"end-date\"><div class=\"event-weekday\">Thu<\/div><div class=\"event-day\">06<\/div><div class=\"event-month\">Aug<\/div><div class=\"event-year\">2026<\/div><\/div><\/div>\n\t\t\t\t\t<div class=\"event-info multi-day\"><div class=\"event-title\"><h3><a href=\"https:\/\/www.oulucomics.com\/en_US\/keskus\/allevents\/?event_id1=654\">Oulun Sarjakuvatapaaminen<\/a><\/h3><\/div><span class=\"event-time\">19.00 -<\/span><span class=\"event-location\">Snooker Time, Asemakatu 28, Oulu<\/span><div class=\"event-details\"><p><img class=\"alignright wp-image-7698\" src=\"https:\/\/www.oulucomics.com\/wp-content\/uploads\/2025\/03\/drinkndraw_oulu-150x150.jpeg\" alt=\"\" width=\"100\" height=\"100\" \/>Oulun sarjakuvatapaamiset j\u00e4rjestet\u00e4\u00e4n kuun ensimm\u00e4isen\u00e4 torstaina. Sarjakuvan yst\u00e4v\u00e4t kohtaavat toisensa vapaamuotoisessa ja leppoisassa kokoontumisessa tarinoiden kaikesta maailman ja maailmankaikkeuden v\u00e4lilt\u00e4. Tervetuloa! Ja kutsukaa mukaan tututkin. K18<\/p>\n<p>Valitettavasti tapahtumapaikka ei ole esteet\u00f6n. Paikassa on portaita, eik\u00e4 hissi\u00e4 ole saatavilla.<\/p>\n<\/div><\/div>\n\t\t\t\t<\/li>\n\t\t\t \t<li class=\"event seura\">\n\t\t\t\t\t<div class=\"event-date\"><div class=\"end-date\"><div class=\"event-weekday\">Thu<\/div><div class=\"event-day\">03<\/div><div class=\"event-month\">Sep<\/div><div class=\"event-year\">2026<\/div><\/div><\/div>\n\t\t\t\t\t<div class=\"event-info multi-day\"><div class=\"event-title\"><h3><a href=\"https:\/\/www.oulucomics.com\/en_US\/keskus\/allevents\/?event_id1=649\">Oulun Sarjakuvatapaaminen<\/a><\/h3><\/div><span class=\"event-time\">19.00 -<\/span><span class=\"event-location\">Snooker Time, Asemakatu 28, Oulu<\/span><div class=\"event-details\"><p><img class=\"alignright wp-image-7698\" src=\"https:\/\/www.oulucomics.com\/wp-content\/uploads\/2025\/03\/drinkndraw_oulu-150x150.jpeg\" alt=\"\" width=\"100\" height=\"100\" \/>Oulun sarjakuvatapaamiset j\u00e4rjestet\u00e4\u00e4n kuun ensimm\u00e4isen\u00e4 torstaina. Sarjakuvan yst\u00e4v\u00e4t kohtaavat toisensa vapaamuotoisessa ja leppoisassa kokoontumisessa tarinoiden kaikesta maailman ja maailmankaikkeuden v\u00e4lilt\u00e4. Tervetuloa! Ja kutsukaa mukaan tututkin. K18<\/p>\n<p>Valitettavasti tapahtumapaikka ei ole esteet\u00f6n. Paikassa on portaita, eik\u00e4 hissi\u00e4 ole saatavilla.<\/p>\n<\/div><\/div>\n\t\t\t\t<\/li>\n\t\t\t \t<li class=\"event seura\">\n\t\t\t\t\t<div class=\"event-date\"><div class=\"end-date\"><div class=\"event-weekday\">Thu<\/div><div class=\"event-day\">01<\/div><div class=\"event-month\">Oct<\/div><div class=\"event-year\">2026<\/div><\/div><\/div>\n\t\t\t\t\t<div class=\"event-info multi-day\"><div class=\"event-title\"><h3><a href=\"https:\/\/www.oulucomics.com\/en_US\/keskus\/allevents\/?event_id1=650\">Oulun Sarjakuvatapaaminen<\/a><\/h3><\/div><span class=\"event-time\">19.00 -<\/span><span class=\"event-location\">Snooker Time, Asemakatu 28, Oulu<\/span><div class=\"event-details\"><p><img class=\"alignright wp-image-7698\" src=\"https:\/\/www.oulucomics.com\/wp-content\/uploads\/2025\/03\/drinkndraw_oulu-150x150.jpeg\" alt=\"\" width=\"100\" height=\"100\" \/>Oulun sarjakuvatapaamiset j\u00e4rjestet\u00e4\u00e4n kuun ensimm\u00e4isen\u00e4 torstaina. Sarjakuvan yst\u00e4v\u00e4t kohtaavat toisensa vapaamuotoisessa ja leppoisassa kokoontumisessa tarinoiden kaikesta maailman ja maailmankaikkeuden v\u00e4lilt\u00e4. Tervetuloa! Ja kutsukaa mukaan tututkin. K18<\/p>\n<p>Valitettavasti tapahtumapaikka ei ole esteet\u00f6n. Paikassa on portaita, eik\u00e4 hissi\u00e4 ole saatavilla.<\/p>\n<\/div><\/div>\n\t\t\t\t<\/li>\n\t\t\t \t<li class=\"event seura\">\n\t\t\t\t\t<div class=\"event-date\"><div class=\"end-date\"><div class=\"event-weekday\">Thu<\/div><div class=\"event-day\">05<\/div><div class=\"event-month\">Nov<\/div><div class=\"event-year\">2026<\/div><\/div><\/div>\n\t\t\t\t\t<div class=\"event-info multi-day\"><div class=\"event-title\"><h3><a href=\"https:\/\/www.oulucomics.com\/en_US\/keskus\/allevents\/?event_id1=651\">Oulun Sarjakuvatapaaminen<\/a><\/h3><\/div><span class=\"event-time\">19.00 -<\/span><span class=\"event-location\">Snooker Time, Asemakatu 28, Oulu<\/span><div class=\"event-details\"><p><img class=\"alignright wp-image-7698\" src=\"https:\/\/www.oulucomics.com\/wp-content\/uploads\/2025\/03\/drinkndraw_oulu-150x150.jpeg\" alt=\"\" width=\"100\" height=\"100\" \/>Oulun sarjakuvatapaamiset j\u00e4rjestet\u00e4\u00e4n kuun ensimm\u00e4isen\u00e4 torstaina. Sarjakuvan yst\u00e4v\u00e4t kohtaavat toisensa vapaamuotoisessa ja leppoisassa kokoontumisessa tarinoiden kaikesta maailman ja maailmankaikkeuden v\u00e4lilt\u00e4. Tervetuloa! Ja kutsukaa mukaan tututkin. K18<\/p>\n<p>Valitettavasti tapahtumapaikka ei ole esteet\u00f6n. Paikassa on portaita, eik\u00e4 hissi\u00e4 ole saatavilla.<\/p>\n<\/div><\/div>\n\t\t\t\t<\/li>\n\t\t\t \t<li class=\"event seura\">\n\t\t\t\t\t<div class=\"event-date\"><div class=\"end-date\"><div class=\"event-weekday\">Thu<\/div><div class=\"event-day\">03<\/div><div class=\"event-month\">Dec<\/div><div class=\"event-year\">2026<\/div><\/div><\/div>\n\t\t\t\t\t<div class=\"event-info multi-day\"><div class=\"event-title\"><h3><a href=\"https:\/\/www.oulucomics.com\/en_US\/keskus\/allevents\/?event_id1=652\">Oulun Sarjakuvatapaaminen<\/a><\/h3><\/div><span class=\"event-time\">19.00 -<\/span><span class=\"event-location\">Snooker Time, Asemakatu 28, Oulu<\/span><div class=\"event-details\"><p><img class=\"alignright wp-image-7698\" src=\"https:\/\/www.oulucomics.com\/wp-content\/uploads\/2025\/03\/drinkndraw_oulu-150x150.jpeg\" alt=\"\" width=\"100\" height=\"100\" \/>Oulun sarjakuvatapaamiset j\u00e4rjestet\u00e4\u00e4n kuun ensimm\u00e4isen\u00e4 torstaina. Sarjakuvan yst\u00e4v\u00e4t kohtaavat toisensa vapaamuotoisessa ja leppoisassa kokoontumisessa tarinoiden kaikesta maailman ja maailmankaikkeuden v\u00e4lilt\u00e4. Tervetuloa! Ja kutsukaa mukaan tututkin. K18<\/p>\n<p>Valitettavasti tapahtumapaikka ei ole esteet\u00f6n. Paikassa on portaita, eik\u00e4 hissi\u00e4 ole saatavilla.<\/p>\n<\/div><\/div>\n\t\t\t\t<\/li><\/ul>\n\t\t\t\t<\/div>\n","protected":false},"excerpt":{"rendered":"<p>[event-list]&#8230;<\/p>\n","protected":false},"author":1,"featured_media":0,"parent":4,"menu_order":0,"comment_status":"closed","ping_status":"closed","template":"","meta":[],"categories":[],"tags":[],"_links":{"self":[{"href":"https:\/\/www.oulucomics.com\/en_US\/wp-json\/wp\/v2\/pages\/1482"}],"collection":[{"href":"https:\/\/www.oulucomics.com\/en_US\/wp-json\/wp\/v2\/pages"}],"about":[{"href":"https:\/\/www.oulucomics.com\/en_US\/wp-json\/wp\/v2\/types\/page"}],"author":[{"embeddable":true,"href":"https:\/\/www.oulucomics.com\/en_US\/wp-json\/wp\/v2\/users\/1"}],"replies":[{"embeddable":true,"href":"https:\/\/www.oulucomics.com\/en_US\/wp-json\/wp\/v2\/comments?post=1482"}],"version-history":[{"count":8,"href":"https:\/\/www.oulucomics.com\/en_US\/wp-json\/wp\/v2\/pages\/1482\/revisions"}],"predecessor-version":[{"id":7483,"href":"https:\/\/www.oulucomics.com\/en_US\/wp-json\/wp\/v2\/pages\/1482\/revisions\/7483"}],"up":[{"embeddable":true,"href":"https:\/\/www.oulucomics.com\/en_US\/wp-json\/wp\/v2\/pages\/4"}],"wp:attachment":[{"href":"https:\/\/www.oulucomics.com\/en_US\/wp-json\/wp\/v2\/media?parent=1482"}],"wp:term":[{"taxonomy":"category","embeddable":true,"href":"https:\/\/www.oulucomics.com\/en_US\/wp-json\/wp\/v2\/categories?post=1482"},{"taxonomy":"post_tag","embeddable":true,"href":"https:\/\/www.oulucomics.com\/en_US\/wp-json\/wp\/v2\/tags?post=1482"}],"curies":[{"name":"wp","href":"https:\/\/api.w.org\/{rel}","templated":true}]}}