{"id":143,"date":"2016-08-10T08:59:43","date_gmt":"2016-08-10T05:59:43","guid":{"rendered":"http:\/\/www.oulucomics.com\/?page_id=143"},"modified":"2020-04-22T14:01:06","modified_gmt":"2020-04-22T11:01:06","slug":"fest2012","status":"publish","type":"page","link":"https:\/\/www.oulucomics.com\/en_US\/fest\/past\/fest2012\/","title":{"rendered":"2012"},"content":{"rendered":"<h3>Oulu Comics Festival 17.11.2012<\/h3>\n<p>The history of \u00a0Oulu Comics festival stems from year 2012, when the festival was organisized first time. Back in those days, festival was mainly a meeting spot for a local comichobbyist and -professionals.<\/p>\n<p>Cartoonists and backgroundworkers who performed at this event were:\u00a0<strong>Juhani Tolvanen<\/strong>,\u00a0<strong>Milla Paloniemi<\/strong>,\u00a0<strong>Janne Helttunen, Anna Honkanen, Harri Filppa, Tessa Suhonen, Awe \u201cEsa\u201d Vengasaho, Esko Heikkil\u00e4, Aapo Kukko, Jussi Moilanen, Reijo Valta, Mikko Mustasaari, Tatu Salmela, Esa Holopainen, Riika Ruottinen, Veli-Matti Ural, Jari Terho, Keijo Ahlqvist, Ville Ranta, Jussi Hukkanen, Raimo Tyysk\u00e4 ja Jukka Ylisuvanto.<\/strong><\/p>\n<p>Valvegallery introduced two comic exhibitions. First space showed an exhibition called Sarjakuvan Sanomaa, composed by Helsingin Sanomat and ilta-Sanomat. Second space showed artworks from cartoonists who during the years, \u00a0have had an impact on Oulu region. Along in this exhibition were:\u00a0<strong>Keijo Ahlqvist<\/strong>, <strong>Mari Ahokoivu<\/strong>, <strong>Lauri Ahtinen<\/strong>, <strong>Harri Filppa<\/strong>, <strong>Esa Holopainen<\/strong>, <strong>Jussi Hukkanen<\/strong>, \u00a0<strong>Mika Kolehmainen<\/strong>, <strong>Ilpo Koskela<\/strong>, <strong>Aapo Kukko<\/strong>, <strong>Reijo K\u00e4rkk\u00e4inen<\/strong>, <strong>Jyrki M\u00e4ki<\/strong>, <strong>Pentti Nuortimo<\/strong>, <strong>Pentti Otsamo<\/strong>, <strong>Jii Roikonen<\/strong>\u00a0and\u00a0<strong>Jari Terho<\/strong>.<\/p>\n<p><a href=\"http:\/\/www.koneensaatio.fi\/\">Koneen S\u00e4\u00e4ti\u00f6<\/a>\u00a0allowed the first Oulu Comics Festival by admitting fundings for a brave opening.<\/p>\n<p>Almost like an miracle, the original web-pages of Oulu Comics Festival 2012 can still be found in here: <a href=\"http:\/\/www.oulucomics.com\/12\/\">http:\/\/www.oulucomics.com\/12\/<\/a><\/p>\n<p>Oulu Comics Festival 2012 festival artist was<strong>\u00a0Aapo Kukko<\/strong>. <iframe loading=\"lazy\" src=\"https:\/\/www.youtube.com\/embed\/FKgN7_OBH-4\" width=\"560\" height=\"315\" frameborder=\"0\" allowfullscreen=\"allowfullscreen\"><\/iframe><\/p>\n","protected":false},"excerpt":{"rendered":"<h3>Oulu Comics Festival 17.11.2012<\/h3>\n<p>The history of \u00a0Oulu Comics festival stems from year 2012, when the festival was organisized first time. Back in those days, festival was mainly a meeting spot for a local comichobbyist and -professionals.<\/...\n<\/p>\n","protected":false},"author":1,"featured_media":0,"parent":78,"menu_order":17,"comment_status":"closed","ping_status":"closed","template":"","meta":{"footnotes":""},"categories":[],"tags":[],"class_list":["post-143","page","type-page","status-publish","hentry"],"_links":{"self":[{"href":"https:\/\/www.oulucomics.com\/en_US\/wp-json\/wp\/v2\/pages\/143","targetHints":{"allow":["GET"]}}],"collection":[{"href":"https:\/\/www.oulucomics.com\/en_US\/wp-json\/wp\/v2\/pages"}],"about":[{"href":"https:\/\/www.oulucomics.com\/en_US\/wp-json\/wp\/v2\/types\/page"}],"author":[{"embeddable":true,"href":"https:\/\/www.oulucomics.com\/en_US\/wp-json\/wp\/v2\/users\/1"}],"replies":[{"embeddable":true,"href":"https:\/\/www.oulucomics.com\/en_US\/wp-json\/wp\/v2\/comments?post=143"}],"version-history":[{"count":26,"href":"https:\/\/www.oulucomics.com\/en_US\/wp-json\/wp\/v2\/pages\/143\/revisions"}],"predecessor-version":[{"id":4502,"href":"https:\/\/www.oulucomics.com\/en_US\/wp-json\/wp\/v2\/pages\/143\/revisions\/4502"}],"up":[{"embeddable":true,"href":"https:\/\/www.oulucomics.com\/en_US\/wp-json\/wp\/v2\/pages\/78"}],"wp:attachment":[{"href":"https:\/\/www.oulucomics.com\/en_US\/wp-json\/wp\/v2\/media?parent=143"}],"wp:term":[{"taxonomy":"category","embeddable":true,"href":"https:\/\/www.oulucomics.com\/en_US\/wp-json\/wp\/v2\/categories?post=143"},{"taxonomy":"post_tag","embeddable":true,"href":"https:\/\/www.oulucomics.com\/en_US\/wp-json\/wp\/v2\/tags?post=143"}],"curies":[{"name":"wp","href":"https:\/\/api.w.org\/{rel}","templated":true}]}}