{"id":1396,"date":"2016-11-11T11:05:14","date_gmt":"2016-11-11T09:05:14","guid":{"rendered":"http:\/\/www.oulucomics.com\/?page_id=1396"},"modified":"2025-04-11T14:48:48","modified_gmt":"2025-04-11T11:48:48","slug":"oulu-arktisen-sarjakuvan-paakaupunki","status":"publish","type":"page","link":"https:\/\/www.oulucomics.com\/en_US\/","title":{"rendered":"The Capital of Northern Comics"},"content":{"rendered":"<p><strong>Oulu<\/strong> is the city of panels. The center of Oulu is a historical grid plan area where you can come across with many different cultural experiences.<\/p>\n<div id=\"tapahtumaupotus\">\n<h3>Upcoming events<\/h3>\n\n\t\t\t\t<div class=\"event-list\">\n\t\t\t\t<ul class=\"event-list-view\">\n\t\t\t \t<li class=\"event sarjasto\">\n\t\t\t\t\t<div class=\"event-date multi-date\"><div class=\"start-date\"><div class=\"event-weekday\">Fri<\/div><div class=\"event-day\">10<\/div><div class=\"event-month\">Apr<\/div><div class=\"event-year\">2026<\/div><\/div><div class=\"end-date\"><div class=\"event-weekday\">Tue<\/div><div class=\"event-day\">09<\/div><div class=\"event-month\">Jun<\/div><div class=\"event-year\">2026<\/div><\/div><\/div>\n\t\t\t\t\t<div class=\"event-info multi-day\"><div class=\"event-title\"><h3><a href=\"https:\/\/www.oulucomics.com\/en_US\/?event_id1=642\">Roope Eronen - Kalmakumpu -n\u00e4yttely<\/a><\/h3><\/div><span class=\"event-location\">Keskustakirjasto Saari, Sarjasto, Kaarlenv\u00e4yl\u00e4 3, Oulu<\/span><div class=\"event-details\"><p><em><img loading=\"lazy\" decoding=\"async\" class=\"aligncenter size-full wp-image-7970\" src=\"https:\/\/www.oulucomics.com\/wp-content\/uploads\/2026\/02\/Roope-eronen-kalmakumpu-netti.jpg\" alt=\"\" width=\"1080\" height=\"648\" srcset=\"https:\/\/www.oulucomics.com\/wp-content\/uploads\/2026\/02\/Roope-eronen-kalmakumpu-netti.jpg 1080w, https:\/\/www.oulucomics.com\/wp-content\/uploads\/2026\/02\/Roope-eronen-kalmakumpu-netti-300x180.jpg 300w, https:\/\/www.oulucomics.com\/wp-content\/uploads\/2026\/02\/Roope-eronen-kalmakumpu-netti-1024x614.jpg 1024w, https:\/\/www.oulucomics.com\/wp-content\/uploads\/2026\/02\/Roope-eronen-kalmakumpu-netti-768x461.jpg 768w, https:\/\/www.oulucomics.com\/wp-content\/uploads\/2026\/02\/Roope-eronen-kalmakumpu-netti-440x264.jpg 440w\" sizes=\"auto, (max-width: 1080px) 100vw, 1080px\" \/>Kalmakumpu<\/em> on <strong>Roope Erosen<\/strong> kokeellinen lastensarjakuva lumotusta lemmikkiel\u00e4inten hautausmaasta ja sen asukkaista.<\/p>\n<p>Sarjakuvan hahmot perustuvat suurimmalta osin lukijoiden ehdotuksiin. Kalmakumpu ilmestyy kahdesti vuodessa. Sen ensimm\u00e4inen osa julkaistiin syksyll\u00e4 2025.<\/p>\n<p>Kalmakummun tavoitteena on syvent\u00e4\u00e4 lasten suhdetta sarjakuvaan siin\u00e4 k\u00e4ytetyn laajan tunnespektrin avulla. Teos pyrkii kehitt\u00e4m\u00e4\u00e4n lukijoiden empatiaa sek\u00e4 vahvistamaan lapsen asemaa lukijana. Teoksessa luotetaan lapsen kykyyn k\u00e4sitell\u00e4 my\u00f6s vakavia asioita luetun kautta. Kalmakummussa k\u00e4sitell\u00e4\u00e4n kuoleman eri ulottuvuuksia turvallisessa ja lempe\u00e4ss\u00e4 ymp\u00e4rist\u00f6ss\u00e4.<\/p>\n<p>N\u00e4yttely esittelee sarjakuvan hahmoja ja tunnelmia. Se juhlistaa toisen Kalmakumpu-albumin ilmestymist\u00e4.<\/p>\n<p><a href=\"http:\/\/www.kalmakumpu.fi\/\" target=\"_blank\" rel=\"noopener noreferrer\">www.kalmakumpu.fi<\/a><\/p>\n<\/div><\/div>\n\t\t\t\t<\/li>\n\t\t\t \t<li class=\"event nayttelyt center sarjakuvagalleria\">\n\t\t\t\t\t<div class=\"event-date multi-date\"><div class=\"start-date\"><div class=\"event-weekday\">Sat<\/div><div class=\"event-day\">25<\/div><div class=\"event-month\">Apr<\/div><div class=\"event-year\">2026<\/div><\/div><div class=\"end-date\"><div class=\"event-weekday\">Thu<\/div><div class=\"event-day\">04<\/div><div class=\"event-month\">Jun<\/div><div class=\"event-year\">2026<\/div><\/div><\/div>\n\t\t\t\t\t<div class=\"event-info multi-day\"><div class=\"event-title\"><h3><a href=\"https:\/\/www.oulucomics.com\/en_US\/?event_id1=655\">Esa Holopainen: Jere Kostamus ja Big Niitty -sarjakuvan\u00e4yttely<\/a><\/h3><\/div><span class=\"event-location\">Sarjakuvagalleria! | Comics Gallery!, Hallituskatu 7, Oulu<\/span><div class=\"event-details\"><p><strong><img loading=\"lazy\" decoding=\"async\" class=\"alignright size-medium wp-image-7974\" src=\"https:\/\/www.oulucomics.com\/wp-content\/uploads\/2026\/03\/bigniittykansi-211x300.jpg\" alt=\"\" width=\"211\" height=\"300\" srcset=\"https:\/\/www.oulucomics.com\/wp-content\/uploads\/2026\/03\/bigniittykansi-211x300.jpg 211w, https:\/\/www.oulucomics.com\/wp-content\/uploads\/2026\/03\/bigniittykansi-440x625.jpg 440w, https:\/\/www.oulucomics.com\/wp-content\/uploads\/2026\/03\/bigniittykansi.jpg 634w\" sizes=\"auto, (max-width: 211px) 100vw, 211px\" \/>Esa Holopaisen<\/strong> teoksessa <em>Jere Kostamus ja Big Niitty<\/em> (Musta Ritari, 2024) Komisario Jere Kostamuksen tutkimukset jatkuvat. Pellot niityt, purot ja suot voivat peitt\u00e4\u00e4 alleen salaisuuksia. Mutta voivatko ne piilottaa murhaajan? Kun Markkulan metsist\u00e4 l\u00f6ytyy vainaja, kutsutaan tapausta selvitt\u00e4m\u00e4\u00e4n komisario Jere Kostamus, apunaan etsiv\u00e4 V\u00e4h\u00e4m\u00e4ki. Jere Kostamus -sarja sis\u00e4lt\u00e4\u00e4 sarkastisen leppoisaa huumoria, vaarallisia tilanteita ja kauniita maisemia.<\/p>\n<p>N\u00e4yttelyn avajaisia vietet\u00e4\u00e4n lauantaina 25.4.2026 klo 15-16. Tervetuloa!<\/p>\n<\/div><\/div>\n\t\t\t\t<\/li>\n\t\t\t \t<li class=\"event seura\">\n\t\t\t\t\t<div class=\"event-date\"><div class=\"end-date\"><div class=\"event-weekday\">Thu<\/div><div class=\"event-day\">07<\/div><div class=\"event-month\">May<\/div><div class=\"event-year\">2026<\/div><\/div><\/div>\n\t\t\t\t\t<div class=\"event-info multi-day\"><div class=\"event-title\"><h3><a href=\"https:\/\/www.oulucomics.com\/en_US\/?event_id1=647\">Oulun Sarjakuvatapaaminen<\/a><\/h3><\/div><span class=\"event-time\">19.00 -<\/span><span class=\"event-location\">Snooker Time, Asemakatu 28, Oulu<\/span><div class=\"event-details\"><p><img loading=\"lazy\" decoding=\"async\" class=\"alignright wp-image-7698\" src=\"https:\/\/www.oulucomics.com\/wp-content\/uploads\/2025\/03\/drinkndraw_oulu-150x150.jpeg\" alt=\"\" width=\"100\" height=\"100\" srcset=\"https:\/\/www.oulucomics.com\/wp-content\/uploads\/2025\/03\/drinkndraw_oulu-150x150.jpeg 150w, https:\/\/www.oulucomics.com\/wp-content\/uploads\/2025\/03\/drinkndraw_oulu-300x300.jpeg 300w, https:\/\/www.oulucomics.com\/wp-content\/uploads\/2025\/03\/drinkndraw_oulu-250x250.jpeg 250w, https:\/\/www.oulucomics.com\/wp-content\/uploads\/2025\/03\/drinkndraw_oulu-92x92.jpeg 92w, https:\/\/www.oulucomics.com\/wp-content\/uploads\/2025\/03\/drinkndraw_oulu-440x440.jpeg 440w, https:\/\/www.oulucomics.com\/wp-content\/uploads\/2025\/03\/drinkndraw_oulu.jpeg 600w\" sizes=\"auto, (max-width: 100px) 100vw, 100px\" \/>Oulun sarjakuvatapaamiset j\u00e4rjestet\u00e4\u00e4n kuun ensimm\u00e4isen\u00e4 torstaina. Sarjakuvan yst\u00e4v\u00e4t kohtaavat toisensa vapaamuotoisessa ja leppoisassa kokoontumisessa tarinoiden kaikesta maailman ja maailmankaikkeuden v\u00e4lilt\u00e4. Tervetuloa! Ja kutsukaa mukaan tututkin. K18<\/p>\n<p>Valitettavasti tapahtumapaikka ei ole esteet\u00f6n. Paikassa on portaita, eik\u00e4 hissi\u00e4 ole saatavilla.<\/p>\n<\/div><\/div>\n\t\t\t\t<\/li>\n\t\t\t \t<li class=\"event aapokukko\">\n\t\t\t\t\t<div class=\"event-date\"><div class=\"end-date\"><div class=\"event-weekday\">Mon<\/div><div class=\"event-day\">11<\/div><div class=\"event-month\">May<\/div><div class=\"event-year\">2026<\/div><\/div><\/div>\n\t\t\t\t\t<div class=\"event-info multi-day\"><div class=\"event-title\"><h3><a href=\"https:\/\/www.oulucomics.com\/en_US\/?event_id1=658\">Kirjanesittelytilaisuus. Aapo Kukko: Punainen Beethoven<\/a><\/h3><\/div><span class=\"event-time\">18.00-<\/span><span class=\"event-location\">Keskustakirjasto Saari, Kaarlenv\u00e4yl\u00e4 3, Oulu<\/span><div class=\"event-details\"><div class=\"x14z9mp xat24cr x1lziwak x1vvkbs xtlvy1s\"><img loading=\"lazy\" decoding=\"async\" class=\"aligncenter wp-image-7783 size-full\" src=\"https:\/\/www.oulucomics.com\/wp-content\/uploads\/2025\/05\/Punainen-Beethoven.png\" alt=\"\" width=\"1024\" height=\"576\" srcset=\"https:\/\/www.oulucomics.com\/wp-content\/uploads\/2025\/05\/Punainen-Beethoven.png 1024w, https:\/\/www.oulucomics.com\/wp-content\/uploads\/2025\/05\/Punainen-Beethoven-300x169.png 300w, https:\/\/www.oulucomics.com\/wp-content\/uploads\/2025\/05\/Punainen-Beethoven-768x432.png 768w, https:\/\/www.oulucomics.com\/wp-content\/uploads\/2025\/05\/Punainen-Beethoven-440x248.png 440w\" sizes=\"auto, (max-width: 1024px) 100vw, 1024px\" \/>Neuvostoliiton kuuluisimman s\u00e4velt\u00e4j\u00e4n Dmitri \u0160ostakovit\u0161in (1906 - 1975) el\u00e4m\u00e4nvaiheisiin pohjautuva <em>Punainen Beethoven<\/em>\u00a0(Zum Teufel 2026) on l\u00e4hes 450-sivuinen sarjakuvateos, joka pit\u00e4\u00e4 sis\u00e4ll\u00e4\u00e4n vuosikymmeni\u00e4 kattavan kuvauksen taiteilijasta, h\u00e4nen ajastaan ja aikalaisistaan.<\/div>\n<div><\/div>\n<div class=\"x14z9mp xat24cr x1lziwak x1vvkbs xtlvy1s\">S\u00e4velt\u00e4j\u00e4n uralle mahtui niin kansainv\u00e4list\u00e4 nousukiitoa kuin hengenvaarallista alhoa: keski\u00f6\u00f6n nousee etenkin \u0160ostakovit\u0161in ja Stalinin kiikker\u00e4 suhde, joka ei tunnu p\u00e4\u00e4ttyv\u00e4n edes toisen kuolemaan. Sivuhenkil\u00f6in\u00e4 matkan varrella n\u00e4hd\u00e4\u00e4n mm. teatteriohjaaja Vsevolod Meyerhold, n\u00e4yttelij\u00e4 Zinaida Reich sek\u00e4 runoilija Anna Ahmatova. Kirjan lopussa on musiikkitoimittaja Jaani L\u00e4nsi\u00f6n kirjoittama essee \u0160ostakovit\u0161ista.<\/div>\n<div><\/div>\n<div class=\"x14z9mp xat24cr x1lziwak x1vvkbs xtlvy1s\"><strong>Aapo Kukko<\/strong> (s. 1991) on kemil\u00e4isl\u00e4ht\u00f6inen mutta ajan saatossa oululaistunut sarjakuvantekij\u00e4, kuvittaja ja k\u00e4sikirjoittaja. Vuodesta 2008 l\u00e4htien toistakymment\u00e4 teosta julkaisseen Kukon tuotannossa Punainen Beethoven on h\u00e4nen laajamittaisin teoksensa. Aikaisemmin h\u00e4n on tehnyt mm. pasifisti Yrj\u00f6 Kallisen el\u00e4m\u00e4nvaiheita k\u00e4sittelev\u00e4n sarjakuvateoksen Puhumalla paras (Zum Teufel\/Verttigo 2023).<\/div>\n<div><\/div>\n<div class=\"x14z9mp xat24cr x1lziwak x1vvkbs xtlvy1s\">Vierailullaan Kukko kertoo teoksensa yli vuosikymmenen kest\u00e4neest\u00e4 luomisprosessista, \u0160ostakovit\u0161in s\u00e4veltaiteen merkityksest\u00e4 sek\u00e4 yleisesti taiteen ja vallan suhteista Neuvostoliitossa ja muuallakin.<\/div>\n<div><\/div>\n<div class=\"x14z9mp xat24cr x1lziwak x1vvkbs xtlvy1s\">Tilaisuus on kaikille avoin, l\u00e4mpim\u00e4sti tervetuloa! Tapahtuma j\u00e4rjestet\u00e4\u00e4n yhteisty\u00f6ss\u00e4 Oulun kaupunginkirjaston kanssa.<\/div>\n<\/div><\/div>\n\t\t\t\t<\/li>\n\t\t\t \t<li class=\"event seura\">\n\t\t\t\t\t<div class=\"event-date\"><div class=\"end-date\"><div class=\"event-weekday\">Thu<\/div><div class=\"event-day\">04<\/div><div class=\"event-month\">Jun<\/div><div class=\"event-year\">2026<\/div><\/div><\/div>\n\t\t\t\t\t<div class=\"event-info multi-day\"><div class=\"event-title\"><h3><a href=\"https:\/\/www.oulucomics.com\/en_US\/?event_id1=653\">Oulun Sarjakuvatapaaminen<\/a><\/h3><\/div><span class=\"event-time\">19.00 -<\/span><span class=\"event-location\">Snooker Time, Asemakatu 28, Oulu<\/span><div class=\"event-details\"><p><img loading=\"lazy\" decoding=\"async\" class=\"alignright wp-image-7698\" src=\"https:\/\/www.oulucomics.com\/wp-content\/uploads\/2025\/03\/drinkndraw_oulu-150x150.jpeg\" alt=\"\" width=\"100\" height=\"100\" srcset=\"https:\/\/www.oulucomics.com\/wp-content\/uploads\/2025\/03\/drinkndraw_oulu-150x150.jpeg 150w, https:\/\/www.oulucomics.com\/wp-content\/uploads\/2025\/03\/drinkndraw_oulu-300x300.jpeg 300w, https:\/\/www.oulucomics.com\/wp-content\/uploads\/2025\/03\/drinkndraw_oulu-250x250.jpeg 250w, https:\/\/www.oulucomics.com\/wp-content\/uploads\/2025\/03\/drinkndraw_oulu-92x92.jpeg 92w, https:\/\/www.oulucomics.com\/wp-content\/uploads\/2025\/03\/drinkndraw_oulu-440x440.jpeg 440w, https:\/\/www.oulucomics.com\/wp-content\/uploads\/2025\/03\/drinkndraw_oulu.jpeg 600w\" sizes=\"auto, (max-width: 100px) 100vw, 100px\" \/>Oulun sarjakuvatapaamiset j\u00e4rjestet\u00e4\u00e4n kuun ensimm\u00e4isen\u00e4 torstaina. Sarjakuvan yst\u00e4v\u00e4t kohtaavat toisensa vapaamuotoisessa ja leppoisassa kokoontumisessa tarinoiden kaikesta maailman ja maailmankaikkeuden v\u00e4lilt\u00e4. Tervetuloa! Ja kutsukaa mukaan tututkin. K18<\/p>\n<p>Valitettavasti tapahtumapaikka ei ole esteet\u00f6n. Paikassa on portaita, eik\u00e4 hissi\u00e4 ole saatavilla.<\/p>\n<\/div><\/div>\n\t\t\t\t<\/li><\/ul>\n\t\t\t\t<\/div>\n<\/div>\n<p>The Oulu Comics Center has panels for every day to look, to read, to borrow, to buy and to draw. In the Comics Library, Sarjasto, you can experience panel filled moments and marvel on the spot or borrow and take home.&nbsp;<span style=\"text-indent: 0em;\">Street art brings a riot of colors to the streets and fairways.<\/span> The Oulu Comics Festival fills the city with panels once again in this year. The festival is the largest annual comics event in the arctic region. The capital of Northern Comics is a lively and inspiring meeting place in the field of comics culture. This site offers a lot of information about Oulu region&#8217;s, northern Finland&#8217;s and Arctic region&#8217;s comics. <iframe loading=\"lazy\" src=\"https:\/\/www.youtube.com\/embed\/JjC8Zv6-fsg\" width=\"560\" height=\"315\" frameborder=\"0\" allowfullscreen=\"allowfullscreen\"><\/iframe><\/p>\n","protected":false},"excerpt":{"rendered":"<p><strong>Oulu<\/strong> is the city of panels. The center of Oulu is a historical grid plan area where you can come across with many different cultural experiences.<\/p>\n<div id=\"tapahtumaupotus\">\n<h3>Upcoming events<\/h3>\n<p>[event-list num_events=5 show_filte&#8230;<\/p>\n","protected":false},"author":1,"featured_media":176,"parent":0,"menu_order":0,"comment_status":"closed","ping_status":"closed","template":"","meta":{"footnotes":""},"categories":[],"tags":[],"class_list":["post-1396","page","type-page","status-publish","has-post-thumbnail","hentry"],"_links":{"self":[{"href":"https:\/\/www.oulucomics.com\/en_US\/wp-json\/wp\/v2\/pages\/1396","targetHints":{"allow":["GET"]}}],"collection":[{"href":"https:\/\/www.oulucomics.com\/en_US\/wp-json\/wp\/v2\/pages"}],"about":[{"href":"https:\/\/www.oulucomics.com\/en_US\/wp-json\/wp\/v2\/types\/page"}],"author":[{"embeddable":true,"href":"https:\/\/www.oulucomics.com\/en_US\/wp-json\/wp\/v2\/users\/1"}],"replies":[{"embeddable":true,"href":"https:\/\/www.oulucomics.com\/en_US\/wp-json\/wp\/v2\/comments?post=1396"}],"version-history":[{"count":59,"href":"https:\/\/www.oulucomics.com\/en_US\/wp-json\/wp\/v2\/pages\/1396\/revisions"}],"predecessor-version":[{"id":7758,"href":"https:\/\/www.oulucomics.com\/en_US\/wp-json\/wp\/v2\/pages\/1396\/revisions\/7758"}],"wp:featuredmedia":[{"embeddable":true,"href":"https:\/\/www.oulucomics.com\/en_US\/wp-json\/wp\/v2\/media\/176"}],"wp:attachment":[{"href":"https:\/\/www.oulucomics.com\/en_US\/wp-json\/wp\/v2\/media?parent=1396"}],"wp:term":[{"taxonomy":"category","embeddable":true,"href":"https:\/\/www.oulucomics.com\/en_US\/wp-json\/wp\/v2\/categories?post=1396"},{"taxonomy":"post_tag","embeddable":true,"href":"https:\/\/www.oulucomics.com\/en_US\/wp-json\/wp\/v2\/tags?post=1396"}],"curies":[{"name":"wp","href":"https:\/\/api.w.org\/{rel}","templated":true}]}}